{"id":7716,"date":"2026-04-05T18:11:27","date_gmt":"2026-04-05T15:11:27","guid":{"rendered":"https:\/\/markasite.com.tr\/markamotors\/?post_type=product&#038;p=7716"},"modified":"2026-04-05T18:11:28","modified_gmt":"2026-04-05T15:11:28","slug":"treadstone-2-00-51mm-aluminyum-dokum-dirsek-turbo-ve-intercooler-borulama","status":"publish","type":"product","link":"https:\/\/markasite.com.tr\/markamotors\/urun\/treadstone-2-00-51mm-aluminyum-dokum-dirsek-turbo-ve-intercooler-borulama\/","title":{"rendered":"<div class=\"product-loop-meta\"><div class=\"loop-cat\">Al\u00fcminyum Borular<\/div><div class=\"brand\"><img alt=\"Tredstone\" src=\"https:\/\/markasite.com.tr\/markamotors\/wp-content\/uploads\/Tredstone.png\"><\/div><\/div><div class=\"list-pro-title\">Treadstone 2.00&#8243; (51Mm) Al\u00fcminyum D\u00f6k\u00fcm Dirsek \u2013 Turbo Ve I\u0307ntercooler Borulama<\/div>"},"content":{"rendered":"<p>Turbo beslemeli projelerde, dar alanlarda ak\u0131\u015f kayb\u0131n\u0131 minimize etmek ve hava t\u00fcrb\u00fclans\u0131n\u0131 en aza indirmek i\u00e7in tasarlanm\u0131\u015f <strong>Treadstone 2.00&#8243; Cast Elbow (D\u00f6k\u00fcm Dirsek)<\/strong>, profesyonel borulama \u00e7\u00f6z\u00fcmleri sunar. Standart b\u00fckme borular\u0131n aksine, d\u00f6k\u00fcm yap\u0131s\u0131 sayesinde i\u00e7 cidarlar\u0131 tamamen p\u00fcr\u00fczs\u00fczd\u00fcr ve en keskin d\u00f6n\u00fc\u015flerde bile hava ak\u0131\u015f h\u0131z\u0131n\u0131 korur.<\/p>\n<p>Y\u00fcksek kaliteli, \u0131s\u0131l i\u015flem g\u00f6rm\u00fc\u015f al\u00fcminyumdan \u00fcretilen bu dirsek, \u00f6zellikle turbo \u00e7\u0131k\u0131\u015flar\u0131, intercooler giri\u015f-\u00e7\u0131k\u0131\u015flar\u0131 ve k\u0131s\u0131tl\u0131 alana sahip motor b\u00f6lmelerindeki \u00f6zel borulama i\u015flemleri i\u00e7in idealdir. Kaynak yap\u0131labilir yap\u0131s\u0131 sayesinde \u00f6zel manifold veya borulama tasar\u0131mlar\u0131n\u0131za m\u00fckemmel \u015fekilde entegre olur.<\/p>\n<p><strong>\u00d6ne \u00c7\u0131kan \u00d6zellikler:<\/strong><\/p>\n<p><strong>P\u00fcr\u00fczs\u00fcz Ak\u0131\u015f:<\/strong> D\u00f6k\u00fcm teknolojisi sayesinde i\u00e7 k\u0131s\u0131mda t\u00fcrb\u00fclans yapacak p\u00fcr\u00fczler bulunmaz.<\/p>\n<p><strong>Kompakt Tasar\u0131m:<\/strong> Standart boru b\u00fck\u00fcmlerinin s\u0131\u011fmad\u0131\u011f\u0131 dar alanlarda 90 derecelik d\u00f6n\u00fc\u015f imkan\u0131 sa\u011flar.<\/p>\n<p><strong>Y\u00fcksek Dayan\u0131m:<\/strong> Bas\u0131n\u00e7l\u0131 hava sistemlerinde esneme veya \u00e7atlama yapmayan kal\u0131n etli d\u00f6k\u00fcm al\u00fcminyum.<\/p>\n<p><strong>Kolay Kaynaklanabilirlik:<\/strong> Profesyonel TIG kayna\u011f\u0131 i\u00e7in uygun temiz ala\u015f\u0131m.<\/p>\n<p><strong>Evrensel Uyumluluk:<\/strong> 2 in\u00e7 (51mm) d\u0131\u015f \u00e7apa sahip t\u00fcm turbo sistemleri ile uyumludur.<\/p>\n<p><strong>Teknik \u00d6zellikler<\/strong><\/p>\n<p><strong>Marka:<\/strong> Treadstone Performance (USA)<\/p>\n<p><strong>\u0130\u00e7\/D\u0131\u015f \u00c7ap:<\/strong> 2.00&#8243; (51mm)<\/p>\n<p><strong>Malzeme:<\/strong> D\u00f6k\u00fcm Al\u00fcminyum<\/p>\n<p><strong>D\u00f6n\u00fc\u015f A\u00e7\u0131s\u0131:<\/strong> 90 Derece<\/p>\n<p><strong>Kullan\u0131m Alan\u0131:<\/strong> Turbo \u00e7\u0131k\u0131\u015f\u0131, \u0130ntercooler borular\u0131, \u00d6zel emi\u015f sistemleri.<\/p>\n<p><strong>Y\u00fczey:<\/strong> Kayna\u011fa haz\u0131r ham d\u00f6k\u00fcm dokusu.<\/p>\n<p>&nbsp;<\/p>\n","protected":false},"excerpt":{"rendered":"<p>Turbo beslemeli projelerde, dar alanlarda ak\u0131\u015f kayb\u0131n\u0131 minimize etmek ve hava t\u00fcrb\u00fclans\u0131n\u0131 en aza indirmek i\u00e7in tasarlanm\u0131\u015f Treadstone 2.00&#8243; Cast Elbow (D\u00f6k\u00fcm Dirsek), profesyonel borulama \u00e7\u00f6z\u00fcmleri sunar. Standart b\u00fckme borular\u0131n aksine, d\u00f6k\u00fcm yap\u0131s\u0131 sayesinde i\u00e7 cidarlar\u0131 tamamen p\u00fcr\u00fczs\u00fczd\u00fcr ve en keskin d\u00f6n\u00fc\u015flerde bile hava ak\u0131\u015f h\u0131z\u0131n\u0131 korur. Y\u00fcksek kaliteli, \u0131s\u0131l i\u015flem g\u00f6rm\u00fc\u015f al\u00fcminyumdan \u00fcretilen bu<\/p>\n","protected":false},"featured_media":7717,"template":"","meta":{"_acf_changed":false},"product_brand":[334],"product_cat":[221],"product_tag":[],"class_list":{"0":"post-7716","1":"product","2":"type-product","3":"status-publish","4":"has-post-thumbnail","6":"product_brand-tredstone","7":"product_cat-aluminyum-borular","9":"first","10":"instock","11":"taxable","12":"shipping-taxable","13":"purchasable","14":"product-type-simple"},"acf":[],"yoast_head":"<!-- This site is optimized with the Yoast SEO plugin v27.3 - https:\/\/yoast.com\/product\/yoast-seo-wordpress\/ -->\n<title>Treadstone 2.00&quot; (51mm) Al\u00fcminyum D\u00f6k\u00fcm Dirsek \u2013 Turbo ve \u0130ntercooler Borulama - Marka Motors<\/title>\n<meta name=\"description\" content=\"Turbo borulama projeleri i\u00e7in Treadstone 2.00 in\u00e7 al\u00fcminyum d\u00f6k\u00fcm dirsek. Dar alanlarda maksimum hava ak\u0131\u015f\u0131 ve sorunsuz TIG kayna\u011f\u0131 i\u00e7in Marka Motors&#039;ta.\" \/>\n<meta name=\"robots\" content=\"index, follow, max-snippet:-1, max-image-preview:large, max-video-preview:-1\" \/>\n<link rel=\"canonical\" href=\"https:\/\/markasite.com.tr\/markamotors\/urun\/treadstone-2-00-51mm-aluminyum-dokum-dirsek-turbo-ve-intercooler-borulama\/\" \/>\n<meta property=\"og:locale\" content=\"tr_TR\" \/>\n<meta property=\"og:type\" content=\"article\" \/>\n<meta property=\"og:title\" content=\"Treadstone 2.00&quot; (51mm) Al\u00fcminyum D\u00f6k\u00fcm Dirsek \u2013 Turbo ve \u0130ntercooler Borulama - Marka Motors\" \/>\n<meta property=\"og:description\" content=\"Turbo borulama projeleri i\u00e7in Treadstone 2.00 in\u00e7 al\u00fcminyum d\u00f6k\u00fcm dirsek. Dar alanlarda maksimum hava ak\u0131\u015f\u0131 ve sorunsuz TIG kayna\u011f\u0131 i\u00e7in Marka Motors&#039;ta.\" \/>\n<meta property=\"og:url\" content=\"https:\/\/markasite.com.tr\/markamotors\/urun\/treadstone-2-00-51mm-aluminyum-dokum-dirsek-turbo-ve-intercooler-borulama\/\" \/>\n<meta property=\"og:site_name\" content=\"Marka Motors\" \/>\n<meta property=\"article:publisher\" content=\"https:\/\/www.facebook.com\/?locale=tr_TR\" \/>\n<meta property=\"article:modified_time\" content=\"2026-04-05T15:11:28+00:00\" \/>\n<meta property=\"og:image\" content=\"https:\/\/markasite.com.tr\/markamotors\/wp-content\/uploads\/PFECE400.jpg\" \/>\n\t<meta property=\"og:image:width\" content=\"1500\" \/>\n\t<meta property=\"og:image:height\" content=\"1500\" \/>\n\t<meta property=\"og:image:type\" content=\"image\/jpeg\" \/>\n<meta name=\"twitter:card\" content=\"summary_large_image\" \/>\n<meta name=\"twitter:label1\" content=\"Tahmini okuma s\u00fcresi\" \/>\n\t<meta name=\"twitter:data1\" content=\"2 dakika\" \/>\n<script type=\"application\/ld+json\" class=\"yoast-schema-graph\">{\"@context\":\"https:\\\/\\\/schema.org\",\"@graph\":[{\"@type\":\"WebPage\",\"@id\":\"https:\\\/\\\/markasite.com.tr\\\/markamotors\\\/urun\\\/treadstone-2-00-51mm-aluminyum-dokum-dirsek-turbo-ve-intercooler-borulama\\\/\",\"url\":\"https:\\\/\\\/markasite.com.tr\\\/markamotors\\\/urun\\\/treadstone-2-00-51mm-aluminyum-dokum-dirsek-turbo-ve-intercooler-borulama\\\/\",\"name\":\"Treadstone 2.00\\\" (51mm) Al\u00fcminyum D\u00f6k\u00fcm Dirsek \u2013 Turbo ve \u0130ntercooler Borulama - Marka Motors\",\"isPartOf\":{\"@id\":\"https:\\\/\\\/markasite.com.tr\\\/markamotors\\\/#website\"},\"primaryImageOfPage\":{\"@id\":\"https:\\\/\\\/markasite.com.tr\\\/markamotors\\\/urun\\\/treadstone-2-00-51mm-aluminyum-dokum-dirsek-turbo-ve-intercooler-borulama\\\/#primaryimage\"},\"image\":{\"@id\":\"https:\\\/\\\/markasite.com.tr\\\/markamotors\\\/urun\\\/treadstone-2-00-51mm-aluminyum-dokum-dirsek-turbo-ve-intercooler-borulama\\\/#primaryimage\"},\"thumbnailUrl\":\"https:\\\/\\\/markasite.com.tr\\\/markamotors\\\/wp-content\\\/uploads\\\/PFECE400.jpg\",\"datePublished\":\"2026-04-05T15:11:27+00:00\",\"dateModified\":\"2026-04-05T15:11:28+00:00\",\"description\":\"Turbo borulama projeleri i\u00e7in Treadstone 2.00 in\u00e7 al\u00fcminyum d\u00f6k\u00fcm dirsek. Dar alanlarda maksimum hava ak\u0131\u015f\u0131 ve sorunsuz TIG kayna\u011f\u0131 i\u00e7in Marka Motors'ta.\",\"breadcrumb\":{\"@id\":\"https:\\\/\\\/markasite.com.tr\\\/markamotors\\\/urun\\\/treadstone-2-00-51mm-aluminyum-dokum-dirsek-turbo-ve-intercooler-borulama\\\/#breadcrumb\"},\"inLanguage\":\"tr\",\"potentialAction\":[{\"@type\":\"ReadAction\",\"target\":[\"https:\\\/\\\/markasite.com.tr\\\/markamotors\\\/urun\\\/treadstone-2-00-51mm-aluminyum-dokum-dirsek-turbo-ve-intercooler-borulama\\\/\"]}]},{\"@type\":\"ImageObject\",\"inLanguage\":\"tr\",\"@id\":\"https:\\\/\\\/markasite.com.tr\\\/markamotors\\\/urun\\\/treadstone-2-00-51mm-aluminyum-dokum-dirsek-turbo-ve-intercooler-borulama\\\/#primaryimage\",\"url\":\"https:\\\/\\\/markasite.com.tr\\\/markamotors\\\/wp-content\\\/uploads\\\/PFECE400.jpg\",\"contentUrl\":\"https:\\\/\\\/markasite.com.tr\\\/markamotors\\\/wp-content\\\/uploads\\\/PFECE400.jpg\",\"width\":1500,\"height\":1500},{\"@type\":\"BreadcrumbList\",\"@id\":\"https:\\\/\\\/markasite.com.tr\\\/markamotors\\\/urun\\\/treadstone-2-00-51mm-aluminyum-dokum-dirsek-turbo-ve-intercooler-borulama\\\/#breadcrumb\",\"itemListElement\":[{\"@type\":\"ListItem\",\"position\":1,\"name\":\"Anasayfa\",\"item\":\"https:\\\/\\\/markasite.com.tr\\\/markamotors\\\/\"},{\"@type\":\"ListItem\",\"position\":2,\"name\":\"Treadstone 2.00&#8243; (51mm) Al\u00fcminyum D\u00f6k\u00fcm Dirsek \u2013 Turbo ve \u0130ntercooler Borulama\"}]},{\"@type\":\"WebSite\",\"@id\":\"https:\\\/\\\/markasite.com.tr\\\/markamotors\\\/#website\",\"url\":\"https:\\\/\\\/markasite.com.tr\\\/markamotors\\\/\",\"name\":\"Marka Motors\",\"description\":\"\",\"publisher\":{\"@id\":\"https:\\\/\\\/markasite.com.tr\\\/markamotors\\\/#organization\"},\"potentialAction\":[{\"@type\":\"SearchAction\",\"target\":{\"@type\":\"EntryPoint\",\"urlTemplate\":\"https:\\\/\\\/markasite.com.tr\\\/markamotors\\\/?s={search_term_string}\"},\"query-input\":{\"@type\":\"PropertyValueSpecification\",\"valueRequired\":true,\"valueName\":\"search_term_string\"}}],\"inLanguage\":\"tr\"},{\"@type\":\"Organization\",\"@id\":\"https:\\\/\\\/markasite.com.tr\\\/markamotors\\\/#organization\",\"name\":\"Marka Motors\",\"url\":\"https:\\\/\\\/markasite.com.tr\\\/markamotors\\\/\",\"logo\":{\"@type\":\"ImageObject\",\"inLanguage\":\"tr\",\"@id\":\"https:\\\/\\\/markasite.com.tr\\\/markamotors\\\/#\\\/schema\\\/logo\\\/image\\\/\",\"url\":\"https:\\\/\\\/markasite.com.tr\\\/markamotors\\\/wp-content\\\/uploads\\\/footerMarkaMotors.png\",\"contentUrl\":\"https:\\\/\\\/markasite.com.tr\\\/markamotors\\\/wp-content\\\/uploads\\\/footerMarkaMotors.png\",\"width\":215,\"height\":58,\"caption\":\"Marka Motors\"},\"image\":{\"@id\":\"https:\\\/\\\/markasite.com.tr\\\/markamotors\\\/#\\\/schema\\\/logo\\\/image\\\/\"},\"sameAs\":[\"https:\\\/\\\/www.facebook.com\\\/?locale=tr_TR\"]}]}<\/script>\n<!-- \/ Yoast SEO plugin. -->","yoast_head_json":{"title":"Treadstone 2.00\" (51mm) Al\u00fcminyum D\u00f6k\u00fcm Dirsek \u2013 Turbo ve \u0130ntercooler Borulama - Marka Motors","description":"Turbo borulama projeleri i\u00e7in Treadstone 2.00 in\u00e7 al\u00fcminyum d\u00f6k\u00fcm dirsek. Dar alanlarda maksimum hava ak\u0131\u015f\u0131 ve sorunsuz TIG kayna\u011f\u0131 i\u00e7in Marka Motors'ta.","robots":{"index":"index","follow":"follow","max-snippet":"max-snippet:-1","max-image-preview":"max-image-preview:large","max-video-preview":"max-video-preview:-1"},"canonical":"https:\/\/markasite.com.tr\/markamotors\/urun\/treadstone-2-00-51mm-aluminyum-dokum-dirsek-turbo-ve-intercooler-borulama\/","og_locale":"tr_TR","og_type":"article","og_title":"Treadstone 2.00\" (51mm) Al\u00fcminyum D\u00f6k\u00fcm Dirsek \u2013 Turbo ve \u0130ntercooler Borulama - Marka Motors","og_description":"Turbo borulama projeleri i\u00e7in Treadstone 2.00 in\u00e7 al\u00fcminyum d\u00f6k\u00fcm dirsek. Dar alanlarda maksimum hava ak\u0131\u015f\u0131 ve sorunsuz TIG kayna\u011f\u0131 i\u00e7in Marka Motors'ta.","og_url":"https:\/\/markasite.com.tr\/markamotors\/urun\/treadstone-2-00-51mm-aluminyum-dokum-dirsek-turbo-ve-intercooler-borulama\/","og_site_name":"Marka Motors","article_publisher":"https:\/\/www.facebook.com\/?locale=tr_TR","article_modified_time":"2026-04-05T15:11:28+00:00","og_image":[{"width":1500,"height":1500,"url":"https:\/\/markasite.com.tr\/markamotors\/wp-content\/uploads\/PFECE400.jpg","type":"image\/jpeg"}],"twitter_card":"summary_large_image","twitter_misc":{"Tahmini okuma s\u00fcresi":"2 dakika"},"schema":{"@context":"https:\/\/schema.org","@graph":[{"@type":"WebPage","@id":"https:\/\/markasite.com.tr\/markamotors\/urun\/treadstone-2-00-51mm-aluminyum-dokum-dirsek-turbo-ve-intercooler-borulama\/","url":"https:\/\/markasite.com.tr\/markamotors\/urun\/treadstone-2-00-51mm-aluminyum-dokum-dirsek-turbo-ve-intercooler-borulama\/","name":"Treadstone 2.00\" (51mm) Al\u00fcminyum D\u00f6k\u00fcm Dirsek \u2013 Turbo ve \u0130ntercooler Borulama - Marka Motors","isPartOf":{"@id":"https:\/\/markasite.com.tr\/markamotors\/#website"},"primaryImageOfPage":{"@id":"https:\/\/markasite.com.tr\/markamotors\/urun\/treadstone-2-00-51mm-aluminyum-dokum-dirsek-turbo-ve-intercooler-borulama\/#primaryimage"},"image":{"@id":"https:\/\/markasite.com.tr\/markamotors\/urun\/treadstone-2-00-51mm-aluminyum-dokum-dirsek-turbo-ve-intercooler-borulama\/#primaryimage"},"thumbnailUrl":"https:\/\/markasite.com.tr\/markamotors\/wp-content\/uploads\/PFECE400.jpg","datePublished":"2026-04-05T15:11:27+00:00","dateModified":"2026-04-05T15:11:28+00:00","description":"Turbo borulama projeleri i\u00e7in Treadstone 2.00 in\u00e7 al\u00fcminyum d\u00f6k\u00fcm dirsek. Dar alanlarda maksimum hava ak\u0131\u015f\u0131 ve sorunsuz TIG kayna\u011f\u0131 i\u00e7in Marka Motors'ta.","breadcrumb":{"@id":"https:\/\/markasite.com.tr\/markamotors\/urun\/treadstone-2-00-51mm-aluminyum-dokum-dirsek-turbo-ve-intercooler-borulama\/#breadcrumb"},"inLanguage":"tr","potentialAction":[{"@type":"ReadAction","target":["https:\/\/markasite.com.tr\/markamotors\/urun\/treadstone-2-00-51mm-aluminyum-dokum-dirsek-turbo-ve-intercooler-borulama\/"]}]},{"@type":"ImageObject","inLanguage":"tr","@id":"https:\/\/markasite.com.tr\/markamotors\/urun\/treadstone-2-00-51mm-aluminyum-dokum-dirsek-turbo-ve-intercooler-borulama\/#primaryimage","url":"https:\/\/markasite.com.tr\/markamotors\/wp-content\/uploads\/PFECE400.jpg","contentUrl":"https:\/\/markasite.com.tr\/markamotors\/wp-content\/uploads\/PFECE400.jpg","width":1500,"height":1500},{"@type":"BreadcrumbList","@id":"https:\/\/markasite.com.tr\/markamotors\/urun\/treadstone-2-00-51mm-aluminyum-dokum-dirsek-turbo-ve-intercooler-borulama\/#breadcrumb","itemListElement":[{"@type":"ListItem","position":1,"name":"Anasayfa","item":"https:\/\/markasite.com.tr\/markamotors\/"},{"@type":"ListItem","position":2,"name":"Treadstone 2.00&#8243; (51mm) Al\u00fcminyum D\u00f6k\u00fcm Dirsek \u2013 Turbo ve \u0130ntercooler Borulama"}]},{"@type":"WebSite","@id":"https:\/\/markasite.com.tr\/markamotors\/#website","url":"https:\/\/markasite.com.tr\/markamotors\/","name":"Marka Motors","description":"","publisher":{"@id":"https:\/\/markasite.com.tr\/markamotors\/#organization"},"potentialAction":[{"@type":"SearchAction","target":{"@type":"EntryPoint","urlTemplate":"https:\/\/markasite.com.tr\/markamotors\/?s={search_term_string}"},"query-input":{"@type":"PropertyValueSpecification","valueRequired":true,"valueName":"search_term_string"}}],"inLanguage":"tr"},{"@type":"Organization","@id":"https:\/\/markasite.com.tr\/markamotors\/#organization","name":"Marka Motors","url":"https:\/\/markasite.com.tr\/markamotors\/","logo":{"@type":"ImageObject","inLanguage":"tr","@id":"https:\/\/markasite.com.tr\/markamotors\/#\/schema\/logo\/image\/","url":"https:\/\/markasite.com.tr\/markamotors\/wp-content\/uploads\/footerMarkaMotors.png","contentUrl":"https:\/\/markasite.com.tr\/markamotors\/wp-content\/uploads\/footerMarkaMotors.png","width":215,"height":58,"caption":"Marka Motors"},"image":{"@id":"https:\/\/markasite.com.tr\/markamotors\/#\/schema\/logo\/image\/"},"sameAs":["https:\/\/www.facebook.com\/?locale=tr_TR"]}]}},"_links":{"self":[{"href":"https:\/\/markasite.com.tr\/markamotors\/wp-json\/wp\/v2\/product\/7716","targetHints":{"allow":["GET"]}}],"collection":[{"href":"https:\/\/markasite.com.tr\/markamotors\/wp-json\/wp\/v2\/product"}],"about":[{"href":"https:\/\/markasite.com.tr\/markamotors\/wp-json\/wp\/v2\/types\/product"}],"wp:featuredmedia":[{"embeddable":true,"href":"https:\/\/markasite.com.tr\/markamotors\/wp-json\/wp\/v2\/media\/7717"}],"wp:attachment":[{"href":"https:\/\/markasite.com.tr\/markamotors\/wp-json\/wp\/v2\/media?parent=7716"}],"wp:term":[{"taxonomy":"product_brand","embeddable":true,"href":"https:\/\/markasite.com.tr\/markamotors\/wp-json\/wp\/v2\/product_brand?post=7716"},{"taxonomy":"product_cat","embeddable":true,"href":"https:\/\/markasite.com.tr\/markamotors\/wp-json\/wp\/v2\/product_cat?post=7716"},{"taxonomy":"product_tag","embeddable":true,"href":"https:\/\/markasite.com.tr\/markamotors\/wp-json\/wp\/v2\/product_tag?post=7716"}],"curies":[{"name":"wp","href":"https:\/\/api.w.org\/{rel}","templated":true}]}}