{"id":7444,"date":"2026-03-06T13:32:17","date_gmt":"2026-03-06T10:32:17","guid":{"rendered":"https:\/\/markasite.com.tr\/markamotors\/?post_type=product&#038;p=7444"},"modified":"2026-03-09T14:42:50","modified_gmt":"2026-03-09T11:42:50","slug":"garrett-gbc20-300-turbo-0-55-a-r-t25-wg","status":"publish","type":"product","link":"https:\/\/markasite.com.tr\/markamotors\/urun\/garrett-gbc20-300-turbo-0-55-a-r-t25-wg\/","title":{"rendered":"<div class=\"product-loop-meta\"><div class=\"loop-cat\">Garrett Turbo<\/div><div class=\"brand\"><img alt=\"Garrett\" src=\"https:\/\/markasite.com.tr\/markamotors\/wp-content\/uploads\/Garrett.jpg\"><\/div><\/div><div class=\"list-pro-title\">Garrett Gbc20-300 Turbo 0.55 A\/R &#8211; T25 Wg<\/div>"},"content":{"rendered":"<p><strong>Garrett turbo\u015farjlar\u0131n\u0131n en yeni nesli, sokak, pist ve 400 metre yar\u0131\u015flar\u0131 i\u00e7in.<\/strong><\/p>\n<p><strong>GBC serisi, Garrett&#8217;in yeni nesil kaymal\u0131 yatakl\u0131 performans turbo\u015farjlar\u0131d\u0131r.<\/strong><\/p>\n<p><strong>Not:<\/strong>\u00a0GBC turbo\u015farjlar, ya\u011f d\u00f6n\u00fc\u015f flan\u015f\u0131n\u0131n montaj\u0131 i\u00e7in M6 di\u015fli kullan\u0131r. Ancak \u00e7o\u011fu durumda, t\u00fcm ya\u011f d\u00f6n\u00fc\u015f flan\u015flar\u0131nda 9 mm&#8217;lik oluklu delikler bulunur. Bu, montaj s\u0131ras\u0131nda \u00e7ok fazla bo\u015flu\u011fa yol a\u00e7ar. Ya\u011f d\u00f6n\u00fc\u015f flan\u015f\u0131n\u0131 takarken, l\u00fctfen ortalanm\u0131\u015f oldu\u011fundan emin olun, aksi takdirde d\u00fczg\u00fcn bir ya\u011f d\u00f6n\u00fc\u015f\u00fc garanti edilemez. Turbo\u015farj\u0131 takmadan \u00f6nce flan\u015f\u0131 s\u00f6k\u00fclm\u00fc\u015f halde takmak en iyisidir.<\/p>\n<p>Garrett, BorgWarner AirWerks turbo\u015farjlar\u0131na yak\u0131n yeni bir turbo\u015farj serisi olan\u00a0<strong>GBC serisini<\/strong>\u00a0piyasaya s\u00fcr\u00fcyor . Daha k\u00fc\u00e7\u00fck Garrett Boost Club Line turbo\u015farjlar\u0131 GBC14-200, GBC17-250, GBC20-300 ve GBC22-350, motor sporlar\u0131, ki\u015fisel su ara\u00e7lar\u0131 ve otomobiller de dahil olmak \u00fczere k\u00fc\u00e7\u00fck motor hacimleri i\u00e7in tasarlanm\u0131\u015ft\u0131r. Bu turbo\u015farjlar, dahili at\u0131k gaz tahliye valfli t\u00fcrbin g\u00f6vdelerine, 0,5 bar akt\u00fcat\u00f6re (iste\u011fe ba\u011fl\u0131 olarak 480009-0006 = 1,0 bar, 480009-0010 = 1,5 bar mevcuttur) ve kaymal\u0131 yatakl\u0131 d\u00f6nen gruplara sahiptir. D\u00f6vme, tamamen i\u015flenmi\u015f kompres\u00f6r \u00e7arklar\u0131, 0,4L&#8217;den 3,5L&#8217;ye kadar motor hacimleri i\u00e7in 200 ila 900 beygir g\u00fcc\u00fcn\u00fc destekleyebilir.<\/p>\n<p>\u0130lk iki rakam turbo \u00e7er\u00e7eve boyutunu g\u00f6sterir. Rakam ne kadar b\u00fcy\u00fckse, t\u00fcrbin \u00e7ark\u0131 da o kadar b\u00fcy\u00fckt\u00fcr. Tireden sonraki rakamlar, maksimum potansiyel volan beygir g\u00fcc\u00fc de\u011ferini g\u00f6sterir. Farkl\u0131 kompres\u00f6r giri\u015f boyutlar\u0131na ve beygir g\u00fcc\u00fc aral\u0131klar\u0131na sahip 6 adet Club Line turbo\u015farj bulunmaktad\u0131r:\u00a0<strong>GBC14-200, GBC17-250, GBC20-300, GBC22-350, GBC-35-700 ve GBC-37-900<\/strong>\u00a0. GBC17, 20, 22, kademe y\u00fckseltmeleri olarak kullan\u0131lmak \u00fczere birbirinin yerine ge\u00e7ebilen tasar\u0131mlara sahiptir.<\/p>\n<p>D\u00f6vme, tamamen i\u015flenmi\u015f kompres\u00f6r \u00e7arklar\u0131 34 mm, 36 mm, 39 mm, 44 mm, 58 mm ve 67 mm giri\u015f \u00e7aplar\u0131nda sunulmaktad\u0131r. 200 ila 900 beygir g\u00fcc\u00fcn\u00fc destekleyebilirler. Ya\u011f so\u011futmal\u0131 merkez g\u00f6vde, en yeni nesil kaymal\u0131 yatakl\u0131 rotor grubuna sahiptir. Club Line turbo\u015farjlar, dahili at\u0131k gaz tahliyeli t\u00fcrbin g\u00f6vdesi ile tamamen monte edilmi\u015ftir. Garrett teknisyenleri, optimum performans i\u00e7in akt\u00fcat\u00f6r\u00fc kalibre ederek herhangi bir ayarlama ihtiyac\u0131n\u0131 ortadan kald\u0131r\u0131r.<\/p>\n<p>\u00d6zel \u00f6zellikler \u015funlard\u0131r:<\/p>\n<p>34 mm, 36 mm, 39 mm, 44 mm, 58 mm ve 67 mm kompres\u00f6r giri\u015f fanlar\u0131 mevcuttur.<\/p>\n<p>D\u00f6vme, tamamen i\u015flenmi\u015f kompres\u00f6r \u00e7ark\u0131<\/p>\n<p>GTX Gen II kompres\u00f6r aerodinamik sistemi, modern benzinli t\u00fcrbin \u00e7arkl\u0131 aerodinamik sistemle birle\u015ftirilmi\u015ftir.<\/p>\n<p>900 beygir g\u00fcc\u00fcne kadar destekler.<\/p>\n<p>En yeni nesil kaymal\u0131 yatakl\u0131 rotor grubu<\/p>\n<p>\u0130\u00e7ten at\u0131k gaz tahliye valfli t\u00fcrbin g\u00f6vdesi<\/p>\n<p>S\u00fcnek d\u00f6kme demir (SiMo+) t\u00fcrbin g\u00f6vde malzemesi<\/p>\n<p>Inconel t\u00fcrbin \u00e7ark\u0131 malzemesi<\/p>\n<p>360 derecelik itme yata\u011f\u0131<\/p>\n<p>Ya\u011f so\u011futmal\u0131 orta g\u00f6vde<\/p>\n<p>Tak\u0131l\u0131 fi\u015fli sinyal g\u00fc\u00e7lendirme portu<\/p>\n<p>Motorsporlar\u0131 ara\u00e7lar\u0131, ki\u015fisel su ara\u00e7lar\u0131 ve otomobiller de dahil olmak \u00fczere k\u00fc\u00e7\u00fck hacimli motorlar i\u00e7in tasarlanm\u0131\u015ft\u0131r.<\/p>\n<p><strong>G\u00fc\u00e7 aral\u0131\u011f\u0131:<\/strong>\u00a0900 HP&#8217;ye kadar<br \/>\n<strong>Motor hacmi:<\/strong>\u00a00,4 ila 3,5 Litre<\/p>\n<p><strong>Not:<\/strong>\u00a0D\u00f6n\u00fc\u015f y\u00f6n\u00fc saat y\u00f6n\u00fcndedir!<\/p>\n<p><strong>Kompres\u00f6r bilgileri:<\/strong><br \/>\n<strong>Giri\u015f:<\/strong>\u00a0Men\u00fcye bak\u0131n\u0131z<br \/>\n<strong>\u00c7\u0131k\u0131\u015f:<\/strong>\u00a0Men\u00fcye bak\u0131n\u0131z<br \/>\n<strong>Trim:<\/strong>\u00a0Men\u00fcye bak\u0131n\u0131z<br \/>\n<strong>A\/R de\u011feri:<\/strong>\u00a0Men\u00fcye bak\u0131n\u0131z<br \/>\n<strong>Ak\u0131\u015f:<\/strong>\u00a0Men\u00fcye bak\u0131n\u0131z<\/p>\n<p><strong>T\u00fcrbin bilgileri:<\/strong><br \/>\n<strong>Flan\u015f giri\u015fi:<\/strong>\u00a0Men\u00fcye bak\u0131n\u0131z<br \/>\n<strong>Flan\u015f \u00e7\u0131k\u0131\u015f\u0131:<\/strong>\u00a0Men\u00fcye bak\u0131n\u0131z<br \/>\n<strong>Giri\u015f:<\/strong>\u00a0Men\u00fcye bak\u0131n\u0131z<br \/>\n<strong>\u00c7\u0131k\u0131\u015f:<\/strong>\u00a0Men\u00fcye bak\u0131n\u0131z<br \/>\n<strong>Trim:<\/strong>\u00a084<br \/>\n<strong>A\/R de\u011feri:<\/strong>\u00a0Men\u00fcye bak\u0131n\u0131z<br \/>\n<strong>At\u0131k gaz valfi GBC14-200, GBC17-250, GBC20-300 ve GBC22-350:<\/strong>\u00a0Dahili<br \/>\n<strong>Akt\u00fcat\u00f6r GBC14-200, GBC17-250, GBC20-300 ve GBC22-350:<\/strong>\u00a00,5 Bar<\/p>\n","protected":false},"excerpt":{"rendered":"<p>Garrett turbo\u015farjlar\u0131n\u0131n en yeni nesli, sokak, pist ve 400 metre yar\u0131\u015flar\u0131 i\u00e7in. GBC serisi, Garrett&#8217;in yeni nesil kaymal\u0131 yatakl\u0131 performans turbo\u015farjlar\u0131d\u0131r. Not:\u00a0GBC turbo\u015farjlar, ya\u011f d\u00f6n\u00fc\u015f flan\u015f\u0131n\u0131n montaj\u0131 i\u00e7in M6 di\u015fli kullan\u0131r. Ancak \u00e7o\u011fu durumda, t\u00fcm ya\u011f d\u00f6n\u00fc\u015f flan\u015flar\u0131nda 9 mm&#8217;lik oluklu delikler bulunur. Bu, montaj s\u0131ras\u0131nda \u00e7ok fazla bo\u015flu\u011fa yol a\u00e7ar. Ya\u011f d\u00f6n\u00fc\u015f flan\u015f\u0131n\u0131 takarken,<\/p>\n","protected":false},"featured_media":7445,"template":"","meta":{"_acf_changed":false},"product_brand":[300],"product_cat":[16,364,26],"product_tag":[],"class_list":{"0":"post-7444","1":"product","2":"type-product","3":"status-publish","4":"has-post-thumbnail","6":"product_brand-garrett","7":"product_cat-garrett-turbo","8":"product_cat-gbc-serisi","9":"product_cat-turbolar","11":"first","12":"instock","13":"taxable","14":"shipping-taxable","15":"purchasable","16":"product-type-simple"},"acf":[],"yoast_head":"<!-- This site is optimized with the Yoast SEO plugin v27.3 - https:\/\/yoast.com\/product\/yoast-seo-wordpress\/ -->\n<title>Garrett GBC20-300 Turbo 0.55 A\/R - T25 WG - Marka Motors<\/title>\n<meta name=\"description\" content=\"Garrett GBC20-300 Turbo 0.55 A\/R T25 WG ile projenizi 300HP seviyesine ta\u015f\u0131y\u0131n. H\u0131zl\u0131 spool, dahili wastegate ve kompakt tasar\u0131m ile ideal performans turbosu.\" \/>\n<meta name=\"robots\" content=\"index, follow, max-snippet:-1, max-image-preview:large, max-video-preview:-1\" \/>\n<link rel=\"canonical\" href=\"https:\/\/markasite.com.tr\/markamotors\/urun\/garrett-gbc20-300-turbo-0-55-a-r-t25-wg\/\" \/>\n<meta property=\"og:locale\" content=\"tr_TR\" \/>\n<meta property=\"og:type\" content=\"article\" \/>\n<meta property=\"og:title\" content=\"Garrett GBC20-300 Turbo 0.55 A\/R - T25 WG - Marka Motors\" \/>\n<meta property=\"og:description\" content=\"Garrett GBC20-300 Turbo 0.55 A\/R T25 WG ile projenizi 300HP seviyesine ta\u015f\u0131y\u0131n. H\u0131zl\u0131 spool, dahili wastegate ve kompakt tasar\u0131m ile ideal performans turbosu.\" \/>\n<meta property=\"og:url\" content=\"https:\/\/markasite.com.tr\/markamotors\/urun\/garrett-gbc20-300-turbo-0-55-a-r-t25-wg\/\" \/>\n<meta property=\"og:site_name\" content=\"Marka Motors\" \/>\n<meta property=\"article:publisher\" content=\"https:\/\/www.facebook.com\/?locale=tr_TR\" \/>\n<meta property=\"article:modified_time\" content=\"2026-03-09T11:42:50+00:00\" \/>\n<meta property=\"og:image\" content=\"https:\/\/markasite.com.tr\/markamotors\/wp-content\/uploads\/garrett-gbc-turbolader.jpg\" \/>\n\t<meta property=\"og:image:width\" content=\"1600\" \/>\n\t<meta property=\"og:image:height\" content=\"1600\" \/>\n\t<meta property=\"og:image:type\" content=\"image\/jpeg\" \/>\n<meta name=\"twitter:card\" content=\"summary_large_image\" \/>\n<meta name=\"twitter:label1\" content=\"Tahmini okuma s\u00fcresi\" \/>\n\t<meta name=\"twitter:data1\" content=\"4 dakika\" \/>\n<script type=\"application\/ld+json\" class=\"yoast-schema-graph\">{\"@context\":\"https:\\\/\\\/schema.org\",\"@graph\":[{\"@type\":\"WebPage\",\"@id\":\"https:\\\/\\\/markasite.com.tr\\\/markamotors\\\/urun\\\/garrett-gbc20-300-turbo-0-55-a-r-t25-wg\\\/\",\"url\":\"https:\\\/\\\/markasite.com.tr\\\/markamotors\\\/urun\\\/garrett-gbc20-300-turbo-0-55-a-r-t25-wg\\\/\",\"name\":\"Garrett GBC20-300 Turbo 0.55 A\\\/R - T25 WG - Marka Motors\",\"isPartOf\":{\"@id\":\"https:\\\/\\\/markasite.com.tr\\\/markamotors\\\/#website\"},\"primaryImageOfPage\":{\"@id\":\"https:\\\/\\\/markasite.com.tr\\\/markamotors\\\/urun\\\/garrett-gbc20-300-turbo-0-55-a-r-t25-wg\\\/#primaryimage\"},\"image\":{\"@id\":\"https:\\\/\\\/markasite.com.tr\\\/markamotors\\\/urun\\\/garrett-gbc20-300-turbo-0-55-a-r-t25-wg\\\/#primaryimage\"},\"thumbnailUrl\":\"https:\\\/\\\/markasite.com.tr\\\/markamotors\\\/wp-content\\\/uploads\\\/garrett-gbc-turbolader.jpg\",\"datePublished\":\"2026-03-06T10:32:17+00:00\",\"dateModified\":\"2026-03-09T11:42:50+00:00\",\"description\":\"Garrett GBC20-300 Turbo 0.55 A\\\/R T25 WG ile projenizi 300HP seviyesine ta\u015f\u0131y\u0131n. H\u0131zl\u0131 spool, dahili wastegate ve kompakt tasar\u0131m ile ideal performans turbosu.\",\"breadcrumb\":{\"@id\":\"https:\\\/\\\/markasite.com.tr\\\/markamotors\\\/urun\\\/garrett-gbc20-300-turbo-0-55-a-r-t25-wg\\\/#breadcrumb\"},\"inLanguage\":\"tr\",\"potentialAction\":[{\"@type\":\"ReadAction\",\"target\":[\"https:\\\/\\\/markasite.com.tr\\\/markamotors\\\/urun\\\/garrett-gbc20-300-turbo-0-55-a-r-t25-wg\\\/\"]}]},{\"@type\":\"ImageObject\",\"inLanguage\":\"tr\",\"@id\":\"https:\\\/\\\/markasite.com.tr\\\/markamotors\\\/urun\\\/garrett-gbc20-300-turbo-0-55-a-r-t25-wg\\\/#primaryimage\",\"url\":\"https:\\\/\\\/markasite.com.tr\\\/markamotors\\\/wp-content\\\/uploads\\\/garrett-gbc-turbolader.jpg\",\"contentUrl\":\"https:\\\/\\\/markasite.com.tr\\\/markamotors\\\/wp-content\\\/uploads\\\/garrett-gbc-turbolader.jpg\",\"width\":1600,\"height\":1600},{\"@type\":\"BreadcrumbList\",\"@id\":\"https:\\\/\\\/markasite.com.tr\\\/markamotors\\\/urun\\\/garrett-gbc20-300-turbo-0-55-a-r-t25-wg\\\/#breadcrumb\",\"itemListElement\":[{\"@type\":\"ListItem\",\"position\":1,\"name\":\"Anasayfa\",\"item\":\"https:\\\/\\\/markasite.com.tr\\\/markamotors\\\/\"},{\"@type\":\"ListItem\",\"position\":2,\"name\":\"Garrett GBC20-300 Turbo 0.55 A\\\/R &#8211; T25 WG\"}]},{\"@type\":\"WebSite\",\"@id\":\"https:\\\/\\\/markasite.com.tr\\\/markamotors\\\/#website\",\"url\":\"https:\\\/\\\/markasite.com.tr\\\/markamotors\\\/\",\"name\":\"Marka Motors\",\"description\":\"\",\"publisher\":{\"@id\":\"https:\\\/\\\/markasite.com.tr\\\/markamotors\\\/#organization\"},\"potentialAction\":[{\"@type\":\"SearchAction\",\"target\":{\"@type\":\"EntryPoint\",\"urlTemplate\":\"https:\\\/\\\/markasite.com.tr\\\/markamotors\\\/?s={search_term_string}\"},\"query-input\":{\"@type\":\"PropertyValueSpecification\",\"valueRequired\":true,\"valueName\":\"search_term_string\"}}],\"inLanguage\":\"tr\"},{\"@type\":\"Organization\",\"@id\":\"https:\\\/\\\/markasite.com.tr\\\/markamotors\\\/#organization\",\"name\":\"Marka Motors\",\"url\":\"https:\\\/\\\/markasite.com.tr\\\/markamotors\\\/\",\"logo\":{\"@type\":\"ImageObject\",\"inLanguage\":\"tr\",\"@id\":\"https:\\\/\\\/markasite.com.tr\\\/markamotors\\\/#\\\/schema\\\/logo\\\/image\\\/\",\"url\":\"https:\\\/\\\/markasite.com.tr\\\/markamotors\\\/wp-content\\\/uploads\\\/footerMarkaMotors.png\",\"contentUrl\":\"https:\\\/\\\/markasite.com.tr\\\/markamotors\\\/wp-content\\\/uploads\\\/footerMarkaMotors.png\",\"width\":215,\"height\":58,\"caption\":\"Marka Motors\"},\"image\":{\"@id\":\"https:\\\/\\\/markasite.com.tr\\\/markamotors\\\/#\\\/schema\\\/logo\\\/image\\\/\"},\"sameAs\":[\"https:\\\/\\\/www.facebook.com\\\/?locale=tr_TR\"]}]}<\/script>\n<!-- \/ Yoast SEO plugin. -->","yoast_head_json":{"title":"Garrett GBC20-300 Turbo 0.55 A\/R - T25 WG - Marka Motors","description":"Garrett GBC20-300 Turbo 0.55 A\/R T25 WG ile projenizi 300HP seviyesine ta\u015f\u0131y\u0131n. H\u0131zl\u0131 spool, dahili wastegate ve kompakt tasar\u0131m ile ideal performans turbosu.","robots":{"index":"index","follow":"follow","max-snippet":"max-snippet:-1","max-image-preview":"max-image-preview:large","max-video-preview":"max-video-preview:-1"},"canonical":"https:\/\/markasite.com.tr\/markamotors\/urun\/garrett-gbc20-300-turbo-0-55-a-r-t25-wg\/","og_locale":"tr_TR","og_type":"article","og_title":"Garrett GBC20-300 Turbo 0.55 A\/R - T25 WG - Marka Motors","og_description":"Garrett GBC20-300 Turbo 0.55 A\/R T25 WG ile projenizi 300HP seviyesine ta\u015f\u0131y\u0131n. H\u0131zl\u0131 spool, dahili wastegate ve kompakt tasar\u0131m ile ideal performans turbosu.","og_url":"https:\/\/markasite.com.tr\/markamotors\/urun\/garrett-gbc20-300-turbo-0-55-a-r-t25-wg\/","og_site_name":"Marka Motors","article_publisher":"https:\/\/www.facebook.com\/?locale=tr_TR","article_modified_time":"2026-03-09T11:42:50+00:00","og_image":[{"width":1600,"height":1600,"url":"https:\/\/markasite.com.tr\/markamotors\/wp-content\/uploads\/garrett-gbc-turbolader.jpg","type":"image\/jpeg"}],"twitter_card":"summary_large_image","twitter_misc":{"Tahmini okuma s\u00fcresi":"4 dakika"},"schema":{"@context":"https:\/\/schema.org","@graph":[{"@type":"WebPage","@id":"https:\/\/markasite.com.tr\/markamotors\/urun\/garrett-gbc20-300-turbo-0-55-a-r-t25-wg\/","url":"https:\/\/markasite.com.tr\/markamotors\/urun\/garrett-gbc20-300-turbo-0-55-a-r-t25-wg\/","name":"Garrett GBC20-300 Turbo 0.55 A\/R - T25 WG - Marka Motors","isPartOf":{"@id":"https:\/\/markasite.com.tr\/markamotors\/#website"},"primaryImageOfPage":{"@id":"https:\/\/markasite.com.tr\/markamotors\/urun\/garrett-gbc20-300-turbo-0-55-a-r-t25-wg\/#primaryimage"},"image":{"@id":"https:\/\/markasite.com.tr\/markamotors\/urun\/garrett-gbc20-300-turbo-0-55-a-r-t25-wg\/#primaryimage"},"thumbnailUrl":"https:\/\/markasite.com.tr\/markamotors\/wp-content\/uploads\/garrett-gbc-turbolader.jpg","datePublished":"2026-03-06T10:32:17+00:00","dateModified":"2026-03-09T11:42:50+00:00","description":"Garrett GBC20-300 Turbo 0.55 A\/R T25 WG ile projenizi 300HP seviyesine ta\u015f\u0131y\u0131n. H\u0131zl\u0131 spool, dahili wastegate ve kompakt tasar\u0131m ile ideal performans turbosu.","breadcrumb":{"@id":"https:\/\/markasite.com.tr\/markamotors\/urun\/garrett-gbc20-300-turbo-0-55-a-r-t25-wg\/#breadcrumb"},"inLanguage":"tr","potentialAction":[{"@type":"ReadAction","target":["https:\/\/markasite.com.tr\/markamotors\/urun\/garrett-gbc20-300-turbo-0-55-a-r-t25-wg\/"]}]},{"@type":"ImageObject","inLanguage":"tr","@id":"https:\/\/markasite.com.tr\/markamotors\/urun\/garrett-gbc20-300-turbo-0-55-a-r-t25-wg\/#primaryimage","url":"https:\/\/markasite.com.tr\/markamotors\/wp-content\/uploads\/garrett-gbc-turbolader.jpg","contentUrl":"https:\/\/markasite.com.tr\/markamotors\/wp-content\/uploads\/garrett-gbc-turbolader.jpg","width":1600,"height":1600},{"@type":"BreadcrumbList","@id":"https:\/\/markasite.com.tr\/markamotors\/urun\/garrett-gbc20-300-turbo-0-55-a-r-t25-wg\/#breadcrumb","itemListElement":[{"@type":"ListItem","position":1,"name":"Anasayfa","item":"https:\/\/markasite.com.tr\/markamotors\/"},{"@type":"ListItem","position":2,"name":"Garrett GBC20-300 Turbo 0.55 A\/R &#8211; T25 WG"}]},{"@type":"WebSite","@id":"https:\/\/markasite.com.tr\/markamotors\/#website","url":"https:\/\/markasite.com.tr\/markamotors\/","name":"Marka Motors","description":"","publisher":{"@id":"https:\/\/markasite.com.tr\/markamotors\/#organization"},"potentialAction":[{"@type":"SearchAction","target":{"@type":"EntryPoint","urlTemplate":"https:\/\/markasite.com.tr\/markamotors\/?s={search_term_string}"},"query-input":{"@type":"PropertyValueSpecification","valueRequired":true,"valueName":"search_term_string"}}],"inLanguage":"tr"},{"@type":"Organization","@id":"https:\/\/markasite.com.tr\/markamotors\/#organization","name":"Marka Motors","url":"https:\/\/markasite.com.tr\/markamotors\/","logo":{"@type":"ImageObject","inLanguage":"tr","@id":"https:\/\/markasite.com.tr\/markamotors\/#\/schema\/logo\/image\/","url":"https:\/\/markasite.com.tr\/markamotors\/wp-content\/uploads\/footerMarkaMotors.png","contentUrl":"https:\/\/markasite.com.tr\/markamotors\/wp-content\/uploads\/footerMarkaMotors.png","width":215,"height":58,"caption":"Marka Motors"},"image":{"@id":"https:\/\/markasite.com.tr\/markamotors\/#\/schema\/logo\/image\/"},"sameAs":["https:\/\/www.facebook.com\/?locale=tr_TR"]}]}},"_links":{"self":[{"href":"https:\/\/markasite.com.tr\/markamotors\/wp-json\/wp\/v2\/product\/7444","targetHints":{"allow":["GET"]}}],"collection":[{"href":"https:\/\/markasite.com.tr\/markamotors\/wp-json\/wp\/v2\/product"}],"about":[{"href":"https:\/\/markasite.com.tr\/markamotors\/wp-json\/wp\/v2\/types\/product"}],"wp:featuredmedia":[{"embeddable":true,"href":"https:\/\/markasite.com.tr\/markamotors\/wp-json\/wp\/v2\/media\/7445"}],"wp:attachment":[{"href":"https:\/\/markasite.com.tr\/markamotors\/wp-json\/wp\/v2\/media?parent=7444"}],"wp:term":[{"taxonomy":"product_brand","embeddable":true,"href":"https:\/\/markasite.com.tr\/markamotors\/wp-json\/wp\/v2\/product_brand?post=7444"},{"taxonomy":"product_cat","embeddable":true,"href":"https:\/\/markasite.com.tr\/markamotors\/wp-json\/wp\/v2\/product_cat?post=7444"},{"taxonomy":"product_tag","embeddable":true,"href":"https:\/\/markasite.com.tr\/markamotors\/wp-json\/wp\/v2\/product_tag?post=7444"}],"curies":[{"name":"wp","href":"https:\/\/api.w.org\/{rel}","templated":true}]}}