{"id":7414,"date":"2026-03-06T11:57:21","date_gmt":"2026-03-06T08:57:21","guid":{"rendered":"https:\/\/markasite.com.tr\/markamotors\/urun\/garrett-turbine-hsg-kit-o-v-v-band-v-band-0-92-a-r-g25\/"},"modified":"2026-03-29T17:41:25","modified_gmt":"2026-03-29T14:41:25","slug":"garrett-turbine-hsg-kit-o-v-v-band-v-band-0-92-a-r-g25","status":"publish","type":"product","link":"https:\/\/markasite.com.tr\/markamotors\/urun\/garrett-turbine-hsg-kit-o-v-v-band-v-band-0-92-a-r-g25\/","title":{"rendered":"<div class=\"product-loop-meta\"><div class=\"loop-cat\">G Serisi<\/div><div class=\"brand\"><img alt=\"Garrett\" src=\"https:\/\/markasite.com.tr\/markamotors\/wp-content\/uploads\/Garrett.jpg\"><\/div><\/div><div class=\"list-pro-title\">Garrett \u00ae Turbine Hsg Kit O\/V V-Band \/ V-Band 0.92 A\/R &#8211; G25<\/div>"},"content":{"rendered":"<p>Garrett G25 t\u00fcrbin g\u00f6vdeleri<br \/>\nG25-550 \/ G25-660 modelleri i\u00e7in farkl\u0131 versiyonlarda orijinal egzoz g\u00f6vdeleri.<br \/>\nVBand \u00e7\u0131k\u0131\u015fl\u0131 ve farkl\u0131 giri\u015f flan\u015fl\u0131 ve WG versiyonlu Garrett G25 t\u00fcrbin g\u00f6vdeleri<br \/>\nGarrett egzoz g\u00f6vdeleri, t\u00fcm G25-550 ve G25-660 turbo\u015farjlar ve SuperCore&#8217;lar i\u00e7in uygundur.<\/p>\n<p>T\u00fcrbin g\u00f6vdesi giri\u015f flan\u015f\u0131: T25 veya V-Band olarak mevcuttur.<br \/>\nT\u00fcrbin g\u00f6vdesi \u00e7\u0131k\u0131\u015f\u0131: V-Band .<br \/>\nA\/R de\u011feri: Farkl\u0131 versiyonlarda.<br \/>\nD\u00f6nme y\u00f6n\u00fc: Normal (saat y\u00f6n\u00fcnde) veya Ters.<br \/>\nAt\u0131k gaz valfi: Dahili at\u0131k gaz valfi veya harici at\u0131k gaz valfi ile<\/p>\n<p>. T\u00fcrbin \u00e7ark\u0131 i\u00e7in uygundur:<br \/>\nGiri\u015f: 54,00 mm ,<br \/>\n\u00c7\u0131k\u0131\u015f: 49,00 mm<br \/>\n, Trim: 84.<\/p>\n<p>Turbo\u015farjlar i\u00e7in:<br \/>\nGarrett G25-550,<br \/>\nGarrett G25-660.<\/p>\n<p>Not: L\u00fctfen G25 Super Core veya turbo\u015farj\u0131n\u0131z\u0131n Normal veya Ters versiyona sahip oldu\u011fundan emin olun! Ters g\u00f6vde, normal d\u00f6nme y\u00f6n\u00fcne sahip bir turbo\u015farjda (Normal = saat y\u00f6n\u00fcnde) kullan\u0131lamaz<\/p>\n","protected":false},"excerpt":{"rendered":"<p>Garrett G25 t\u00fcrbin g\u00f6vdeleri G25-550 \/ G25-660 modelleri i\u00e7in farkl\u0131 versiyonlarda orijinal egzoz g\u00f6vdeleri. VBand \u00e7\u0131k\u0131\u015fl\u0131 ve farkl\u0131 giri\u015f flan\u015fl\u0131 ve WG versiyonlu Garrett G25 t\u00fcrbin g\u00f6vdeleri Garrett egzoz g\u00f6vdeleri, t\u00fcm G25-550 ve G25-660 turbo\u015farjlar ve SuperCore&#8217;lar i\u00e7in uygundur. T\u00fcrbin g\u00f6vdesi giri\u015f flan\u015f\u0131: T25 veya V-Band olarak mevcuttur. T\u00fcrbin g\u00f6vdesi \u00e7\u0131k\u0131\u015f\u0131: V-Band . A\/R de\u011feri:<\/p>\n","protected":false},"featured_media":7376,"template":"","meta":{"_acf_changed":false},"product_brand":[300],"product_cat":[369],"product_tag":[],"class_list":{"0":"post-7414","1":"product","2":"type-product","3":"status-publish","4":"has-post-thumbnail","6":"product_brand-garrett","7":"product_cat-g-serisi","9":"first","10":"outofstock","11":"taxable","12":"shipping-taxable","13":"purchasable","14":"product-type-simple"},"acf":[],"yoast_head":"<!-- This site is optimized with the Yoast SEO plugin v27.3 - https:\/\/yoast.com\/product\/yoast-seo-wordpress\/ -->\n<title>Garrett \u00ae Turbine Hsg Kit O\/V V-Band \/ V-Band 0.92 A\/R - G25 - Marka Motors<\/title>\n<meta name=\"robots\" content=\"index, follow, max-snippet:-1, max-image-preview:large, max-video-preview:-1\" \/>\n<link rel=\"canonical\" href=\"https:\/\/markasite.com.tr\/markamotors\/urun\/garrett-turbine-hsg-kit-o-v-v-band-v-band-0-92-a-r-g25\/\" \/>\n<meta property=\"og:locale\" content=\"tr_TR\" \/>\n<meta property=\"og:type\" content=\"article\" \/>\n<meta property=\"og:title\" content=\"Garrett \u00ae Turbine Hsg Kit O\/V V-Band \/ V-Band 0.92 A\/R - G25 - Marka Motors\" \/>\n<meta property=\"og:description\" content=\"Garrett G25 t\u00fcrbin g\u00f6vdeleri G25-550 \/ G25-660 modelleri i\u00e7in farkl\u0131 versiyonlarda orijinal egzoz g\u00f6vdeleri. VBand \u00e7\u0131k\u0131\u015fl\u0131 ve farkl\u0131 giri\u015f flan\u015fl\u0131 ve WG versiyonlu Garrett G25 t\u00fcrbin g\u00f6vdeleri Garrett egzoz g\u00f6vdeleri, t\u00fcm G25-550 ve G25-660 turbo\u015farjlar ve SuperCore&#8217;lar i\u00e7in uygundur. T\u00fcrbin g\u00f6vdesi giri\u015f flan\u015f\u0131: T25 veya V-Band olarak mevcuttur. T\u00fcrbin g\u00f6vdesi \u00e7\u0131k\u0131\u015f\u0131: V-Band . A\/R de\u011feri:\" \/>\n<meta property=\"og:url\" content=\"https:\/\/markasite.com.tr\/markamotors\/urun\/garrett-turbine-hsg-kit-o-v-v-band-v-band-0-92-a-r-g25\/\" \/>\n<meta property=\"og:site_name\" content=\"Marka Motors\" \/>\n<meta property=\"article:publisher\" content=\"https:\/\/www.facebook.com\/?locale=tr_TR\" \/>\n<meta property=\"article:modified_time\" content=\"2026-03-29T14:41:25+00:00\" \/>\n<meta property=\"og:image\" content=\"https:\/\/markasite.com.tr\/markamotors\/wp-content\/uploads\/740902-0068.jpg\" \/>\n\t<meta property=\"og:image:width\" content=\"1600\" \/>\n\t<meta property=\"og:image:height\" content=\"1600\" \/>\n\t<meta property=\"og:image:type\" content=\"image\/jpeg\" \/>\n<meta name=\"twitter:card\" content=\"summary_large_image\" \/>\n<meta name=\"twitter:label1\" content=\"Tahmini okuma s\u00fcresi\" \/>\n\t<meta name=\"twitter:data1\" content=\"1 dakika\" \/>\n<script type=\"application\/ld+json\" class=\"yoast-schema-graph\">{\"@context\":\"https:\\\/\\\/schema.org\",\"@graph\":[{\"@type\":\"WebPage\",\"@id\":\"https:\\\/\\\/markasite.com.tr\\\/markamotors\\\/urun\\\/garrett-turbine-hsg-kit-o-v-v-band-v-band-0-92-a-r-g25\\\/\",\"url\":\"https:\\\/\\\/markasite.com.tr\\\/markamotors\\\/urun\\\/garrett-turbine-hsg-kit-o-v-v-band-v-band-0-92-a-r-g25\\\/\",\"name\":\"Garrett \u00ae Turbine Hsg Kit O\\\/V V-Band \\\/ V-Band 0.92 A\\\/R - G25 - Marka Motors\",\"isPartOf\":{\"@id\":\"https:\\\/\\\/markasite.com.tr\\\/markamotors\\\/#website\"},\"primaryImageOfPage\":{\"@id\":\"https:\\\/\\\/markasite.com.tr\\\/markamotors\\\/urun\\\/garrett-turbine-hsg-kit-o-v-v-band-v-band-0-92-a-r-g25\\\/#primaryimage\"},\"image\":{\"@id\":\"https:\\\/\\\/markasite.com.tr\\\/markamotors\\\/urun\\\/garrett-turbine-hsg-kit-o-v-v-band-v-band-0-92-a-r-g25\\\/#primaryimage\"},\"thumbnailUrl\":\"https:\\\/\\\/markasite.com.tr\\\/markamotors\\\/wp-content\\\/uploads\\\/740902-0068.jpg\",\"datePublished\":\"2026-03-06T08:57:21+00:00\",\"dateModified\":\"2026-03-29T14:41:25+00:00\",\"breadcrumb\":{\"@id\":\"https:\\\/\\\/markasite.com.tr\\\/markamotors\\\/urun\\\/garrett-turbine-hsg-kit-o-v-v-band-v-band-0-92-a-r-g25\\\/#breadcrumb\"},\"inLanguage\":\"tr\",\"potentialAction\":[{\"@type\":\"ReadAction\",\"target\":[\"https:\\\/\\\/markasite.com.tr\\\/markamotors\\\/urun\\\/garrett-turbine-hsg-kit-o-v-v-band-v-band-0-92-a-r-g25\\\/\"]}]},{\"@type\":\"ImageObject\",\"inLanguage\":\"tr\",\"@id\":\"https:\\\/\\\/markasite.com.tr\\\/markamotors\\\/urun\\\/garrett-turbine-hsg-kit-o-v-v-band-v-band-0-92-a-r-g25\\\/#primaryimage\",\"url\":\"https:\\\/\\\/markasite.com.tr\\\/markamotors\\\/wp-content\\\/uploads\\\/740902-0068.jpg\",\"contentUrl\":\"https:\\\/\\\/markasite.com.tr\\\/markamotors\\\/wp-content\\\/uploads\\\/740902-0068.jpg\",\"width\":1600,\"height\":1600},{\"@type\":\"BreadcrumbList\",\"@id\":\"https:\\\/\\\/markasite.com.tr\\\/markamotors\\\/urun\\\/garrett-turbine-hsg-kit-o-v-v-band-v-band-0-92-a-r-g25\\\/#breadcrumb\",\"itemListElement\":[{\"@type\":\"ListItem\",\"position\":1,\"name\":\"Anasayfa\",\"item\":\"https:\\\/\\\/markasite.com.tr\\\/markamotors\\\/\"},{\"@type\":\"ListItem\",\"position\":2,\"name\":\"Garrett \u00ae Turbine Hsg Kit O\\\/V V-Band \\\/ V-Band 0.92 A\\\/R &#8211; G25\"}]},{\"@type\":\"WebSite\",\"@id\":\"https:\\\/\\\/markasite.com.tr\\\/markamotors\\\/#website\",\"url\":\"https:\\\/\\\/markasite.com.tr\\\/markamotors\\\/\",\"name\":\"Marka Motors\",\"description\":\"\",\"publisher\":{\"@id\":\"https:\\\/\\\/markasite.com.tr\\\/markamotors\\\/#organization\"},\"potentialAction\":[{\"@type\":\"SearchAction\",\"target\":{\"@type\":\"EntryPoint\",\"urlTemplate\":\"https:\\\/\\\/markasite.com.tr\\\/markamotors\\\/?s={search_term_string}\"},\"query-input\":{\"@type\":\"PropertyValueSpecification\",\"valueRequired\":true,\"valueName\":\"search_term_string\"}}],\"inLanguage\":\"tr\"},{\"@type\":\"Organization\",\"@id\":\"https:\\\/\\\/markasite.com.tr\\\/markamotors\\\/#organization\",\"name\":\"Marka Motors\",\"url\":\"https:\\\/\\\/markasite.com.tr\\\/markamotors\\\/\",\"logo\":{\"@type\":\"ImageObject\",\"inLanguage\":\"tr\",\"@id\":\"https:\\\/\\\/markasite.com.tr\\\/markamotors\\\/#\\\/schema\\\/logo\\\/image\\\/\",\"url\":\"https:\\\/\\\/markasite.com.tr\\\/markamotors\\\/wp-content\\\/uploads\\\/footerMarkaMotors.png\",\"contentUrl\":\"https:\\\/\\\/markasite.com.tr\\\/markamotors\\\/wp-content\\\/uploads\\\/footerMarkaMotors.png\",\"width\":215,\"height\":58,\"caption\":\"Marka Motors\"},\"image\":{\"@id\":\"https:\\\/\\\/markasite.com.tr\\\/markamotors\\\/#\\\/schema\\\/logo\\\/image\\\/\"},\"sameAs\":[\"https:\\\/\\\/www.facebook.com\\\/?locale=tr_TR\"]}]}<\/script>\n<!-- \/ Yoast SEO plugin. -->","yoast_head_json":{"title":"Garrett \u00ae Turbine Hsg Kit O\/V V-Band \/ V-Band 0.92 A\/R - G25 - Marka Motors","robots":{"index":"index","follow":"follow","max-snippet":"max-snippet:-1","max-image-preview":"max-image-preview:large","max-video-preview":"max-video-preview:-1"},"canonical":"https:\/\/markasite.com.tr\/markamotors\/urun\/garrett-turbine-hsg-kit-o-v-v-band-v-band-0-92-a-r-g25\/","og_locale":"tr_TR","og_type":"article","og_title":"Garrett \u00ae Turbine Hsg Kit O\/V V-Band \/ V-Band 0.92 A\/R - G25 - Marka Motors","og_description":"Garrett G25 t\u00fcrbin g\u00f6vdeleri G25-550 \/ G25-660 modelleri i\u00e7in farkl\u0131 versiyonlarda orijinal egzoz g\u00f6vdeleri. VBand \u00e7\u0131k\u0131\u015fl\u0131 ve farkl\u0131 giri\u015f flan\u015fl\u0131 ve WG versiyonlu Garrett G25 t\u00fcrbin g\u00f6vdeleri Garrett egzoz g\u00f6vdeleri, t\u00fcm G25-550 ve G25-660 turbo\u015farjlar ve SuperCore&#8217;lar i\u00e7in uygundur. T\u00fcrbin g\u00f6vdesi giri\u015f flan\u015f\u0131: T25 veya V-Band olarak mevcuttur. T\u00fcrbin g\u00f6vdesi \u00e7\u0131k\u0131\u015f\u0131: V-Band . A\/R de\u011feri:","og_url":"https:\/\/markasite.com.tr\/markamotors\/urun\/garrett-turbine-hsg-kit-o-v-v-band-v-band-0-92-a-r-g25\/","og_site_name":"Marka Motors","article_publisher":"https:\/\/www.facebook.com\/?locale=tr_TR","article_modified_time":"2026-03-29T14:41:25+00:00","og_image":[{"width":1600,"height":1600,"url":"https:\/\/markasite.com.tr\/markamotors\/wp-content\/uploads\/740902-0068.jpg","type":"image\/jpeg"}],"twitter_card":"summary_large_image","twitter_misc":{"Tahmini okuma s\u00fcresi":"1 dakika"},"schema":{"@context":"https:\/\/schema.org","@graph":[{"@type":"WebPage","@id":"https:\/\/markasite.com.tr\/markamotors\/urun\/garrett-turbine-hsg-kit-o-v-v-band-v-band-0-92-a-r-g25\/","url":"https:\/\/markasite.com.tr\/markamotors\/urun\/garrett-turbine-hsg-kit-o-v-v-band-v-band-0-92-a-r-g25\/","name":"Garrett \u00ae Turbine Hsg Kit O\/V V-Band \/ V-Band 0.92 A\/R - G25 - Marka Motors","isPartOf":{"@id":"https:\/\/markasite.com.tr\/markamotors\/#website"},"primaryImageOfPage":{"@id":"https:\/\/markasite.com.tr\/markamotors\/urun\/garrett-turbine-hsg-kit-o-v-v-band-v-band-0-92-a-r-g25\/#primaryimage"},"image":{"@id":"https:\/\/markasite.com.tr\/markamotors\/urun\/garrett-turbine-hsg-kit-o-v-v-band-v-band-0-92-a-r-g25\/#primaryimage"},"thumbnailUrl":"https:\/\/markasite.com.tr\/markamotors\/wp-content\/uploads\/740902-0068.jpg","datePublished":"2026-03-06T08:57:21+00:00","dateModified":"2026-03-29T14:41:25+00:00","breadcrumb":{"@id":"https:\/\/markasite.com.tr\/markamotors\/urun\/garrett-turbine-hsg-kit-o-v-v-band-v-band-0-92-a-r-g25\/#breadcrumb"},"inLanguage":"tr","potentialAction":[{"@type":"ReadAction","target":["https:\/\/markasite.com.tr\/markamotors\/urun\/garrett-turbine-hsg-kit-o-v-v-band-v-band-0-92-a-r-g25\/"]}]},{"@type":"ImageObject","inLanguage":"tr","@id":"https:\/\/markasite.com.tr\/markamotors\/urun\/garrett-turbine-hsg-kit-o-v-v-band-v-band-0-92-a-r-g25\/#primaryimage","url":"https:\/\/markasite.com.tr\/markamotors\/wp-content\/uploads\/740902-0068.jpg","contentUrl":"https:\/\/markasite.com.tr\/markamotors\/wp-content\/uploads\/740902-0068.jpg","width":1600,"height":1600},{"@type":"BreadcrumbList","@id":"https:\/\/markasite.com.tr\/markamotors\/urun\/garrett-turbine-hsg-kit-o-v-v-band-v-band-0-92-a-r-g25\/#breadcrumb","itemListElement":[{"@type":"ListItem","position":1,"name":"Anasayfa","item":"https:\/\/markasite.com.tr\/markamotors\/"},{"@type":"ListItem","position":2,"name":"Garrett \u00ae Turbine Hsg Kit O\/V V-Band \/ V-Band 0.92 A\/R &#8211; G25"}]},{"@type":"WebSite","@id":"https:\/\/markasite.com.tr\/markamotors\/#website","url":"https:\/\/markasite.com.tr\/markamotors\/","name":"Marka Motors","description":"","publisher":{"@id":"https:\/\/markasite.com.tr\/markamotors\/#organization"},"potentialAction":[{"@type":"SearchAction","target":{"@type":"EntryPoint","urlTemplate":"https:\/\/markasite.com.tr\/markamotors\/?s={search_term_string}"},"query-input":{"@type":"PropertyValueSpecification","valueRequired":true,"valueName":"search_term_string"}}],"inLanguage":"tr"},{"@type":"Organization","@id":"https:\/\/markasite.com.tr\/markamotors\/#organization","name":"Marka Motors","url":"https:\/\/markasite.com.tr\/markamotors\/","logo":{"@type":"ImageObject","inLanguage":"tr","@id":"https:\/\/markasite.com.tr\/markamotors\/#\/schema\/logo\/image\/","url":"https:\/\/markasite.com.tr\/markamotors\/wp-content\/uploads\/footerMarkaMotors.png","contentUrl":"https:\/\/markasite.com.tr\/markamotors\/wp-content\/uploads\/footerMarkaMotors.png","width":215,"height":58,"caption":"Marka Motors"},"image":{"@id":"https:\/\/markasite.com.tr\/markamotors\/#\/schema\/logo\/image\/"},"sameAs":["https:\/\/www.facebook.com\/?locale=tr_TR"]}]}},"_links":{"self":[{"href":"https:\/\/markasite.com.tr\/markamotors\/wp-json\/wp\/v2\/product\/7414","targetHints":{"allow":["GET"]}}],"collection":[{"href":"https:\/\/markasite.com.tr\/markamotors\/wp-json\/wp\/v2\/product"}],"about":[{"href":"https:\/\/markasite.com.tr\/markamotors\/wp-json\/wp\/v2\/types\/product"}],"wp:featuredmedia":[{"embeddable":true,"href":"https:\/\/markasite.com.tr\/markamotors\/wp-json\/wp\/v2\/media\/7376"}],"wp:attachment":[{"href":"https:\/\/markasite.com.tr\/markamotors\/wp-json\/wp\/v2\/media?parent=7414"}],"wp:term":[{"taxonomy":"product_brand","embeddable":true,"href":"https:\/\/markasite.com.tr\/markamotors\/wp-json\/wp\/v2\/product_brand?post=7414"},{"taxonomy":"product_cat","embeddable":true,"href":"https:\/\/markasite.com.tr\/markamotors\/wp-json\/wp\/v2\/product_cat?post=7414"},{"taxonomy":"product_tag","embeddable":true,"href":"https:\/\/markasite.com.tr\/markamotors\/wp-json\/wp\/v2\/product_tag?post=7414"}],"curies":[{"name":"wp","href":"https:\/\/api.w.org\/{rel}","templated":true}]}}