{"id":6967,"date":"2026-02-23T00:36:12","date_gmt":"2026-02-22T21:36:12","guid":{"rendered":"https:\/\/markasite.com.tr\/markamotors\/urun\/proopr-rising-rate-turbo-oil-pressure-regulator\/"},"modified":"2026-02-23T00:36:12","modified_gmt":"2026-02-22T21:36:12","slug":"proopr-rising-rate-turbo-oil-pressure-regulator","status":"publish","type":"product","link":"https:\/\/markasite.com.tr\/markamotors\/urun\/proopr-rising-rate-turbo-oil-pressure-regulator\/","title":{"rendered":"<div class=\"product-loop-meta\"><div class=\"loop-cat\">Turbo Ya\u011f Reg\u00fclat\u00f6r\u00fc (Restrikt\u00f6r)<\/div><div class=\"brand\"><img alt=\"TURBOSMART\" src=\"https:\/\/markasite.com.tr\/markamotors\/wp-content\/uploads\/TURBOSMART.jpg\"><\/div><\/div><div class=\"list-pro-title\">Proopr Rising Rate Turbo Oil Pressure Regulator<\/div>"},"content":{"rendered":"<p>Turbosmart ProOPR, turbo\u015farj\u0131n\u0131z i\u00e7in artan oranl\u0131 bir ya\u011f bas\u0131n\u00e7 reg\u00fclat\u00f6r\u00fcd\u00fcr. ProOPR, yak\u0131t bas\u0131n\u00e7 reg\u00fclat\u00f6r\u00fcn\u00fcze benzer \u015fekilde, bas\u0131n\u00e7 art\u0131\u015f\u0131na g\u00f6re \u00e7al\u0131\u015f\u0131r ve d\u00fc\u015f\u00fck bas\u0131n\u00e7 art\u0131\u015flar\u0131nda daha d\u00fc\u015f\u00fck ya\u011f bas\u0131nc\u0131na izin verirken, y\u00fcksek bas\u0131n\u00e7 art\u0131\u015flar\u0131nda yatak sistemine ya\u011f besleme bas\u0131nc\u0131n\u0131 art\u0131r\u0131r. Bu, y\u00fcksek bas\u0131n\u00e7 art\u0131\u015flar\u0131nda, y\u00fcksek \u015faft h\u0131z\u0131nda ve y\u00fcksek beygir g\u00fcc\u00fc seviyelerinde ek bas\u0131n\u00e7 ve g\u00fcvenin gerekli oldu\u011fu b\u00fcy\u00fck turbo\u015farj sistemleri ve y\u00fcksek bas\u0131n\u00e7 art\u0131\u015flar\u0131 i\u00e7in tasarlanm\u0131\u015ft\u0131r.<\/p>\n<p>Tek \u00e7\u0131k\u0131\u015fl\u0131 tasar\u0131m, tek turbo\u015farj sisteminize basit bir tesisat ve ba\u011flant\u0131 imkan\u0131 sa\u011flar ve geri d\u00f6n\u00fc\u015fs\u00fcz, s\u0131ral\u0131 bir tasar\u0131m olmas\u0131na ra\u011fmen, bas\u0131n\u00e7 fark\u0131 olu\u015fturmak i\u00e7in bir takviye referans\u0131 kullan\u0131r. Bu bas\u0131n\u00e7 fark\u0131, turbo\u015farj\u0131n\u0131z\u0131n ya\u011f emmesini \u00f6nlemek i\u00e7in d\u00fc\u015f\u00fck ve s\u0131f\u0131r takviye bas\u0131nc\u0131nda uygun yatak bas\u0131nc\u0131n\u0131 hedeflerken, ayn\u0131 zamanda daha y\u00fcksek takviye seviyelerinde art\u0131r\u0131lm\u0131\u015f ya\u011f bas\u0131nc\u0131 sa\u011flayarak daha fazla koruma ve g\u00fcven sunar.<\/p>\n<p>Mevcut<br \/>\nSabit, referanss\u0131z: Turbosmart OPR V2<br \/>\nY\u00fckselen Oran, Tek \u00c7\u0131k\u0131\u015fl\u0131 Pro OPR<\/p>\n<p>\u00d6zellikler:<br \/>\nAl\u00fcminyum (6262 T6) eloksall\u0131 g\u00f6vde ve valf,<br \/>\n1 x \u215b NPT sens\u00f6r\/\u00f6l\u00e7\u00fcm portu,<br \/>\n1 x \u215b NPT bas\u0131n\u00e7 referans portu,<br \/>\n1 x 4AN Giri\u015f,<br \/>\n1 x 4AN \u00c7\u0131k\u0131\u015f<br \/>\n, S\u0131ral\u0131, geri d\u00f6n\u00fc\u015fs\u00fcz tasar\u0131m,<br \/>\nT\u00fcm motor ya\u011flar\u0131 i\u00e7in uygundur,<br \/>\nAvustralya&#8217;da tasarlanm\u0131\u015f ve \u00fcretilmi\u015ftir,<br \/>\nPatent ba\u015fvurusu yap\u0131lm\u0131\u015ft\u0131r, Tescilsiz tasar\u0131m.<\/p>\n<p>Not: Bu \u00e7\u00f6z\u00fcm, b\u00fcy\u00fck turbo\u015farj sistemleri ve y\u00fcksek bas\u0131n\u00e7 seviyeleri i\u00e7in tasarlanm\u0131\u015ft\u0131r; bu t\u00fcr sistemler, b\u00fcy\u00fck \u00e7er\u00e7eveli turbo\u015farjlar ve y\u00fcksek bas\u0131n\u00e7 seviyelerinin kullan\u0131ld\u0131\u011f\u0131 Pro-Mod ve benzeri motor sporlar\u0131 dallar\u0131nda bulunur.<\/p>\n","protected":false},"excerpt":{"rendered":"<p>Turbosmart ProOPR, turbo\u015farj\u0131n\u0131z i\u00e7in artan oranl\u0131 bir ya\u011f bas\u0131n\u00e7 reg\u00fclat\u00f6r\u00fcd\u00fcr. ProOPR, yak\u0131t bas\u0131n\u00e7 reg\u00fclat\u00f6r\u00fcn\u00fcze benzer \u015fekilde, bas\u0131n\u00e7 art\u0131\u015f\u0131na g\u00f6re \u00e7al\u0131\u015f\u0131r ve d\u00fc\u015f\u00fck bas\u0131n\u00e7 art\u0131\u015flar\u0131nda daha d\u00fc\u015f\u00fck ya\u011f bas\u0131nc\u0131na izin verirken, y\u00fcksek bas\u0131n\u00e7 art\u0131\u015flar\u0131nda yatak sistemine ya\u011f besleme bas\u0131nc\u0131n\u0131 art\u0131r\u0131r. Bu, y\u00fcksek bas\u0131n\u00e7 art\u0131\u015flar\u0131nda, y\u00fcksek \u015faft h\u0131z\u0131nda ve y\u00fcksek beygir g\u00fcc\u00fc seviyelerinde ek bas\u0131n\u00e7 ve g\u00fcvenin<\/p>\n","protected":false},"featured_media":6778,"template":"","meta":{"_acf_changed":false},"product_brand":[337],"product_cat":[67],"product_tag":[],"class_list":{"0":"post-6967","1":"product","2":"type-product","3":"status-publish","4":"has-post-thumbnail","6":"product_brand-turbosmart","7":"product_cat-turbo-yag-regulatoru-restriktor","9":"first","10":"outofstock","11":"taxable","12":"shipping-taxable","13":"purchasable","14":"product-type-simple"},"acf":[],"yoast_head":"<!-- This site is optimized with the Yoast SEO plugin v27.3 - https:\/\/yoast.com\/product\/yoast-seo-wordpress\/ -->\n<title>ProOPR Rising Rate Turbo Oil Pressure Regulator - Marka Motors<\/title>\n<meta name=\"robots\" content=\"index, follow, max-snippet:-1, max-image-preview:large, max-video-preview:-1\" \/>\n<link rel=\"canonical\" href=\"https:\/\/markasite.com.tr\/markamotors\/urun\/proopr-rising-rate-turbo-oil-pressure-regulator\/\" \/>\n<meta property=\"og:locale\" content=\"tr_TR\" \/>\n<meta property=\"og:type\" content=\"article\" \/>\n<meta property=\"og:title\" content=\"ProOPR Rising Rate Turbo Oil Pressure Regulator - Marka Motors\" \/>\n<meta property=\"og:description\" content=\"Turbosmart ProOPR, turbo\u015farj\u0131n\u0131z i\u00e7in artan oranl\u0131 bir ya\u011f bas\u0131n\u00e7 reg\u00fclat\u00f6r\u00fcd\u00fcr. ProOPR, yak\u0131t bas\u0131n\u00e7 reg\u00fclat\u00f6r\u00fcn\u00fcze benzer \u015fekilde, bas\u0131n\u00e7 art\u0131\u015f\u0131na g\u00f6re \u00e7al\u0131\u015f\u0131r ve d\u00fc\u015f\u00fck bas\u0131n\u00e7 art\u0131\u015flar\u0131nda daha d\u00fc\u015f\u00fck ya\u011f bas\u0131nc\u0131na izin verirken, y\u00fcksek bas\u0131n\u00e7 art\u0131\u015flar\u0131nda yatak sistemine ya\u011f besleme bas\u0131nc\u0131n\u0131 art\u0131r\u0131r. Bu, y\u00fcksek bas\u0131n\u00e7 art\u0131\u015flar\u0131nda, y\u00fcksek \u015faft h\u0131z\u0131nda ve y\u00fcksek beygir g\u00fcc\u00fc seviyelerinde ek bas\u0131n\u00e7 ve g\u00fcvenin\" \/>\n<meta property=\"og:url\" content=\"https:\/\/markasite.com.tr\/markamotors\/urun\/proopr-rising-rate-turbo-oil-pressure-regulator\/\" \/>\n<meta property=\"og:site_name\" content=\"Marka Motors\" \/>\n<meta property=\"article:publisher\" content=\"https:\/\/www.facebook.com\/?locale=tr_TR\" \/>\n<meta property=\"og:image\" content=\"https:\/\/markasite.com.tr\/markamotors\/wp-content\/uploads\/TS-0801-1012.jpg\" \/>\n\t<meta property=\"og:image:width\" content=\"600\" \/>\n\t<meta property=\"og:image:height\" content=\"450\" \/>\n\t<meta property=\"og:image:type\" content=\"image\/jpeg\" \/>\n<meta name=\"twitter:card\" content=\"summary_large_image\" \/>\n<meta name=\"twitter:label1\" content=\"Tahmini okuma s\u00fcresi\" \/>\n\t<meta name=\"twitter:data1\" content=\"2 dakika\" \/>\n<script type=\"application\/ld+json\" class=\"yoast-schema-graph\">{\"@context\":\"https:\\\/\\\/schema.org\",\"@graph\":[{\"@type\":\"WebPage\",\"@id\":\"https:\\\/\\\/markasite.com.tr\\\/markamotors\\\/urun\\\/proopr-rising-rate-turbo-oil-pressure-regulator\\\/\",\"url\":\"https:\\\/\\\/markasite.com.tr\\\/markamotors\\\/urun\\\/proopr-rising-rate-turbo-oil-pressure-regulator\\\/\",\"name\":\"ProOPR Rising Rate Turbo Oil Pressure Regulator - Marka Motors\",\"isPartOf\":{\"@id\":\"https:\\\/\\\/markasite.com.tr\\\/markamotors\\\/#website\"},\"primaryImageOfPage\":{\"@id\":\"https:\\\/\\\/markasite.com.tr\\\/markamotors\\\/urun\\\/proopr-rising-rate-turbo-oil-pressure-regulator\\\/#primaryimage\"},\"image\":{\"@id\":\"https:\\\/\\\/markasite.com.tr\\\/markamotors\\\/urun\\\/proopr-rising-rate-turbo-oil-pressure-regulator\\\/#primaryimage\"},\"thumbnailUrl\":\"https:\\\/\\\/markasite.com.tr\\\/markamotors\\\/wp-content\\\/uploads\\\/TS-0801-1012.jpg\",\"datePublished\":\"2026-02-22T21:36:12+00:00\",\"breadcrumb\":{\"@id\":\"https:\\\/\\\/markasite.com.tr\\\/markamotors\\\/urun\\\/proopr-rising-rate-turbo-oil-pressure-regulator\\\/#breadcrumb\"},\"inLanguage\":\"tr\",\"potentialAction\":[{\"@type\":\"ReadAction\",\"target\":[\"https:\\\/\\\/markasite.com.tr\\\/markamotors\\\/urun\\\/proopr-rising-rate-turbo-oil-pressure-regulator\\\/\"]}]},{\"@type\":\"ImageObject\",\"inLanguage\":\"tr\",\"@id\":\"https:\\\/\\\/markasite.com.tr\\\/markamotors\\\/urun\\\/proopr-rising-rate-turbo-oil-pressure-regulator\\\/#primaryimage\",\"url\":\"https:\\\/\\\/markasite.com.tr\\\/markamotors\\\/wp-content\\\/uploads\\\/TS-0801-1012.jpg\",\"contentUrl\":\"https:\\\/\\\/markasite.com.tr\\\/markamotors\\\/wp-content\\\/uploads\\\/TS-0801-1012.jpg\",\"width\":600,\"height\":450},{\"@type\":\"BreadcrumbList\",\"@id\":\"https:\\\/\\\/markasite.com.tr\\\/markamotors\\\/urun\\\/proopr-rising-rate-turbo-oil-pressure-regulator\\\/#breadcrumb\",\"itemListElement\":[{\"@type\":\"ListItem\",\"position\":1,\"name\":\"Anasayfa\",\"item\":\"https:\\\/\\\/markasite.com.tr\\\/markamotors\\\/\"},{\"@type\":\"ListItem\",\"position\":2,\"name\":\"Proopr Rising Rate Turbo Oil Pressure Regulator\"}]},{\"@type\":\"WebSite\",\"@id\":\"https:\\\/\\\/markasite.com.tr\\\/markamotors\\\/#website\",\"url\":\"https:\\\/\\\/markasite.com.tr\\\/markamotors\\\/\",\"name\":\"Marka Motors\",\"description\":\"\",\"publisher\":{\"@id\":\"https:\\\/\\\/markasite.com.tr\\\/markamotors\\\/#organization\"},\"potentialAction\":[{\"@type\":\"SearchAction\",\"target\":{\"@type\":\"EntryPoint\",\"urlTemplate\":\"https:\\\/\\\/markasite.com.tr\\\/markamotors\\\/?s={search_term_string}\"},\"query-input\":{\"@type\":\"PropertyValueSpecification\",\"valueRequired\":true,\"valueName\":\"search_term_string\"}}],\"inLanguage\":\"tr\"},{\"@type\":\"Organization\",\"@id\":\"https:\\\/\\\/markasite.com.tr\\\/markamotors\\\/#organization\",\"name\":\"Marka Motors\",\"url\":\"https:\\\/\\\/markasite.com.tr\\\/markamotors\\\/\",\"logo\":{\"@type\":\"ImageObject\",\"inLanguage\":\"tr\",\"@id\":\"https:\\\/\\\/markasite.com.tr\\\/markamotors\\\/#\\\/schema\\\/logo\\\/image\\\/\",\"url\":\"https:\\\/\\\/markasite.com.tr\\\/markamotors\\\/wp-content\\\/uploads\\\/footerMarkaMotors.png\",\"contentUrl\":\"https:\\\/\\\/markasite.com.tr\\\/markamotors\\\/wp-content\\\/uploads\\\/footerMarkaMotors.png\",\"width\":215,\"height\":58,\"caption\":\"Marka Motors\"},\"image\":{\"@id\":\"https:\\\/\\\/markasite.com.tr\\\/markamotors\\\/#\\\/schema\\\/logo\\\/image\\\/\"},\"sameAs\":[\"https:\\\/\\\/www.facebook.com\\\/?locale=tr_TR\"]}]}<\/script>\n<!-- \/ Yoast SEO plugin. -->","yoast_head_json":{"title":"ProOPR Rising Rate Turbo Oil Pressure Regulator - Marka Motors","robots":{"index":"index","follow":"follow","max-snippet":"max-snippet:-1","max-image-preview":"max-image-preview:large","max-video-preview":"max-video-preview:-1"},"canonical":"https:\/\/markasite.com.tr\/markamotors\/urun\/proopr-rising-rate-turbo-oil-pressure-regulator\/","og_locale":"tr_TR","og_type":"article","og_title":"ProOPR Rising Rate Turbo Oil Pressure Regulator - Marka Motors","og_description":"Turbosmart ProOPR, turbo\u015farj\u0131n\u0131z i\u00e7in artan oranl\u0131 bir ya\u011f bas\u0131n\u00e7 reg\u00fclat\u00f6r\u00fcd\u00fcr. ProOPR, yak\u0131t bas\u0131n\u00e7 reg\u00fclat\u00f6r\u00fcn\u00fcze benzer \u015fekilde, bas\u0131n\u00e7 art\u0131\u015f\u0131na g\u00f6re \u00e7al\u0131\u015f\u0131r ve d\u00fc\u015f\u00fck bas\u0131n\u00e7 art\u0131\u015flar\u0131nda daha d\u00fc\u015f\u00fck ya\u011f bas\u0131nc\u0131na izin verirken, y\u00fcksek bas\u0131n\u00e7 art\u0131\u015flar\u0131nda yatak sistemine ya\u011f besleme bas\u0131nc\u0131n\u0131 art\u0131r\u0131r. Bu, y\u00fcksek bas\u0131n\u00e7 art\u0131\u015flar\u0131nda, y\u00fcksek \u015faft h\u0131z\u0131nda ve y\u00fcksek beygir g\u00fcc\u00fc seviyelerinde ek bas\u0131n\u00e7 ve g\u00fcvenin","og_url":"https:\/\/markasite.com.tr\/markamotors\/urun\/proopr-rising-rate-turbo-oil-pressure-regulator\/","og_site_name":"Marka Motors","article_publisher":"https:\/\/www.facebook.com\/?locale=tr_TR","og_image":[{"width":600,"height":450,"url":"https:\/\/markasite.com.tr\/markamotors\/wp-content\/uploads\/TS-0801-1012.jpg","type":"image\/jpeg"}],"twitter_card":"summary_large_image","twitter_misc":{"Tahmini okuma s\u00fcresi":"2 dakika"},"schema":{"@context":"https:\/\/schema.org","@graph":[{"@type":"WebPage","@id":"https:\/\/markasite.com.tr\/markamotors\/urun\/proopr-rising-rate-turbo-oil-pressure-regulator\/","url":"https:\/\/markasite.com.tr\/markamotors\/urun\/proopr-rising-rate-turbo-oil-pressure-regulator\/","name":"ProOPR Rising Rate Turbo Oil Pressure Regulator - Marka Motors","isPartOf":{"@id":"https:\/\/markasite.com.tr\/markamotors\/#website"},"primaryImageOfPage":{"@id":"https:\/\/markasite.com.tr\/markamotors\/urun\/proopr-rising-rate-turbo-oil-pressure-regulator\/#primaryimage"},"image":{"@id":"https:\/\/markasite.com.tr\/markamotors\/urun\/proopr-rising-rate-turbo-oil-pressure-regulator\/#primaryimage"},"thumbnailUrl":"https:\/\/markasite.com.tr\/markamotors\/wp-content\/uploads\/TS-0801-1012.jpg","datePublished":"2026-02-22T21:36:12+00:00","breadcrumb":{"@id":"https:\/\/markasite.com.tr\/markamotors\/urun\/proopr-rising-rate-turbo-oil-pressure-regulator\/#breadcrumb"},"inLanguage":"tr","potentialAction":[{"@type":"ReadAction","target":["https:\/\/markasite.com.tr\/markamotors\/urun\/proopr-rising-rate-turbo-oil-pressure-regulator\/"]}]},{"@type":"ImageObject","inLanguage":"tr","@id":"https:\/\/markasite.com.tr\/markamotors\/urun\/proopr-rising-rate-turbo-oil-pressure-regulator\/#primaryimage","url":"https:\/\/markasite.com.tr\/markamotors\/wp-content\/uploads\/TS-0801-1012.jpg","contentUrl":"https:\/\/markasite.com.tr\/markamotors\/wp-content\/uploads\/TS-0801-1012.jpg","width":600,"height":450},{"@type":"BreadcrumbList","@id":"https:\/\/markasite.com.tr\/markamotors\/urun\/proopr-rising-rate-turbo-oil-pressure-regulator\/#breadcrumb","itemListElement":[{"@type":"ListItem","position":1,"name":"Anasayfa","item":"https:\/\/markasite.com.tr\/markamotors\/"},{"@type":"ListItem","position":2,"name":"Proopr Rising Rate Turbo Oil Pressure Regulator"}]},{"@type":"WebSite","@id":"https:\/\/markasite.com.tr\/markamotors\/#website","url":"https:\/\/markasite.com.tr\/markamotors\/","name":"Marka Motors","description":"","publisher":{"@id":"https:\/\/markasite.com.tr\/markamotors\/#organization"},"potentialAction":[{"@type":"SearchAction","target":{"@type":"EntryPoint","urlTemplate":"https:\/\/markasite.com.tr\/markamotors\/?s={search_term_string}"},"query-input":{"@type":"PropertyValueSpecification","valueRequired":true,"valueName":"search_term_string"}}],"inLanguage":"tr"},{"@type":"Organization","@id":"https:\/\/markasite.com.tr\/markamotors\/#organization","name":"Marka Motors","url":"https:\/\/markasite.com.tr\/markamotors\/","logo":{"@type":"ImageObject","inLanguage":"tr","@id":"https:\/\/markasite.com.tr\/markamotors\/#\/schema\/logo\/image\/","url":"https:\/\/markasite.com.tr\/markamotors\/wp-content\/uploads\/footerMarkaMotors.png","contentUrl":"https:\/\/markasite.com.tr\/markamotors\/wp-content\/uploads\/footerMarkaMotors.png","width":215,"height":58,"caption":"Marka Motors"},"image":{"@id":"https:\/\/markasite.com.tr\/markamotors\/#\/schema\/logo\/image\/"},"sameAs":["https:\/\/www.facebook.com\/?locale=tr_TR"]}]}},"_links":{"self":[{"href":"https:\/\/markasite.com.tr\/markamotors\/wp-json\/wp\/v2\/product\/6967","targetHints":{"allow":["GET"]}}],"collection":[{"href":"https:\/\/markasite.com.tr\/markamotors\/wp-json\/wp\/v2\/product"}],"about":[{"href":"https:\/\/markasite.com.tr\/markamotors\/wp-json\/wp\/v2\/types\/product"}],"wp:featuredmedia":[{"embeddable":true,"href":"https:\/\/markasite.com.tr\/markamotors\/wp-json\/wp\/v2\/media\/6778"}],"wp:attachment":[{"href":"https:\/\/markasite.com.tr\/markamotors\/wp-json\/wp\/v2\/media?parent=6967"}],"wp:term":[{"taxonomy":"product_brand","embeddable":true,"href":"https:\/\/markasite.com.tr\/markamotors\/wp-json\/wp\/v2\/product_brand?post=6967"},{"taxonomy":"product_cat","embeddable":true,"href":"https:\/\/markasite.com.tr\/markamotors\/wp-json\/wp\/v2\/product_cat?post=6967"},{"taxonomy":"product_tag","embeddable":true,"href":"https:\/\/markasite.com.tr\/markamotors\/wp-json\/wp\/v2\/product_tag?post=6967"}],"curies":[{"name":"wp","href":"https:\/\/api.w.org\/{rel}","templated":true}]}}