{"id":6959,"date":"2026-02-23T00:36:09","date_gmt":"2026-02-22T21:36:09","guid":{"rendered":"https:\/\/markasite.com.tr\/markamotors\/urun\/locksleeve-turbo-adapter-compressor-outlet-2-50-to-90-elbow-vibrant-2-50\/"},"modified":"2026-02-23T00:36:09","modified_gmt":"2026-02-22T21:36:09","slug":"locksleeve-turbo-adapter-compressor-outlet-2-50-to-90-elbow-vibrant-2-50","status":"publish","type":"product","link":"https:\/\/markasite.com.tr\/markamotors\/urun\/locksleeve-turbo-adapter-compressor-outlet-2-50-to-90-elbow-vibrant-2-50\/","title":{"rendered":"<div class=\"product-loop-meta\"><div class=\"loop-cat\">Turbosmart Turbo<\/div><div class=\"brand\"><img alt=\"TURBOSMART\" src=\"https:\/\/markasite.com.tr\/markamotors\/wp-content\/uploads\/TURBOSMART.jpg\"><\/div><\/div><div class=\"list-pro-title\">Locksleeve Turbo Adapter Compressor Outlet 2.50&#8243; To 90 Elbow Vibrant 2.50&#8243;<\/div>"},"content":{"rendered":"<p>Turbosmart&#8217;\u0131n LockSleeve \u00fcr\u00fcn\u00fc, Turbosmart turbo\u015farjlar\u0131n\u0131 Vibrant HD kelep\u00e7elerine veya Plazmaman kelep\u00e7elerine uyarlamak i\u00e7in tasarlanm\u0131\u015f, kaynak gerektirmeyen, y\u00fcksek performansl\u0131 kompres\u00f6r \u00e7\u0131k\u0131\u015f ba\u011flant\u0131 par\u00e7as\u0131d\u0131r ve TIG kaynak torcu gerektirmeden profesyonel sonu\u00e7lar sunar.<\/p>\n<p>Hem B hem de C tipi Turbosmart turbo\u015farj kompres\u00f6r kapaklar\u0131na uygun olan LockSleeve, hassas i\u015flenmi\u015f vidal\u0131 ba\u011flant\u0131 par\u00e7as\u0131 kullanarak kompres\u00f6r kapa\u011f\u0131 ile \u00e7\u0131k\u0131\u015f flan\u015f\u0131 aras\u0131nda mekanik olarak kilitlenmi\u015f bir O-ring contas\u0131 olu\u015fturarak TIG kayna\u011f\u0131 ihtiyac\u0131n\u0131 ortadan kald\u0131r\u0131r. Yakan\u0131n iki yar\u0131s\u0131 birbirine torkland\u0131\u011f\u0131nda, LockSleeve, kompres\u00f6r kapa\u011f\u0131 ile man\u015fon aras\u0131nda y\u00fcksek bas\u0131n\u00e7l\u0131 bir s\u0131zd\u0131rmazl\u0131k olu\u015fturan i\u00e7 O-ring ile temas eder. O-ring hava ge\u00e7irmez bir b\u00fct\u00fcnl\u00fck sa\u011flarken, d\u0131\u015f man\u015fon mekanik tutunma sa\u011flar; b\u00f6ylece kaynakl\u0131 bir ba\u011flant\u0131n\u0131n g\u00fcvenilirli\u011fi ile mekanik bir ba\u011flant\u0131n\u0131n servis kolayl\u0131\u011f\u0131 bir araya gelir.<\/p>\n<p>Sonu\u00e7 olarak, kaynakl\u0131 bir y\u00fcks\u00fck gibi performans g\u00f6steren, dayan\u0131kl\u0131 ve y\u00fcksek b\u00fct\u00fcnl\u00fc\u011fe sahip bir ba\u011flant\u0131 elde edilir; kurulumu dakikalar i\u00e7inde tamamlan\u0131r, pistte bak\u0131m\u0131 yap\u0131labilir ve kurulum ve s\u00f6kme i\u00e7in yaln\u0131zca temel el aletleri gerektirir. Turbosmart LockSleeve ger\u00e7ekten kazanmak i\u00e7in tasarlanm\u0131\u015ft\u0131r.<\/p>\n","protected":false},"excerpt":{"rendered":"<p>Turbosmart&#8217;\u0131n LockSleeve \u00fcr\u00fcn\u00fc, Turbosmart turbo\u015farjlar\u0131n\u0131 Vibrant HD kelep\u00e7elerine veya Plazmaman kelep\u00e7elerine uyarlamak i\u00e7in tasarlanm\u0131\u015f, kaynak gerektirmeyen, y\u00fcksek performansl\u0131 kompres\u00f6r \u00e7\u0131k\u0131\u015f ba\u011flant\u0131 par\u00e7as\u0131d\u0131r ve TIG kaynak torcu gerektirmeden profesyonel sonu\u00e7lar sunar. Hem B hem de C tipi Turbosmart turbo\u015farj kompres\u00f6r kapaklar\u0131na uygun olan LockSleeve, hassas i\u015flenmi\u015f vidal\u0131 ba\u011flant\u0131 par\u00e7as\u0131 kullanarak kompres\u00f6r kapa\u011f\u0131 ile \u00e7\u0131k\u0131\u015f flan\u015f\u0131 aras\u0131nda<\/p>\n","protected":false},"featured_media":6786,"template":"","meta":{"_acf_changed":false},"product_brand":[337],"product_cat":[59],"product_tag":[],"class_list":{"0":"post-6959","1":"product","2":"type-product","3":"status-publish","4":"has-post-thumbnail","6":"product_brand-turbosmart","7":"product_cat-turbosmart-turbo","9":"first","10":"outofstock","11":"taxable","12":"shipping-taxable","13":"purchasable","14":"product-type-simple"},"acf":[],"yoast_head":"<!-- This site is optimized with the Yoast SEO plugin v27.3 - https:\/\/yoast.com\/product\/yoast-seo-wordpress\/ -->\n<title>LockSleeve Turbo Adapter Compressor Outlet 2.50&quot; to 90 Elbow Vibrant 2.50&quot; - Marka Motors<\/title>\n<meta name=\"robots\" content=\"index, follow, max-snippet:-1, max-image-preview:large, max-video-preview:-1\" \/>\n<link rel=\"canonical\" href=\"https:\/\/markasite.com.tr\/markamotors\/urun\/locksleeve-turbo-adapter-compressor-outlet-2-50-to-90-elbow-vibrant-2-50\/\" \/>\n<meta property=\"og:locale\" content=\"tr_TR\" \/>\n<meta property=\"og:type\" content=\"article\" \/>\n<meta property=\"og:title\" content=\"LockSleeve Turbo Adapter Compressor Outlet 2.50&quot; to 90 Elbow Vibrant 2.50&quot; - Marka Motors\" \/>\n<meta property=\"og:description\" content=\"Turbosmart&#8217;\u0131n LockSleeve \u00fcr\u00fcn\u00fc, Turbosmart turbo\u015farjlar\u0131n\u0131 Vibrant HD kelep\u00e7elerine veya Plazmaman kelep\u00e7elerine uyarlamak i\u00e7in tasarlanm\u0131\u015f, kaynak gerektirmeyen, y\u00fcksek performansl\u0131 kompres\u00f6r \u00e7\u0131k\u0131\u015f ba\u011flant\u0131 par\u00e7as\u0131d\u0131r ve TIG kaynak torcu gerektirmeden profesyonel sonu\u00e7lar sunar. Hem B hem de C tipi Turbosmart turbo\u015farj kompres\u00f6r kapaklar\u0131na uygun olan LockSleeve, hassas i\u015flenmi\u015f vidal\u0131 ba\u011flant\u0131 par\u00e7as\u0131 kullanarak kompres\u00f6r kapa\u011f\u0131 ile \u00e7\u0131k\u0131\u015f flan\u015f\u0131 aras\u0131nda\" \/>\n<meta property=\"og:url\" content=\"https:\/\/markasite.com.tr\/markamotors\/urun\/locksleeve-turbo-adapter-compressor-outlet-2-50-to-90-elbow-vibrant-2-50\/\" \/>\n<meta property=\"og:site_name\" content=\"Marka Motors\" \/>\n<meta property=\"article:publisher\" content=\"https:\/\/www.facebook.com\/?locale=tr_TR\" \/>\n<meta property=\"og:image\" content=\"https:\/\/markasite.com.tr\/markamotors\/wp-content\/uploads\/TS-199-3019.jpg\" \/>\n\t<meta property=\"og:image:width\" content=\"600\" \/>\n\t<meta property=\"og:image:height\" content=\"450\" \/>\n\t<meta property=\"og:image:type\" content=\"image\/jpeg\" \/>\n<meta name=\"twitter:card\" content=\"summary_large_image\" \/>\n<meta name=\"twitter:label1\" content=\"Tahmini okuma s\u00fcresi\" \/>\n\t<meta name=\"twitter:data1\" content=\"1 dakika\" \/>\n<script type=\"application\/ld+json\" class=\"yoast-schema-graph\">{\"@context\":\"https:\\\/\\\/schema.org\",\"@graph\":[{\"@type\":\"WebPage\",\"@id\":\"https:\\\/\\\/markasite.com.tr\\\/markamotors\\\/urun\\\/locksleeve-turbo-adapter-compressor-outlet-2-50-to-90-elbow-vibrant-2-50\\\/\",\"url\":\"https:\\\/\\\/markasite.com.tr\\\/markamotors\\\/urun\\\/locksleeve-turbo-adapter-compressor-outlet-2-50-to-90-elbow-vibrant-2-50\\\/\",\"name\":\"LockSleeve Turbo Adapter Compressor Outlet 2.50\\\" to 90 Elbow Vibrant 2.50\\\" - Marka Motors\",\"isPartOf\":{\"@id\":\"https:\\\/\\\/markasite.com.tr\\\/markamotors\\\/#website\"},\"primaryImageOfPage\":{\"@id\":\"https:\\\/\\\/markasite.com.tr\\\/markamotors\\\/urun\\\/locksleeve-turbo-adapter-compressor-outlet-2-50-to-90-elbow-vibrant-2-50\\\/#primaryimage\"},\"image\":{\"@id\":\"https:\\\/\\\/markasite.com.tr\\\/markamotors\\\/urun\\\/locksleeve-turbo-adapter-compressor-outlet-2-50-to-90-elbow-vibrant-2-50\\\/#primaryimage\"},\"thumbnailUrl\":\"https:\\\/\\\/markasite.com.tr\\\/markamotors\\\/wp-content\\\/uploads\\\/TS-199-3019.jpg\",\"datePublished\":\"2026-02-22T21:36:09+00:00\",\"breadcrumb\":{\"@id\":\"https:\\\/\\\/markasite.com.tr\\\/markamotors\\\/urun\\\/locksleeve-turbo-adapter-compressor-outlet-2-50-to-90-elbow-vibrant-2-50\\\/#breadcrumb\"},\"inLanguage\":\"tr\",\"potentialAction\":[{\"@type\":\"ReadAction\",\"target\":[\"https:\\\/\\\/markasite.com.tr\\\/markamotors\\\/urun\\\/locksleeve-turbo-adapter-compressor-outlet-2-50-to-90-elbow-vibrant-2-50\\\/\"]}]},{\"@type\":\"ImageObject\",\"inLanguage\":\"tr\",\"@id\":\"https:\\\/\\\/markasite.com.tr\\\/markamotors\\\/urun\\\/locksleeve-turbo-adapter-compressor-outlet-2-50-to-90-elbow-vibrant-2-50\\\/#primaryimage\",\"url\":\"https:\\\/\\\/markasite.com.tr\\\/markamotors\\\/wp-content\\\/uploads\\\/TS-199-3019.jpg\",\"contentUrl\":\"https:\\\/\\\/markasite.com.tr\\\/markamotors\\\/wp-content\\\/uploads\\\/TS-199-3019.jpg\",\"width\":600,\"height\":450},{\"@type\":\"BreadcrumbList\",\"@id\":\"https:\\\/\\\/markasite.com.tr\\\/markamotors\\\/urun\\\/locksleeve-turbo-adapter-compressor-outlet-2-50-to-90-elbow-vibrant-2-50\\\/#breadcrumb\",\"itemListElement\":[{\"@type\":\"ListItem\",\"position\":1,\"name\":\"Anasayfa\",\"item\":\"https:\\\/\\\/markasite.com.tr\\\/markamotors\\\/\"},{\"@type\":\"ListItem\",\"position\":2,\"name\":\"Locksleeve Turbo Adapter Compressor Outlet 2.50&#8243; To 90 Elbow Vibrant 2.50&#8243;\"}]},{\"@type\":\"WebSite\",\"@id\":\"https:\\\/\\\/markasite.com.tr\\\/markamotors\\\/#website\",\"url\":\"https:\\\/\\\/markasite.com.tr\\\/markamotors\\\/\",\"name\":\"Marka Motors\",\"description\":\"\",\"publisher\":{\"@id\":\"https:\\\/\\\/markasite.com.tr\\\/markamotors\\\/#organization\"},\"potentialAction\":[{\"@type\":\"SearchAction\",\"target\":{\"@type\":\"EntryPoint\",\"urlTemplate\":\"https:\\\/\\\/markasite.com.tr\\\/markamotors\\\/?s={search_term_string}\"},\"query-input\":{\"@type\":\"PropertyValueSpecification\",\"valueRequired\":true,\"valueName\":\"search_term_string\"}}],\"inLanguage\":\"tr\"},{\"@type\":\"Organization\",\"@id\":\"https:\\\/\\\/markasite.com.tr\\\/markamotors\\\/#organization\",\"name\":\"Marka Motors\",\"url\":\"https:\\\/\\\/markasite.com.tr\\\/markamotors\\\/\",\"logo\":{\"@type\":\"ImageObject\",\"inLanguage\":\"tr\",\"@id\":\"https:\\\/\\\/markasite.com.tr\\\/markamotors\\\/#\\\/schema\\\/logo\\\/image\\\/\",\"url\":\"https:\\\/\\\/markasite.com.tr\\\/markamotors\\\/wp-content\\\/uploads\\\/footerMarkaMotors.png\",\"contentUrl\":\"https:\\\/\\\/markasite.com.tr\\\/markamotors\\\/wp-content\\\/uploads\\\/footerMarkaMotors.png\",\"width\":215,\"height\":58,\"caption\":\"Marka Motors\"},\"image\":{\"@id\":\"https:\\\/\\\/markasite.com.tr\\\/markamotors\\\/#\\\/schema\\\/logo\\\/image\\\/\"},\"sameAs\":[\"https:\\\/\\\/www.facebook.com\\\/?locale=tr_TR\"]}]}<\/script>\n<!-- \/ Yoast SEO plugin. -->","yoast_head_json":{"title":"LockSleeve Turbo Adapter Compressor Outlet 2.50\" to 90 Elbow Vibrant 2.50\" - Marka Motors","robots":{"index":"index","follow":"follow","max-snippet":"max-snippet:-1","max-image-preview":"max-image-preview:large","max-video-preview":"max-video-preview:-1"},"canonical":"https:\/\/markasite.com.tr\/markamotors\/urun\/locksleeve-turbo-adapter-compressor-outlet-2-50-to-90-elbow-vibrant-2-50\/","og_locale":"tr_TR","og_type":"article","og_title":"LockSleeve Turbo Adapter Compressor Outlet 2.50\" to 90 Elbow Vibrant 2.50\" - Marka Motors","og_description":"Turbosmart&#8217;\u0131n LockSleeve \u00fcr\u00fcn\u00fc, Turbosmart turbo\u015farjlar\u0131n\u0131 Vibrant HD kelep\u00e7elerine veya Plazmaman kelep\u00e7elerine uyarlamak i\u00e7in tasarlanm\u0131\u015f, kaynak gerektirmeyen, y\u00fcksek performansl\u0131 kompres\u00f6r \u00e7\u0131k\u0131\u015f ba\u011flant\u0131 par\u00e7as\u0131d\u0131r ve TIG kaynak torcu gerektirmeden profesyonel sonu\u00e7lar sunar. Hem B hem de C tipi Turbosmart turbo\u015farj kompres\u00f6r kapaklar\u0131na uygun olan LockSleeve, hassas i\u015flenmi\u015f vidal\u0131 ba\u011flant\u0131 par\u00e7as\u0131 kullanarak kompres\u00f6r kapa\u011f\u0131 ile \u00e7\u0131k\u0131\u015f flan\u015f\u0131 aras\u0131nda","og_url":"https:\/\/markasite.com.tr\/markamotors\/urun\/locksleeve-turbo-adapter-compressor-outlet-2-50-to-90-elbow-vibrant-2-50\/","og_site_name":"Marka Motors","article_publisher":"https:\/\/www.facebook.com\/?locale=tr_TR","og_image":[{"width":600,"height":450,"url":"https:\/\/markasite.com.tr\/markamotors\/wp-content\/uploads\/TS-199-3019.jpg","type":"image\/jpeg"}],"twitter_card":"summary_large_image","twitter_misc":{"Tahmini okuma s\u00fcresi":"1 dakika"},"schema":{"@context":"https:\/\/schema.org","@graph":[{"@type":"WebPage","@id":"https:\/\/markasite.com.tr\/markamotors\/urun\/locksleeve-turbo-adapter-compressor-outlet-2-50-to-90-elbow-vibrant-2-50\/","url":"https:\/\/markasite.com.tr\/markamotors\/urun\/locksleeve-turbo-adapter-compressor-outlet-2-50-to-90-elbow-vibrant-2-50\/","name":"LockSleeve Turbo Adapter Compressor Outlet 2.50\" to 90 Elbow Vibrant 2.50\" - Marka Motors","isPartOf":{"@id":"https:\/\/markasite.com.tr\/markamotors\/#website"},"primaryImageOfPage":{"@id":"https:\/\/markasite.com.tr\/markamotors\/urun\/locksleeve-turbo-adapter-compressor-outlet-2-50-to-90-elbow-vibrant-2-50\/#primaryimage"},"image":{"@id":"https:\/\/markasite.com.tr\/markamotors\/urun\/locksleeve-turbo-adapter-compressor-outlet-2-50-to-90-elbow-vibrant-2-50\/#primaryimage"},"thumbnailUrl":"https:\/\/markasite.com.tr\/markamotors\/wp-content\/uploads\/TS-199-3019.jpg","datePublished":"2026-02-22T21:36:09+00:00","breadcrumb":{"@id":"https:\/\/markasite.com.tr\/markamotors\/urun\/locksleeve-turbo-adapter-compressor-outlet-2-50-to-90-elbow-vibrant-2-50\/#breadcrumb"},"inLanguage":"tr","potentialAction":[{"@type":"ReadAction","target":["https:\/\/markasite.com.tr\/markamotors\/urun\/locksleeve-turbo-adapter-compressor-outlet-2-50-to-90-elbow-vibrant-2-50\/"]}]},{"@type":"ImageObject","inLanguage":"tr","@id":"https:\/\/markasite.com.tr\/markamotors\/urun\/locksleeve-turbo-adapter-compressor-outlet-2-50-to-90-elbow-vibrant-2-50\/#primaryimage","url":"https:\/\/markasite.com.tr\/markamotors\/wp-content\/uploads\/TS-199-3019.jpg","contentUrl":"https:\/\/markasite.com.tr\/markamotors\/wp-content\/uploads\/TS-199-3019.jpg","width":600,"height":450},{"@type":"BreadcrumbList","@id":"https:\/\/markasite.com.tr\/markamotors\/urun\/locksleeve-turbo-adapter-compressor-outlet-2-50-to-90-elbow-vibrant-2-50\/#breadcrumb","itemListElement":[{"@type":"ListItem","position":1,"name":"Anasayfa","item":"https:\/\/markasite.com.tr\/markamotors\/"},{"@type":"ListItem","position":2,"name":"Locksleeve Turbo Adapter Compressor Outlet 2.50&#8243; To 90 Elbow Vibrant 2.50&#8243;"}]},{"@type":"WebSite","@id":"https:\/\/markasite.com.tr\/markamotors\/#website","url":"https:\/\/markasite.com.tr\/markamotors\/","name":"Marka Motors","description":"","publisher":{"@id":"https:\/\/markasite.com.tr\/markamotors\/#organization"},"potentialAction":[{"@type":"SearchAction","target":{"@type":"EntryPoint","urlTemplate":"https:\/\/markasite.com.tr\/markamotors\/?s={search_term_string}"},"query-input":{"@type":"PropertyValueSpecification","valueRequired":true,"valueName":"search_term_string"}}],"inLanguage":"tr"},{"@type":"Organization","@id":"https:\/\/markasite.com.tr\/markamotors\/#organization","name":"Marka Motors","url":"https:\/\/markasite.com.tr\/markamotors\/","logo":{"@type":"ImageObject","inLanguage":"tr","@id":"https:\/\/markasite.com.tr\/markamotors\/#\/schema\/logo\/image\/","url":"https:\/\/markasite.com.tr\/markamotors\/wp-content\/uploads\/footerMarkaMotors.png","contentUrl":"https:\/\/markasite.com.tr\/markamotors\/wp-content\/uploads\/footerMarkaMotors.png","width":215,"height":58,"caption":"Marka Motors"},"image":{"@id":"https:\/\/markasite.com.tr\/markamotors\/#\/schema\/logo\/image\/"},"sameAs":["https:\/\/www.facebook.com\/?locale=tr_TR"]}]}},"_links":{"self":[{"href":"https:\/\/markasite.com.tr\/markamotors\/wp-json\/wp\/v2\/product\/6959","targetHints":{"allow":["GET"]}}],"collection":[{"href":"https:\/\/markasite.com.tr\/markamotors\/wp-json\/wp\/v2\/product"}],"about":[{"href":"https:\/\/markasite.com.tr\/markamotors\/wp-json\/wp\/v2\/types\/product"}],"wp:featuredmedia":[{"embeddable":true,"href":"https:\/\/markasite.com.tr\/markamotors\/wp-json\/wp\/v2\/media\/6786"}],"wp:attachment":[{"href":"https:\/\/markasite.com.tr\/markamotors\/wp-json\/wp\/v2\/media?parent=6959"}],"wp:term":[{"taxonomy":"product_brand","embeddable":true,"href":"https:\/\/markasite.com.tr\/markamotors\/wp-json\/wp\/v2\/product_brand?post=6959"},{"taxonomy":"product_cat","embeddable":true,"href":"https:\/\/markasite.com.tr\/markamotors\/wp-json\/wp\/v2\/product_cat?post=6959"},{"taxonomy":"product_tag","embeddable":true,"href":"https:\/\/markasite.com.tr\/markamotors\/wp-json\/wp\/v2\/product_tag?post=6959"}],"curies":[{"name":"wp","href":"https:\/\/api.w.org\/{rel}","templated":true}]}}