{"id":6954,"date":"2026-02-23T00:36:08","date_gmt":"2026-02-22T21:36:08","guid":{"rendered":"https:\/\/markasite.com.tr\/markamotors\/urun\/ts-2-turbocharger-water-cooled-6870-kompact-v-band-0-96ar-externally-wastegated\/"},"modified":"2026-02-23T00:36:08","modified_gmt":"2026-02-22T21:36:08","slug":"ts-2-turbocharger-water-cooled-6870-kompact-v-band-0-96ar-externally-wastegated","status":"publish","type":"product","link":"https:\/\/markasite.com.tr\/markamotors\/urun\/ts-2-turbocharger-water-cooled-6870-kompact-v-band-0-96ar-externally-wastegated\/","title":{"rendered":"<div class=\"product-loop-meta\"><div class=\"loop-cat\">Turbosmart Turbo<\/div><div class=\"brand\"><img alt=\"TURBOSMART\" src=\"https:\/\/markasite.com.tr\/markamotors\/wp-content\/uploads\/TURBOSMART.jpg\"><\/div><\/div><div class=\"list-pro-title\">Ts-2 Turbocharger (Water Cooled) 6870 (Kompact) V-Band 0.96Ar Externally Wastegated<\/div>"},"content":{"rendered":"<p>Daha K\u00fc\u00e7\u00fck, Daha Hafif ve Daha H\u0131zl\u0131 \u2013 Turbosmart&#8217;\u0131n turbo\u015farj serisi, hem motor sporlar\u0131 hem de performans tutkunlar\u0131n\u0131n taleplerini kar\u015f\u0131layan bir turbo\u015farj yelpazesi olu\u015fturmak i\u00e7in modern malzemelerden, tasar\u0131m ve \u00fcretim tekniklerinden yararlanacak \u015fekilde geli\u015ftirilmi\u015ftir.<br \/>\nHer Turbosmart turbo\u015farj, kurulum i\u00e7in ihtiyac\u0131n\u0131z olan her \u015feyle birlikte standart olarak gelir; kaynak flan\u015flar\u0131, V-bant kelep\u00e7eleri, contalar, ya\u011f besleme ve tahliye ba\u011flant\u0131 par\u00e7alar\u0131 ile su besleme ve geri d\u00f6n\u00fc\u015f ba\u011flant\u0131 par\u00e7alar\u0131 dahildir.<br \/>\nTS-2 serisi, hafif d\u00f6k\u00fcm t\u00fcrbin g\u00f6vdelerine, \u00f6zel bir yatak ve ana mil kombinasyonuna sahip, su ve ya\u011f so\u011futmal\u0131 turbo\u015farjlard\u0131r ve Turbosmart&#8217;tan bekledi\u011finiz performans, kalite, g\u00fcvenilirlik ve destek t\u00fcr\u00fcyle daha \u00f6nce m\u00fcmk\u00fcn oldu\u011funu bilmedi\u011finiz ge\u00e7ici tepkiyi sa\u011flayacakt\u0131r.<br \/>\nBenzersiz yatak ve mil tertibat\u0131m\u0131z\u0131n ultra d\u00fc\u015f\u00fck d\u00f6nme k\u00fctlesi, d\u00fc\u015f\u00fck mil h\u0131zlar\u0131nda y\u00fcksek performans seviyeleri sa\u011flamak i\u00e7in agresif kompres\u00f6r aerodinami\u011fiyle e\u015fle\u015ftirilmi\u015ftir ve y\u00fcksek y\u00fcklerde g\u00fc\u00e7 ve ak\u0131\u015f\u0131n korunmas\u0131n\u0131 sa\u011flamak i\u00e7in benzersiz bir t\u00fcrbin \u00e7ark\u0131yla birle\u015ftirilmi\u015ftir.<br \/>\nTS-2 turbo\u015farj serisi, d\u00fc\u015f\u00fck geri bas\u0131n\u00e7 ve y\u00fcksek performansl\u0131 t\u00fcrbinler arac\u0131l\u0131\u011f\u0131yla g\u00fc\u00e7 elde etmeyi hedefleyen, motorun u\u00e7tan uca bir yakla\u015f\u0131m\u0131n\u0131 benimsemi\u015ftir; ayn\u0131 zamanda piyasadaki di\u011fer \u00e7\u00f6z\u00fcmlere g\u00f6re daha k\u00fc\u00e7\u00fck, daha hafif ve daha h\u0131zl\u0131 tepki vermektedir. TS-1 ya\u011f so\u011futmal\u0131 turbo\u015farjlar, TS-2 ya\u011f ve su so\u011futmal\u0131 turbo\u015farjlar, V-Band , \u00e7e\u015fitli T3 Flan\u015f ve T4 Flan\u015f se\u00e7enekleri , Ters d\u00f6n\u00fc\u015f (Se\u00e7ili boyutlar), \u00c7e\u015fitli A\/R se\u00e7enekleri, Dahili ve harici at\u0131k gaz valfi se\u00e7enekleri mevcuttur.<br \/>\n\u00d6zellikler : E\u015fsiz ge\u00e7ici tepki, 7+7 2618 Al\u00fcminyum ay\u0131r\u0131c\u0131 tekerleklerle agresif aerodinamik, Hafif 310s paslanmaz \u00e7elik d\u00f6k\u00fcm t\u00fcrbin g\u00f6vdeleri , Hafif, Al\u00fcminyum kompres\u00f6r kapaklar\u0131, Optimal AR ve ak\u0131\u015f i\u00e7in CFD g\u00fcd\u00fcml\u00fc tasarlanm\u0131\u015f g\u00f6vdeler, A\u015f\u0131r\u0131 EGT&#8217;ler i\u00e7in 713C Inconel t\u00fcrbin \u00e7ark\u0131, VSR h\u0131z dengeli, Tescilli \u00e7ift seramik yatak sistemi, Merkez g\u00f6vdede entegre demir arka plaka. Teknik \u00d6zellikler: Kompres\u00f6r Giri\u015fi: 4\u2033 \/ 101,6 mm, Kompres\u00f6r \u0130nd\u00fckt\u00f6r\u00fc: 68 mm, T\u00fcrbin Giri\u015fi: V-Band (3,00\u2033) , T\u00fcrbin \u00c7\u0131k\u0131\u015f\u0131: 70 mm, T\u00fcrbin AR: 0,96, T\u00fcrbin \u00c7\u0131k\u0131\u015f\u0131: V-Band (3,00 in\u00e7) A\u011f\u0131rl\u0131k: 6,06 kg \/ 13,3 lbs Beygir G\u00fcc\u00fc: 850-990 HP<\/p>\n","protected":false},"excerpt":{"rendered":"<p>Daha K\u00fc\u00e7\u00fck, Daha Hafif ve Daha H\u0131zl\u0131 \u2013 Turbosmart&#8217;\u0131n turbo\u015farj serisi, hem motor sporlar\u0131 hem de performans tutkunlar\u0131n\u0131n taleplerini kar\u015f\u0131layan bir turbo\u015farj yelpazesi olu\u015fturmak i\u00e7in modern malzemelerden, tasar\u0131m ve \u00fcretim tekniklerinden yararlanacak \u015fekilde geli\u015ftirilmi\u015ftir. Her Turbosmart turbo\u015farj, kurulum i\u00e7in ihtiyac\u0131n\u0131z olan her \u015feyle birlikte standart olarak gelir; kaynak flan\u015flar\u0131, V-bant kelep\u00e7eleri, contalar, ya\u011f besleme ve<\/p>\n","protected":false},"featured_media":6791,"template":"","meta":{"_acf_changed":false},"product_brand":[337],"product_cat":[59],"product_tag":[],"class_list":{"0":"post-6954","1":"product","2":"type-product","3":"status-publish","4":"has-post-thumbnail","6":"product_brand-turbosmart","7":"product_cat-turbosmart-turbo","9":"first","10":"outofstock","11":"taxable","12":"shipping-taxable","13":"purchasable","14":"product-type-simple"},"acf":[],"yoast_head":"<!-- This site is optimized with the Yoast SEO plugin v27.3 - https:\/\/yoast.com\/product\/yoast-seo-wordpress\/ -->\n<title>TS-2 Turbocharger (Water Cooled) 6870 (Kompact) V-Band 0.96AR Externally Wastegated - Marka Motors<\/title>\n<meta name=\"robots\" content=\"index, follow, max-snippet:-1, max-image-preview:large, max-video-preview:-1\" \/>\n<link rel=\"canonical\" href=\"https:\/\/markasite.com.tr\/markamotors\/urun\/ts-2-turbocharger-water-cooled-6870-kompact-v-band-0-96ar-externally-wastegated\/\" \/>\n<meta property=\"og:locale\" content=\"tr_TR\" \/>\n<meta property=\"og:type\" content=\"article\" \/>\n<meta property=\"og:title\" content=\"TS-2 Turbocharger (Water Cooled) 6870 (Kompact) V-Band 0.96AR Externally Wastegated - Marka Motors\" \/>\n<meta property=\"og:description\" content=\"Daha K\u00fc\u00e7\u00fck, Daha Hafif ve Daha H\u0131zl\u0131 \u2013 Turbosmart&#8217;\u0131n turbo\u015farj serisi, hem motor sporlar\u0131 hem de performans tutkunlar\u0131n\u0131n taleplerini kar\u015f\u0131layan bir turbo\u015farj yelpazesi olu\u015fturmak i\u00e7in modern malzemelerden, tasar\u0131m ve \u00fcretim tekniklerinden yararlanacak \u015fekilde geli\u015ftirilmi\u015ftir. Her Turbosmart turbo\u015farj, kurulum i\u00e7in ihtiyac\u0131n\u0131z olan her \u015feyle birlikte standart olarak gelir; kaynak flan\u015flar\u0131, V-bant kelep\u00e7eleri, contalar, ya\u011f besleme ve\" \/>\n<meta property=\"og:url\" content=\"https:\/\/markasite.com.tr\/markamotors\/urun\/ts-2-turbocharger-water-cooled-6870-kompact-v-band-0-96ar-externally-wastegated\/\" \/>\n<meta property=\"og:site_name\" content=\"Marka Motors\" \/>\n<meta property=\"article:publisher\" content=\"https:\/\/www.facebook.com\/?locale=tr_TR\" \/>\n<meta property=\"og:image\" content=\"https:\/\/markasite.com.tr\/markamotors\/wp-content\/uploads\/TS-2-6870B-VB096E.jpg\" \/>\n\t<meta property=\"og:image:width\" content=\"600\" \/>\n\t<meta property=\"og:image:height\" content=\"450\" \/>\n\t<meta property=\"og:image:type\" content=\"image\/jpeg\" \/>\n<meta name=\"twitter:card\" content=\"summary_large_image\" \/>\n<meta name=\"twitter:label1\" content=\"Tahmini okuma s\u00fcresi\" \/>\n\t<meta name=\"twitter:data1\" content=\"2 dakika\" \/>\n<script type=\"application\/ld+json\" class=\"yoast-schema-graph\">{\"@context\":\"https:\\\/\\\/schema.org\",\"@graph\":[{\"@type\":\"WebPage\",\"@id\":\"https:\\\/\\\/markasite.com.tr\\\/markamotors\\\/urun\\\/ts-2-turbocharger-water-cooled-6870-kompact-v-band-0-96ar-externally-wastegated\\\/\",\"url\":\"https:\\\/\\\/markasite.com.tr\\\/markamotors\\\/urun\\\/ts-2-turbocharger-water-cooled-6870-kompact-v-band-0-96ar-externally-wastegated\\\/\",\"name\":\"TS-2 Turbocharger (Water Cooled) 6870 (Kompact) V-Band 0.96AR Externally Wastegated - Marka Motors\",\"isPartOf\":{\"@id\":\"https:\\\/\\\/markasite.com.tr\\\/markamotors\\\/#website\"},\"primaryImageOfPage\":{\"@id\":\"https:\\\/\\\/markasite.com.tr\\\/markamotors\\\/urun\\\/ts-2-turbocharger-water-cooled-6870-kompact-v-band-0-96ar-externally-wastegated\\\/#primaryimage\"},\"image\":{\"@id\":\"https:\\\/\\\/markasite.com.tr\\\/markamotors\\\/urun\\\/ts-2-turbocharger-water-cooled-6870-kompact-v-band-0-96ar-externally-wastegated\\\/#primaryimage\"},\"thumbnailUrl\":\"https:\\\/\\\/markasite.com.tr\\\/markamotors\\\/wp-content\\\/uploads\\\/TS-2-6870B-VB096E.jpg\",\"datePublished\":\"2026-02-22T21:36:08+00:00\",\"breadcrumb\":{\"@id\":\"https:\\\/\\\/markasite.com.tr\\\/markamotors\\\/urun\\\/ts-2-turbocharger-water-cooled-6870-kompact-v-band-0-96ar-externally-wastegated\\\/#breadcrumb\"},\"inLanguage\":\"tr\",\"potentialAction\":[{\"@type\":\"ReadAction\",\"target\":[\"https:\\\/\\\/markasite.com.tr\\\/markamotors\\\/urun\\\/ts-2-turbocharger-water-cooled-6870-kompact-v-band-0-96ar-externally-wastegated\\\/\"]}]},{\"@type\":\"ImageObject\",\"inLanguage\":\"tr\",\"@id\":\"https:\\\/\\\/markasite.com.tr\\\/markamotors\\\/urun\\\/ts-2-turbocharger-water-cooled-6870-kompact-v-band-0-96ar-externally-wastegated\\\/#primaryimage\",\"url\":\"https:\\\/\\\/markasite.com.tr\\\/markamotors\\\/wp-content\\\/uploads\\\/TS-2-6870B-VB096E.jpg\",\"contentUrl\":\"https:\\\/\\\/markasite.com.tr\\\/markamotors\\\/wp-content\\\/uploads\\\/TS-2-6870B-VB096E.jpg\",\"width\":600,\"height\":450},{\"@type\":\"BreadcrumbList\",\"@id\":\"https:\\\/\\\/markasite.com.tr\\\/markamotors\\\/urun\\\/ts-2-turbocharger-water-cooled-6870-kompact-v-band-0-96ar-externally-wastegated\\\/#breadcrumb\",\"itemListElement\":[{\"@type\":\"ListItem\",\"position\":1,\"name\":\"Anasayfa\",\"item\":\"https:\\\/\\\/markasite.com.tr\\\/markamotors\\\/\"},{\"@type\":\"ListItem\",\"position\":2,\"name\":\"Ts-2 Turbocharger (Water Cooled) 6870 (Kompact) V-Band 0.96Ar Externally Wastegated\"}]},{\"@type\":\"WebSite\",\"@id\":\"https:\\\/\\\/markasite.com.tr\\\/markamotors\\\/#website\",\"url\":\"https:\\\/\\\/markasite.com.tr\\\/markamotors\\\/\",\"name\":\"Marka Motors\",\"description\":\"\",\"publisher\":{\"@id\":\"https:\\\/\\\/markasite.com.tr\\\/markamotors\\\/#organization\"},\"potentialAction\":[{\"@type\":\"SearchAction\",\"target\":{\"@type\":\"EntryPoint\",\"urlTemplate\":\"https:\\\/\\\/markasite.com.tr\\\/markamotors\\\/?s={search_term_string}\"},\"query-input\":{\"@type\":\"PropertyValueSpecification\",\"valueRequired\":true,\"valueName\":\"search_term_string\"}}],\"inLanguage\":\"tr\"},{\"@type\":\"Organization\",\"@id\":\"https:\\\/\\\/markasite.com.tr\\\/markamotors\\\/#organization\",\"name\":\"Marka Motors\",\"url\":\"https:\\\/\\\/markasite.com.tr\\\/markamotors\\\/\",\"logo\":{\"@type\":\"ImageObject\",\"inLanguage\":\"tr\",\"@id\":\"https:\\\/\\\/markasite.com.tr\\\/markamotors\\\/#\\\/schema\\\/logo\\\/image\\\/\",\"url\":\"https:\\\/\\\/markasite.com.tr\\\/markamotors\\\/wp-content\\\/uploads\\\/footerMarkaMotors.png\",\"contentUrl\":\"https:\\\/\\\/markasite.com.tr\\\/markamotors\\\/wp-content\\\/uploads\\\/footerMarkaMotors.png\",\"width\":215,\"height\":58,\"caption\":\"Marka Motors\"},\"image\":{\"@id\":\"https:\\\/\\\/markasite.com.tr\\\/markamotors\\\/#\\\/schema\\\/logo\\\/image\\\/\"},\"sameAs\":[\"https:\\\/\\\/www.facebook.com\\\/?locale=tr_TR\"]}]}<\/script>\n<!-- \/ Yoast SEO plugin. -->","yoast_head_json":{"title":"TS-2 Turbocharger (Water Cooled) 6870 (Kompact) V-Band 0.96AR Externally Wastegated - Marka Motors","robots":{"index":"index","follow":"follow","max-snippet":"max-snippet:-1","max-image-preview":"max-image-preview:large","max-video-preview":"max-video-preview:-1"},"canonical":"https:\/\/markasite.com.tr\/markamotors\/urun\/ts-2-turbocharger-water-cooled-6870-kompact-v-band-0-96ar-externally-wastegated\/","og_locale":"tr_TR","og_type":"article","og_title":"TS-2 Turbocharger (Water Cooled) 6870 (Kompact) V-Band 0.96AR Externally Wastegated - Marka Motors","og_description":"Daha K\u00fc\u00e7\u00fck, Daha Hafif ve Daha H\u0131zl\u0131 \u2013 Turbosmart&#8217;\u0131n turbo\u015farj serisi, hem motor sporlar\u0131 hem de performans tutkunlar\u0131n\u0131n taleplerini kar\u015f\u0131layan bir turbo\u015farj yelpazesi olu\u015fturmak i\u00e7in modern malzemelerden, tasar\u0131m ve \u00fcretim tekniklerinden yararlanacak \u015fekilde geli\u015ftirilmi\u015ftir. Her Turbosmart turbo\u015farj, kurulum i\u00e7in ihtiyac\u0131n\u0131z olan her \u015feyle birlikte standart olarak gelir; kaynak flan\u015flar\u0131, V-bant kelep\u00e7eleri, contalar, ya\u011f besleme ve","og_url":"https:\/\/markasite.com.tr\/markamotors\/urun\/ts-2-turbocharger-water-cooled-6870-kompact-v-band-0-96ar-externally-wastegated\/","og_site_name":"Marka Motors","article_publisher":"https:\/\/www.facebook.com\/?locale=tr_TR","og_image":[{"width":600,"height":450,"url":"https:\/\/markasite.com.tr\/markamotors\/wp-content\/uploads\/TS-2-6870B-VB096E.jpg","type":"image\/jpeg"}],"twitter_card":"summary_large_image","twitter_misc":{"Tahmini okuma s\u00fcresi":"2 dakika"},"schema":{"@context":"https:\/\/schema.org","@graph":[{"@type":"WebPage","@id":"https:\/\/markasite.com.tr\/markamotors\/urun\/ts-2-turbocharger-water-cooled-6870-kompact-v-band-0-96ar-externally-wastegated\/","url":"https:\/\/markasite.com.tr\/markamotors\/urun\/ts-2-turbocharger-water-cooled-6870-kompact-v-band-0-96ar-externally-wastegated\/","name":"TS-2 Turbocharger (Water Cooled) 6870 (Kompact) V-Band 0.96AR Externally Wastegated - Marka Motors","isPartOf":{"@id":"https:\/\/markasite.com.tr\/markamotors\/#website"},"primaryImageOfPage":{"@id":"https:\/\/markasite.com.tr\/markamotors\/urun\/ts-2-turbocharger-water-cooled-6870-kompact-v-band-0-96ar-externally-wastegated\/#primaryimage"},"image":{"@id":"https:\/\/markasite.com.tr\/markamotors\/urun\/ts-2-turbocharger-water-cooled-6870-kompact-v-band-0-96ar-externally-wastegated\/#primaryimage"},"thumbnailUrl":"https:\/\/markasite.com.tr\/markamotors\/wp-content\/uploads\/TS-2-6870B-VB096E.jpg","datePublished":"2026-02-22T21:36:08+00:00","breadcrumb":{"@id":"https:\/\/markasite.com.tr\/markamotors\/urun\/ts-2-turbocharger-water-cooled-6870-kompact-v-band-0-96ar-externally-wastegated\/#breadcrumb"},"inLanguage":"tr","potentialAction":[{"@type":"ReadAction","target":["https:\/\/markasite.com.tr\/markamotors\/urun\/ts-2-turbocharger-water-cooled-6870-kompact-v-band-0-96ar-externally-wastegated\/"]}]},{"@type":"ImageObject","inLanguage":"tr","@id":"https:\/\/markasite.com.tr\/markamotors\/urun\/ts-2-turbocharger-water-cooled-6870-kompact-v-band-0-96ar-externally-wastegated\/#primaryimage","url":"https:\/\/markasite.com.tr\/markamotors\/wp-content\/uploads\/TS-2-6870B-VB096E.jpg","contentUrl":"https:\/\/markasite.com.tr\/markamotors\/wp-content\/uploads\/TS-2-6870B-VB096E.jpg","width":600,"height":450},{"@type":"BreadcrumbList","@id":"https:\/\/markasite.com.tr\/markamotors\/urun\/ts-2-turbocharger-water-cooled-6870-kompact-v-band-0-96ar-externally-wastegated\/#breadcrumb","itemListElement":[{"@type":"ListItem","position":1,"name":"Anasayfa","item":"https:\/\/markasite.com.tr\/markamotors\/"},{"@type":"ListItem","position":2,"name":"Ts-2 Turbocharger (Water Cooled) 6870 (Kompact) V-Band 0.96Ar Externally Wastegated"}]},{"@type":"WebSite","@id":"https:\/\/markasite.com.tr\/markamotors\/#website","url":"https:\/\/markasite.com.tr\/markamotors\/","name":"Marka Motors","description":"","publisher":{"@id":"https:\/\/markasite.com.tr\/markamotors\/#organization"},"potentialAction":[{"@type":"SearchAction","target":{"@type":"EntryPoint","urlTemplate":"https:\/\/markasite.com.tr\/markamotors\/?s={search_term_string}"},"query-input":{"@type":"PropertyValueSpecification","valueRequired":true,"valueName":"search_term_string"}}],"inLanguage":"tr"},{"@type":"Organization","@id":"https:\/\/markasite.com.tr\/markamotors\/#organization","name":"Marka Motors","url":"https:\/\/markasite.com.tr\/markamotors\/","logo":{"@type":"ImageObject","inLanguage":"tr","@id":"https:\/\/markasite.com.tr\/markamotors\/#\/schema\/logo\/image\/","url":"https:\/\/markasite.com.tr\/markamotors\/wp-content\/uploads\/footerMarkaMotors.png","contentUrl":"https:\/\/markasite.com.tr\/markamotors\/wp-content\/uploads\/footerMarkaMotors.png","width":215,"height":58,"caption":"Marka Motors"},"image":{"@id":"https:\/\/markasite.com.tr\/markamotors\/#\/schema\/logo\/image\/"},"sameAs":["https:\/\/www.facebook.com\/?locale=tr_TR"]}]}},"_links":{"self":[{"href":"https:\/\/markasite.com.tr\/markamotors\/wp-json\/wp\/v2\/product\/6954","targetHints":{"allow":["GET"]}}],"collection":[{"href":"https:\/\/markasite.com.tr\/markamotors\/wp-json\/wp\/v2\/product"}],"about":[{"href":"https:\/\/markasite.com.tr\/markamotors\/wp-json\/wp\/v2\/types\/product"}],"wp:featuredmedia":[{"embeddable":true,"href":"https:\/\/markasite.com.tr\/markamotors\/wp-json\/wp\/v2\/media\/6791"}],"wp:attachment":[{"href":"https:\/\/markasite.com.tr\/markamotors\/wp-json\/wp\/v2\/media?parent=6954"}],"wp:term":[{"taxonomy":"product_brand","embeddable":true,"href":"https:\/\/markasite.com.tr\/markamotors\/wp-json\/wp\/v2\/product_brand?post=6954"},{"taxonomy":"product_cat","embeddable":true,"href":"https:\/\/markasite.com.tr\/markamotors\/wp-json\/wp\/v2\/product_cat?post=6954"},{"taxonomy":"product_tag","embeddable":true,"href":"https:\/\/markasite.com.tr\/markamotors\/wp-json\/wp\/v2\/product_tag?post=6954"}],"curies":[{"name":"wp","href":"https:\/\/api.w.org\/{rel}","templated":true}]}}