{"id":6936,"date":"2026-02-23T00:36:02","date_gmt":"2026-02-22T21:36:02","guid":{"rendered":"https:\/\/markasite.com.tr\/markamotors\/urun\/mirror-twin-turbo-package-ts-2-6262b-v-band-0-82ar-water-cooled-turbos\/"},"modified":"2026-02-23T00:36:03","modified_gmt":"2026-02-22T21:36:03","slug":"mirror-twin-turbo-package-ts-2-6262b-v-band-0-82ar-water-cooled-turbos","status":"publish","type":"product","link":"https:\/\/markasite.com.tr\/markamotors\/urun\/mirror-twin-turbo-package-ts-2-6262b-v-band-0-82ar-water-cooled-turbos\/","title":{"rendered":"<div class=\"product-loop-meta\"><div class=\"loop-cat\">Turbosmart Turbo<\/div><div class=\"brand\"><img alt=\"TURBOSMART\" src=\"https:\/\/markasite.com.tr\/markamotors\/wp-content\/uploads\/TURBOSMART.jpg\"><\/div><\/div><div class=\"list-pro-title\">Mirror Twin Turbo Package &#8211; Ts-2-6262B V-Band 0.82Ar Water Cooled Turbos<\/div>"},"content":{"rendered":"<p>Bir Turbosmart Turbo&#8217;dan daha iyisi ne olabilir? \u0130ki Turbosmart turbo! Bu kit paketi, iki kat turbo g\u00fcc\u00fc i\u00e7in bir adet normal d\u00f6n\u00fc\u015fl\u00fc Turbosmart turbo ve bir adet ters d\u00f6n\u00fc\u015fl\u00fc Turbosmart turbo i\u00e7erir!<br \/>\nDaha K\u00fc\u00e7\u00fck, Daha Hafif ve Daha H\u0131zl\u0131 \u2013 Turbosmart&#8217;\u0131n turbo\u015farj serisi, hem motor sporlar\u0131 hem de performans tutkunlar\u0131n\u0131n taleplerini kar\u015f\u0131layan bir turbo\u015farj serisi olu\u015fturmak i\u00e7in modern malzemelerden, tasar\u0131m ve \u00fcretim tekniklerinden yararlanacak \u015fekilde geli\u015ftirilmi\u015ftir.<br \/>\nHer Turbosmart turbo\u015farj, kurulum i\u00e7in ihtiyac\u0131n\u0131z olan her \u015feyle birlikte gelir; kaynak flan\u015flar\u0131, V-bant kelep\u00e7eleri, contalar, ya\u011f besleme ve tahliye ba\u011flant\u0131 par\u00e7alar\u0131 dahildir.<br \/>\nTS-1 serisi, hafif d\u00f6k\u00fcm t\u00fcrbin g\u00f6vdelerine, \u00f6zel bir yatak ve ana mil kombinasyonuna sahip ya\u011f so\u011futmal\u0131 turbo\u015farjlard\u0131r ve Turbosmart&#8217;tan bekledi\u011finiz performans, kalite, g\u00fcvenilirlik ve destek t\u00fcr\u00fcyle daha \u00f6nce hi\u00e7 bilmedi\u011finiz ge\u00e7ici tepkiyi sa\u011flayacakt\u0131r.<br \/>\nBenzersiz yatak ve \u015faft tertibat\u0131m\u0131z\u0131n ultra d\u00fc\u015f\u00fck d\u00f6nme k\u00fctlesi, d\u00fc\u015f\u00fck \u015faft h\u0131zlar\u0131nda y\u00fcksek performans seviyeleri sa\u011flamak i\u00e7in agresif kompres\u00f6r aerodinami\u011fiyle e\u015fle\u015ftirilmi\u015ftir; bu da y\u00fcksek y\u00fcklerde g\u00fc\u00e7 ve ak\u0131\u015f\u0131n korunmas\u0131n\u0131 sa\u011flamak i\u00e7in benzersiz bir t\u00fcrbin \u00e7ark\u0131yla birle\u015ftirilmi\u015ftir.<br \/>\nT\u00fcm Turbosmart turbo\u015farjlar, d\u00fc\u015f\u00fck geri bas\u0131n\u00e7 ve y\u00fcksek performansl\u0131 t\u00fcrbinler arac\u0131l\u0131\u011f\u0131yla g\u00fc\u00e7 elde etmeyi ama\u00e7layan, motorun u\u00e7tan uca bir yakla\u015f\u0131m\u0131yla tasarlanm\u0131\u015ft\u0131r; ayn\u0131 zamanda piyasadaki di\u011fer \u00e7\u00f6z\u00fcmlere g\u00f6re daha k\u00fc\u00e7\u00fck, daha hafif ve daha h\u0131zl\u0131 tepki vermektedir.<\/p>\n<p>\u00d6zellikler<br \/>\nE\u015fsiz ge\u00e7ici tepki<br \/>\nAgresif aerodinamik, 7+7 2618 Al\u00fcminyum ay\u0131r\u0131c\u0131 tekerlekler<br \/>\nHafif 310s paslanmaz \u00e7elik d\u00f6k\u00fcm t\u00fcrbin g\u00f6vdeleri<br \/>\nHafif, Al\u00fcminyum kompres\u00f6r kapaklar\u0131<br \/>\nCFD g\u00fcd\u00fcml\u00fc tasar\u0131ml\u0131 g\u00f6vdeler, optimum A\/R ve ak\u0131\u015f i\u00e7in<br \/>\n713C Inconel t\u00fcrbin \u00e7ark\u0131, a\u015f\u0131r\u0131 EGT&#8217;ler i\u00e7in<br \/>\nVSR h\u0131z dengeli<br \/>\nTescilli \u00e7ift seramik yatak sistemi<br \/>\nMerkez g\u00f6vdede entegre demir arka plaka<\/p>\n<p>Teknik \u00d6zellikler<br \/>\nKompres\u00f6r Giri\u015fi: 4\u2033 \/ 101,6 mm<br \/>\nKompres\u00f6r \u0130nd\u00fckt\u00f6r\u00fc: 58 mm<br \/>\nT\u00fcrbin Giri\u015fi: V-Bant (2,25\u2033)<br \/>\nT\u00fcrbin \u00c7\u0131k\u0131\u015f\u0131: 62 mm<br \/>\nT\u00fcrbin AR: 0,82<br \/>\nT\u00fcrbin \u00c7\u0131k\u0131\u015f\u0131: V-Bant (3,00\u2033)<br \/>\nA\u011f\u0131rl\u0131k: 6,06 kg \/ 13,3 lbs<br \/>\nBeygir G\u00fcc\u00fc De\u011feri: TURBO BA\u015eINA 760-880 HP<\/p>\n","protected":false},"excerpt":{"rendered":"<p>Bir Turbosmart Turbo&#8217;dan daha iyisi ne olabilir? \u0130ki Turbosmart turbo! Bu kit paketi, iki kat turbo g\u00fcc\u00fc i\u00e7in bir adet normal d\u00f6n\u00fc\u015fl\u00fc Turbosmart turbo ve bir adet ters d\u00f6n\u00fc\u015fl\u00fc Turbosmart turbo i\u00e7erir! Daha K\u00fc\u00e7\u00fck, Daha Hafif ve Daha H\u0131zl\u0131 \u2013 Turbosmart&#8217;\u0131n turbo\u015farj serisi, hem motor sporlar\u0131 hem de performans tutkunlar\u0131n\u0131n taleplerini kar\u015f\u0131layan bir turbo\u015farj serisi<\/p>\n","protected":false},"featured_media":6809,"template":"","meta":{"_acf_changed":false},"product_brand":[337],"product_cat":[59],"product_tag":[],"class_list":{"0":"post-6936","1":"product","2":"type-product","3":"status-publish","4":"has-post-thumbnail","6":"product_brand-turbosmart","7":"product_cat-turbosmart-turbo","9":"first","10":"outofstock","11":"taxable","12":"shipping-taxable","13":"purchasable","14":"product-type-simple"},"acf":[],"yoast_head":"<!-- This site is optimized with the Yoast SEO plugin v27.3 - https:\/\/yoast.com\/product\/yoast-seo-wordpress\/ -->\n<title>Mirror Twin Turbo Package - TS-2-6262B V-Band 0.82AR Water Cooled Turbos - Marka Motors<\/title>\n<meta name=\"robots\" content=\"index, follow, max-snippet:-1, max-image-preview:large, max-video-preview:-1\" \/>\n<link rel=\"canonical\" href=\"https:\/\/markasite.com.tr\/markamotors\/urun\/mirror-twin-turbo-package-ts-2-6262b-v-band-0-82ar-water-cooled-turbos\/\" \/>\n<meta property=\"og:locale\" content=\"tr_TR\" \/>\n<meta property=\"og:type\" content=\"article\" \/>\n<meta property=\"og:title\" content=\"Mirror Twin Turbo Package - TS-2-6262B V-Band 0.82AR Water Cooled Turbos - Marka Motors\" \/>\n<meta property=\"og:description\" content=\"Bir Turbosmart Turbo&#8217;dan daha iyisi ne olabilir? \u0130ki Turbosmart turbo! Bu kit paketi, iki kat turbo g\u00fcc\u00fc i\u00e7in bir adet normal d\u00f6n\u00fc\u015fl\u00fc Turbosmart turbo ve bir adet ters d\u00f6n\u00fc\u015fl\u00fc Turbosmart turbo i\u00e7erir! Daha K\u00fc\u00e7\u00fck, Daha Hafif ve Daha H\u0131zl\u0131 \u2013 Turbosmart&#8217;\u0131n turbo\u015farj serisi, hem motor sporlar\u0131 hem de performans tutkunlar\u0131n\u0131n taleplerini kar\u015f\u0131layan bir turbo\u015farj serisi\" \/>\n<meta property=\"og:url\" content=\"https:\/\/markasite.com.tr\/markamotors\/urun\/mirror-twin-turbo-package-ts-2-6262b-v-band-0-82ar-water-cooled-turbos\/\" \/>\n<meta property=\"og:site_name\" content=\"Marka Motors\" \/>\n<meta property=\"article:publisher\" content=\"https:\/\/www.facebook.com\/?locale=tr_TR\" \/>\n<meta property=\"article:modified_time\" content=\"2026-02-22T21:36:03+00:00\" \/>\n<meta property=\"og:image\" content=\"https:\/\/markasite.com.tr\/markamotors\/wp-content\/uploads\/TS-2-6262B-VB082E-MT.jpg\" \/>\n\t<meta property=\"og:image:width\" content=\"600\" \/>\n\t<meta property=\"og:image:height\" content=\"450\" \/>\n\t<meta property=\"og:image:type\" content=\"image\/jpeg\" \/>\n<meta name=\"twitter:card\" content=\"summary_large_image\" \/>\n<meta name=\"twitter:label1\" content=\"Tahmini okuma s\u00fcresi\" \/>\n\t<meta name=\"twitter:data1\" content=\"2 dakika\" \/>\n<script type=\"application\/ld+json\" class=\"yoast-schema-graph\">{\"@context\":\"https:\\\/\\\/schema.org\",\"@graph\":[{\"@type\":\"WebPage\",\"@id\":\"https:\\\/\\\/markasite.com.tr\\\/markamotors\\\/urun\\\/mirror-twin-turbo-package-ts-2-6262b-v-band-0-82ar-water-cooled-turbos\\\/\",\"url\":\"https:\\\/\\\/markasite.com.tr\\\/markamotors\\\/urun\\\/mirror-twin-turbo-package-ts-2-6262b-v-band-0-82ar-water-cooled-turbos\\\/\",\"name\":\"Mirror Twin Turbo Package - TS-2-6262B V-Band 0.82AR Water Cooled Turbos - Marka Motors\",\"isPartOf\":{\"@id\":\"https:\\\/\\\/markasite.com.tr\\\/markamotors\\\/#website\"},\"primaryImageOfPage\":{\"@id\":\"https:\\\/\\\/markasite.com.tr\\\/markamotors\\\/urun\\\/mirror-twin-turbo-package-ts-2-6262b-v-band-0-82ar-water-cooled-turbos\\\/#primaryimage\"},\"image\":{\"@id\":\"https:\\\/\\\/markasite.com.tr\\\/markamotors\\\/urun\\\/mirror-twin-turbo-package-ts-2-6262b-v-band-0-82ar-water-cooled-turbos\\\/#primaryimage\"},\"thumbnailUrl\":\"https:\\\/\\\/markasite.com.tr\\\/markamotors\\\/wp-content\\\/uploads\\\/TS-2-6262B-VB082E-MT.jpg\",\"datePublished\":\"2026-02-22T21:36:02+00:00\",\"dateModified\":\"2026-02-22T21:36:03+00:00\",\"breadcrumb\":{\"@id\":\"https:\\\/\\\/markasite.com.tr\\\/markamotors\\\/urun\\\/mirror-twin-turbo-package-ts-2-6262b-v-band-0-82ar-water-cooled-turbos\\\/#breadcrumb\"},\"inLanguage\":\"tr\",\"potentialAction\":[{\"@type\":\"ReadAction\",\"target\":[\"https:\\\/\\\/markasite.com.tr\\\/markamotors\\\/urun\\\/mirror-twin-turbo-package-ts-2-6262b-v-band-0-82ar-water-cooled-turbos\\\/\"]}]},{\"@type\":\"ImageObject\",\"inLanguage\":\"tr\",\"@id\":\"https:\\\/\\\/markasite.com.tr\\\/markamotors\\\/urun\\\/mirror-twin-turbo-package-ts-2-6262b-v-band-0-82ar-water-cooled-turbos\\\/#primaryimage\",\"url\":\"https:\\\/\\\/markasite.com.tr\\\/markamotors\\\/wp-content\\\/uploads\\\/TS-2-6262B-VB082E-MT.jpg\",\"contentUrl\":\"https:\\\/\\\/markasite.com.tr\\\/markamotors\\\/wp-content\\\/uploads\\\/TS-2-6262B-VB082E-MT.jpg\",\"width\":600,\"height\":450},{\"@type\":\"BreadcrumbList\",\"@id\":\"https:\\\/\\\/markasite.com.tr\\\/markamotors\\\/urun\\\/mirror-twin-turbo-package-ts-2-6262b-v-band-0-82ar-water-cooled-turbos\\\/#breadcrumb\",\"itemListElement\":[{\"@type\":\"ListItem\",\"position\":1,\"name\":\"Anasayfa\",\"item\":\"https:\\\/\\\/markasite.com.tr\\\/markamotors\\\/\"},{\"@type\":\"ListItem\",\"position\":2,\"name\":\"Mirror Twin Turbo Package &#8211; Ts-2-6262B V-Band 0.82Ar Water Cooled Turbos\"}]},{\"@type\":\"WebSite\",\"@id\":\"https:\\\/\\\/markasite.com.tr\\\/markamotors\\\/#website\",\"url\":\"https:\\\/\\\/markasite.com.tr\\\/markamotors\\\/\",\"name\":\"Marka Motors\",\"description\":\"\",\"publisher\":{\"@id\":\"https:\\\/\\\/markasite.com.tr\\\/markamotors\\\/#organization\"},\"potentialAction\":[{\"@type\":\"SearchAction\",\"target\":{\"@type\":\"EntryPoint\",\"urlTemplate\":\"https:\\\/\\\/markasite.com.tr\\\/markamotors\\\/?s={search_term_string}\"},\"query-input\":{\"@type\":\"PropertyValueSpecification\",\"valueRequired\":true,\"valueName\":\"search_term_string\"}}],\"inLanguage\":\"tr\"},{\"@type\":\"Organization\",\"@id\":\"https:\\\/\\\/markasite.com.tr\\\/markamotors\\\/#organization\",\"name\":\"Marka Motors\",\"url\":\"https:\\\/\\\/markasite.com.tr\\\/markamotors\\\/\",\"logo\":{\"@type\":\"ImageObject\",\"inLanguage\":\"tr\",\"@id\":\"https:\\\/\\\/markasite.com.tr\\\/markamotors\\\/#\\\/schema\\\/logo\\\/image\\\/\",\"url\":\"https:\\\/\\\/markasite.com.tr\\\/markamotors\\\/wp-content\\\/uploads\\\/footerMarkaMotors.png\",\"contentUrl\":\"https:\\\/\\\/markasite.com.tr\\\/markamotors\\\/wp-content\\\/uploads\\\/footerMarkaMotors.png\",\"width\":215,\"height\":58,\"caption\":\"Marka Motors\"},\"image\":{\"@id\":\"https:\\\/\\\/markasite.com.tr\\\/markamotors\\\/#\\\/schema\\\/logo\\\/image\\\/\"},\"sameAs\":[\"https:\\\/\\\/www.facebook.com\\\/?locale=tr_TR\"]}]}<\/script>\n<!-- \/ Yoast SEO plugin. -->","yoast_head_json":{"title":"Mirror Twin Turbo Package - TS-2-6262B V-Band 0.82AR Water Cooled Turbos - Marka Motors","robots":{"index":"index","follow":"follow","max-snippet":"max-snippet:-1","max-image-preview":"max-image-preview:large","max-video-preview":"max-video-preview:-1"},"canonical":"https:\/\/markasite.com.tr\/markamotors\/urun\/mirror-twin-turbo-package-ts-2-6262b-v-band-0-82ar-water-cooled-turbos\/","og_locale":"tr_TR","og_type":"article","og_title":"Mirror Twin Turbo Package - TS-2-6262B V-Band 0.82AR Water Cooled Turbos - Marka Motors","og_description":"Bir Turbosmart Turbo&#8217;dan daha iyisi ne olabilir? \u0130ki Turbosmart turbo! Bu kit paketi, iki kat turbo g\u00fcc\u00fc i\u00e7in bir adet normal d\u00f6n\u00fc\u015fl\u00fc Turbosmart turbo ve bir adet ters d\u00f6n\u00fc\u015fl\u00fc Turbosmart turbo i\u00e7erir! Daha K\u00fc\u00e7\u00fck, Daha Hafif ve Daha H\u0131zl\u0131 \u2013 Turbosmart&#8217;\u0131n turbo\u015farj serisi, hem motor sporlar\u0131 hem de performans tutkunlar\u0131n\u0131n taleplerini kar\u015f\u0131layan bir turbo\u015farj serisi","og_url":"https:\/\/markasite.com.tr\/markamotors\/urun\/mirror-twin-turbo-package-ts-2-6262b-v-band-0-82ar-water-cooled-turbos\/","og_site_name":"Marka Motors","article_publisher":"https:\/\/www.facebook.com\/?locale=tr_TR","article_modified_time":"2026-02-22T21:36:03+00:00","og_image":[{"width":600,"height":450,"url":"https:\/\/markasite.com.tr\/markamotors\/wp-content\/uploads\/TS-2-6262B-VB082E-MT.jpg","type":"image\/jpeg"}],"twitter_card":"summary_large_image","twitter_misc":{"Tahmini okuma s\u00fcresi":"2 dakika"},"schema":{"@context":"https:\/\/schema.org","@graph":[{"@type":"WebPage","@id":"https:\/\/markasite.com.tr\/markamotors\/urun\/mirror-twin-turbo-package-ts-2-6262b-v-band-0-82ar-water-cooled-turbos\/","url":"https:\/\/markasite.com.tr\/markamotors\/urun\/mirror-twin-turbo-package-ts-2-6262b-v-band-0-82ar-water-cooled-turbos\/","name":"Mirror Twin Turbo Package - TS-2-6262B V-Band 0.82AR Water Cooled Turbos - Marka Motors","isPartOf":{"@id":"https:\/\/markasite.com.tr\/markamotors\/#website"},"primaryImageOfPage":{"@id":"https:\/\/markasite.com.tr\/markamotors\/urun\/mirror-twin-turbo-package-ts-2-6262b-v-band-0-82ar-water-cooled-turbos\/#primaryimage"},"image":{"@id":"https:\/\/markasite.com.tr\/markamotors\/urun\/mirror-twin-turbo-package-ts-2-6262b-v-band-0-82ar-water-cooled-turbos\/#primaryimage"},"thumbnailUrl":"https:\/\/markasite.com.tr\/markamotors\/wp-content\/uploads\/TS-2-6262B-VB082E-MT.jpg","datePublished":"2026-02-22T21:36:02+00:00","dateModified":"2026-02-22T21:36:03+00:00","breadcrumb":{"@id":"https:\/\/markasite.com.tr\/markamotors\/urun\/mirror-twin-turbo-package-ts-2-6262b-v-band-0-82ar-water-cooled-turbos\/#breadcrumb"},"inLanguage":"tr","potentialAction":[{"@type":"ReadAction","target":["https:\/\/markasite.com.tr\/markamotors\/urun\/mirror-twin-turbo-package-ts-2-6262b-v-band-0-82ar-water-cooled-turbos\/"]}]},{"@type":"ImageObject","inLanguage":"tr","@id":"https:\/\/markasite.com.tr\/markamotors\/urun\/mirror-twin-turbo-package-ts-2-6262b-v-band-0-82ar-water-cooled-turbos\/#primaryimage","url":"https:\/\/markasite.com.tr\/markamotors\/wp-content\/uploads\/TS-2-6262B-VB082E-MT.jpg","contentUrl":"https:\/\/markasite.com.tr\/markamotors\/wp-content\/uploads\/TS-2-6262B-VB082E-MT.jpg","width":600,"height":450},{"@type":"BreadcrumbList","@id":"https:\/\/markasite.com.tr\/markamotors\/urun\/mirror-twin-turbo-package-ts-2-6262b-v-band-0-82ar-water-cooled-turbos\/#breadcrumb","itemListElement":[{"@type":"ListItem","position":1,"name":"Anasayfa","item":"https:\/\/markasite.com.tr\/markamotors\/"},{"@type":"ListItem","position":2,"name":"Mirror Twin Turbo Package &#8211; Ts-2-6262B V-Band 0.82Ar Water Cooled Turbos"}]},{"@type":"WebSite","@id":"https:\/\/markasite.com.tr\/markamotors\/#website","url":"https:\/\/markasite.com.tr\/markamotors\/","name":"Marka Motors","description":"","publisher":{"@id":"https:\/\/markasite.com.tr\/markamotors\/#organization"},"potentialAction":[{"@type":"SearchAction","target":{"@type":"EntryPoint","urlTemplate":"https:\/\/markasite.com.tr\/markamotors\/?s={search_term_string}"},"query-input":{"@type":"PropertyValueSpecification","valueRequired":true,"valueName":"search_term_string"}}],"inLanguage":"tr"},{"@type":"Organization","@id":"https:\/\/markasite.com.tr\/markamotors\/#organization","name":"Marka Motors","url":"https:\/\/markasite.com.tr\/markamotors\/","logo":{"@type":"ImageObject","inLanguage":"tr","@id":"https:\/\/markasite.com.tr\/markamotors\/#\/schema\/logo\/image\/","url":"https:\/\/markasite.com.tr\/markamotors\/wp-content\/uploads\/footerMarkaMotors.png","contentUrl":"https:\/\/markasite.com.tr\/markamotors\/wp-content\/uploads\/footerMarkaMotors.png","width":215,"height":58,"caption":"Marka Motors"},"image":{"@id":"https:\/\/markasite.com.tr\/markamotors\/#\/schema\/logo\/image\/"},"sameAs":["https:\/\/www.facebook.com\/?locale=tr_TR"]}]}},"_links":{"self":[{"href":"https:\/\/markasite.com.tr\/markamotors\/wp-json\/wp\/v2\/product\/6936","targetHints":{"allow":["GET"]}}],"collection":[{"href":"https:\/\/markasite.com.tr\/markamotors\/wp-json\/wp\/v2\/product"}],"about":[{"href":"https:\/\/markasite.com.tr\/markamotors\/wp-json\/wp\/v2\/types\/product"}],"wp:featuredmedia":[{"embeddable":true,"href":"https:\/\/markasite.com.tr\/markamotors\/wp-json\/wp\/v2\/media\/6809"}],"wp:attachment":[{"href":"https:\/\/markasite.com.tr\/markamotors\/wp-json\/wp\/v2\/media?parent=6936"}],"wp:term":[{"taxonomy":"product_brand","embeddable":true,"href":"https:\/\/markasite.com.tr\/markamotors\/wp-json\/wp\/v2\/product_brand?post=6936"},{"taxonomy":"product_cat","embeddable":true,"href":"https:\/\/markasite.com.tr\/markamotors\/wp-json\/wp\/v2\/product_cat?post=6936"},{"taxonomy":"product_tag","embeddable":true,"href":"https:\/\/markasite.com.tr\/markamotors\/wp-json\/wp\/v2\/product_tag?post=6936"}],"curies":[{"name":"wp","href":"https:\/\/api.w.org\/{rel}","templated":true}]}}