{"id":6924,"date":"2026-02-23T00:35:58","date_gmt":"2026-02-22T21:35:58","guid":{"rendered":"https:\/\/markasite.com.tr\/markamotors\/urun\/bov-kompact-em-dual-port-vr18-vw-audi\/"},"modified":"2026-02-24T02:33:22","modified_gmt":"2026-02-23T23:33:22","slug":"bov-kompact-em-dual-port-vr18-vw-audi","status":"publish","type":"product","link":"https:\/\/markasite.com.tr\/markamotors\/urun\/bov-kompact-em-dual-port-vr18-vw-audi\/","title":{"rendered":"<div class=\"product-loop-meta\"><div class=\"loop-cat\">Turbosmart<\/div><div class=\"brand\"><img alt=\"TURBOSMART\" src=\"https:\/\/markasite.com.tr\/markamotors\/wp-content\/uploads\/TURBOSMART.jpg\"><\/div><\/div><div class=\"list-pro-title\">Bov Kompact Em Dual Port Vr18 &#8211; Vw \/ Audi<\/div>"},"content":{"rendered":"<p>\u00c7ok say\u0131da \u00f6d\u00fcl kazanan Kompact EM Serisi geli\u015ftirilmi\u015f tahliye vanalar\u0131, fabrika \u00e7\u0131k\u0131\u015fl\u0131 tahliye vanan\u0131z i\u00e7in d\u00fcnyan\u0131n ilk ger\u00e7ek anlamda tak ve \u00e7al\u0131\u015ft\u0131r y\u00fckseltme \u00e7\u00f6z\u00fcm\u00fcd\u00fcr. OEM vanan\u0131z\u0131 \u00e7\u0131kar\u0131n ve yerine bir Kompact EM vanas\u0131 tak\u0131n. Adapt\u00f6r, hortum veya ek montaj gerekmez.<\/p>\n<p>Turbosmart&#8217;\u0131n Kompact EM Valf Serisi, motor sporlar\u0131nda kendini kan\u0131tlam\u0131\u015f i\u015flenmi\u015f al\u00fcminyum valf teknolojisini, entegre, \u00f6zel bir solenoid sistemi ve dahili bas\u0131n\u00e7 kontrol kanallar\u0131yla birle\u015ftirerek, tam OE entegrasyonu ve kontrol\u00fc sa\u011flayan, tak ve \u00e7al\u0131\u015ft\u0131r \u00f6zellikli basit bir valf sunuyor. Referans hortumlar\u0131, ayr\u0131 solenoidler veya karma\u015f\u0131k par\u00e7alar yok \u2013 Sadece c\u0131vatalay\u0131n ve fi\u015fe tak\u0131n!<\/p>\n<p>Fabrika \u00e7\u0131k\u0131\u015fl\u0131 y\u00f6n de\u011fi\u015ftirme valfinizin do\u011frudan yerine ge\u00e7ecek \u015fekilde, e\u015fsiz performans ve g\u00fcvenilirli\u011fe g\u00fcvenebilirsiniz. Kompact EM Valfleri, Boost-Balance Valf Tasar\u0131m\u0131 (ne kadar y\u00fcksek bas\u0131n\u00e7 varsa, o kadar iyi s\u0131zd\u0131rmazl\u0131k sa\u011flar), piston y\u00fczeyindeki pozitif s\u0131zd\u0131rmazl\u0131k sa\u011flayan O-ring ve i\u015flenmi\u015f al\u00fcminyum yap\u0131s\u0131 sayesinde plastik fabrika valfleriyle ili\u015fkili yayg\u0131n sorunlar\u0131n \u00fcstesinden gelir. Uygulaman\u0131z ne olursa olsun, Kompact EM Serisi daha fazla bas\u0131n\u00e7 tutacak ve her ortamda daha h\u0131zl\u0131 tepki verecektir.<\/p>\n<p>\u00d6zellikler:<br \/>\nBoost-Balance Valf Teknolojisi,<br \/>\nPatentli entegre bas\u0131n\u00e7 kontrol\u00fc,<br \/>\nGer\u00e7ek tak ve \u00e7al\u0131\u015ft\u0131r y\u00fckseltme,<br \/>\nEntegre tescilli y\u00fcksek s\u0131cakl\u0131k solenoid valfi,<br \/>\nY\u00fcksek s\u0131cakl\u0131k o-ringli k\u00fct\u00fck yap\u0131,<br \/>\nPlumback veya \u00c7ift Port se\u00e7enekleriyle uyumluluk.<\/p>\n","protected":false},"excerpt":{"rendered":"<p>\u00c7ok say\u0131da \u00f6d\u00fcl kazanan Kompact EM Serisi geli\u015ftirilmi\u015f tahliye vanalar\u0131, fabrika \u00e7\u0131k\u0131\u015fl\u0131 tahliye vanan\u0131z i\u00e7in d\u00fcnyan\u0131n ilk ger\u00e7ek anlamda tak ve \u00e7al\u0131\u015ft\u0131r y\u00fckseltme \u00e7\u00f6z\u00fcm\u00fcd\u00fcr. OEM vanan\u0131z\u0131 \u00e7\u0131kar\u0131n ve yerine bir Kompact EM vanas\u0131 tak\u0131n. Adapt\u00f6r, hortum veya ek montaj gerekmez. Turbosmart&#8217;\u0131n Kompact EM Valf Serisi, motor sporlar\u0131nda kendini kan\u0131tlam\u0131\u015f i\u015flenmi\u015f al\u00fcminyum valf teknolojisini, entegre, \u00f6zel<\/p>\n","protected":false},"featured_media":6821,"template":"","meta":{"_acf_changed":false},"product_brand":[337],"product_cat":[980],"product_tag":[],"class_list":{"0":"post-6924","1":"product","2":"type-product","3":"status-publish","4":"has-post-thumbnail","6":"product_brand-turbosmart","7":"product_cat-turbosmart-blow-off-valves-motor-performans","9":"first","10":"instock","11":"taxable","12":"shipping-taxable","13":"purchasable","14":"product-type-simple"},"acf":[],"yoast_head":"<!-- This site is optimized with the Yoast SEO plugin v27.3 - https:\/\/yoast.com\/product\/yoast-seo-wordpress\/ -->\n<title>BOV Kompact EM Dual Port VR18 - VW \/ Audi - Marka Motors<\/title>\n<meta name=\"robots\" content=\"index, follow, max-snippet:-1, max-image-preview:large, max-video-preview:-1\" \/>\n<link rel=\"canonical\" href=\"https:\/\/markasite.com.tr\/markamotors\/urun\/bov-kompact-em-dual-port-vr18-vw-audi\/\" \/>\n<meta property=\"og:locale\" content=\"tr_TR\" \/>\n<meta property=\"og:type\" content=\"article\" \/>\n<meta property=\"og:title\" content=\"BOV Kompact EM Dual Port VR18 - VW \/ Audi - Marka Motors\" \/>\n<meta property=\"og:description\" content=\"\u00c7ok say\u0131da \u00f6d\u00fcl kazanan Kompact EM Serisi geli\u015ftirilmi\u015f tahliye vanalar\u0131, fabrika \u00e7\u0131k\u0131\u015fl\u0131 tahliye vanan\u0131z i\u00e7in d\u00fcnyan\u0131n ilk ger\u00e7ek anlamda tak ve \u00e7al\u0131\u015ft\u0131r y\u00fckseltme \u00e7\u00f6z\u00fcm\u00fcd\u00fcr. OEM vanan\u0131z\u0131 \u00e7\u0131kar\u0131n ve yerine bir Kompact EM vanas\u0131 tak\u0131n. Adapt\u00f6r, hortum veya ek montaj gerekmez. Turbosmart&#8217;\u0131n Kompact EM Valf Serisi, motor sporlar\u0131nda kendini kan\u0131tlam\u0131\u015f i\u015flenmi\u015f al\u00fcminyum valf teknolojisini, entegre, \u00f6zel\" \/>\n<meta property=\"og:url\" content=\"https:\/\/markasite.com.tr\/markamotors\/urun\/bov-kompact-em-dual-port-vr18-vw-audi\/\" \/>\n<meta property=\"og:site_name\" content=\"Marka Motors\" \/>\n<meta property=\"article:publisher\" content=\"https:\/\/www.facebook.com\/?locale=tr_TR\" \/>\n<meta property=\"article:modified_time\" content=\"2026-02-23T23:33:22+00:00\" \/>\n<meta property=\"og:image\" content=\"https:\/\/markasite.com.tr\/markamotors\/wp-content\/uploads\/TS-0223-1079.jpg\" \/>\n\t<meta property=\"og:image:width\" content=\"600\" \/>\n\t<meta property=\"og:image:height\" content=\"450\" \/>\n\t<meta property=\"og:image:type\" content=\"image\/jpeg\" \/>\n<meta name=\"twitter:card\" content=\"summary_large_image\" \/>\n<meta name=\"twitter:label1\" content=\"Tahmini okuma s\u00fcresi\" \/>\n\t<meta name=\"twitter:data1\" content=\"1 dakika\" \/>\n<script type=\"application\/ld+json\" class=\"yoast-schema-graph\">{\"@context\":\"https:\\\/\\\/schema.org\",\"@graph\":[{\"@type\":\"WebPage\",\"@id\":\"https:\\\/\\\/markasite.com.tr\\\/markamotors\\\/urun\\\/bov-kompact-em-dual-port-vr18-vw-audi\\\/\",\"url\":\"https:\\\/\\\/markasite.com.tr\\\/markamotors\\\/urun\\\/bov-kompact-em-dual-port-vr18-vw-audi\\\/\",\"name\":\"BOV Kompact EM Dual Port VR18 - VW \\\/ Audi - Marka Motors\",\"isPartOf\":{\"@id\":\"https:\\\/\\\/markasite.com.tr\\\/markamotors\\\/#website\"},\"primaryImageOfPage\":{\"@id\":\"https:\\\/\\\/markasite.com.tr\\\/markamotors\\\/urun\\\/bov-kompact-em-dual-port-vr18-vw-audi\\\/#primaryimage\"},\"image\":{\"@id\":\"https:\\\/\\\/markasite.com.tr\\\/markamotors\\\/urun\\\/bov-kompact-em-dual-port-vr18-vw-audi\\\/#primaryimage\"},\"thumbnailUrl\":\"https:\\\/\\\/markasite.com.tr\\\/markamotors\\\/wp-content\\\/uploads\\\/TS-0223-1079.jpg\",\"datePublished\":\"2026-02-22T21:35:58+00:00\",\"dateModified\":\"2026-02-23T23:33:22+00:00\",\"breadcrumb\":{\"@id\":\"https:\\\/\\\/markasite.com.tr\\\/markamotors\\\/urun\\\/bov-kompact-em-dual-port-vr18-vw-audi\\\/#breadcrumb\"},\"inLanguage\":\"tr\",\"potentialAction\":[{\"@type\":\"ReadAction\",\"target\":[\"https:\\\/\\\/markasite.com.tr\\\/markamotors\\\/urun\\\/bov-kompact-em-dual-port-vr18-vw-audi\\\/\"]}]},{\"@type\":\"ImageObject\",\"inLanguage\":\"tr\",\"@id\":\"https:\\\/\\\/markasite.com.tr\\\/markamotors\\\/urun\\\/bov-kompact-em-dual-port-vr18-vw-audi\\\/#primaryimage\",\"url\":\"https:\\\/\\\/markasite.com.tr\\\/markamotors\\\/wp-content\\\/uploads\\\/TS-0223-1079.jpg\",\"contentUrl\":\"https:\\\/\\\/markasite.com.tr\\\/markamotors\\\/wp-content\\\/uploads\\\/TS-0223-1079.jpg\",\"width\":600,\"height\":450},{\"@type\":\"BreadcrumbList\",\"@id\":\"https:\\\/\\\/markasite.com.tr\\\/markamotors\\\/urun\\\/bov-kompact-em-dual-port-vr18-vw-audi\\\/#breadcrumb\",\"itemListElement\":[{\"@type\":\"ListItem\",\"position\":1,\"name\":\"Anasayfa\",\"item\":\"https:\\\/\\\/markasite.com.tr\\\/markamotors\\\/\"},{\"@type\":\"ListItem\",\"position\":2,\"name\":\"BOV Kompact EM Dual Port VR18 &#8211; VW \\\/ Audi\"}]},{\"@type\":\"WebSite\",\"@id\":\"https:\\\/\\\/markasite.com.tr\\\/markamotors\\\/#website\",\"url\":\"https:\\\/\\\/markasite.com.tr\\\/markamotors\\\/\",\"name\":\"Marka Motors\",\"description\":\"\",\"publisher\":{\"@id\":\"https:\\\/\\\/markasite.com.tr\\\/markamotors\\\/#organization\"},\"potentialAction\":[{\"@type\":\"SearchAction\",\"target\":{\"@type\":\"EntryPoint\",\"urlTemplate\":\"https:\\\/\\\/markasite.com.tr\\\/markamotors\\\/?s={search_term_string}\"},\"query-input\":{\"@type\":\"PropertyValueSpecification\",\"valueRequired\":true,\"valueName\":\"search_term_string\"}}],\"inLanguage\":\"tr\"},{\"@type\":\"Organization\",\"@id\":\"https:\\\/\\\/markasite.com.tr\\\/markamotors\\\/#organization\",\"name\":\"Marka Motors\",\"url\":\"https:\\\/\\\/markasite.com.tr\\\/markamotors\\\/\",\"logo\":{\"@type\":\"ImageObject\",\"inLanguage\":\"tr\",\"@id\":\"https:\\\/\\\/markasite.com.tr\\\/markamotors\\\/#\\\/schema\\\/logo\\\/image\\\/\",\"url\":\"https:\\\/\\\/markasite.com.tr\\\/markamotors\\\/wp-content\\\/uploads\\\/footerMarkaMotors.png\",\"contentUrl\":\"https:\\\/\\\/markasite.com.tr\\\/markamotors\\\/wp-content\\\/uploads\\\/footerMarkaMotors.png\",\"width\":215,\"height\":58,\"caption\":\"Marka Motors\"},\"image\":{\"@id\":\"https:\\\/\\\/markasite.com.tr\\\/markamotors\\\/#\\\/schema\\\/logo\\\/image\\\/\"},\"sameAs\":[\"https:\\\/\\\/www.facebook.com\\\/?locale=tr_TR\"]}]}<\/script>\n<!-- \/ Yoast SEO plugin. -->","yoast_head_json":{"title":"BOV Kompact EM Dual Port VR18 - VW \/ Audi - Marka Motors","robots":{"index":"index","follow":"follow","max-snippet":"max-snippet:-1","max-image-preview":"max-image-preview:large","max-video-preview":"max-video-preview:-1"},"canonical":"https:\/\/markasite.com.tr\/markamotors\/urun\/bov-kompact-em-dual-port-vr18-vw-audi\/","og_locale":"tr_TR","og_type":"article","og_title":"BOV Kompact EM Dual Port VR18 - VW \/ Audi - Marka Motors","og_description":"\u00c7ok say\u0131da \u00f6d\u00fcl kazanan Kompact EM Serisi geli\u015ftirilmi\u015f tahliye vanalar\u0131, fabrika \u00e7\u0131k\u0131\u015fl\u0131 tahliye vanan\u0131z i\u00e7in d\u00fcnyan\u0131n ilk ger\u00e7ek anlamda tak ve \u00e7al\u0131\u015ft\u0131r y\u00fckseltme \u00e7\u00f6z\u00fcm\u00fcd\u00fcr. OEM vanan\u0131z\u0131 \u00e7\u0131kar\u0131n ve yerine bir Kompact EM vanas\u0131 tak\u0131n. Adapt\u00f6r, hortum veya ek montaj gerekmez. Turbosmart&#8217;\u0131n Kompact EM Valf Serisi, motor sporlar\u0131nda kendini kan\u0131tlam\u0131\u015f i\u015flenmi\u015f al\u00fcminyum valf teknolojisini, entegre, \u00f6zel","og_url":"https:\/\/markasite.com.tr\/markamotors\/urun\/bov-kompact-em-dual-port-vr18-vw-audi\/","og_site_name":"Marka Motors","article_publisher":"https:\/\/www.facebook.com\/?locale=tr_TR","article_modified_time":"2026-02-23T23:33:22+00:00","og_image":[{"width":600,"height":450,"url":"https:\/\/markasite.com.tr\/markamotors\/wp-content\/uploads\/TS-0223-1079.jpg","type":"image\/jpeg"}],"twitter_card":"summary_large_image","twitter_misc":{"Tahmini okuma s\u00fcresi":"1 dakika"},"schema":{"@context":"https:\/\/schema.org","@graph":[{"@type":"WebPage","@id":"https:\/\/markasite.com.tr\/markamotors\/urun\/bov-kompact-em-dual-port-vr18-vw-audi\/","url":"https:\/\/markasite.com.tr\/markamotors\/urun\/bov-kompact-em-dual-port-vr18-vw-audi\/","name":"BOV Kompact EM Dual Port VR18 - VW \/ Audi - Marka Motors","isPartOf":{"@id":"https:\/\/markasite.com.tr\/markamotors\/#website"},"primaryImageOfPage":{"@id":"https:\/\/markasite.com.tr\/markamotors\/urun\/bov-kompact-em-dual-port-vr18-vw-audi\/#primaryimage"},"image":{"@id":"https:\/\/markasite.com.tr\/markamotors\/urun\/bov-kompact-em-dual-port-vr18-vw-audi\/#primaryimage"},"thumbnailUrl":"https:\/\/markasite.com.tr\/markamotors\/wp-content\/uploads\/TS-0223-1079.jpg","datePublished":"2026-02-22T21:35:58+00:00","dateModified":"2026-02-23T23:33:22+00:00","breadcrumb":{"@id":"https:\/\/markasite.com.tr\/markamotors\/urun\/bov-kompact-em-dual-port-vr18-vw-audi\/#breadcrumb"},"inLanguage":"tr","potentialAction":[{"@type":"ReadAction","target":["https:\/\/markasite.com.tr\/markamotors\/urun\/bov-kompact-em-dual-port-vr18-vw-audi\/"]}]},{"@type":"ImageObject","inLanguage":"tr","@id":"https:\/\/markasite.com.tr\/markamotors\/urun\/bov-kompact-em-dual-port-vr18-vw-audi\/#primaryimage","url":"https:\/\/markasite.com.tr\/markamotors\/wp-content\/uploads\/TS-0223-1079.jpg","contentUrl":"https:\/\/markasite.com.tr\/markamotors\/wp-content\/uploads\/TS-0223-1079.jpg","width":600,"height":450},{"@type":"BreadcrumbList","@id":"https:\/\/markasite.com.tr\/markamotors\/urun\/bov-kompact-em-dual-port-vr18-vw-audi\/#breadcrumb","itemListElement":[{"@type":"ListItem","position":1,"name":"Anasayfa","item":"https:\/\/markasite.com.tr\/markamotors\/"},{"@type":"ListItem","position":2,"name":"BOV Kompact EM Dual Port VR18 &#8211; VW \/ Audi"}]},{"@type":"WebSite","@id":"https:\/\/markasite.com.tr\/markamotors\/#website","url":"https:\/\/markasite.com.tr\/markamotors\/","name":"Marka Motors","description":"","publisher":{"@id":"https:\/\/markasite.com.tr\/markamotors\/#organization"},"potentialAction":[{"@type":"SearchAction","target":{"@type":"EntryPoint","urlTemplate":"https:\/\/markasite.com.tr\/markamotors\/?s={search_term_string}"},"query-input":{"@type":"PropertyValueSpecification","valueRequired":true,"valueName":"search_term_string"}}],"inLanguage":"tr"},{"@type":"Organization","@id":"https:\/\/markasite.com.tr\/markamotors\/#organization","name":"Marka Motors","url":"https:\/\/markasite.com.tr\/markamotors\/","logo":{"@type":"ImageObject","inLanguage":"tr","@id":"https:\/\/markasite.com.tr\/markamotors\/#\/schema\/logo\/image\/","url":"https:\/\/markasite.com.tr\/markamotors\/wp-content\/uploads\/footerMarkaMotors.png","contentUrl":"https:\/\/markasite.com.tr\/markamotors\/wp-content\/uploads\/footerMarkaMotors.png","width":215,"height":58,"caption":"Marka Motors"},"image":{"@id":"https:\/\/markasite.com.tr\/markamotors\/#\/schema\/logo\/image\/"},"sameAs":["https:\/\/www.facebook.com\/?locale=tr_TR"]}]}},"_links":{"self":[{"href":"https:\/\/markasite.com.tr\/markamotors\/wp-json\/wp\/v2\/product\/6924","targetHints":{"allow":["GET"]}}],"collection":[{"href":"https:\/\/markasite.com.tr\/markamotors\/wp-json\/wp\/v2\/product"}],"about":[{"href":"https:\/\/markasite.com.tr\/markamotors\/wp-json\/wp\/v2\/types\/product"}],"wp:featuredmedia":[{"embeddable":true,"href":"https:\/\/markasite.com.tr\/markamotors\/wp-json\/wp\/v2\/media\/6821"}],"wp:attachment":[{"href":"https:\/\/markasite.com.tr\/markamotors\/wp-json\/wp\/v2\/media?parent=6924"}],"wp:term":[{"taxonomy":"product_brand","embeddable":true,"href":"https:\/\/markasite.com.tr\/markamotors\/wp-json\/wp\/v2\/product_brand?post=6924"},{"taxonomy":"product_cat","embeddable":true,"href":"https:\/\/markasite.com.tr\/markamotors\/wp-json\/wp\/v2\/product_cat?post=6924"},{"taxonomy":"product_tag","embeddable":true,"href":"https:\/\/markasite.com.tr\/markamotors\/wp-json\/wp\/v2\/product_tag?post=6924"}],"curies":[{"name":"wp","href":"https:\/\/api.w.org\/{rel}","templated":true}]}}