{"id":6922,"date":"2026-02-23T00:35:58","date_gmt":"2026-02-22T21:35:58","guid":{"rendered":"https:\/\/markasite.com.tr\/markamotors\/urun\/iwg75-garrett-gtx28r-sr20-7psi\/"},"modified":"2026-04-04T12:59:40","modified_gmt":"2026-04-04T09:59:40","slug":"iwg75-garrett-gtx28r-sr20-7psi","status":"publish","type":"product","link":"https:\/\/markasite.com.tr\/markamotors\/urun\/iwg75-garrett-gtx28r-sr20-7psi\/","title":{"rendered":"<div class=\"product-loop-meta\"><div class=\"loop-cat\">Turbosmart<\/div><div class=\"brand\"><img alt=\"TURBOSMART\" src=\"https:\/\/markasite.com.tr\/markamotors\/wp-content\/uploads\/TURBOSMART.jpg\"><\/div><\/div><div class=\"list-pro-title\">Iwg75 Garrett Gtx28R Sr20 7Psi<\/div>"},"content":{"rendered":"<p>Turbosmart Geli\u015ftirilmi\u015f At\u0131k Gaz Valfi Akt\u00fcat\u00f6rleri, fabrika \u00e7\u0131k\u0131\u015fl\u0131 turbo\u015farj\u0131n\u0131z i\u00e7in m\u00fcmk\u00fcn olan en y\u00fcksek takviye tepkisini sa\u011flamak \u00fczere geli\u015ftirilmi\u015ftir. Turbosmart IWG75 Serisi geli\u015ftirilmi\u015f akt\u00fcat\u00f6rler, fabrika ekipman\u0131na g\u00f6re art\u0131r\u0131lm\u0131\u015f bir &#8216;\u00c7al\u0131\u015fma Oran\u0131&#8217;ndan faydalanarak, t\u00fcm RPM aral\u0131\u011f\u0131 boyunca iyile\u015ftirilmi\u015f takviye tepkisi sunar.<\/p>\n<p>Bu iyile\u015ftirilmi\u015f &#8216;\u00e7al\u0131\u015fma oran\u0131&#8217;, diyafram\u0131n etkili y\u00fczey alan\u0131n\u0131n art\u0131r\u0131lmas\u0131 ve tak\u0131lan yaylarda yap\u0131lan revizyonlar sayesinde elde edilir; bu da akt\u00fcat\u00f6r\u00fcn kar\u015f\u0131 koydu\u011fu kuvvetlerin (bas\u0131n\u00e7 art\u0131\u015f\u0131 ve geri bas\u0131n\u00e7) daha iyi kontrol edilmesini sa\u011flarken ayn\u0131 zamanda son derece h\u0131zl\u0131 tepki vermesini de m\u00fcmk\u00fcn k\u0131lar. <\/p>\n<p>Fabrika ayarlar\u0131ndakiyle ayn\u0131 temel bas\u0131n\u00e7la y\u00fckseltme yaparsan\u0131z, tepe noktas\u0131n\u0131n daha erken devirlerde elde edilmesi ve daha y\u00fcksek devirlerde daha uzun s\u00fcre korunmas\u0131 sayesinde daha geni\u015f bir turbo bas\u0131nc\u0131 ve tork e\u011frisi bekleyebilirsiniz. Bu iyile\u015ftirmeler, daha y\u00fcksek temel bas\u0131n\u00e7larla daha da art\u0131r\u0131labilir. Ancak, ayar ve yeniden kalibrasyon muhtemelen gereklidir.<\/p>\n<p>\u00d6zellikler:<br \/>\nTescilli Silikon Nomex Diyafram,<br \/>\n3 psi ile 26 psi aras\u0131nda yay se\u00e7ene\u011fi (iste\u011fe ba\u011fl\u0131),<br \/>\nY\u00fcksek Kaliteli K\u00fct\u00fck Al\u00fcminyum Yap\u0131,<br \/>\nPaslanmaz \u00c7elik \u00c7ubuklar ve Ba\u011flant\u0131 Eleman\u0131<br \/>\n, Turbosmart Benzersiz Kilitleme Yakas\u0131 Sistemi<\/p>\n","protected":false},"excerpt":{"rendered":"<p>Turbosmart Geli\u015ftirilmi\u015f At\u0131k Gaz Valfi Akt\u00fcat\u00f6rleri, fabrika \u00e7\u0131k\u0131\u015fl\u0131 turbo\u015farj\u0131n\u0131z i\u00e7in m\u00fcmk\u00fcn olan en y\u00fcksek takviye tepkisini sa\u011flamak \u00fczere geli\u015ftirilmi\u015ftir. Turbosmart IWG75 Serisi geli\u015ftirilmi\u015f akt\u00fcat\u00f6rler, fabrika ekipman\u0131na g\u00f6re art\u0131r\u0131lm\u0131\u015f bir &#8216;\u00c7al\u0131\u015fma Oran\u0131&#8217;ndan faydalanarak, t\u00fcm RPM aral\u0131\u011f\u0131 boyunca iyile\u015ftirilmi\u015f takviye tepkisi sunar. Bu iyile\u015ftirilmi\u015f &#8216;\u00e7al\u0131\u015fma oran\u0131&#8217;, diyafram\u0131n etkili y\u00fczey alan\u0131n\u0131n art\u0131r\u0131lmas\u0131 ve tak\u0131lan yaylarda yap\u0131lan revizyonlar sayesinde<\/p>\n","protected":false},"featured_media":6823,"template":"","meta":{"_acf_changed":false},"product_brand":[337],"product_cat":[982],"product_tag":[],"class_list":{"0":"post-6922","1":"product","2":"type-product","3":"status-publish","4":"has-post-thumbnail","6":"product_brand-turbosmart","7":"product_cat-turbosmart-wastegates-motor-performans","9":"first","10":"instock","11":"taxable","12":"shipping-taxable","13":"purchasable","14":"product-type-simple"},"acf":[],"yoast_head":"<!-- This site is optimized with the Yoast SEO plugin v27.3 - https:\/\/yoast.com\/product\/yoast-seo-wordpress\/ -->\n<title>IWG75 Garrett GTX28R SR20 7PSI - Marka Motors<\/title>\n<meta name=\"robots\" content=\"index, follow, max-snippet:-1, max-image-preview:large, max-video-preview:-1\" \/>\n<link rel=\"canonical\" href=\"https:\/\/markasite.com.tr\/markamotors\/urun\/iwg75-garrett-gtx28r-sr20-7psi\/\" \/>\n<meta property=\"og:locale\" content=\"tr_TR\" \/>\n<meta property=\"og:type\" content=\"article\" \/>\n<meta property=\"og:title\" content=\"IWG75 Garrett GTX28R SR20 7PSI - Marka Motors\" \/>\n<meta property=\"og:description\" content=\"Turbosmart Geli\u015ftirilmi\u015f At\u0131k Gaz Valfi Akt\u00fcat\u00f6rleri, fabrika \u00e7\u0131k\u0131\u015fl\u0131 turbo\u015farj\u0131n\u0131z i\u00e7in m\u00fcmk\u00fcn olan en y\u00fcksek takviye tepkisini sa\u011flamak \u00fczere geli\u015ftirilmi\u015ftir. Turbosmart IWG75 Serisi geli\u015ftirilmi\u015f akt\u00fcat\u00f6rler, fabrika ekipman\u0131na g\u00f6re art\u0131r\u0131lm\u0131\u015f bir &#8216;\u00c7al\u0131\u015fma Oran\u0131&#8217;ndan faydalanarak, t\u00fcm RPM aral\u0131\u011f\u0131 boyunca iyile\u015ftirilmi\u015f takviye tepkisi sunar. Bu iyile\u015ftirilmi\u015f &#8216;\u00e7al\u0131\u015fma oran\u0131&#8217;, diyafram\u0131n etkili y\u00fczey alan\u0131n\u0131n art\u0131r\u0131lmas\u0131 ve tak\u0131lan yaylarda yap\u0131lan revizyonlar sayesinde\" \/>\n<meta property=\"og:url\" content=\"https:\/\/markasite.com.tr\/markamotors\/urun\/iwg75-garrett-gtx28r-sr20-7psi\/\" \/>\n<meta property=\"og:site_name\" content=\"Marka Motors\" \/>\n<meta property=\"article:publisher\" content=\"https:\/\/www.facebook.com\/?locale=tr_TR\" \/>\n<meta property=\"article:modified_time\" content=\"2026-04-04T09:59:40+00:00\" \/>\n<meta property=\"og:image\" content=\"https:\/\/markasite.com.tr\/markamotors\/wp-content\/uploads\/TS-0625-4072.jpg\" \/>\n\t<meta property=\"og:image:width\" content=\"600\" \/>\n\t<meta property=\"og:image:height\" content=\"450\" \/>\n\t<meta property=\"og:image:type\" content=\"image\/jpeg\" \/>\n<meta name=\"twitter:card\" content=\"summary_large_image\" \/>\n<meta name=\"twitter:label1\" content=\"Tahmini okuma s\u00fcresi\" \/>\n\t<meta name=\"twitter:data1\" content=\"1 dakika\" \/>\n<script type=\"application\/ld+json\" class=\"yoast-schema-graph\">{\"@context\":\"https:\\\/\\\/schema.org\",\"@graph\":[{\"@type\":\"WebPage\",\"@id\":\"https:\\\/\\\/markasite.com.tr\\\/markamotors\\\/urun\\\/iwg75-garrett-gtx28r-sr20-7psi\\\/\",\"url\":\"https:\\\/\\\/markasite.com.tr\\\/markamotors\\\/urun\\\/iwg75-garrett-gtx28r-sr20-7psi\\\/\",\"name\":\"IWG75 Garrett GTX28R SR20 7PSI - Marka Motors\",\"isPartOf\":{\"@id\":\"https:\\\/\\\/markasite.com.tr\\\/markamotors\\\/#website\"},\"primaryImageOfPage\":{\"@id\":\"https:\\\/\\\/markasite.com.tr\\\/markamotors\\\/urun\\\/iwg75-garrett-gtx28r-sr20-7psi\\\/#primaryimage\"},\"image\":{\"@id\":\"https:\\\/\\\/markasite.com.tr\\\/markamotors\\\/urun\\\/iwg75-garrett-gtx28r-sr20-7psi\\\/#primaryimage\"},\"thumbnailUrl\":\"https:\\\/\\\/markasite.com.tr\\\/markamotors\\\/wp-content\\\/uploads\\\/TS-0625-4072.jpg\",\"datePublished\":\"2026-02-22T21:35:58+00:00\",\"dateModified\":\"2026-04-04T09:59:40+00:00\",\"breadcrumb\":{\"@id\":\"https:\\\/\\\/markasite.com.tr\\\/markamotors\\\/urun\\\/iwg75-garrett-gtx28r-sr20-7psi\\\/#breadcrumb\"},\"inLanguage\":\"tr\",\"potentialAction\":[{\"@type\":\"ReadAction\",\"target\":[\"https:\\\/\\\/markasite.com.tr\\\/markamotors\\\/urun\\\/iwg75-garrett-gtx28r-sr20-7psi\\\/\"]}]},{\"@type\":\"ImageObject\",\"inLanguage\":\"tr\",\"@id\":\"https:\\\/\\\/markasite.com.tr\\\/markamotors\\\/urun\\\/iwg75-garrett-gtx28r-sr20-7psi\\\/#primaryimage\",\"url\":\"https:\\\/\\\/markasite.com.tr\\\/markamotors\\\/wp-content\\\/uploads\\\/TS-0625-4072.jpg\",\"contentUrl\":\"https:\\\/\\\/markasite.com.tr\\\/markamotors\\\/wp-content\\\/uploads\\\/TS-0625-4072.jpg\",\"width\":600,\"height\":450},{\"@type\":\"BreadcrumbList\",\"@id\":\"https:\\\/\\\/markasite.com.tr\\\/markamotors\\\/urun\\\/iwg75-garrett-gtx28r-sr20-7psi\\\/#breadcrumb\",\"itemListElement\":[{\"@type\":\"ListItem\",\"position\":1,\"name\":\"Anasayfa\",\"item\":\"https:\\\/\\\/markasite.com.tr\\\/markamotors\\\/\"},{\"@type\":\"ListItem\",\"position\":2,\"name\":\"IWG75 Garrett GTX28R SR20 7PSI\"}]},{\"@type\":\"WebSite\",\"@id\":\"https:\\\/\\\/markasite.com.tr\\\/markamotors\\\/#website\",\"url\":\"https:\\\/\\\/markasite.com.tr\\\/markamotors\\\/\",\"name\":\"Marka Motors\",\"description\":\"\",\"publisher\":{\"@id\":\"https:\\\/\\\/markasite.com.tr\\\/markamotors\\\/#organization\"},\"potentialAction\":[{\"@type\":\"SearchAction\",\"target\":{\"@type\":\"EntryPoint\",\"urlTemplate\":\"https:\\\/\\\/markasite.com.tr\\\/markamotors\\\/?s={search_term_string}\"},\"query-input\":{\"@type\":\"PropertyValueSpecification\",\"valueRequired\":true,\"valueName\":\"search_term_string\"}}],\"inLanguage\":\"tr\"},{\"@type\":\"Organization\",\"@id\":\"https:\\\/\\\/markasite.com.tr\\\/markamotors\\\/#organization\",\"name\":\"Marka Motors\",\"url\":\"https:\\\/\\\/markasite.com.tr\\\/markamotors\\\/\",\"logo\":{\"@type\":\"ImageObject\",\"inLanguage\":\"tr\",\"@id\":\"https:\\\/\\\/markasite.com.tr\\\/markamotors\\\/#\\\/schema\\\/logo\\\/image\\\/\",\"url\":\"https:\\\/\\\/markasite.com.tr\\\/markamotors\\\/wp-content\\\/uploads\\\/footerMarkaMotors.png\",\"contentUrl\":\"https:\\\/\\\/markasite.com.tr\\\/markamotors\\\/wp-content\\\/uploads\\\/footerMarkaMotors.png\",\"width\":215,\"height\":58,\"caption\":\"Marka Motors\"},\"image\":{\"@id\":\"https:\\\/\\\/markasite.com.tr\\\/markamotors\\\/#\\\/schema\\\/logo\\\/image\\\/\"},\"sameAs\":[\"https:\\\/\\\/www.facebook.com\\\/?locale=tr_TR\"]}]}<\/script>\n<!-- \/ Yoast SEO plugin. -->","yoast_head_json":{"title":"IWG75 Garrett GTX28R SR20 7PSI - Marka Motors","robots":{"index":"index","follow":"follow","max-snippet":"max-snippet:-1","max-image-preview":"max-image-preview:large","max-video-preview":"max-video-preview:-1"},"canonical":"https:\/\/markasite.com.tr\/markamotors\/urun\/iwg75-garrett-gtx28r-sr20-7psi\/","og_locale":"tr_TR","og_type":"article","og_title":"IWG75 Garrett GTX28R SR20 7PSI - Marka Motors","og_description":"Turbosmart Geli\u015ftirilmi\u015f At\u0131k Gaz Valfi Akt\u00fcat\u00f6rleri, fabrika \u00e7\u0131k\u0131\u015fl\u0131 turbo\u015farj\u0131n\u0131z i\u00e7in m\u00fcmk\u00fcn olan en y\u00fcksek takviye tepkisini sa\u011flamak \u00fczere geli\u015ftirilmi\u015ftir. Turbosmart IWG75 Serisi geli\u015ftirilmi\u015f akt\u00fcat\u00f6rler, fabrika ekipman\u0131na g\u00f6re art\u0131r\u0131lm\u0131\u015f bir &#8216;\u00c7al\u0131\u015fma Oran\u0131&#8217;ndan faydalanarak, t\u00fcm RPM aral\u0131\u011f\u0131 boyunca iyile\u015ftirilmi\u015f takviye tepkisi sunar. Bu iyile\u015ftirilmi\u015f &#8216;\u00e7al\u0131\u015fma oran\u0131&#8217;, diyafram\u0131n etkili y\u00fczey alan\u0131n\u0131n art\u0131r\u0131lmas\u0131 ve tak\u0131lan yaylarda yap\u0131lan revizyonlar sayesinde","og_url":"https:\/\/markasite.com.tr\/markamotors\/urun\/iwg75-garrett-gtx28r-sr20-7psi\/","og_site_name":"Marka Motors","article_publisher":"https:\/\/www.facebook.com\/?locale=tr_TR","article_modified_time":"2026-04-04T09:59:40+00:00","og_image":[{"width":600,"height":450,"url":"https:\/\/markasite.com.tr\/markamotors\/wp-content\/uploads\/TS-0625-4072.jpg","type":"image\/jpeg"}],"twitter_card":"summary_large_image","twitter_misc":{"Tahmini okuma s\u00fcresi":"1 dakika"},"schema":{"@context":"https:\/\/schema.org","@graph":[{"@type":"WebPage","@id":"https:\/\/markasite.com.tr\/markamotors\/urun\/iwg75-garrett-gtx28r-sr20-7psi\/","url":"https:\/\/markasite.com.tr\/markamotors\/urun\/iwg75-garrett-gtx28r-sr20-7psi\/","name":"IWG75 Garrett GTX28R SR20 7PSI - Marka Motors","isPartOf":{"@id":"https:\/\/markasite.com.tr\/markamotors\/#website"},"primaryImageOfPage":{"@id":"https:\/\/markasite.com.tr\/markamotors\/urun\/iwg75-garrett-gtx28r-sr20-7psi\/#primaryimage"},"image":{"@id":"https:\/\/markasite.com.tr\/markamotors\/urun\/iwg75-garrett-gtx28r-sr20-7psi\/#primaryimage"},"thumbnailUrl":"https:\/\/markasite.com.tr\/markamotors\/wp-content\/uploads\/TS-0625-4072.jpg","datePublished":"2026-02-22T21:35:58+00:00","dateModified":"2026-04-04T09:59:40+00:00","breadcrumb":{"@id":"https:\/\/markasite.com.tr\/markamotors\/urun\/iwg75-garrett-gtx28r-sr20-7psi\/#breadcrumb"},"inLanguage":"tr","potentialAction":[{"@type":"ReadAction","target":["https:\/\/markasite.com.tr\/markamotors\/urun\/iwg75-garrett-gtx28r-sr20-7psi\/"]}]},{"@type":"ImageObject","inLanguage":"tr","@id":"https:\/\/markasite.com.tr\/markamotors\/urun\/iwg75-garrett-gtx28r-sr20-7psi\/#primaryimage","url":"https:\/\/markasite.com.tr\/markamotors\/wp-content\/uploads\/TS-0625-4072.jpg","contentUrl":"https:\/\/markasite.com.tr\/markamotors\/wp-content\/uploads\/TS-0625-4072.jpg","width":600,"height":450},{"@type":"BreadcrumbList","@id":"https:\/\/markasite.com.tr\/markamotors\/urun\/iwg75-garrett-gtx28r-sr20-7psi\/#breadcrumb","itemListElement":[{"@type":"ListItem","position":1,"name":"Anasayfa","item":"https:\/\/markasite.com.tr\/markamotors\/"},{"@type":"ListItem","position":2,"name":"IWG75 Garrett GTX28R SR20 7PSI"}]},{"@type":"WebSite","@id":"https:\/\/markasite.com.tr\/markamotors\/#website","url":"https:\/\/markasite.com.tr\/markamotors\/","name":"Marka Motors","description":"","publisher":{"@id":"https:\/\/markasite.com.tr\/markamotors\/#organization"},"potentialAction":[{"@type":"SearchAction","target":{"@type":"EntryPoint","urlTemplate":"https:\/\/markasite.com.tr\/markamotors\/?s={search_term_string}"},"query-input":{"@type":"PropertyValueSpecification","valueRequired":true,"valueName":"search_term_string"}}],"inLanguage":"tr"},{"@type":"Organization","@id":"https:\/\/markasite.com.tr\/markamotors\/#organization","name":"Marka Motors","url":"https:\/\/markasite.com.tr\/markamotors\/","logo":{"@type":"ImageObject","inLanguage":"tr","@id":"https:\/\/markasite.com.tr\/markamotors\/#\/schema\/logo\/image\/","url":"https:\/\/markasite.com.tr\/markamotors\/wp-content\/uploads\/footerMarkaMotors.png","contentUrl":"https:\/\/markasite.com.tr\/markamotors\/wp-content\/uploads\/footerMarkaMotors.png","width":215,"height":58,"caption":"Marka Motors"},"image":{"@id":"https:\/\/markasite.com.tr\/markamotors\/#\/schema\/logo\/image\/"},"sameAs":["https:\/\/www.facebook.com\/?locale=tr_TR"]}]}},"_links":{"self":[{"href":"https:\/\/markasite.com.tr\/markamotors\/wp-json\/wp\/v2\/product\/6922","targetHints":{"allow":["GET"]}}],"collection":[{"href":"https:\/\/markasite.com.tr\/markamotors\/wp-json\/wp\/v2\/product"}],"about":[{"href":"https:\/\/markasite.com.tr\/markamotors\/wp-json\/wp\/v2\/types\/product"}],"wp:featuredmedia":[{"embeddable":true,"href":"https:\/\/markasite.com.tr\/markamotors\/wp-json\/wp\/v2\/media\/6823"}],"wp:attachment":[{"href":"https:\/\/markasite.com.tr\/markamotors\/wp-json\/wp\/v2\/media?parent=6922"}],"wp:term":[{"taxonomy":"product_brand","embeddable":true,"href":"https:\/\/markasite.com.tr\/markamotors\/wp-json\/wp\/v2\/product_brand?post=6922"},{"taxonomy":"product_cat","embeddable":true,"href":"https:\/\/markasite.com.tr\/markamotors\/wp-json\/wp\/v2\/product_cat?post=6922"},{"taxonomy":"product_tag","embeddable":true,"href":"https:\/\/markasite.com.tr\/markamotors\/wp-json\/wp\/v2\/product_tag?post=6922"}],"curies":[{"name":"wp","href":"https:\/\/api.w.org\/{rel}","templated":true}]}}