{"id":6921,"date":"2026-02-23T00:35:57","date_gmt":"2026-02-22T21:35:57","guid":{"rendered":"https:\/\/markasite.com.tr\/markamotors\/urun\/turbocharger-direct-mount-oil-filter-44um-banjo-an-4\/"},"modified":"2026-02-24T02:32:25","modified_gmt":"2026-02-23T23:32:25","slug":"turbocharger-direct-mount-oil-filter-44um-banjo-an-4","status":"publish","type":"product","link":"https:\/\/markasite.com.tr\/markamotors\/urun\/turbocharger-direct-mount-oil-filter-44um-banjo-an-4\/","title":{"rendered":"<div class=\"product-loop-meta\"><div class=\"loop-cat\">Turbo Ya\u011f Filtresi<\/div><div class=\"brand\"><img alt=\"TURBOSMART\" src=\"https:\/\/markasite.com.tr\/markamotors\/wp-content\/uploads\/TURBOSMART.jpg\"><\/div><\/div><div class=\"list-pro-title\">Turbocharger Direct Mount Oil Filter 44Um &#8211; Banjo An-4<\/div>"},"content":{"rendered":"<p>Turbosmart, \u00f6d\u00fcll\u00fc Billet Turbo Ya\u011f Besleme Filtresinin g\u00f6vdesini, turbo ya\u011f giri\u015f ba\u011flant\u0131 par\u00e7as\u0131na do\u011frudan monte edilebilecek kadar kompakt bir boyuta k\u00fc\u00e7\u00fcltt\u00fc. 44 mikronluk pileli disk paslanmaz \u00e7elik y\u0131kanabilir elek filtresiyle birlikte, art\u0131k hi\u00e7bir turbonun korumas\u0131z \u00e7al\u0131\u015ft\u0131r\u0131lmas\u0131na gerek yok.<\/p>\n<p>Fabrika \u00e7\u0131k\u0131\u015fl\u0131 olarak -4AN erkek banjo ba\u011flant\u0131 giri\u015fi ve -4AN di\u015fi \u00e7\u0131k\u0131\u015fa sahip olan bu ba\u011flant\u0131 par\u00e7as\u0131, Turbosmart Turbo\u015farj\u0131n\u0131z\u0131n (ve di\u011fer bir\u00e7ok markan\u0131n da) ya\u011f besleme hatt\u0131na do\u011frudan vidalan\u0131r. Turbosmart Turbo Ya\u011f Besleme Filtresi, minimum k\u0131s\u0131tlama ile maksimum filtrasyon sa\u011flar; bu da y\u00fcksek performansl\u0131 ve motor sporlar\u0131 turbo\u015farj sisteminiz i\u00e7in uygun maliyetli bir g\u00fcvence anlam\u0131na gelir.<\/p>\n","protected":false},"excerpt":{"rendered":"<p>Turbosmart, \u00f6d\u00fcll\u00fc Billet Turbo Ya\u011f Besleme Filtresinin g\u00f6vdesini, turbo ya\u011f giri\u015f ba\u011flant\u0131 par\u00e7as\u0131na do\u011frudan monte edilebilecek kadar kompakt bir boyuta k\u00fc\u00e7\u00fcltt\u00fc. 44 mikronluk pileli disk paslanmaz \u00e7elik y\u0131kanabilir elek filtresiyle birlikte, art\u0131k hi\u00e7bir turbonun korumas\u0131z \u00e7al\u0131\u015ft\u0131r\u0131lmas\u0131na gerek yok. Fabrika \u00e7\u0131k\u0131\u015fl\u0131 olarak -4AN erkek banjo ba\u011flant\u0131 giri\u015fi ve -4AN di\u015fi \u00e7\u0131k\u0131\u015fa sahip olan bu ba\u011flant\u0131 par\u00e7as\u0131,<\/p>\n","protected":false},"featured_media":6824,"template":"","meta":{"_acf_changed":false},"product_brand":[337],"product_cat":[66],"product_tag":[],"class_list":{"0":"post-6921","1":"product","2":"type-product","3":"status-publish","4":"has-post-thumbnail","6":"product_brand-turbosmart","7":"product_cat-turbo-yag-filtresi","9":"first","10":"instock","11":"taxable","12":"shipping-taxable","13":"purchasable","14":"product-type-simple"},"acf":[],"yoast_head":"<!-- This site is optimized with the Yoast SEO plugin v27.3 - https:\/\/yoast.com\/product\/yoast-seo-wordpress\/ -->\n<title>Turbocharger Direct Mount Oil Filter 44um - Banjo AN-4 - Marka Motors<\/title>\n<meta name=\"robots\" content=\"index, follow, max-snippet:-1, max-image-preview:large, max-video-preview:-1\" \/>\n<link rel=\"canonical\" href=\"https:\/\/markasite.com.tr\/markamotors\/urun\/turbocharger-direct-mount-oil-filter-44um-banjo-an-4\/\" \/>\n<meta property=\"og:locale\" content=\"tr_TR\" \/>\n<meta property=\"og:type\" content=\"article\" \/>\n<meta property=\"og:title\" content=\"Turbocharger Direct Mount Oil Filter 44um - Banjo AN-4 - Marka Motors\" \/>\n<meta property=\"og:description\" content=\"Turbosmart, \u00f6d\u00fcll\u00fc Billet Turbo Ya\u011f Besleme Filtresinin g\u00f6vdesini, turbo ya\u011f giri\u015f ba\u011flant\u0131 par\u00e7as\u0131na do\u011frudan monte edilebilecek kadar kompakt bir boyuta k\u00fc\u00e7\u00fcltt\u00fc. 44 mikronluk pileli disk paslanmaz \u00e7elik y\u0131kanabilir elek filtresiyle birlikte, art\u0131k hi\u00e7bir turbonun korumas\u0131z \u00e7al\u0131\u015ft\u0131r\u0131lmas\u0131na gerek yok. Fabrika \u00e7\u0131k\u0131\u015fl\u0131 olarak -4AN erkek banjo ba\u011flant\u0131 giri\u015fi ve -4AN di\u015fi \u00e7\u0131k\u0131\u015fa sahip olan bu ba\u011flant\u0131 par\u00e7as\u0131,\" \/>\n<meta property=\"og:url\" content=\"https:\/\/markasite.com.tr\/markamotors\/urun\/turbocharger-direct-mount-oil-filter-44um-banjo-an-4\/\" \/>\n<meta property=\"og:site_name\" content=\"Marka Motors\" \/>\n<meta property=\"article:publisher\" content=\"https:\/\/www.facebook.com\/?locale=tr_TR\" \/>\n<meta property=\"article:modified_time\" content=\"2026-02-23T23:32:25+00:00\" \/>\n<meta property=\"og:image\" content=\"https:\/\/markasite.com.tr\/markamotors\/wp-content\/uploads\/TS-0804-1004.jpg\" \/>\n\t<meta property=\"og:image:width\" content=\"600\" \/>\n\t<meta property=\"og:image:height\" content=\"450\" \/>\n\t<meta property=\"og:image:type\" content=\"image\/jpeg\" \/>\n<meta name=\"twitter:card\" content=\"summary_large_image\" \/>\n<meta name=\"twitter:label1\" content=\"Tahmini okuma s\u00fcresi\" \/>\n\t<meta name=\"twitter:data1\" content=\"1 dakika\" \/>\n<script type=\"application\/ld+json\" class=\"yoast-schema-graph\">{\"@context\":\"https:\\\/\\\/schema.org\",\"@graph\":[{\"@type\":\"WebPage\",\"@id\":\"https:\\\/\\\/markasite.com.tr\\\/markamotors\\\/urun\\\/turbocharger-direct-mount-oil-filter-44um-banjo-an-4\\\/\",\"url\":\"https:\\\/\\\/markasite.com.tr\\\/markamotors\\\/urun\\\/turbocharger-direct-mount-oil-filter-44um-banjo-an-4\\\/\",\"name\":\"Turbocharger Direct Mount Oil Filter 44um - Banjo AN-4 - Marka Motors\",\"isPartOf\":{\"@id\":\"https:\\\/\\\/markasite.com.tr\\\/markamotors\\\/#website\"},\"primaryImageOfPage\":{\"@id\":\"https:\\\/\\\/markasite.com.tr\\\/markamotors\\\/urun\\\/turbocharger-direct-mount-oil-filter-44um-banjo-an-4\\\/#primaryimage\"},\"image\":{\"@id\":\"https:\\\/\\\/markasite.com.tr\\\/markamotors\\\/urun\\\/turbocharger-direct-mount-oil-filter-44um-banjo-an-4\\\/#primaryimage\"},\"thumbnailUrl\":\"https:\\\/\\\/markasite.com.tr\\\/markamotors\\\/wp-content\\\/uploads\\\/TS-0804-1004.jpg\",\"datePublished\":\"2026-02-22T21:35:57+00:00\",\"dateModified\":\"2026-02-23T23:32:25+00:00\",\"breadcrumb\":{\"@id\":\"https:\\\/\\\/markasite.com.tr\\\/markamotors\\\/urun\\\/turbocharger-direct-mount-oil-filter-44um-banjo-an-4\\\/#breadcrumb\"},\"inLanguage\":\"tr\",\"potentialAction\":[{\"@type\":\"ReadAction\",\"target\":[\"https:\\\/\\\/markasite.com.tr\\\/markamotors\\\/urun\\\/turbocharger-direct-mount-oil-filter-44um-banjo-an-4\\\/\"]}]},{\"@type\":\"ImageObject\",\"inLanguage\":\"tr\",\"@id\":\"https:\\\/\\\/markasite.com.tr\\\/markamotors\\\/urun\\\/turbocharger-direct-mount-oil-filter-44um-banjo-an-4\\\/#primaryimage\",\"url\":\"https:\\\/\\\/markasite.com.tr\\\/markamotors\\\/wp-content\\\/uploads\\\/TS-0804-1004.jpg\",\"contentUrl\":\"https:\\\/\\\/markasite.com.tr\\\/markamotors\\\/wp-content\\\/uploads\\\/TS-0804-1004.jpg\",\"width\":600,\"height\":450},{\"@type\":\"BreadcrumbList\",\"@id\":\"https:\\\/\\\/markasite.com.tr\\\/markamotors\\\/urun\\\/turbocharger-direct-mount-oil-filter-44um-banjo-an-4\\\/#breadcrumb\",\"itemListElement\":[{\"@type\":\"ListItem\",\"position\":1,\"name\":\"Anasayfa\",\"item\":\"https:\\\/\\\/markasite.com.tr\\\/markamotors\\\/\"},{\"@type\":\"ListItem\",\"position\":2,\"name\":\"Turbocharger Direct Mount Oil Filter 44um &#8211; Banjo AN-4\"}]},{\"@type\":\"WebSite\",\"@id\":\"https:\\\/\\\/markasite.com.tr\\\/markamotors\\\/#website\",\"url\":\"https:\\\/\\\/markasite.com.tr\\\/markamotors\\\/\",\"name\":\"Marka Motors\",\"description\":\"\",\"publisher\":{\"@id\":\"https:\\\/\\\/markasite.com.tr\\\/markamotors\\\/#organization\"},\"potentialAction\":[{\"@type\":\"SearchAction\",\"target\":{\"@type\":\"EntryPoint\",\"urlTemplate\":\"https:\\\/\\\/markasite.com.tr\\\/markamotors\\\/?s={search_term_string}\"},\"query-input\":{\"@type\":\"PropertyValueSpecification\",\"valueRequired\":true,\"valueName\":\"search_term_string\"}}],\"inLanguage\":\"tr\"},{\"@type\":\"Organization\",\"@id\":\"https:\\\/\\\/markasite.com.tr\\\/markamotors\\\/#organization\",\"name\":\"Marka Motors\",\"url\":\"https:\\\/\\\/markasite.com.tr\\\/markamotors\\\/\",\"logo\":{\"@type\":\"ImageObject\",\"inLanguage\":\"tr\",\"@id\":\"https:\\\/\\\/markasite.com.tr\\\/markamotors\\\/#\\\/schema\\\/logo\\\/image\\\/\",\"url\":\"https:\\\/\\\/markasite.com.tr\\\/markamotors\\\/wp-content\\\/uploads\\\/footerMarkaMotors.png\",\"contentUrl\":\"https:\\\/\\\/markasite.com.tr\\\/markamotors\\\/wp-content\\\/uploads\\\/footerMarkaMotors.png\",\"width\":215,\"height\":58,\"caption\":\"Marka Motors\"},\"image\":{\"@id\":\"https:\\\/\\\/markasite.com.tr\\\/markamotors\\\/#\\\/schema\\\/logo\\\/image\\\/\"},\"sameAs\":[\"https:\\\/\\\/www.facebook.com\\\/?locale=tr_TR\"]}]}<\/script>\n<!-- \/ Yoast SEO plugin. -->","yoast_head_json":{"title":"Turbocharger Direct Mount Oil Filter 44um - Banjo AN-4 - Marka Motors","robots":{"index":"index","follow":"follow","max-snippet":"max-snippet:-1","max-image-preview":"max-image-preview:large","max-video-preview":"max-video-preview:-1"},"canonical":"https:\/\/markasite.com.tr\/markamotors\/urun\/turbocharger-direct-mount-oil-filter-44um-banjo-an-4\/","og_locale":"tr_TR","og_type":"article","og_title":"Turbocharger Direct Mount Oil Filter 44um - Banjo AN-4 - Marka Motors","og_description":"Turbosmart, \u00f6d\u00fcll\u00fc Billet Turbo Ya\u011f Besleme Filtresinin g\u00f6vdesini, turbo ya\u011f giri\u015f ba\u011flant\u0131 par\u00e7as\u0131na do\u011frudan monte edilebilecek kadar kompakt bir boyuta k\u00fc\u00e7\u00fcltt\u00fc. 44 mikronluk pileli disk paslanmaz \u00e7elik y\u0131kanabilir elek filtresiyle birlikte, art\u0131k hi\u00e7bir turbonun korumas\u0131z \u00e7al\u0131\u015ft\u0131r\u0131lmas\u0131na gerek yok. Fabrika \u00e7\u0131k\u0131\u015fl\u0131 olarak -4AN erkek banjo ba\u011flant\u0131 giri\u015fi ve -4AN di\u015fi \u00e7\u0131k\u0131\u015fa sahip olan bu ba\u011flant\u0131 par\u00e7as\u0131,","og_url":"https:\/\/markasite.com.tr\/markamotors\/urun\/turbocharger-direct-mount-oil-filter-44um-banjo-an-4\/","og_site_name":"Marka Motors","article_publisher":"https:\/\/www.facebook.com\/?locale=tr_TR","article_modified_time":"2026-02-23T23:32:25+00:00","og_image":[{"width":600,"height":450,"url":"https:\/\/markasite.com.tr\/markamotors\/wp-content\/uploads\/TS-0804-1004.jpg","type":"image\/jpeg"}],"twitter_card":"summary_large_image","twitter_misc":{"Tahmini okuma s\u00fcresi":"1 dakika"},"schema":{"@context":"https:\/\/schema.org","@graph":[{"@type":"WebPage","@id":"https:\/\/markasite.com.tr\/markamotors\/urun\/turbocharger-direct-mount-oil-filter-44um-banjo-an-4\/","url":"https:\/\/markasite.com.tr\/markamotors\/urun\/turbocharger-direct-mount-oil-filter-44um-banjo-an-4\/","name":"Turbocharger Direct Mount Oil Filter 44um - Banjo AN-4 - Marka Motors","isPartOf":{"@id":"https:\/\/markasite.com.tr\/markamotors\/#website"},"primaryImageOfPage":{"@id":"https:\/\/markasite.com.tr\/markamotors\/urun\/turbocharger-direct-mount-oil-filter-44um-banjo-an-4\/#primaryimage"},"image":{"@id":"https:\/\/markasite.com.tr\/markamotors\/urun\/turbocharger-direct-mount-oil-filter-44um-banjo-an-4\/#primaryimage"},"thumbnailUrl":"https:\/\/markasite.com.tr\/markamotors\/wp-content\/uploads\/TS-0804-1004.jpg","datePublished":"2026-02-22T21:35:57+00:00","dateModified":"2026-02-23T23:32:25+00:00","breadcrumb":{"@id":"https:\/\/markasite.com.tr\/markamotors\/urun\/turbocharger-direct-mount-oil-filter-44um-banjo-an-4\/#breadcrumb"},"inLanguage":"tr","potentialAction":[{"@type":"ReadAction","target":["https:\/\/markasite.com.tr\/markamotors\/urun\/turbocharger-direct-mount-oil-filter-44um-banjo-an-4\/"]}]},{"@type":"ImageObject","inLanguage":"tr","@id":"https:\/\/markasite.com.tr\/markamotors\/urun\/turbocharger-direct-mount-oil-filter-44um-banjo-an-4\/#primaryimage","url":"https:\/\/markasite.com.tr\/markamotors\/wp-content\/uploads\/TS-0804-1004.jpg","contentUrl":"https:\/\/markasite.com.tr\/markamotors\/wp-content\/uploads\/TS-0804-1004.jpg","width":600,"height":450},{"@type":"BreadcrumbList","@id":"https:\/\/markasite.com.tr\/markamotors\/urun\/turbocharger-direct-mount-oil-filter-44um-banjo-an-4\/#breadcrumb","itemListElement":[{"@type":"ListItem","position":1,"name":"Anasayfa","item":"https:\/\/markasite.com.tr\/markamotors\/"},{"@type":"ListItem","position":2,"name":"Turbocharger Direct Mount Oil Filter 44um &#8211; Banjo AN-4"}]},{"@type":"WebSite","@id":"https:\/\/markasite.com.tr\/markamotors\/#website","url":"https:\/\/markasite.com.tr\/markamotors\/","name":"Marka Motors","description":"","publisher":{"@id":"https:\/\/markasite.com.tr\/markamotors\/#organization"},"potentialAction":[{"@type":"SearchAction","target":{"@type":"EntryPoint","urlTemplate":"https:\/\/markasite.com.tr\/markamotors\/?s={search_term_string}"},"query-input":{"@type":"PropertyValueSpecification","valueRequired":true,"valueName":"search_term_string"}}],"inLanguage":"tr"},{"@type":"Organization","@id":"https:\/\/markasite.com.tr\/markamotors\/#organization","name":"Marka Motors","url":"https:\/\/markasite.com.tr\/markamotors\/","logo":{"@type":"ImageObject","inLanguage":"tr","@id":"https:\/\/markasite.com.tr\/markamotors\/#\/schema\/logo\/image\/","url":"https:\/\/markasite.com.tr\/markamotors\/wp-content\/uploads\/footerMarkaMotors.png","contentUrl":"https:\/\/markasite.com.tr\/markamotors\/wp-content\/uploads\/footerMarkaMotors.png","width":215,"height":58,"caption":"Marka Motors"},"image":{"@id":"https:\/\/markasite.com.tr\/markamotors\/#\/schema\/logo\/image\/"},"sameAs":["https:\/\/www.facebook.com\/?locale=tr_TR"]}]}},"_links":{"self":[{"href":"https:\/\/markasite.com.tr\/markamotors\/wp-json\/wp\/v2\/product\/6921","targetHints":{"allow":["GET"]}}],"collection":[{"href":"https:\/\/markasite.com.tr\/markamotors\/wp-json\/wp\/v2\/product"}],"about":[{"href":"https:\/\/markasite.com.tr\/markamotors\/wp-json\/wp\/v2\/types\/product"}],"wp:featuredmedia":[{"embeddable":true,"href":"https:\/\/markasite.com.tr\/markamotors\/wp-json\/wp\/v2\/media\/6824"}],"wp:attachment":[{"href":"https:\/\/markasite.com.tr\/markamotors\/wp-json\/wp\/v2\/media?parent=6921"}],"wp:term":[{"taxonomy":"product_brand","embeddable":true,"href":"https:\/\/markasite.com.tr\/markamotors\/wp-json\/wp\/v2\/product_brand?post=6921"},{"taxonomy":"product_cat","embeddable":true,"href":"https:\/\/markasite.com.tr\/markamotors\/wp-json\/wp\/v2\/product_cat?post=6921"},{"taxonomy":"product_tag","embeddable":true,"href":"https:\/\/markasite.com.tr\/markamotors\/wp-json\/wp\/v2\/product_tag?post=6921"}],"curies":[{"name":"wp","href":"https:\/\/api.w.org\/{rel}","templated":true}]}}