{"id":6920,"date":"2026-02-23T00:35:57","date_gmt":"2026-02-22T21:35:57","guid":{"rendered":"https:\/\/markasite.com.tr\/markamotors\/urun\/billet-turbo-oil-feed-filter-44um-an-4-black\/"},"modified":"2026-02-24T02:32:26","modified_gmt":"2026-02-23T23:32:26","slug":"billet-turbo-oil-feed-filter-44um-an-4-black","status":"publish","type":"product","link":"https:\/\/markasite.com.tr\/markamotors\/urun\/billet-turbo-oil-feed-filter-44um-an-4-black\/","title":{"rendered":"<div class=\"product-loop-meta\"><div class=\"loop-cat\">Turbo Ya\u011f Filtresi<\/div><div class=\"brand\"><img alt=\"TURBOSMART\" src=\"https:\/\/markasite.com.tr\/markamotors\/wp-content\/uploads\/TURBOSMART.jpg\"><\/div><\/div><div class=\"list-pro-title\">Billet Turbo Oil Feed Filter 44Um An-4 &#8211; Black<\/div>"},"content":{"rendered":"<p>Turbosmart Motorsport taraf\u0131ndan test edilmi\u015f, 44 mikronluk pileli diskli, y\u0131kanabilir paslanmaz \u00e7elik elekli turbo ya\u011f besleme filtresi.<\/p>\n<p>-3AN ve -4AN \u00e7\u00f6z\u00fcmlerinde bulunan Turbosmart Turbo Ya\u011f Besleme Filtresi, minimum k\u0131s\u0131tlama ile maksimum filtrasyon sa\u011flayarak, y\u00fcksek performansl\u0131 ve motor sporlar\u0131 turbo\u015farj sisteminiz i\u00e7in uygun maliyetli bir g\u00fcvence sunar.<\/p>\n<p>Ayn\u0131 zamanda Turbosmart&#8217;\u0131n OPR T40 Turbo Ya\u011f Bas\u0131n\u00e7 Reg\u00fclat\u00f6r\u00fc Serisi i\u00e7in de m\u00fckemmel bir tamamlay\u0131c\u0131d\u0131r.<\/p>\n","protected":false},"excerpt":{"rendered":"<p>Turbosmart Motorsport taraf\u0131ndan test edilmi\u015f, 44 mikronluk pileli diskli, y\u0131kanabilir paslanmaz \u00e7elik elekli turbo ya\u011f besleme filtresi. -3AN ve -4AN \u00e7\u00f6z\u00fcmlerinde bulunan Turbosmart Turbo Ya\u011f Besleme Filtresi, minimum k\u0131s\u0131tlama ile maksimum filtrasyon sa\u011flayarak, y\u00fcksek performansl\u0131 ve motor sporlar\u0131 turbo\u015farj sisteminiz i\u00e7in uygun maliyetli bir g\u00fcvence sunar. Ayn\u0131 zamanda Turbosmart&#8217;\u0131n OPR T40 Turbo Ya\u011f Bas\u0131n\u00e7 Reg\u00fclat\u00f6r\u00fc<\/p>\n","protected":false},"featured_media":6825,"template":"","meta":{"_acf_changed":false},"product_brand":[337],"product_cat":[66],"product_tag":[],"class_list":{"0":"post-6920","1":"product","2":"type-product","3":"status-publish","4":"has-post-thumbnail","6":"product_brand-turbosmart","7":"product_cat-turbo-yag-filtresi","9":"first","10":"instock","11":"taxable","12":"shipping-taxable","13":"purchasable","14":"product-type-simple"},"acf":[],"yoast_head":"<!-- This site is optimized with the Yoast SEO plugin v27.3 - https:\/\/yoast.com\/product\/yoast-seo-wordpress\/ -->\n<title>Billet Turbo Oil Feed Filter 44um AN-4 - Black - Marka Motors<\/title>\n<meta name=\"robots\" content=\"index, follow, max-snippet:-1, max-image-preview:large, max-video-preview:-1\" \/>\n<link rel=\"canonical\" href=\"https:\/\/markasite.com.tr\/markamotors\/urun\/billet-turbo-oil-feed-filter-44um-an-4-black\/\" \/>\n<meta property=\"og:locale\" content=\"tr_TR\" \/>\n<meta property=\"og:type\" content=\"article\" \/>\n<meta property=\"og:title\" content=\"Billet Turbo Oil Feed Filter 44um AN-4 - Black - Marka Motors\" \/>\n<meta property=\"og:description\" content=\"Turbosmart Motorsport taraf\u0131ndan test edilmi\u015f, 44 mikronluk pileli diskli, y\u0131kanabilir paslanmaz \u00e7elik elekli turbo ya\u011f besleme filtresi. -3AN ve -4AN \u00e7\u00f6z\u00fcmlerinde bulunan Turbosmart Turbo Ya\u011f Besleme Filtresi, minimum k\u0131s\u0131tlama ile maksimum filtrasyon sa\u011flayarak, y\u00fcksek performansl\u0131 ve motor sporlar\u0131 turbo\u015farj sisteminiz i\u00e7in uygun maliyetli bir g\u00fcvence sunar. Ayn\u0131 zamanda Turbosmart&#8217;\u0131n OPR T40 Turbo Ya\u011f Bas\u0131n\u00e7 Reg\u00fclat\u00f6r\u00fc\" \/>\n<meta property=\"og:url\" content=\"https:\/\/markasite.com.tr\/markamotors\/urun\/billet-turbo-oil-feed-filter-44um-an-4-black\/\" \/>\n<meta property=\"og:site_name\" content=\"Marka Motors\" \/>\n<meta property=\"article:publisher\" content=\"https:\/\/www.facebook.com\/?locale=tr_TR\" \/>\n<meta property=\"article:modified_time\" content=\"2026-02-23T23:32:26+00:00\" \/>\n<meta property=\"og:image\" content=\"https:\/\/markasite.com.tr\/markamotors\/wp-content\/uploads\/TS-0804-1002.jpg\" \/>\n\t<meta property=\"og:image:width\" content=\"600\" \/>\n\t<meta property=\"og:image:height\" content=\"450\" \/>\n\t<meta property=\"og:image:type\" content=\"image\/jpeg\" \/>\n<meta name=\"twitter:card\" content=\"summary_large_image\" \/>\n<script type=\"application\/ld+json\" class=\"yoast-schema-graph\">{\"@context\":\"https:\\\/\\\/schema.org\",\"@graph\":[{\"@type\":\"WebPage\",\"@id\":\"https:\\\/\\\/markasite.com.tr\\\/markamotors\\\/urun\\\/billet-turbo-oil-feed-filter-44um-an-4-black\\\/\",\"url\":\"https:\\\/\\\/markasite.com.tr\\\/markamotors\\\/urun\\\/billet-turbo-oil-feed-filter-44um-an-4-black\\\/\",\"name\":\"Billet Turbo Oil Feed Filter 44um AN-4 - Black - Marka Motors\",\"isPartOf\":{\"@id\":\"https:\\\/\\\/markasite.com.tr\\\/markamotors\\\/#website\"},\"primaryImageOfPage\":{\"@id\":\"https:\\\/\\\/markasite.com.tr\\\/markamotors\\\/urun\\\/billet-turbo-oil-feed-filter-44um-an-4-black\\\/#primaryimage\"},\"image\":{\"@id\":\"https:\\\/\\\/markasite.com.tr\\\/markamotors\\\/urun\\\/billet-turbo-oil-feed-filter-44um-an-4-black\\\/#primaryimage\"},\"thumbnailUrl\":\"https:\\\/\\\/markasite.com.tr\\\/markamotors\\\/wp-content\\\/uploads\\\/TS-0804-1002.jpg\",\"datePublished\":\"2026-02-22T21:35:57+00:00\",\"dateModified\":\"2026-02-23T23:32:26+00:00\",\"breadcrumb\":{\"@id\":\"https:\\\/\\\/markasite.com.tr\\\/markamotors\\\/urun\\\/billet-turbo-oil-feed-filter-44um-an-4-black\\\/#breadcrumb\"},\"inLanguage\":\"tr\",\"potentialAction\":[{\"@type\":\"ReadAction\",\"target\":[\"https:\\\/\\\/markasite.com.tr\\\/markamotors\\\/urun\\\/billet-turbo-oil-feed-filter-44um-an-4-black\\\/\"]}]},{\"@type\":\"ImageObject\",\"inLanguage\":\"tr\",\"@id\":\"https:\\\/\\\/markasite.com.tr\\\/markamotors\\\/urun\\\/billet-turbo-oil-feed-filter-44um-an-4-black\\\/#primaryimage\",\"url\":\"https:\\\/\\\/markasite.com.tr\\\/markamotors\\\/wp-content\\\/uploads\\\/TS-0804-1002.jpg\",\"contentUrl\":\"https:\\\/\\\/markasite.com.tr\\\/markamotors\\\/wp-content\\\/uploads\\\/TS-0804-1002.jpg\",\"width\":600,\"height\":450},{\"@type\":\"BreadcrumbList\",\"@id\":\"https:\\\/\\\/markasite.com.tr\\\/markamotors\\\/urun\\\/billet-turbo-oil-feed-filter-44um-an-4-black\\\/#breadcrumb\",\"itemListElement\":[{\"@type\":\"ListItem\",\"position\":1,\"name\":\"Anasayfa\",\"item\":\"https:\\\/\\\/markasite.com.tr\\\/markamotors\\\/\"},{\"@type\":\"ListItem\",\"position\":2,\"name\":\"Billet Turbo Oil Feed Filter 44um AN-4 &#8211; Black\"}]},{\"@type\":\"WebSite\",\"@id\":\"https:\\\/\\\/markasite.com.tr\\\/markamotors\\\/#website\",\"url\":\"https:\\\/\\\/markasite.com.tr\\\/markamotors\\\/\",\"name\":\"Marka Motors\",\"description\":\"\",\"publisher\":{\"@id\":\"https:\\\/\\\/markasite.com.tr\\\/markamotors\\\/#organization\"},\"potentialAction\":[{\"@type\":\"SearchAction\",\"target\":{\"@type\":\"EntryPoint\",\"urlTemplate\":\"https:\\\/\\\/markasite.com.tr\\\/markamotors\\\/?s={search_term_string}\"},\"query-input\":{\"@type\":\"PropertyValueSpecification\",\"valueRequired\":true,\"valueName\":\"search_term_string\"}}],\"inLanguage\":\"tr\"},{\"@type\":\"Organization\",\"@id\":\"https:\\\/\\\/markasite.com.tr\\\/markamotors\\\/#organization\",\"name\":\"Marka Motors\",\"url\":\"https:\\\/\\\/markasite.com.tr\\\/markamotors\\\/\",\"logo\":{\"@type\":\"ImageObject\",\"inLanguage\":\"tr\",\"@id\":\"https:\\\/\\\/markasite.com.tr\\\/markamotors\\\/#\\\/schema\\\/logo\\\/image\\\/\",\"url\":\"https:\\\/\\\/markasite.com.tr\\\/markamotors\\\/wp-content\\\/uploads\\\/footerMarkaMotors.png\",\"contentUrl\":\"https:\\\/\\\/markasite.com.tr\\\/markamotors\\\/wp-content\\\/uploads\\\/footerMarkaMotors.png\",\"width\":215,\"height\":58,\"caption\":\"Marka Motors\"},\"image\":{\"@id\":\"https:\\\/\\\/markasite.com.tr\\\/markamotors\\\/#\\\/schema\\\/logo\\\/image\\\/\"},\"sameAs\":[\"https:\\\/\\\/www.facebook.com\\\/?locale=tr_TR\"]}]}<\/script>\n<!-- \/ Yoast SEO plugin. -->","yoast_head_json":{"title":"Billet Turbo Oil Feed Filter 44um AN-4 - Black - Marka Motors","robots":{"index":"index","follow":"follow","max-snippet":"max-snippet:-1","max-image-preview":"max-image-preview:large","max-video-preview":"max-video-preview:-1"},"canonical":"https:\/\/markasite.com.tr\/markamotors\/urun\/billet-turbo-oil-feed-filter-44um-an-4-black\/","og_locale":"tr_TR","og_type":"article","og_title":"Billet Turbo Oil Feed Filter 44um AN-4 - Black - Marka Motors","og_description":"Turbosmart Motorsport taraf\u0131ndan test edilmi\u015f, 44 mikronluk pileli diskli, y\u0131kanabilir paslanmaz \u00e7elik elekli turbo ya\u011f besleme filtresi. -3AN ve -4AN \u00e7\u00f6z\u00fcmlerinde bulunan Turbosmart Turbo Ya\u011f Besleme Filtresi, minimum k\u0131s\u0131tlama ile maksimum filtrasyon sa\u011flayarak, y\u00fcksek performansl\u0131 ve motor sporlar\u0131 turbo\u015farj sisteminiz i\u00e7in uygun maliyetli bir g\u00fcvence sunar. Ayn\u0131 zamanda Turbosmart&#8217;\u0131n OPR T40 Turbo Ya\u011f Bas\u0131n\u00e7 Reg\u00fclat\u00f6r\u00fc","og_url":"https:\/\/markasite.com.tr\/markamotors\/urun\/billet-turbo-oil-feed-filter-44um-an-4-black\/","og_site_name":"Marka Motors","article_publisher":"https:\/\/www.facebook.com\/?locale=tr_TR","article_modified_time":"2026-02-23T23:32:26+00:00","og_image":[{"width":600,"height":450,"url":"https:\/\/markasite.com.tr\/markamotors\/wp-content\/uploads\/TS-0804-1002.jpg","type":"image\/jpeg"}],"twitter_card":"summary_large_image","schema":{"@context":"https:\/\/schema.org","@graph":[{"@type":"WebPage","@id":"https:\/\/markasite.com.tr\/markamotors\/urun\/billet-turbo-oil-feed-filter-44um-an-4-black\/","url":"https:\/\/markasite.com.tr\/markamotors\/urun\/billet-turbo-oil-feed-filter-44um-an-4-black\/","name":"Billet Turbo Oil Feed Filter 44um AN-4 - Black - Marka Motors","isPartOf":{"@id":"https:\/\/markasite.com.tr\/markamotors\/#website"},"primaryImageOfPage":{"@id":"https:\/\/markasite.com.tr\/markamotors\/urun\/billet-turbo-oil-feed-filter-44um-an-4-black\/#primaryimage"},"image":{"@id":"https:\/\/markasite.com.tr\/markamotors\/urun\/billet-turbo-oil-feed-filter-44um-an-4-black\/#primaryimage"},"thumbnailUrl":"https:\/\/markasite.com.tr\/markamotors\/wp-content\/uploads\/TS-0804-1002.jpg","datePublished":"2026-02-22T21:35:57+00:00","dateModified":"2026-02-23T23:32:26+00:00","breadcrumb":{"@id":"https:\/\/markasite.com.tr\/markamotors\/urun\/billet-turbo-oil-feed-filter-44um-an-4-black\/#breadcrumb"},"inLanguage":"tr","potentialAction":[{"@type":"ReadAction","target":["https:\/\/markasite.com.tr\/markamotors\/urun\/billet-turbo-oil-feed-filter-44um-an-4-black\/"]}]},{"@type":"ImageObject","inLanguage":"tr","@id":"https:\/\/markasite.com.tr\/markamotors\/urun\/billet-turbo-oil-feed-filter-44um-an-4-black\/#primaryimage","url":"https:\/\/markasite.com.tr\/markamotors\/wp-content\/uploads\/TS-0804-1002.jpg","contentUrl":"https:\/\/markasite.com.tr\/markamotors\/wp-content\/uploads\/TS-0804-1002.jpg","width":600,"height":450},{"@type":"BreadcrumbList","@id":"https:\/\/markasite.com.tr\/markamotors\/urun\/billet-turbo-oil-feed-filter-44um-an-4-black\/#breadcrumb","itemListElement":[{"@type":"ListItem","position":1,"name":"Anasayfa","item":"https:\/\/markasite.com.tr\/markamotors\/"},{"@type":"ListItem","position":2,"name":"Billet Turbo Oil Feed Filter 44um AN-4 &#8211; Black"}]},{"@type":"WebSite","@id":"https:\/\/markasite.com.tr\/markamotors\/#website","url":"https:\/\/markasite.com.tr\/markamotors\/","name":"Marka Motors","description":"","publisher":{"@id":"https:\/\/markasite.com.tr\/markamotors\/#organization"},"potentialAction":[{"@type":"SearchAction","target":{"@type":"EntryPoint","urlTemplate":"https:\/\/markasite.com.tr\/markamotors\/?s={search_term_string}"},"query-input":{"@type":"PropertyValueSpecification","valueRequired":true,"valueName":"search_term_string"}}],"inLanguage":"tr"},{"@type":"Organization","@id":"https:\/\/markasite.com.tr\/markamotors\/#organization","name":"Marka Motors","url":"https:\/\/markasite.com.tr\/markamotors\/","logo":{"@type":"ImageObject","inLanguage":"tr","@id":"https:\/\/markasite.com.tr\/markamotors\/#\/schema\/logo\/image\/","url":"https:\/\/markasite.com.tr\/markamotors\/wp-content\/uploads\/footerMarkaMotors.png","contentUrl":"https:\/\/markasite.com.tr\/markamotors\/wp-content\/uploads\/footerMarkaMotors.png","width":215,"height":58,"caption":"Marka Motors"},"image":{"@id":"https:\/\/markasite.com.tr\/markamotors\/#\/schema\/logo\/image\/"},"sameAs":["https:\/\/www.facebook.com\/?locale=tr_TR"]}]}},"_links":{"self":[{"href":"https:\/\/markasite.com.tr\/markamotors\/wp-json\/wp\/v2\/product\/6920","targetHints":{"allow":["GET"]}}],"collection":[{"href":"https:\/\/markasite.com.tr\/markamotors\/wp-json\/wp\/v2\/product"}],"about":[{"href":"https:\/\/markasite.com.tr\/markamotors\/wp-json\/wp\/v2\/types\/product"}],"wp:featuredmedia":[{"embeddable":true,"href":"https:\/\/markasite.com.tr\/markamotors\/wp-json\/wp\/v2\/media\/6825"}],"wp:attachment":[{"href":"https:\/\/markasite.com.tr\/markamotors\/wp-json\/wp\/v2\/media?parent=6920"}],"wp:term":[{"taxonomy":"product_brand","embeddable":true,"href":"https:\/\/markasite.com.tr\/markamotors\/wp-json\/wp\/v2\/product_brand?post=6920"},{"taxonomy":"product_cat","embeddable":true,"href":"https:\/\/markasite.com.tr\/markamotors\/wp-json\/wp\/v2\/product_cat?post=6920"},{"taxonomy":"product_tag","embeddable":true,"href":"https:\/\/markasite.com.tr\/markamotors\/wp-json\/wp\/v2\/product_tag?post=6920"}],"curies":[{"name":"wp","href":"https:\/\/api.w.org\/{rel}","templated":true}]}}