{"id":6911,"date":"2026-02-23T00:35:55","date_gmt":"2026-02-22T21:35:55","guid":{"rendered":"https:\/\/markasite.com.tr\/markamotors\/urun\/genv-wg50-progate50-14psi-black\/"},"modified":"2026-02-23T00:35:55","modified_gmt":"2026-02-22T21:35:55","slug":"genv-wg50-progate50-14psi-black","status":"publish","type":"product","link":"https:\/\/markasite.com.tr\/markamotors\/urun\/genv-wg50-progate50-14psi-black\/","title":{"rendered":"<div class=\"product-loop-meta\"><div class=\"loop-cat\">Turbosmart<\/div><div class=\"brand\"><img alt=\"TURBOSMART\" src=\"https:\/\/markasite.com.tr\/markamotors\/wp-content\/uploads\/TURBOSMART.jpg\"><\/div><\/div><div class=\"list-pro-title\">Genv Wg50 Progate50 14Psi Black<\/div>"},"content":{"rendered":"<p>GenV WG50 ProGate50 Harici At\u0131k Gaz Valfi, motor sporlar\u0131nda kendini kan\u0131tlam\u0131\u015f, uygun fiyatl\u0131 50 mm&#8217;lik bir harici at\u0131k gaz valfidir \u2013 D\u00fcnyan\u0131n En Y\u00fcksek Ak\u0131\u015f Kapasiteli 50 mm Harici At\u0131k Gaz Valfi! GenV, kapsaml\u0131 kullan\u0131c\u0131 yap\u0131land\u0131rma se\u00e7enekleri, d\u00fcnya lideri geli\u015fmi\u015f termal performans, yorulma direnci ve optimum kontrol ve uzun \u00f6m\u00fcr i\u00e7in s\u0131n\u0131f\u0131n\u0131n en iyisi ak\u0131\u015f performans\u0131 sunar.<\/p>\n<p>Turbosmart&#8217;\u0131n GenV Harici At\u0131k Gaz Valfi, klasik bir modelin s\u0131f\u0131rdan yeniden tasarlanm\u0131\u015f halidir ve Gen4 serisinden devral\u0131nan tek \u00f6zellik montaj y\u00f6n\u00fcd\u00fcr. Maksimum ak\u0131\u015f ve termal y\u00f6netim i\u00e7in \u015firket i\u00e7inde CFD optimizasyonu ve do\u011frulamas\u0131 yap\u0131lan GenV Serisi, di\u011fer t\u00fcm valflerden daha fazla \u00f6zellik, se\u00e7enek ve performansa sahiptir.<\/p>\n<p>Gen4 Turbosmart at\u0131k gaz valflerinin t\u00fcm\u00fcne do\u011frudan uyumlu bir y\u00fckseltme olup, benzersiz yakal\u0131 kilitleme sistemimiz, kolay ve 360 \u200b\u200bderece d\u00f6nebilen referans hortum y\u00f6nlendirmesi i\u00e7in de\u011fi\u015fken akt\u00fcat\u00f6r kapa\u011f\u0131 ve taban\u0131, kay\u0131\u015f tipi V-bant kelep\u00e7eleri, iste\u011fe ba\u011fl\u0131 s\u0131v\u0131 so\u011futma \u00f6zelli\u011fi, 1\/8\u2033 NPT referans portlar\u0131 i\u00e7erir ve mevcut t\u00fcm yay \u00e7e\u015fitleriyle birlikte sunulur.<\/p>\n","protected":false},"excerpt":{"rendered":"<p>GenV WG50 ProGate50 Harici At\u0131k Gaz Valfi, motor sporlar\u0131nda kendini kan\u0131tlam\u0131\u015f, uygun fiyatl\u0131 50 mm&#8217;lik bir harici at\u0131k gaz valfidir \u2013 D\u00fcnyan\u0131n En Y\u00fcksek Ak\u0131\u015f Kapasiteli 50 mm Harici At\u0131k Gaz Valfi! GenV, kapsaml\u0131 kullan\u0131c\u0131 yap\u0131land\u0131rma se\u00e7enekleri, d\u00fcnya lideri geli\u015fmi\u015f termal performans, yorulma direnci ve optimum kontrol ve uzun \u00f6m\u00fcr i\u00e7in s\u0131n\u0131f\u0131n\u0131n en iyisi ak\u0131\u015f<\/p>\n","protected":false},"featured_media":6834,"template":"","meta":{"_acf_changed":false},"product_brand":[337],"product_cat":[982],"product_tag":[],"class_list":{"0":"post-6911","1":"product","2":"type-product","3":"status-publish","4":"has-post-thumbnail","6":"product_brand-turbosmart","7":"product_cat-turbosmart-wastegates-motor-performans","9":"first","10":"outofstock","11":"taxable","12":"shipping-taxable","13":"purchasable","14":"product-type-simple"},"acf":[],"yoast_head":"<!-- This site is optimized with the Yoast SEO plugin v27.3 - https:\/\/yoast.com\/product\/yoast-seo-wordpress\/ -->\n<title>GenV WG50 ProGate50 14psi Black - Marka Motors<\/title>\n<meta name=\"robots\" content=\"index, follow, max-snippet:-1, max-image-preview:large, max-video-preview:-1\" \/>\n<link rel=\"canonical\" href=\"https:\/\/markasite.com.tr\/markamotors\/urun\/genv-wg50-progate50-14psi-black\/\" \/>\n<meta property=\"og:locale\" content=\"tr_TR\" \/>\n<meta property=\"og:type\" content=\"article\" \/>\n<meta property=\"og:title\" content=\"GenV WG50 ProGate50 14psi Black - Marka Motors\" \/>\n<meta property=\"og:description\" content=\"GenV WG50 ProGate50 Harici At\u0131k Gaz Valfi, motor sporlar\u0131nda kendini kan\u0131tlam\u0131\u015f, uygun fiyatl\u0131 50 mm&#8217;lik bir harici at\u0131k gaz valfidir \u2013 D\u00fcnyan\u0131n En Y\u00fcksek Ak\u0131\u015f Kapasiteli 50 mm Harici At\u0131k Gaz Valfi! GenV, kapsaml\u0131 kullan\u0131c\u0131 yap\u0131land\u0131rma se\u00e7enekleri, d\u00fcnya lideri geli\u015fmi\u015f termal performans, yorulma direnci ve optimum kontrol ve uzun \u00f6m\u00fcr i\u00e7in s\u0131n\u0131f\u0131n\u0131n en iyisi ak\u0131\u015f\" \/>\n<meta property=\"og:url\" content=\"https:\/\/markasite.com.tr\/markamotors\/urun\/genv-wg50-progate50-14psi-black\/\" \/>\n<meta property=\"og:site_name\" content=\"Marka Motors\" \/>\n<meta property=\"article:publisher\" content=\"https:\/\/www.facebook.com\/?locale=tr_TR\" \/>\n<meta property=\"og:image\" content=\"https:\/\/markasite.com.tr\/markamotors\/wp-content\/uploads\/TS-0554-1012.jpg\" \/>\n\t<meta property=\"og:image:width\" content=\"600\" \/>\n\t<meta property=\"og:image:height\" content=\"450\" \/>\n\t<meta property=\"og:image:type\" content=\"image\/jpeg\" \/>\n<meta name=\"twitter:card\" content=\"summary_large_image\" \/>\n<meta name=\"twitter:label1\" content=\"Tahmini okuma s\u00fcresi\" \/>\n\t<meta name=\"twitter:data1\" content=\"1 dakika\" \/>\n<script type=\"application\/ld+json\" class=\"yoast-schema-graph\">{\"@context\":\"https:\\\/\\\/schema.org\",\"@graph\":[{\"@type\":\"WebPage\",\"@id\":\"https:\\\/\\\/markasite.com.tr\\\/markamotors\\\/urun\\\/genv-wg50-progate50-14psi-black\\\/\",\"url\":\"https:\\\/\\\/markasite.com.tr\\\/markamotors\\\/urun\\\/genv-wg50-progate50-14psi-black\\\/\",\"name\":\"GenV WG50 ProGate50 14psi Black - Marka Motors\",\"isPartOf\":{\"@id\":\"https:\\\/\\\/markasite.com.tr\\\/markamotors\\\/#website\"},\"primaryImageOfPage\":{\"@id\":\"https:\\\/\\\/markasite.com.tr\\\/markamotors\\\/urun\\\/genv-wg50-progate50-14psi-black\\\/#primaryimage\"},\"image\":{\"@id\":\"https:\\\/\\\/markasite.com.tr\\\/markamotors\\\/urun\\\/genv-wg50-progate50-14psi-black\\\/#primaryimage\"},\"thumbnailUrl\":\"https:\\\/\\\/markasite.com.tr\\\/markamotors\\\/wp-content\\\/uploads\\\/TS-0554-1012.jpg\",\"datePublished\":\"2026-02-22T21:35:55+00:00\",\"breadcrumb\":{\"@id\":\"https:\\\/\\\/markasite.com.tr\\\/markamotors\\\/urun\\\/genv-wg50-progate50-14psi-black\\\/#breadcrumb\"},\"inLanguage\":\"tr\",\"potentialAction\":[{\"@type\":\"ReadAction\",\"target\":[\"https:\\\/\\\/markasite.com.tr\\\/markamotors\\\/urun\\\/genv-wg50-progate50-14psi-black\\\/\"]}]},{\"@type\":\"ImageObject\",\"inLanguage\":\"tr\",\"@id\":\"https:\\\/\\\/markasite.com.tr\\\/markamotors\\\/urun\\\/genv-wg50-progate50-14psi-black\\\/#primaryimage\",\"url\":\"https:\\\/\\\/markasite.com.tr\\\/markamotors\\\/wp-content\\\/uploads\\\/TS-0554-1012.jpg\",\"contentUrl\":\"https:\\\/\\\/markasite.com.tr\\\/markamotors\\\/wp-content\\\/uploads\\\/TS-0554-1012.jpg\",\"width\":600,\"height\":450},{\"@type\":\"BreadcrumbList\",\"@id\":\"https:\\\/\\\/markasite.com.tr\\\/markamotors\\\/urun\\\/genv-wg50-progate50-14psi-black\\\/#breadcrumb\",\"itemListElement\":[{\"@type\":\"ListItem\",\"position\":1,\"name\":\"Anasayfa\",\"item\":\"https:\\\/\\\/markasite.com.tr\\\/markamotors\\\/\"},{\"@type\":\"ListItem\",\"position\":2,\"name\":\"Genv Wg50 Progate50 14Psi Black\"}]},{\"@type\":\"WebSite\",\"@id\":\"https:\\\/\\\/markasite.com.tr\\\/markamotors\\\/#website\",\"url\":\"https:\\\/\\\/markasite.com.tr\\\/markamotors\\\/\",\"name\":\"Marka Motors\",\"description\":\"\",\"publisher\":{\"@id\":\"https:\\\/\\\/markasite.com.tr\\\/markamotors\\\/#organization\"},\"potentialAction\":[{\"@type\":\"SearchAction\",\"target\":{\"@type\":\"EntryPoint\",\"urlTemplate\":\"https:\\\/\\\/markasite.com.tr\\\/markamotors\\\/?s={search_term_string}\"},\"query-input\":{\"@type\":\"PropertyValueSpecification\",\"valueRequired\":true,\"valueName\":\"search_term_string\"}}],\"inLanguage\":\"tr\"},{\"@type\":\"Organization\",\"@id\":\"https:\\\/\\\/markasite.com.tr\\\/markamotors\\\/#organization\",\"name\":\"Marka Motors\",\"url\":\"https:\\\/\\\/markasite.com.tr\\\/markamotors\\\/\",\"logo\":{\"@type\":\"ImageObject\",\"inLanguage\":\"tr\",\"@id\":\"https:\\\/\\\/markasite.com.tr\\\/markamotors\\\/#\\\/schema\\\/logo\\\/image\\\/\",\"url\":\"https:\\\/\\\/markasite.com.tr\\\/markamotors\\\/wp-content\\\/uploads\\\/footerMarkaMotors.png\",\"contentUrl\":\"https:\\\/\\\/markasite.com.tr\\\/markamotors\\\/wp-content\\\/uploads\\\/footerMarkaMotors.png\",\"width\":215,\"height\":58,\"caption\":\"Marka Motors\"},\"image\":{\"@id\":\"https:\\\/\\\/markasite.com.tr\\\/markamotors\\\/#\\\/schema\\\/logo\\\/image\\\/\"},\"sameAs\":[\"https:\\\/\\\/www.facebook.com\\\/?locale=tr_TR\"]}]}<\/script>\n<!-- \/ Yoast SEO plugin. -->","yoast_head_json":{"title":"GenV WG50 ProGate50 14psi Black - Marka Motors","robots":{"index":"index","follow":"follow","max-snippet":"max-snippet:-1","max-image-preview":"max-image-preview:large","max-video-preview":"max-video-preview:-1"},"canonical":"https:\/\/markasite.com.tr\/markamotors\/urun\/genv-wg50-progate50-14psi-black\/","og_locale":"tr_TR","og_type":"article","og_title":"GenV WG50 ProGate50 14psi Black - Marka Motors","og_description":"GenV WG50 ProGate50 Harici At\u0131k Gaz Valfi, motor sporlar\u0131nda kendini kan\u0131tlam\u0131\u015f, uygun fiyatl\u0131 50 mm&#8217;lik bir harici at\u0131k gaz valfidir \u2013 D\u00fcnyan\u0131n En Y\u00fcksek Ak\u0131\u015f Kapasiteli 50 mm Harici At\u0131k Gaz Valfi! GenV, kapsaml\u0131 kullan\u0131c\u0131 yap\u0131land\u0131rma se\u00e7enekleri, d\u00fcnya lideri geli\u015fmi\u015f termal performans, yorulma direnci ve optimum kontrol ve uzun \u00f6m\u00fcr i\u00e7in s\u0131n\u0131f\u0131n\u0131n en iyisi ak\u0131\u015f","og_url":"https:\/\/markasite.com.tr\/markamotors\/urun\/genv-wg50-progate50-14psi-black\/","og_site_name":"Marka Motors","article_publisher":"https:\/\/www.facebook.com\/?locale=tr_TR","og_image":[{"width":600,"height":450,"url":"https:\/\/markasite.com.tr\/markamotors\/wp-content\/uploads\/TS-0554-1012.jpg","type":"image\/jpeg"}],"twitter_card":"summary_large_image","twitter_misc":{"Tahmini okuma s\u00fcresi":"1 dakika"},"schema":{"@context":"https:\/\/schema.org","@graph":[{"@type":"WebPage","@id":"https:\/\/markasite.com.tr\/markamotors\/urun\/genv-wg50-progate50-14psi-black\/","url":"https:\/\/markasite.com.tr\/markamotors\/urun\/genv-wg50-progate50-14psi-black\/","name":"GenV WG50 ProGate50 14psi Black - Marka Motors","isPartOf":{"@id":"https:\/\/markasite.com.tr\/markamotors\/#website"},"primaryImageOfPage":{"@id":"https:\/\/markasite.com.tr\/markamotors\/urun\/genv-wg50-progate50-14psi-black\/#primaryimage"},"image":{"@id":"https:\/\/markasite.com.tr\/markamotors\/urun\/genv-wg50-progate50-14psi-black\/#primaryimage"},"thumbnailUrl":"https:\/\/markasite.com.tr\/markamotors\/wp-content\/uploads\/TS-0554-1012.jpg","datePublished":"2026-02-22T21:35:55+00:00","breadcrumb":{"@id":"https:\/\/markasite.com.tr\/markamotors\/urun\/genv-wg50-progate50-14psi-black\/#breadcrumb"},"inLanguage":"tr","potentialAction":[{"@type":"ReadAction","target":["https:\/\/markasite.com.tr\/markamotors\/urun\/genv-wg50-progate50-14psi-black\/"]}]},{"@type":"ImageObject","inLanguage":"tr","@id":"https:\/\/markasite.com.tr\/markamotors\/urun\/genv-wg50-progate50-14psi-black\/#primaryimage","url":"https:\/\/markasite.com.tr\/markamotors\/wp-content\/uploads\/TS-0554-1012.jpg","contentUrl":"https:\/\/markasite.com.tr\/markamotors\/wp-content\/uploads\/TS-0554-1012.jpg","width":600,"height":450},{"@type":"BreadcrumbList","@id":"https:\/\/markasite.com.tr\/markamotors\/urun\/genv-wg50-progate50-14psi-black\/#breadcrumb","itemListElement":[{"@type":"ListItem","position":1,"name":"Anasayfa","item":"https:\/\/markasite.com.tr\/markamotors\/"},{"@type":"ListItem","position":2,"name":"Genv Wg50 Progate50 14Psi Black"}]},{"@type":"WebSite","@id":"https:\/\/markasite.com.tr\/markamotors\/#website","url":"https:\/\/markasite.com.tr\/markamotors\/","name":"Marka Motors","description":"","publisher":{"@id":"https:\/\/markasite.com.tr\/markamotors\/#organization"},"potentialAction":[{"@type":"SearchAction","target":{"@type":"EntryPoint","urlTemplate":"https:\/\/markasite.com.tr\/markamotors\/?s={search_term_string}"},"query-input":{"@type":"PropertyValueSpecification","valueRequired":true,"valueName":"search_term_string"}}],"inLanguage":"tr"},{"@type":"Organization","@id":"https:\/\/markasite.com.tr\/markamotors\/#organization","name":"Marka Motors","url":"https:\/\/markasite.com.tr\/markamotors\/","logo":{"@type":"ImageObject","inLanguage":"tr","@id":"https:\/\/markasite.com.tr\/markamotors\/#\/schema\/logo\/image\/","url":"https:\/\/markasite.com.tr\/markamotors\/wp-content\/uploads\/footerMarkaMotors.png","contentUrl":"https:\/\/markasite.com.tr\/markamotors\/wp-content\/uploads\/footerMarkaMotors.png","width":215,"height":58,"caption":"Marka Motors"},"image":{"@id":"https:\/\/markasite.com.tr\/markamotors\/#\/schema\/logo\/image\/"},"sameAs":["https:\/\/www.facebook.com\/?locale=tr_TR"]}]}},"_links":{"self":[{"href":"https:\/\/markasite.com.tr\/markamotors\/wp-json\/wp\/v2\/product\/6911","targetHints":{"allow":["GET"]}}],"collection":[{"href":"https:\/\/markasite.com.tr\/markamotors\/wp-json\/wp\/v2\/product"}],"about":[{"href":"https:\/\/markasite.com.tr\/markamotors\/wp-json\/wp\/v2\/types\/product"}],"wp:featuredmedia":[{"embeddable":true,"href":"https:\/\/markasite.com.tr\/markamotors\/wp-json\/wp\/v2\/media\/6834"}],"wp:attachment":[{"href":"https:\/\/markasite.com.tr\/markamotors\/wp-json\/wp\/v2\/media?parent=6911"}],"wp:term":[{"taxonomy":"product_brand","embeddable":true,"href":"https:\/\/markasite.com.tr\/markamotors\/wp-json\/wp\/v2\/product_brand?post=6911"},{"taxonomy":"product_cat","embeddable":true,"href":"https:\/\/markasite.com.tr\/markamotors\/wp-json\/wp\/v2\/product_cat?post=6911"},{"taxonomy":"product_tag","embeddable":true,"href":"https:\/\/markasite.com.tr\/markamotors\/wp-json\/wp\/v2\/product_tag?post=6911"}],"curies":[{"name":"wp","href":"https:\/\/api.w.org\/{rel}","templated":true}]}}