{"id":6898,"date":"2026-02-23T00:35:49","date_gmt":"2026-02-22T21:35:49","guid":{"rendered":"https:\/\/markasite.com.tr\/markamotors\/urun\/bov-raceport-female-genv-red\/"},"modified":"2026-02-23T00:35:50","modified_gmt":"2026-02-22T21:35:50","slug":"bov-raceport-female-genv-red","status":"publish","type":"product","link":"https:\/\/markasite.com.tr\/markamotors\/urun\/bov-raceport-female-genv-red\/","title":{"rendered":"<div class=\"product-loop-meta\"><div class=\"loop-cat\">Turbosmart<\/div><div class=\"brand\"><img alt=\"TURBOSMART\" src=\"https:\/\/markasite.com.tr\/markamotors\/wp-content\/uploads\/TURBOSMART.jpg\"><\/div><\/div><div class=\"list-pro-title\">Bov Raceport Female Genv &#8211; Red<\/div>"},"content":{"rendered":"<p>RacePort Serisi Tahliye Valfi, s\u00fcper\u015farjl\u0131 yar\u0131\u015f seviyesindeki motorlar i\u00e7in inan\u0131lmaz derecede k\u00fc\u00e7\u00fck ve hafif bir tahliye valfi olarak \u00fcnl\u00fcd\u00fcr. Benzersiz yaka tasar\u0131m\u0131m\u0131z ve i\u00e7 ak\u0131\u015f yap\u0131lar\u0131m\u0131z sayesinde, rakiplerine g\u00f6re %50 daha hafif ve %25 daha k\u00fc\u00e7\u00fckt\u00fcr ve 330 CFM ak\u0131\u015f kapasitesiyle piyasadaki t\u00fcr\u00fcn\u00fcn en y\u00fcksek ak\u0131\u015f kapasitesine sahip tahliye valfidir.<\/p>\n<p>Bu &#8216;Di\u015fi Flan\u015f&#8217; varyantlar\u0131, kolay ge\u00e7i\u015f i\u00e7in rakip flan\u015f sistemlerine uyacak \u015fekilde tasarlanm\u0131\u015ft\u0131r ve montaj flan\u015f\u0131nda kaynak i\u00e7ermez. Montaj sistemi de dahil olmak \u00fczere komple bir kit i\u00e7in<\/p>\n<p>\u00d6zellikler:<br \/>\nE\u015f uyumlu di\u015fi flan\u015f sistemi,<br \/>\n6000 serisi al\u00fcminyum g\u00f6vde,<br \/>\nh\u0131zl\u0131 a\u00e7\u0131lan al\u00fcminyum V-bant yaka,<br \/>\n2,0 in\u00e7 giri\u015f (330 CFM&#8217;nin \u00fczerinde ak\u0131\u015f),<br \/>\naskeri standartlara uygun sert eloksall\u0131 valf k\u0131lavuzu ve mili,<br \/>\ny\u00fcksek s\u0131cakl\u0131\u011fa dayan\u0131kl\u0131 silikon Nomex diyafram,<br \/>\ndengeleyici teknoloji ,<br \/>\npozitif s\u0131zd\u0131rmazl\u0131k sa\u011flayan valf yuvas\u0131,<br \/>\n\u00e7ift 1\/8 in\u00e7 NPT referans portu. Se\u00e7enekler: Valf konum sens\u00f6r\u00fc y\u00fckseltmesi<\/p>\n","protected":false},"excerpt":{"rendered":"<p>RacePort Serisi Tahliye Valfi, s\u00fcper\u015farjl\u0131 yar\u0131\u015f seviyesindeki motorlar i\u00e7in inan\u0131lmaz derecede k\u00fc\u00e7\u00fck ve hafif bir tahliye valfi olarak \u00fcnl\u00fcd\u00fcr. Benzersiz yaka tasar\u0131m\u0131m\u0131z ve i\u00e7 ak\u0131\u015f yap\u0131lar\u0131m\u0131z sayesinde, rakiplerine g\u00f6re %50 daha hafif ve %25 daha k\u00fc\u00e7\u00fckt\u00fcr ve 330 CFM ak\u0131\u015f kapasitesiyle piyasadaki t\u00fcr\u00fcn\u00fcn en y\u00fcksek ak\u0131\u015f kapasitesine sahip tahliye valfidir. Bu &#8216;Di\u015fi Flan\u015f&#8217; varyantlar\u0131, kolay<\/p>\n","protected":false},"featured_media":6847,"template":"","meta":{"_acf_changed":false},"product_brand":[337],"product_cat":[980],"product_tag":[],"class_list":{"0":"post-6898","1":"product","2":"type-product","3":"status-publish","4":"has-post-thumbnail","6":"product_brand-turbosmart","7":"product_cat-turbosmart-blow-off-valves-motor-performans","9":"first","10":"outofstock","11":"taxable","12":"shipping-taxable","13":"purchasable","14":"product-type-simple"},"acf":[],"yoast_head":"<!-- This site is optimized with the Yoast SEO plugin v27.3 - https:\/\/yoast.com\/product\/yoast-seo-wordpress\/ -->\n<title>BOV RacePort Female GenV - Red - Marka Motors<\/title>\n<meta name=\"robots\" content=\"index, follow, max-snippet:-1, max-image-preview:large, max-video-preview:-1\" \/>\n<link rel=\"canonical\" href=\"https:\/\/markasite.com.tr\/markamotors\/urun\/bov-raceport-female-genv-red\/\" \/>\n<meta property=\"og:locale\" content=\"tr_TR\" \/>\n<meta property=\"og:type\" content=\"article\" \/>\n<meta property=\"og:title\" content=\"BOV RacePort Female GenV - Red - Marka Motors\" \/>\n<meta property=\"og:description\" content=\"RacePort Serisi Tahliye Valfi, s\u00fcper\u015farjl\u0131 yar\u0131\u015f seviyesindeki motorlar i\u00e7in inan\u0131lmaz derecede k\u00fc\u00e7\u00fck ve hafif bir tahliye valfi olarak \u00fcnl\u00fcd\u00fcr. Benzersiz yaka tasar\u0131m\u0131m\u0131z ve i\u00e7 ak\u0131\u015f yap\u0131lar\u0131m\u0131z sayesinde, rakiplerine g\u00f6re %50 daha hafif ve %25 daha k\u00fc\u00e7\u00fckt\u00fcr ve 330 CFM ak\u0131\u015f kapasitesiyle piyasadaki t\u00fcr\u00fcn\u00fcn en y\u00fcksek ak\u0131\u015f kapasitesine sahip tahliye valfidir. Bu &#8216;Di\u015fi Flan\u015f&#8217; varyantlar\u0131, kolay\" \/>\n<meta property=\"og:url\" content=\"https:\/\/markasite.com.tr\/markamotors\/urun\/bov-raceport-female-genv-red\/\" \/>\n<meta property=\"og:site_name\" content=\"Marka Motors\" \/>\n<meta property=\"article:publisher\" content=\"https:\/\/www.facebook.com\/?locale=tr_TR\" \/>\n<meta property=\"article:modified_time\" content=\"2026-02-22T21:35:50+00:00\" \/>\n<meta property=\"og:image\" content=\"https:\/\/markasite.com.tr\/markamotors\/wp-content\/uploads\/TS-0204-1144.jpg\" \/>\n\t<meta property=\"og:image:width\" content=\"600\" \/>\n\t<meta property=\"og:image:height\" content=\"450\" \/>\n\t<meta property=\"og:image:type\" content=\"image\/jpeg\" \/>\n<meta name=\"twitter:card\" content=\"summary_large_image\" \/>\n<meta name=\"twitter:label1\" content=\"Tahmini okuma s\u00fcresi\" \/>\n\t<meta name=\"twitter:data1\" content=\"1 dakika\" \/>\n<script type=\"application\/ld+json\" class=\"yoast-schema-graph\">{\"@context\":\"https:\\\/\\\/schema.org\",\"@graph\":[{\"@type\":\"WebPage\",\"@id\":\"https:\\\/\\\/markasite.com.tr\\\/markamotors\\\/urun\\\/bov-raceport-female-genv-red\\\/\",\"url\":\"https:\\\/\\\/markasite.com.tr\\\/markamotors\\\/urun\\\/bov-raceport-female-genv-red\\\/\",\"name\":\"BOV RacePort Female GenV - Red - Marka Motors\",\"isPartOf\":{\"@id\":\"https:\\\/\\\/markasite.com.tr\\\/markamotors\\\/#website\"},\"primaryImageOfPage\":{\"@id\":\"https:\\\/\\\/markasite.com.tr\\\/markamotors\\\/urun\\\/bov-raceport-female-genv-red\\\/#primaryimage\"},\"image\":{\"@id\":\"https:\\\/\\\/markasite.com.tr\\\/markamotors\\\/urun\\\/bov-raceport-female-genv-red\\\/#primaryimage\"},\"thumbnailUrl\":\"https:\\\/\\\/markasite.com.tr\\\/markamotors\\\/wp-content\\\/uploads\\\/TS-0204-1144.jpg\",\"datePublished\":\"2026-02-22T21:35:49+00:00\",\"dateModified\":\"2026-02-22T21:35:50+00:00\",\"breadcrumb\":{\"@id\":\"https:\\\/\\\/markasite.com.tr\\\/markamotors\\\/urun\\\/bov-raceport-female-genv-red\\\/#breadcrumb\"},\"inLanguage\":\"tr\",\"potentialAction\":[{\"@type\":\"ReadAction\",\"target\":[\"https:\\\/\\\/markasite.com.tr\\\/markamotors\\\/urun\\\/bov-raceport-female-genv-red\\\/\"]}]},{\"@type\":\"ImageObject\",\"inLanguage\":\"tr\",\"@id\":\"https:\\\/\\\/markasite.com.tr\\\/markamotors\\\/urun\\\/bov-raceport-female-genv-red\\\/#primaryimage\",\"url\":\"https:\\\/\\\/markasite.com.tr\\\/markamotors\\\/wp-content\\\/uploads\\\/TS-0204-1144.jpg\",\"contentUrl\":\"https:\\\/\\\/markasite.com.tr\\\/markamotors\\\/wp-content\\\/uploads\\\/TS-0204-1144.jpg\",\"width\":600,\"height\":450},{\"@type\":\"BreadcrumbList\",\"@id\":\"https:\\\/\\\/markasite.com.tr\\\/markamotors\\\/urun\\\/bov-raceport-female-genv-red\\\/#breadcrumb\",\"itemListElement\":[{\"@type\":\"ListItem\",\"position\":1,\"name\":\"Anasayfa\",\"item\":\"https:\\\/\\\/markasite.com.tr\\\/markamotors\\\/\"},{\"@type\":\"ListItem\",\"position\":2,\"name\":\"BOV RacePort Female GenV &#8211; Red\"}]},{\"@type\":\"WebSite\",\"@id\":\"https:\\\/\\\/markasite.com.tr\\\/markamotors\\\/#website\",\"url\":\"https:\\\/\\\/markasite.com.tr\\\/markamotors\\\/\",\"name\":\"Marka Motors\",\"description\":\"\",\"publisher\":{\"@id\":\"https:\\\/\\\/markasite.com.tr\\\/markamotors\\\/#organization\"},\"potentialAction\":[{\"@type\":\"SearchAction\",\"target\":{\"@type\":\"EntryPoint\",\"urlTemplate\":\"https:\\\/\\\/markasite.com.tr\\\/markamotors\\\/?s={search_term_string}\"},\"query-input\":{\"@type\":\"PropertyValueSpecification\",\"valueRequired\":true,\"valueName\":\"search_term_string\"}}],\"inLanguage\":\"tr\"},{\"@type\":\"Organization\",\"@id\":\"https:\\\/\\\/markasite.com.tr\\\/markamotors\\\/#organization\",\"name\":\"Marka Motors\",\"url\":\"https:\\\/\\\/markasite.com.tr\\\/markamotors\\\/\",\"logo\":{\"@type\":\"ImageObject\",\"inLanguage\":\"tr\",\"@id\":\"https:\\\/\\\/markasite.com.tr\\\/markamotors\\\/#\\\/schema\\\/logo\\\/image\\\/\",\"url\":\"https:\\\/\\\/markasite.com.tr\\\/markamotors\\\/wp-content\\\/uploads\\\/footerMarkaMotors.png\",\"contentUrl\":\"https:\\\/\\\/markasite.com.tr\\\/markamotors\\\/wp-content\\\/uploads\\\/footerMarkaMotors.png\",\"width\":215,\"height\":58,\"caption\":\"Marka Motors\"},\"image\":{\"@id\":\"https:\\\/\\\/markasite.com.tr\\\/markamotors\\\/#\\\/schema\\\/logo\\\/image\\\/\"},\"sameAs\":[\"https:\\\/\\\/www.facebook.com\\\/?locale=tr_TR\"]}]}<\/script>\n<!-- \/ Yoast SEO plugin. -->","yoast_head_json":{"title":"BOV RacePort Female GenV - Red - Marka Motors","robots":{"index":"index","follow":"follow","max-snippet":"max-snippet:-1","max-image-preview":"max-image-preview:large","max-video-preview":"max-video-preview:-1"},"canonical":"https:\/\/markasite.com.tr\/markamotors\/urun\/bov-raceport-female-genv-red\/","og_locale":"tr_TR","og_type":"article","og_title":"BOV RacePort Female GenV - Red - Marka Motors","og_description":"RacePort Serisi Tahliye Valfi, s\u00fcper\u015farjl\u0131 yar\u0131\u015f seviyesindeki motorlar i\u00e7in inan\u0131lmaz derecede k\u00fc\u00e7\u00fck ve hafif bir tahliye valfi olarak \u00fcnl\u00fcd\u00fcr. Benzersiz yaka tasar\u0131m\u0131m\u0131z ve i\u00e7 ak\u0131\u015f yap\u0131lar\u0131m\u0131z sayesinde, rakiplerine g\u00f6re %50 daha hafif ve %25 daha k\u00fc\u00e7\u00fckt\u00fcr ve 330 CFM ak\u0131\u015f kapasitesiyle piyasadaki t\u00fcr\u00fcn\u00fcn en y\u00fcksek ak\u0131\u015f kapasitesine sahip tahliye valfidir. Bu &#8216;Di\u015fi Flan\u015f&#8217; varyantlar\u0131, kolay","og_url":"https:\/\/markasite.com.tr\/markamotors\/urun\/bov-raceport-female-genv-red\/","og_site_name":"Marka Motors","article_publisher":"https:\/\/www.facebook.com\/?locale=tr_TR","article_modified_time":"2026-02-22T21:35:50+00:00","og_image":[{"width":600,"height":450,"url":"https:\/\/markasite.com.tr\/markamotors\/wp-content\/uploads\/TS-0204-1144.jpg","type":"image\/jpeg"}],"twitter_card":"summary_large_image","twitter_misc":{"Tahmini okuma s\u00fcresi":"1 dakika"},"schema":{"@context":"https:\/\/schema.org","@graph":[{"@type":"WebPage","@id":"https:\/\/markasite.com.tr\/markamotors\/urun\/bov-raceport-female-genv-red\/","url":"https:\/\/markasite.com.tr\/markamotors\/urun\/bov-raceport-female-genv-red\/","name":"BOV RacePort Female GenV - Red - Marka Motors","isPartOf":{"@id":"https:\/\/markasite.com.tr\/markamotors\/#website"},"primaryImageOfPage":{"@id":"https:\/\/markasite.com.tr\/markamotors\/urun\/bov-raceport-female-genv-red\/#primaryimage"},"image":{"@id":"https:\/\/markasite.com.tr\/markamotors\/urun\/bov-raceport-female-genv-red\/#primaryimage"},"thumbnailUrl":"https:\/\/markasite.com.tr\/markamotors\/wp-content\/uploads\/TS-0204-1144.jpg","datePublished":"2026-02-22T21:35:49+00:00","dateModified":"2026-02-22T21:35:50+00:00","breadcrumb":{"@id":"https:\/\/markasite.com.tr\/markamotors\/urun\/bov-raceport-female-genv-red\/#breadcrumb"},"inLanguage":"tr","potentialAction":[{"@type":"ReadAction","target":["https:\/\/markasite.com.tr\/markamotors\/urun\/bov-raceport-female-genv-red\/"]}]},{"@type":"ImageObject","inLanguage":"tr","@id":"https:\/\/markasite.com.tr\/markamotors\/urun\/bov-raceport-female-genv-red\/#primaryimage","url":"https:\/\/markasite.com.tr\/markamotors\/wp-content\/uploads\/TS-0204-1144.jpg","contentUrl":"https:\/\/markasite.com.tr\/markamotors\/wp-content\/uploads\/TS-0204-1144.jpg","width":600,"height":450},{"@type":"BreadcrumbList","@id":"https:\/\/markasite.com.tr\/markamotors\/urun\/bov-raceport-female-genv-red\/#breadcrumb","itemListElement":[{"@type":"ListItem","position":1,"name":"Anasayfa","item":"https:\/\/markasite.com.tr\/markamotors\/"},{"@type":"ListItem","position":2,"name":"BOV RacePort Female GenV &#8211; Red"}]},{"@type":"WebSite","@id":"https:\/\/markasite.com.tr\/markamotors\/#website","url":"https:\/\/markasite.com.tr\/markamotors\/","name":"Marka Motors","description":"","publisher":{"@id":"https:\/\/markasite.com.tr\/markamotors\/#organization"},"potentialAction":[{"@type":"SearchAction","target":{"@type":"EntryPoint","urlTemplate":"https:\/\/markasite.com.tr\/markamotors\/?s={search_term_string}"},"query-input":{"@type":"PropertyValueSpecification","valueRequired":true,"valueName":"search_term_string"}}],"inLanguage":"tr"},{"@type":"Organization","@id":"https:\/\/markasite.com.tr\/markamotors\/#organization","name":"Marka Motors","url":"https:\/\/markasite.com.tr\/markamotors\/","logo":{"@type":"ImageObject","inLanguage":"tr","@id":"https:\/\/markasite.com.tr\/markamotors\/#\/schema\/logo\/image\/","url":"https:\/\/markasite.com.tr\/markamotors\/wp-content\/uploads\/footerMarkaMotors.png","contentUrl":"https:\/\/markasite.com.tr\/markamotors\/wp-content\/uploads\/footerMarkaMotors.png","width":215,"height":58,"caption":"Marka Motors"},"image":{"@id":"https:\/\/markasite.com.tr\/markamotors\/#\/schema\/logo\/image\/"},"sameAs":["https:\/\/www.facebook.com\/?locale=tr_TR"]}]}},"_links":{"self":[{"href":"https:\/\/markasite.com.tr\/markamotors\/wp-json\/wp\/v2\/product\/6898","targetHints":{"allow":["GET"]}}],"collection":[{"href":"https:\/\/markasite.com.tr\/markamotors\/wp-json\/wp\/v2\/product"}],"about":[{"href":"https:\/\/markasite.com.tr\/markamotors\/wp-json\/wp\/v2\/types\/product"}],"wp:featuredmedia":[{"embeddable":true,"href":"https:\/\/markasite.com.tr\/markamotors\/wp-json\/wp\/v2\/media\/6847"}],"wp:attachment":[{"href":"https:\/\/markasite.com.tr\/markamotors\/wp-json\/wp\/v2\/media?parent=6898"}],"wp:term":[{"taxonomy":"product_brand","embeddable":true,"href":"https:\/\/markasite.com.tr\/markamotors\/wp-json\/wp\/v2\/product_brand?post=6898"},{"taxonomy":"product_cat","embeddable":true,"href":"https:\/\/markasite.com.tr\/markamotors\/wp-json\/wp\/v2\/product_cat?post=6898"},{"taxonomy":"product_tag","embeddable":true,"href":"https:\/\/markasite.com.tr\/markamotors\/wp-json\/wp\/v2\/product_tag?post=6898"}],"curies":[{"name":"wp","href":"https:\/\/api.w.org\/{rel}","templated":true}]}}