{"id":6893,"date":"2026-02-23T00:35:48","date_gmt":"2026-02-22T21:35:48","guid":{"rendered":"https:\/\/markasite.com.tr\/markamotors\/urun\/bov-raceport-genv-red\/"},"modified":"2026-02-23T00:35:48","modified_gmt":"2026-02-22T21:35:48","slug":"bov-raceport-genv-red","status":"publish","type":"product","link":"https:\/\/markasite.com.tr\/markamotors\/urun\/bov-raceport-genv-red\/","title":{"rendered":"<div class=\"product-loop-meta\"><div class=\"loop-cat\">Turbosmart<\/div><div class=\"brand\"><img alt=\"TURBOSMART\" src=\"https:\/\/markasite.com.tr\/markamotors\/wp-content\/uploads\/TURBOSMART.jpg\"><\/div><\/div><div class=\"list-pro-title\">Bov Raceport Genv Red<\/div>"},"content":{"rendered":"<p>Turbosmart RacePort, turbo\u015farjl\u0131 yar\u0131\u015f seviyesindeki motorlar i\u00e7in inan\u0131lmaz derecede k\u00fc\u00e7\u00fck ve hafif bir BOV (Blow-Off Valve) olarak \u00fcnl\u00fcd\u00fcr. Benzersiz yaka tasar\u0131m\u0131m\u0131z ve i\u00e7 ak\u0131\u015f yap\u0131lar\u0131m\u0131z sayesinde, rakiplerine g\u00f6re %50 daha hafif ve %25 daha k\u00fc\u00e7\u00fckt\u00fcr ve 330 CFM ak\u0131\u015f kapasitesiyle piyasadaki en y\u00fcksek ak\u0131\u015fl\u0131 BOV&#8217;dur.<\/p>\n<p>\u00d6zellikler:<br \/>\n6000 Serisi Al\u00fcminyum K\u00fct\u00fck,<br \/>\nCFD Tabanl\u0131 ve Optimize Edilmi\u015f Tasar\u0131mlar,<br \/>\n2.0\u2033 \/ 50mm Giri\u015f, 330CFM&#8217;nin \u00dczerinde Ak\u0131\u015f H\u0131z\u0131,<br \/>\nH\u0131zl\u0131 Serbest B\u0131rakmal\u0131 Al\u00fcminyum V-Bant,<br \/>\nBenzersiz Kilitleme Yakas\u0131 Tasar\u0131m\u0131,<br \/>\nMILSPEC Sert Eloksall\u0131 Valf K\u0131lavuzu ve Mili,<br \/>\nY\u00fcksek S\u0131cakl\u0131\u011fa Dayan\u0131kl\u0131 \u00d6zel Silikon Nomex Diyafram,<br \/>\nPozitif S\u0131zd\u0131rmazl\u0131k Sa\u011flayan Valf Yuvas\u0131,<br \/>\n\u0130ki Adet 1\/8NPT Referans Port Ba\u011flant\u0131s\u0131,<br \/>\n5 Adet Kullan\u0131c\u0131 Taraf\u0131ndan Yap\u0131land\u0131r\u0131labilir Yay Se\u00e7ene\u011fi Mevcuttur<\/p>\n","protected":false},"excerpt":{"rendered":"<p>Turbosmart RacePort, turbo\u015farjl\u0131 yar\u0131\u015f seviyesindeki motorlar i\u00e7in inan\u0131lmaz derecede k\u00fc\u00e7\u00fck ve hafif bir BOV (Blow-Off Valve) olarak \u00fcnl\u00fcd\u00fcr. Benzersiz yaka tasar\u0131m\u0131m\u0131z ve i\u00e7 ak\u0131\u015f yap\u0131lar\u0131m\u0131z sayesinde, rakiplerine g\u00f6re %50 daha hafif ve %25 daha k\u00fc\u00e7\u00fckt\u00fcr ve 330 CFM ak\u0131\u015f kapasitesiyle piyasadaki en y\u00fcksek ak\u0131\u015fl\u0131 BOV&#8217;dur. \u00d6zellikler: 6000 Serisi Al\u00fcminyum K\u00fct\u00fck, CFD Tabanl\u0131 ve Optimize Edilmi\u015f<\/p>\n","protected":false},"featured_media":6852,"template":"","meta":{"_acf_changed":false},"product_brand":[337],"product_cat":[980],"product_tag":[],"class_list":{"0":"post-6893","1":"product","2":"type-product","3":"status-publish","4":"has-post-thumbnail","6":"product_brand-turbosmart","7":"product_cat-turbosmart-blow-off-valves-motor-performans","9":"first","10":"outofstock","11":"taxable","12":"shipping-taxable","13":"purchasable","14":"product-type-simple"},"acf":[],"yoast_head":"<!-- This site is optimized with the Yoast SEO plugin v27.3 - https:\/\/yoast.com\/product\/yoast-seo-wordpress\/ -->\n<title>BOV RacePort GenV Red - Marka Motors<\/title>\n<meta name=\"robots\" content=\"index, follow, max-snippet:-1, max-image-preview:large, max-video-preview:-1\" \/>\n<link rel=\"canonical\" href=\"https:\/\/markasite.com.tr\/markamotors\/urun\/bov-raceport-genv-red\/\" \/>\n<meta property=\"og:locale\" content=\"tr_TR\" \/>\n<meta property=\"og:type\" content=\"article\" \/>\n<meta property=\"og:title\" content=\"BOV RacePort GenV Red - Marka Motors\" \/>\n<meta property=\"og:description\" content=\"Turbosmart RacePort, turbo\u015farjl\u0131 yar\u0131\u015f seviyesindeki motorlar i\u00e7in inan\u0131lmaz derecede k\u00fc\u00e7\u00fck ve hafif bir BOV (Blow-Off Valve) olarak \u00fcnl\u00fcd\u00fcr. Benzersiz yaka tasar\u0131m\u0131m\u0131z ve i\u00e7 ak\u0131\u015f yap\u0131lar\u0131m\u0131z sayesinde, rakiplerine g\u00f6re %50 daha hafif ve %25 daha k\u00fc\u00e7\u00fckt\u00fcr ve 330 CFM ak\u0131\u015f kapasitesiyle piyasadaki en y\u00fcksek ak\u0131\u015fl\u0131 BOV&#8217;dur. \u00d6zellikler: 6000 Serisi Al\u00fcminyum K\u00fct\u00fck, CFD Tabanl\u0131 ve Optimize Edilmi\u015f\" \/>\n<meta property=\"og:url\" content=\"https:\/\/markasite.com.tr\/markamotors\/urun\/bov-raceport-genv-red\/\" \/>\n<meta property=\"og:site_name\" content=\"Marka Motors\" \/>\n<meta property=\"article:publisher\" content=\"https:\/\/www.facebook.com\/?locale=tr_TR\" \/>\n<meta property=\"og:image\" content=\"https:\/\/markasite.com.tr\/markamotors\/wp-content\/uploads\/TS-0204-1134.jpg\" \/>\n\t<meta property=\"og:image:width\" content=\"600\" \/>\n\t<meta property=\"og:image:height\" content=\"450\" \/>\n\t<meta property=\"og:image:type\" content=\"image\/jpeg\" \/>\n<meta name=\"twitter:card\" content=\"summary_large_image\" \/>\n<meta name=\"twitter:label1\" content=\"Tahmini okuma s\u00fcresi\" \/>\n\t<meta name=\"twitter:data1\" content=\"1 dakika\" \/>\n<script type=\"application\/ld+json\" class=\"yoast-schema-graph\">{\"@context\":\"https:\\\/\\\/schema.org\",\"@graph\":[{\"@type\":\"WebPage\",\"@id\":\"https:\\\/\\\/markasite.com.tr\\\/markamotors\\\/urun\\\/bov-raceport-genv-red\\\/\",\"url\":\"https:\\\/\\\/markasite.com.tr\\\/markamotors\\\/urun\\\/bov-raceport-genv-red\\\/\",\"name\":\"BOV RacePort GenV Red - Marka Motors\",\"isPartOf\":{\"@id\":\"https:\\\/\\\/markasite.com.tr\\\/markamotors\\\/#website\"},\"primaryImageOfPage\":{\"@id\":\"https:\\\/\\\/markasite.com.tr\\\/markamotors\\\/urun\\\/bov-raceport-genv-red\\\/#primaryimage\"},\"image\":{\"@id\":\"https:\\\/\\\/markasite.com.tr\\\/markamotors\\\/urun\\\/bov-raceport-genv-red\\\/#primaryimage\"},\"thumbnailUrl\":\"https:\\\/\\\/markasite.com.tr\\\/markamotors\\\/wp-content\\\/uploads\\\/TS-0204-1134.jpg\",\"datePublished\":\"2026-02-22T21:35:48+00:00\",\"breadcrumb\":{\"@id\":\"https:\\\/\\\/markasite.com.tr\\\/markamotors\\\/urun\\\/bov-raceport-genv-red\\\/#breadcrumb\"},\"inLanguage\":\"tr\",\"potentialAction\":[{\"@type\":\"ReadAction\",\"target\":[\"https:\\\/\\\/markasite.com.tr\\\/markamotors\\\/urun\\\/bov-raceport-genv-red\\\/\"]}]},{\"@type\":\"ImageObject\",\"inLanguage\":\"tr\",\"@id\":\"https:\\\/\\\/markasite.com.tr\\\/markamotors\\\/urun\\\/bov-raceport-genv-red\\\/#primaryimage\",\"url\":\"https:\\\/\\\/markasite.com.tr\\\/markamotors\\\/wp-content\\\/uploads\\\/TS-0204-1134.jpg\",\"contentUrl\":\"https:\\\/\\\/markasite.com.tr\\\/markamotors\\\/wp-content\\\/uploads\\\/TS-0204-1134.jpg\",\"width\":600,\"height\":450},{\"@type\":\"BreadcrumbList\",\"@id\":\"https:\\\/\\\/markasite.com.tr\\\/markamotors\\\/urun\\\/bov-raceport-genv-red\\\/#breadcrumb\",\"itemListElement\":[{\"@type\":\"ListItem\",\"position\":1,\"name\":\"Anasayfa\",\"item\":\"https:\\\/\\\/markasite.com.tr\\\/markamotors\\\/\"},{\"@type\":\"ListItem\",\"position\":2,\"name\":\"BOV RacePort GenV Red\"}]},{\"@type\":\"WebSite\",\"@id\":\"https:\\\/\\\/markasite.com.tr\\\/markamotors\\\/#website\",\"url\":\"https:\\\/\\\/markasite.com.tr\\\/markamotors\\\/\",\"name\":\"Marka Motors\",\"description\":\"\",\"publisher\":{\"@id\":\"https:\\\/\\\/markasite.com.tr\\\/markamotors\\\/#organization\"},\"potentialAction\":[{\"@type\":\"SearchAction\",\"target\":{\"@type\":\"EntryPoint\",\"urlTemplate\":\"https:\\\/\\\/markasite.com.tr\\\/markamotors\\\/?s={search_term_string}\"},\"query-input\":{\"@type\":\"PropertyValueSpecification\",\"valueRequired\":true,\"valueName\":\"search_term_string\"}}],\"inLanguage\":\"tr\"},{\"@type\":\"Organization\",\"@id\":\"https:\\\/\\\/markasite.com.tr\\\/markamotors\\\/#organization\",\"name\":\"Marka Motors\",\"url\":\"https:\\\/\\\/markasite.com.tr\\\/markamotors\\\/\",\"logo\":{\"@type\":\"ImageObject\",\"inLanguage\":\"tr\",\"@id\":\"https:\\\/\\\/markasite.com.tr\\\/markamotors\\\/#\\\/schema\\\/logo\\\/image\\\/\",\"url\":\"https:\\\/\\\/markasite.com.tr\\\/markamotors\\\/wp-content\\\/uploads\\\/footerMarkaMotors.png\",\"contentUrl\":\"https:\\\/\\\/markasite.com.tr\\\/markamotors\\\/wp-content\\\/uploads\\\/footerMarkaMotors.png\",\"width\":215,\"height\":58,\"caption\":\"Marka Motors\"},\"image\":{\"@id\":\"https:\\\/\\\/markasite.com.tr\\\/markamotors\\\/#\\\/schema\\\/logo\\\/image\\\/\"},\"sameAs\":[\"https:\\\/\\\/www.facebook.com\\\/?locale=tr_TR\"]}]}<\/script>\n<!-- \/ Yoast SEO plugin. -->","yoast_head_json":{"title":"BOV RacePort GenV Red - Marka Motors","robots":{"index":"index","follow":"follow","max-snippet":"max-snippet:-1","max-image-preview":"max-image-preview:large","max-video-preview":"max-video-preview:-1"},"canonical":"https:\/\/markasite.com.tr\/markamotors\/urun\/bov-raceport-genv-red\/","og_locale":"tr_TR","og_type":"article","og_title":"BOV RacePort GenV Red - Marka Motors","og_description":"Turbosmart RacePort, turbo\u015farjl\u0131 yar\u0131\u015f seviyesindeki motorlar i\u00e7in inan\u0131lmaz derecede k\u00fc\u00e7\u00fck ve hafif bir BOV (Blow-Off Valve) olarak \u00fcnl\u00fcd\u00fcr. Benzersiz yaka tasar\u0131m\u0131m\u0131z ve i\u00e7 ak\u0131\u015f yap\u0131lar\u0131m\u0131z sayesinde, rakiplerine g\u00f6re %50 daha hafif ve %25 daha k\u00fc\u00e7\u00fckt\u00fcr ve 330 CFM ak\u0131\u015f kapasitesiyle piyasadaki en y\u00fcksek ak\u0131\u015fl\u0131 BOV&#8217;dur. \u00d6zellikler: 6000 Serisi Al\u00fcminyum K\u00fct\u00fck, CFD Tabanl\u0131 ve Optimize Edilmi\u015f","og_url":"https:\/\/markasite.com.tr\/markamotors\/urun\/bov-raceport-genv-red\/","og_site_name":"Marka Motors","article_publisher":"https:\/\/www.facebook.com\/?locale=tr_TR","og_image":[{"width":600,"height":450,"url":"https:\/\/markasite.com.tr\/markamotors\/wp-content\/uploads\/TS-0204-1134.jpg","type":"image\/jpeg"}],"twitter_card":"summary_large_image","twitter_misc":{"Tahmini okuma s\u00fcresi":"1 dakika"},"schema":{"@context":"https:\/\/schema.org","@graph":[{"@type":"WebPage","@id":"https:\/\/markasite.com.tr\/markamotors\/urun\/bov-raceport-genv-red\/","url":"https:\/\/markasite.com.tr\/markamotors\/urun\/bov-raceport-genv-red\/","name":"BOV RacePort GenV Red - Marka Motors","isPartOf":{"@id":"https:\/\/markasite.com.tr\/markamotors\/#website"},"primaryImageOfPage":{"@id":"https:\/\/markasite.com.tr\/markamotors\/urun\/bov-raceport-genv-red\/#primaryimage"},"image":{"@id":"https:\/\/markasite.com.tr\/markamotors\/urun\/bov-raceport-genv-red\/#primaryimage"},"thumbnailUrl":"https:\/\/markasite.com.tr\/markamotors\/wp-content\/uploads\/TS-0204-1134.jpg","datePublished":"2026-02-22T21:35:48+00:00","breadcrumb":{"@id":"https:\/\/markasite.com.tr\/markamotors\/urun\/bov-raceport-genv-red\/#breadcrumb"},"inLanguage":"tr","potentialAction":[{"@type":"ReadAction","target":["https:\/\/markasite.com.tr\/markamotors\/urun\/bov-raceport-genv-red\/"]}]},{"@type":"ImageObject","inLanguage":"tr","@id":"https:\/\/markasite.com.tr\/markamotors\/urun\/bov-raceport-genv-red\/#primaryimage","url":"https:\/\/markasite.com.tr\/markamotors\/wp-content\/uploads\/TS-0204-1134.jpg","contentUrl":"https:\/\/markasite.com.tr\/markamotors\/wp-content\/uploads\/TS-0204-1134.jpg","width":600,"height":450},{"@type":"BreadcrumbList","@id":"https:\/\/markasite.com.tr\/markamotors\/urun\/bov-raceport-genv-red\/#breadcrumb","itemListElement":[{"@type":"ListItem","position":1,"name":"Anasayfa","item":"https:\/\/markasite.com.tr\/markamotors\/"},{"@type":"ListItem","position":2,"name":"BOV RacePort GenV Red"}]},{"@type":"WebSite","@id":"https:\/\/markasite.com.tr\/markamotors\/#website","url":"https:\/\/markasite.com.tr\/markamotors\/","name":"Marka Motors","description":"","publisher":{"@id":"https:\/\/markasite.com.tr\/markamotors\/#organization"},"potentialAction":[{"@type":"SearchAction","target":{"@type":"EntryPoint","urlTemplate":"https:\/\/markasite.com.tr\/markamotors\/?s={search_term_string}"},"query-input":{"@type":"PropertyValueSpecification","valueRequired":true,"valueName":"search_term_string"}}],"inLanguage":"tr"},{"@type":"Organization","@id":"https:\/\/markasite.com.tr\/markamotors\/#organization","name":"Marka Motors","url":"https:\/\/markasite.com.tr\/markamotors\/","logo":{"@type":"ImageObject","inLanguage":"tr","@id":"https:\/\/markasite.com.tr\/markamotors\/#\/schema\/logo\/image\/","url":"https:\/\/markasite.com.tr\/markamotors\/wp-content\/uploads\/footerMarkaMotors.png","contentUrl":"https:\/\/markasite.com.tr\/markamotors\/wp-content\/uploads\/footerMarkaMotors.png","width":215,"height":58,"caption":"Marka Motors"},"image":{"@id":"https:\/\/markasite.com.tr\/markamotors\/#\/schema\/logo\/image\/"},"sameAs":["https:\/\/www.facebook.com\/?locale=tr_TR"]}]}},"_links":{"self":[{"href":"https:\/\/markasite.com.tr\/markamotors\/wp-json\/wp\/v2\/product\/6893","targetHints":{"allow":["GET"]}}],"collection":[{"href":"https:\/\/markasite.com.tr\/markamotors\/wp-json\/wp\/v2\/product"}],"about":[{"href":"https:\/\/markasite.com.tr\/markamotors\/wp-json\/wp\/v2\/types\/product"}],"wp:featuredmedia":[{"embeddable":true,"href":"https:\/\/markasite.com.tr\/markamotors\/wp-json\/wp\/v2\/media\/6852"}],"wp:attachment":[{"href":"https:\/\/markasite.com.tr\/markamotors\/wp-json\/wp\/v2\/media?parent=6893"}],"wp:term":[{"taxonomy":"product_brand","embeddable":true,"href":"https:\/\/markasite.com.tr\/markamotors\/wp-json\/wp\/v2\/product_brand?post=6893"},{"taxonomy":"product_cat","embeddable":true,"href":"https:\/\/markasite.com.tr\/markamotors\/wp-json\/wp\/v2\/product_cat?post=6893"},{"taxonomy":"product_tag","embeddable":true,"href":"https:\/\/markasite.com.tr\/markamotors\/wp-json\/wp\/v2\/product_tag?post=6893"}],"curies":[{"name":"wp","href":"https:\/\/api.w.org\/{rel}","templated":true}]}}