{"id":6888,"date":"2026-02-23T00:35:47","date_gmt":"2026-02-22T21:35:47","guid":{"rendered":"https:\/\/markasite.com.tr\/markamotors\/urun\/fpr10-fuel-pressure-regulator-red\/"},"modified":"2026-02-24T02:28:28","modified_gmt":"2026-02-23T23:28:28","slug":"fpr10-fuel-pressure-regulator-red","status":"publish","type":"product","link":"https:\/\/markasite.com.tr\/markamotors\/urun\/fpr10-fuel-pressure-regulator-red\/","title":{"rendered":"<div class=\"product-loop-meta\"><div class=\"loop-cat\">Yak\u0131t Bas\u0131n\u00e7 Reg\u00fclat\u00f6r\u00fc<\/div><div class=\"brand\"><img alt=\"TURBOSMART\" src=\"https:\/\/markasite.com.tr\/markamotors\/wp-content\/uploads\/TURBOSMART.jpg\"><\/div><\/div><div class=\"list-pro-title\">Fpr10 &#8211; Fuel Pressure Regulator &#8211; Red<\/div>"},"content":{"rendered":"<p>Turbosmart FPR10 Serisi, -10 \/ 10AN yak\u0131t sistemine sahip ara\u00e7lar i\u00e7in ger\u00e7ek 1:1 oran ve \u00fcst\u00fcn ak\u0131\u015f ve baypas kapasitesiyle pazar lideri yak\u0131t kontrol\u00fc ve tepkisi sunar. Paslanmaz \u00c7elik Valf Yuvas\u0131 ve Askeri Standart Diyafram kullanan FPR10 Serisi, Yar\u0131\u015f Yak\u0131t\u0131 ve agresif kur\u015funlu yak\u0131tlar dahil olmak \u00fczere t\u00fcm yak\u0131t t\u00fcrleri i\u00e7in uygundur. FPR10 Serimiz, 10AN giri\u015f, \u00e7\u0131k\u0131\u015f ve geri d\u00f6n\u00fc\u015f portuna sahiptir ve 3000 HP sistemlere uygun D\u00fc\u015f\u00fck Bas\u0131n\u00e7l\u0131 ve Karb\u00fcrat\u00f6rl\u00fc Sistemler i\u00e7in Standart (35 psi ila 80 psi) ve LP (3 psi ila 20 psi) se\u00e7enekleriyle mevcuttur.<\/p>\n<p>\u00d6zellikler:<br \/>\nPaslanmaz \u00c7elik Valf Yuvas\u0131,<br \/>\nT\u00fcm yak\u0131t t\u00fcrleri i\u00e7in uygundur,<br \/>\n1:1 S\u0131n\u0131f\u0131n\u0131n Lideri Oran ve Tepki,<br \/>\nAyarlanabilir Bas\u0131n\u00e7,<br \/>\n1\/8 NPT G\u00f6sterge \/ Bas\u0131n\u00e7 Sens\u00f6r\u00fc Portu,<br \/>\nBenzersiz Kilitleme Yakas\u0131 Tasar\u0131m\u0131,<br \/>\nAskeri Standartlara Uygun Diyafram<br \/>\n, Detayl\u0131 Yak\u0131t Ak\u0131\u015f Verileri ve \u00d6zellikleri.<\/p>\n","protected":false},"excerpt":{"rendered":"<p>Turbosmart FPR10 Serisi, -10 \/ 10AN yak\u0131t sistemine sahip ara\u00e7lar i\u00e7in ger\u00e7ek 1:1 oran ve \u00fcst\u00fcn ak\u0131\u015f ve baypas kapasitesiyle pazar lideri yak\u0131t kontrol\u00fc ve tepkisi sunar. Paslanmaz \u00c7elik Valf Yuvas\u0131 ve Askeri Standart Diyafram kullanan FPR10 Serisi, Yar\u0131\u015f Yak\u0131t\u0131 ve agresif kur\u015funlu yak\u0131tlar dahil olmak \u00fczere t\u00fcm yak\u0131t t\u00fcrleri i\u00e7in uygundur. FPR10 Serimiz, 10AN<\/p>\n","protected":false},"featured_media":6857,"template":"","meta":{"_acf_changed":false},"product_brand":[337],"product_cat":[141],"product_tag":[],"class_list":{"0":"post-6888","1":"product","2":"type-product","3":"status-publish","4":"has-post-thumbnail","6":"product_brand-turbosmart","7":"product_cat-yakit-basinc-regulatoru","9":"first","10":"instock","11":"taxable","12":"shipping-taxable","13":"purchasable","14":"product-type-simple"},"acf":[],"yoast_head":"<!-- This site is optimized with the Yoast SEO plugin v27.3 - https:\/\/yoast.com\/product\/yoast-seo-wordpress\/ -->\n<title>FPR10 - Fuel Pressure Regulator - Red - Marka Motors<\/title>\n<meta name=\"robots\" content=\"index, follow, max-snippet:-1, max-image-preview:large, max-video-preview:-1\" \/>\n<link rel=\"canonical\" href=\"https:\/\/markasite.com.tr\/markamotors\/urun\/fpr10-fuel-pressure-regulator-red\/\" \/>\n<meta property=\"og:locale\" content=\"tr_TR\" \/>\n<meta property=\"og:type\" content=\"article\" \/>\n<meta property=\"og:title\" content=\"FPR10 - Fuel Pressure Regulator - Red - Marka Motors\" \/>\n<meta property=\"og:description\" content=\"Turbosmart FPR10 Serisi, -10 \/ 10AN yak\u0131t sistemine sahip ara\u00e7lar i\u00e7in ger\u00e7ek 1:1 oran ve \u00fcst\u00fcn ak\u0131\u015f ve baypas kapasitesiyle pazar lideri yak\u0131t kontrol\u00fc ve tepkisi sunar. Paslanmaz \u00c7elik Valf Yuvas\u0131 ve Askeri Standart Diyafram kullanan FPR10 Serisi, Yar\u0131\u015f Yak\u0131t\u0131 ve agresif kur\u015funlu yak\u0131tlar dahil olmak \u00fczere t\u00fcm yak\u0131t t\u00fcrleri i\u00e7in uygundur. FPR10 Serimiz, 10AN\" \/>\n<meta property=\"og:url\" content=\"https:\/\/markasite.com.tr\/markamotors\/urun\/fpr10-fuel-pressure-regulator-red\/\" \/>\n<meta property=\"og:site_name\" content=\"Marka Motors\" \/>\n<meta property=\"article:publisher\" content=\"https:\/\/www.facebook.com\/?locale=tr_TR\" \/>\n<meta property=\"article:modified_time\" content=\"2026-02-23T23:28:28+00:00\" \/>\n<meta property=\"og:image\" content=\"https:\/\/markasite.com.tr\/markamotors\/wp-content\/uploads\/TS-0404-1044.jpg\" \/>\n\t<meta property=\"og:image:width\" content=\"600\" \/>\n\t<meta property=\"og:image:height\" content=\"450\" \/>\n\t<meta property=\"og:image:type\" content=\"image\/jpeg\" \/>\n<meta name=\"twitter:card\" content=\"summary_large_image\" \/>\n<meta name=\"twitter:label1\" content=\"Tahmini okuma s\u00fcresi\" \/>\n\t<meta name=\"twitter:data1\" content=\"1 dakika\" \/>\n<script type=\"application\/ld+json\" class=\"yoast-schema-graph\">{\"@context\":\"https:\\\/\\\/schema.org\",\"@graph\":[{\"@type\":\"WebPage\",\"@id\":\"https:\\\/\\\/markasite.com.tr\\\/markamotors\\\/urun\\\/fpr10-fuel-pressure-regulator-red\\\/\",\"url\":\"https:\\\/\\\/markasite.com.tr\\\/markamotors\\\/urun\\\/fpr10-fuel-pressure-regulator-red\\\/\",\"name\":\"FPR10 - Fuel Pressure Regulator - Red - Marka Motors\",\"isPartOf\":{\"@id\":\"https:\\\/\\\/markasite.com.tr\\\/markamotors\\\/#website\"},\"primaryImageOfPage\":{\"@id\":\"https:\\\/\\\/markasite.com.tr\\\/markamotors\\\/urun\\\/fpr10-fuel-pressure-regulator-red\\\/#primaryimage\"},\"image\":{\"@id\":\"https:\\\/\\\/markasite.com.tr\\\/markamotors\\\/urun\\\/fpr10-fuel-pressure-regulator-red\\\/#primaryimage\"},\"thumbnailUrl\":\"https:\\\/\\\/markasite.com.tr\\\/markamotors\\\/wp-content\\\/uploads\\\/TS-0404-1044.jpg\",\"datePublished\":\"2026-02-22T21:35:47+00:00\",\"dateModified\":\"2026-02-23T23:28:28+00:00\",\"breadcrumb\":{\"@id\":\"https:\\\/\\\/markasite.com.tr\\\/markamotors\\\/urun\\\/fpr10-fuel-pressure-regulator-red\\\/#breadcrumb\"},\"inLanguage\":\"tr\",\"potentialAction\":[{\"@type\":\"ReadAction\",\"target\":[\"https:\\\/\\\/markasite.com.tr\\\/markamotors\\\/urun\\\/fpr10-fuel-pressure-regulator-red\\\/\"]}]},{\"@type\":\"ImageObject\",\"inLanguage\":\"tr\",\"@id\":\"https:\\\/\\\/markasite.com.tr\\\/markamotors\\\/urun\\\/fpr10-fuel-pressure-regulator-red\\\/#primaryimage\",\"url\":\"https:\\\/\\\/markasite.com.tr\\\/markamotors\\\/wp-content\\\/uploads\\\/TS-0404-1044.jpg\",\"contentUrl\":\"https:\\\/\\\/markasite.com.tr\\\/markamotors\\\/wp-content\\\/uploads\\\/TS-0404-1044.jpg\",\"width\":600,\"height\":450},{\"@type\":\"BreadcrumbList\",\"@id\":\"https:\\\/\\\/markasite.com.tr\\\/markamotors\\\/urun\\\/fpr10-fuel-pressure-regulator-red\\\/#breadcrumb\",\"itemListElement\":[{\"@type\":\"ListItem\",\"position\":1,\"name\":\"Anasayfa\",\"item\":\"https:\\\/\\\/markasite.com.tr\\\/markamotors\\\/\"},{\"@type\":\"ListItem\",\"position\":2,\"name\":\"FPR10 &#8211; Fuel Pressure Regulator &#8211; Red\"}]},{\"@type\":\"WebSite\",\"@id\":\"https:\\\/\\\/markasite.com.tr\\\/markamotors\\\/#website\",\"url\":\"https:\\\/\\\/markasite.com.tr\\\/markamotors\\\/\",\"name\":\"Marka Motors\",\"description\":\"\",\"publisher\":{\"@id\":\"https:\\\/\\\/markasite.com.tr\\\/markamotors\\\/#organization\"},\"potentialAction\":[{\"@type\":\"SearchAction\",\"target\":{\"@type\":\"EntryPoint\",\"urlTemplate\":\"https:\\\/\\\/markasite.com.tr\\\/markamotors\\\/?s={search_term_string}\"},\"query-input\":{\"@type\":\"PropertyValueSpecification\",\"valueRequired\":true,\"valueName\":\"search_term_string\"}}],\"inLanguage\":\"tr\"},{\"@type\":\"Organization\",\"@id\":\"https:\\\/\\\/markasite.com.tr\\\/markamotors\\\/#organization\",\"name\":\"Marka Motors\",\"url\":\"https:\\\/\\\/markasite.com.tr\\\/markamotors\\\/\",\"logo\":{\"@type\":\"ImageObject\",\"inLanguage\":\"tr\",\"@id\":\"https:\\\/\\\/markasite.com.tr\\\/markamotors\\\/#\\\/schema\\\/logo\\\/image\\\/\",\"url\":\"https:\\\/\\\/markasite.com.tr\\\/markamotors\\\/wp-content\\\/uploads\\\/footerMarkaMotors.png\",\"contentUrl\":\"https:\\\/\\\/markasite.com.tr\\\/markamotors\\\/wp-content\\\/uploads\\\/footerMarkaMotors.png\",\"width\":215,\"height\":58,\"caption\":\"Marka Motors\"},\"image\":{\"@id\":\"https:\\\/\\\/markasite.com.tr\\\/markamotors\\\/#\\\/schema\\\/logo\\\/image\\\/\"},\"sameAs\":[\"https:\\\/\\\/www.facebook.com\\\/?locale=tr_TR\"]}]}<\/script>\n<!-- \/ Yoast SEO plugin. -->","yoast_head_json":{"title":"FPR10 - Fuel Pressure Regulator - Red - Marka Motors","robots":{"index":"index","follow":"follow","max-snippet":"max-snippet:-1","max-image-preview":"max-image-preview:large","max-video-preview":"max-video-preview:-1"},"canonical":"https:\/\/markasite.com.tr\/markamotors\/urun\/fpr10-fuel-pressure-regulator-red\/","og_locale":"tr_TR","og_type":"article","og_title":"FPR10 - Fuel Pressure Regulator - Red - Marka Motors","og_description":"Turbosmart FPR10 Serisi, -10 \/ 10AN yak\u0131t sistemine sahip ara\u00e7lar i\u00e7in ger\u00e7ek 1:1 oran ve \u00fcst\u00fcn ak\u0131\u015f ve baypas kapasitesiyle pazar lideri yak\u0131t kontrol\u00fc ve tepkisi sunar. Paslanmaz \u00c7elik Valf Yuvas\u0131 ve Askeri Standart Diyafram kullanan FPR10 Serisi, Yar\u0131\u015f Yak\u0131t\u0131 ve agresif kur\u015funlu yak\u0131tlar dahil olmak \u00fczere t\u00fcm yak\u0131t t\u00fcrleri i\u00e7in uygundur. FPR10 Serimiz, 10AN","og_url":"https:\/\/markasite.com.tr\/markamotors\/urun\/fpr10-fuel-pressure-regulator-red\/","og_site_name":"Marka Motors","article_publisher":"https:\/\/www.facebook.com\/?locale=tr_TR","article_modified_time":"2026-02-23T23:28:28+00:00","og_image":[{"width":600,"height":450,"url":"https:\/\/markasite.com.tr\/markamotors\/wp-content\/uploads\/TS-0404-1044.jpg","type":"image\/jpeg"}],"twitter_card":"summary_large_image","twitter_misc":{"Tahmini okuma s\u00fcresi":"1 dakika"},"schema":{"@context":"https:\/\/schema.org","@graph":[{"@type":"WebPage","@id":"https:\/\/markasite.com.tr\/markamotors\/urun\/fpr10-fuel-pressure-regulator-red\/","url":"https:\/\/markasite.com.tr\/markamotors\/urun\/fpr10-fuel-pressure-regulator-red\/","name":"FPR10 - Fuel Pressure Regulator - Red - Marka Motors","isPartOf":{"@id":"https:\/\/markasite.com.tr\/markamotors\/#website"},"primaryImageOfPage":{"@id":"https:\/\/markasite.com.tr\/markamotors\/urun\/fpr10-fuel-pressure-regulator-red\/#primaryimage"},"image":{"@id":"https:\/\/markasite.com.tr\/markamotors\/urun\/fpr10-fuel-pressure-regulator-red\/#primaryimage"},"thumbnailUrl":"https:\/\/markasite.com.tr\/markamotors\/wp-content\/uploads\/TS-0404-1044.jpg","datePublished":"2026-02-22T21:35:47+00:00","dateModified":"2026-02-23T23:28:28+00:00","breadcrumb":{"@id":"https:\/\/markasite.com.tr\/markamotors\/urun\/fpr10-fuel-pressure-regulator-red\/#breadcrumb"},"inLanguage":"tr","potentialAction":[{"@type":"ReadAction","target":["https:\/\/markasite.com.tr\/markamotors\/urun\/fpr10-fuel-pressure-regulator-red\/"]}]},{"@type":"ImageObject","inLanguage":"tr","@id":"https:\/\/markasite.com.tr\/markamotors\/urun\/fpr10-fuel-pressure-regulator-red\/#primaryimage","url":"https:\/\/markasite.com.tr\/markamotors\/wp-content\/uploads\/TS-0404-1044.jpg","contentUrl":"https:\/\/markasite.com.tr\/markamotors\/wp-content\/uploads\/TS-0404-1044.jpg","width":600,"height":450},{"@type":"BreadcrumbList","@id":"https:\/\/markasite.com.tr\/markamotors\/urun\/fpr10-fuel-pressure-regulator-red\/#breadcrumb","itemListElement":[{"@type":"ListItem","position":1,"name":"Anasayfa","item":"https:\/\/markasite.com.tr\/markamotors\/"},{"@type":"ListItem","position":2,"name":"FPR10 &#8211; Fuel Pressure Regulator &#8211; Red"}]},{"@type":"WebSite","@id":"https:\/\/markasite.com.tr\/markamotors\/#website","url":"https:\/\/markasite.com.tr\/markamotors\/","name":"Marka Motors","description":"","publisher":{"@id":"https:\/\/markasite.com.tr\/markamotors\/#organization"},"potentialAction":[{"@type":"SearchAction","target":{"@type":"EntryPoint","urlTemplate":"https:\/\/markasite.com.tr\/markamotors\/?s={search_term_string}"},"query-input":{"@type":"PropertyValueSpecification","valueRequired":true,"valueName":"search_term_string"}}],"inLanguage":"tr"},{"@type":"Organization","@id":"https:\/\/markasite.com.tr\/markamotors\/#organization","name":"Marka Motors","url":"https:\/\/markasite.com.tr\/markamotors\/","logo":{"@type":"ImageObject","inLanguage":"tr","@id":"https:\/\/markasite.com.tr\/markamotors\/#\/schema\/logo\/image\/","url":"https:\/\/markasite.com.tr\/markamotors\/wp-content\/uploads\/footerMarkaMotors.png","contentUrl":"https:\/\/markasite.com.tr\/markamotors\/wp-content\/uploads\/footerMarkaMotors.png","width":215,"height":58,"caption":"Marka Motors"},"image":{"@id":"https:\/\/markasite.com.tr\/markamotors\/#\/schema\/logo\/image\/"},"sameAs":["https:\/\/www.facebook.com\/?locale=tr_TR"]}]}},"_links":{"self":[{"href":"https:\/\/markasite.com.tr\/markamotors\/wp-json\/wp\/v2\/product\/6888","targetHints":{"allow":["GET"]}}],"collection":[{"href":"https:\/\/markasite.com.tr\/markamotors\/wp-json\/wp\/v2\/product"}],"about":[{"href":"https:\/\/markasite.com.tr\/markamotors\/wp-json\/wp\/v2\/types\/product"}],"wp:featuredmedia":[{"embeddable":true,"href":"https:\/\/markasite.com.tr\/markamotors\/wp-json\/wp\/v2\/media\/6857"}],"wp:attachment":[{"href":"https:\/\/markasite.com.tr\/markamotors\/wp-json\/wp\/v2\/media?parent=6888"}],"wp:term":[{"taxonomy":"product_brand","embeddable":true,"href":"https:\/\/markasite.com.tr\/markamotors\/wp-json\/wp\/v2\/product_brand?post=6888"},{"taxonomy":"product_cat","embeddable":true,"href":"https:\/\/markasite.com.tr\/markamotors\/wp-json\/wp\/v2\/product_cat?post=6888"},{"taxonomy":"product_tag","embeddable":true,"href":"https:\/\/markasite.com.tr\/markamotors\/wp-json\/wp\/v2\/product_tag?post=6888"}],"curies":[{"name":"wp","href":"https:\/\/api.w.org\/{rel}","templated":true}]}}