{"id":5801,"date":"2026-02-15T17:41:02","date_gmt":"2026-02-15T14:41:02","guid":{"rendered":"https:\/\/markasite.com.tr\/markamotors\/urun\/gates-rpm-triger-kayisi-t215rb-24-4-x-1144mm-143-dis-toyota-2jz-gte-vvti-uyumlu\/"},"modified":"2026-02-28T00:15:07","modified_gmt":"2026-02-27T21:15:07","slug":"gates-rpm-triger-kayisi-t215rb-24-4-x-1144mm-143-dis-toyota-2jz-gte-vvti-uyumlu","status":"publish","type":"product","link":"https:\/\/markasite.com.tr\/markamotors\/urun\/gates-rpm-triger-kayisi-t215rb-24-4-x-1144mm-143-dis-toyota-2jz-gte-vvti-uyumlu\/","title":{"rendered":"<div class=\"product-loop-meta\"><div class=\"loop-cat\">Triger Kay\u0131\u015f\u0131<\/div><div class=\"brand\"><img alt=\"Gates\" src=\"https:\/\/markasite.com.tr\/markamotors\/wp-content\/uploads\/Gates.jpg\"><\/div><\/div><div class=\"list-pro-title\">Gates Rpm Triger Kay\u0131\u015f\u0131 \u2013 T215Rb | 24.4 X 1144Mm | 143 Di\u015f | Toyota 2Jz-Gte Vvti Uyumlu<\/div>"},"content":{"rendered":"","protected":false},"excerpt":{"rendered":"","protected":false},"featured_media":6387,"template":"","meta":{"_acf_changed":false},"product_brand":[301],"product_cat":[124],"product_tag":[724],"class_list":{"0":"post-5801","1":"product","2":"type-product","3":"status-publish","4":"has-post-thumbnail","6":"product_brand-gates","7":"product_cat-triger-kayisi","8":"product_tag-gates-rpm-triger-kayisi-t215rb-24-4-x-1144mm-143-dis-toyota-2jz-gte-vvti-uyumlu","10":"first","11":"instock","12":"taxable","13":"shipping-taxable","14":"purchasable","15":"product-type-simple"},"acf":[],"yoast_head":"<!-- This site is optimized with the Yoast SEO plugin v27.3 - https:\/\/yoast.com\/product\/yoast-seo-wordpress\/ -->\n<title>Gates RPM Triger Kay\u0131\u015f\u0131 \u2013 T215RB | 24.4 x 1144mm | 143 Di\u015f | Toyota 2JZ-GTE VVTi Uyumlu - Marka Motors<\/title>\n<meta name=\"robots\" content=\"index, follow, max-snippet:-1, max-image-preview:large, max-video-preview:-1\" \/>\n<link rel=\"canonical\" href=\"https:\/\/markasite.com.tr\/markamotors\/urun\/gates-rpm-triger-kayisi-t215rb-24-4-x-1144mm-143-dis-toyota-2jz-gte-vvti-uyumlu\/\" \/>\n<meta property=\"og:locale\" content=\"tr_TR\" \/>\n<meta property=\"og:type\" content=\"article\" \/>\n<meta property=\"og:title\" content=\"Gates RPM Triger Kay\u0131\u015f\u0131 \u2013 T215RB | 24.4 x 1144mm | 143 Di\u015f | Toyota 2JZ-GTE VVTi Uyumlu - Marka Motors\" \/>\n<meta property=\"og:url\" content=\"https:\/\/markasite.com.tr\/markamotors\/urun\/gates-rpm-triger-kayisi-t215rb-24-4-x-1144mm-143-dis-toyota-2jz-gte-vvti-uyumlu\/\" \/>\n<meta property=\"og:site_name\" content=\"Marka Motors\" \/>\n<meta property=\"article:publisher\" content=\"https:\/\/www.facebook.com\/?locale=tr_TR\" \/>\n<meta property=\"article:modified_time\" content=\"2026-02-27T21:15:07+00:00\" \/>\n<meta property=\"og:image\" content=\"https:\/\/markasite.com.tr\/markamotors\/wp-content\/uploads\/T215RB-gates-racing-blue-timing-belt-2jz-supra-1_1024x1024.webp\" \/>\n\t<meta property=\"og:image:width\" content=\"1024\" \/>\n\t<meta property=\"og:image:height\" content=\"680\" \/>\n\t<meta property=\"og:image:type\" content=\"image\/webp\" \/>\n<meta name=\"twitter:card\" content=\"summary_large_image\" \/>\n<meta name=\"twitter:label1\" content=\"Tahmini okuma s\u00fcresi\" \/>\n\t<meta name=\"twitter:data1\" content=\"1 dakika\" \/>\n<script type=\"application\/ld+json\" class=\"yoast-schema-graph\">{\"@context\":\"https:\\\/\\\/schema.org\",\"@graph\":[{\"@type\":\"WebPage\",\"@id\":\"https:\\\/\\\/markasite.com.tr\\\/markamotors\\\/urun\\\/gates-rpm-triger-kayisi-t215rb-24-4-x-1144mm-143-dis-toyota-2jz-gte-vvti-uyumlu\\\/\",\"url\":\"https:\\\/\\\/markasite.com.tr\\\/markamotors\\\/urun\\\/gates-rpm-triger-kayisi-t215rb-24-4-x-1144mm-143-dis-toyota-2jz-gte-vvti-uyumlu\\\/\",\"name\":\"Gates RPM Triger Kay\u0131\u015f\u0131 \u2013 T215RB | 24.4 x 1144mm | 143 Di\u015f | Toyota 2JZ-GTE VVTi Uyumlu - Marka Motors\",\"isPartOf\":{\"@id\":\"https:\\\/\\\/markasite.com.tr\\\/markamotors\\\/#website\"},\"primaryImageOfPage\":{\"@id\":\"https:\\\/\\\/markasite.com.tr\\\/markamotors\\\/urun\\\/gates-rpm-triger-kayisi-t215rb-24-4-x-1144mm-143-dis-toyota-2jz-gte-vvti-uyumlu\\\/#primaryimage\"},\"image\":{\"@id\":\"https:\\\/\\\/markasite.com.tr\\\/markamotors\\\/urun\\\/gates-rpm-triger-kayisi-t215rb-24-4-x-1144mm-143-dis-toyota-2jz-gte-vvti-uyumlu\\\/#primaryimage\"},\"thumbnailUrl\":\"https:\\\/\\\/markasite.com.tr\\\/markamotors\\\/wp-content\\\/uploads\\\/T215RB-gates-racing-blue-timing-belt-2jz-supra-1_1024x1024.webp\",\"datePublished\":\"2026-02-15T14:41:02+00:00\",\"dateModified\":\"2026-02-27T21:15:07+00:00\",\"breadcrumb\":{\"@id\":\"https:\\\/\\\/markasite.com.tr\\\/markamotors\\\/urun\\\/gates-rpm-triger-kayisi-t215rb-24-4-x-1144mm-143-dis-toyota-2jz-gte-vvti-uyumlu\\\/#breadcrumb\"},\"inLanguage\":\"tr\",\"potentialAction\":[{\"@type\":\"ReadAction\",\"target\":[\"https:\\\/\\\/markasite.com.tr\\\/markamotors\\\/urun\\\/gates-rpm-triger-kayisi-t215rb-24-4-x-1144mm-143-dis-toyota-2jz-gte-vvti-uyumlu\\\/\"]}]},{\"@type\":\"ImageObject\",\"inLanguage\":\"tr\",\"@id\":\"https:\\\/\\\/markasite.com.tr\\\/markamotors\\\/urun\\\/gates-rpm-triger-kayisi-t215rb-24-4-x-1144mm-143-dis-toyota-2jz-gte-vvti-uyumlu\\\/#primaryimage\",\"url\":\"https:\\\/\\\/markasite.com.tr\\\/markamotors\\\/wp-content\\\/uploads\\\/T215RB-gates-racing-blue-timing-belt-2jz-supra-1_1024x1024.webp\",\"contentUrl\":\"https:\\\/\\\/markasite.com.tr\\\/markamotors\\\/wp-content\\\/uploads\\\/T215RB-gates-racing-blue-timing-belt-2jz-supra-1_1024x1024.webp\",\"width\":1024,\"height\":680},{\"@type\":\"BreadcrumbList\",\"@id\":\"https:\\\/\\\/markasite.com.tr\\\/markamotors\\\/urun\\\/gates-rpm-triger-kayisi-t215rb-24-4-x-1144mm-143-dis-toyota-2jz-gte-vvti-uyumlu\\\/#breadcrumb\",\"itemListElement\":[{\"@type\":\"ListItem\",\"position\":1,\"name\":\"Anasayfa\",\"item\":\"https:\\\/\\\/markasite.com.tr\\\/markamotors\\\/\"},{\"@type\":\"ListItem\",\"position\":2,\"name\":\"Gates RPM Triger Kay\u0131\u015f\u0131 \u2013 T215RB | 24.4 x 1144mm | 143 Di\u015f | Toyota 2JZ-GTE VVTi Uyumlu\"}]},{\"@type\":\"WebSite\",\"@id\":\"https:\\\/\\\/markasite.com.tr\\\/markamotors\\\/#website\",\"url\":\"https:\\\/\\\/markasite.com.tr\\\/markamotors\\\/\",\"name\":\"Marka Motors\",\"description\":\"\",\"publisher\":{\"@id\":\"https:\\\/\\\/markasite.com.tr\\\/markamotors\\\/#organization\"},\"potentialAction\":[{\"@type\":\"SearchAction\",\"target\":{\"@type\":\"EntryPoint\",\"urlTemplate\":\"https:\\\/\\\/markasite.com.tr\\\/markamotors\\\/?s={search_term_string}\"},\"query-input\":{\"@type\":\"PropertyValueSpecification\",\"valueRequired\":true,\"valueName\":\"search_term_string\"}}],\"inLanguage\":\"tr\"},{\"@type\":\"Organization\",\"@id\":\"https:\\\/\\\/markasite.com.tr\\\/markamotors\\\/#organization\",\"name\":\"Marka Motors\",\"url\":\"https:\\\/\\\/markasite.com.tr\\\/markamotors\\\/\",\"logo\":{\"@type\":\"ImageObject\",\"inLanguage\":\"tr\",\"@id\":\"https:\\\/\\\/markasite.com.tr\\\/markamotors\\\/#\\\/schema\\\/logo\\\/image\\\/\",\"url\":\"https:\\\/\\\/markasite.com.tr\\\/markamotors\\\/wp-content\\\/uploads\\\/footerMarkaMotors.png\",\"contentUrl\":\"https:\\\/\\\/markasite.com.tr\\\/markamotors\\\/wp-content\\\/uploads\\\/footerMarkaMotors.png\",\"width\":215,\"height\":58,\"caption\":\"Marka Motors\"},\"image\":{\"@id\":\"https:\\\/\\\/markasite.com.tr\\\/markamotors\\\/#\\\/schema\\\/logo\\\/image\\\/\"},\"sameAs\":[\"https:\\\/\\\/www.facebook.com\\\/?locale=tr_TR\"]}]}<\/script>\n<!-- \/ Yoast SEO plugin. -->","yoast_head_json":{"title":"Gates RPM Triger Kay\u0131\u015f\u0131 \u2013 T215RB | 24.4 x 1144mm | 143 Di\u015f | Toyota 2JZ-GTE VVTi Uyumlu - Marka Motors","robots":{"index":"index","follow":"follow","max-snippet":"max-snippet:-1","max-image-preview":"max-image-preview:large","max-video-preview":"max-video-preview:-1"},"canonical":"https:\/\/markasite.com.tr\/markamotors\/urun\/gates-rpm-triger-kayisi-t215rb-24-4-x-1144mm-143-dis-toyota-2jz-gte-vvti-uyumlu\/","og_locale":"tr_TR","og_type":"article","og_title":"Gates RPM Triger Kay\u0131\u015f\u0131 \u2013 T215RB | 24.4 x 1144mm | 143 Di\u015f | Toyota 2JZ-GTE VVTi Uyumlu - Marka Motors","og_url":"https:\/\/markasite.com.tr\/markamotors\/urun\/gates-rpm-triger-kayisi-t215rb-24-4-x-1144mm-143-dis-toyota-2jz-gte-vvti-uyumlu\/","og_site_name":"Marka Motors","article_publisher":"https:\/\/www.facebook.com\/?locale=tr_TR","article_modified_time":"2026-02-27T21:15:07+00:00","og_image":[{"width":1024,"height":680,"url":"https:\/\/markasite.com.tr\/markamotors\/wp-content\/uploads\/T215RB-gates-racing-blue-timing-belt-2jz-supra-1_1024x1024.webp","type":"image\/webp"}],"twitter_card":"summary_large_image","twitter_misc":{"Tahmini okuma s\u00fcresi":"1 dakika"},"schema":{"@context":"https:\/\/schema.org","@graph":[{"@type":"WebPage","@id":"https:\/\/markasite.com.tr\/markamotors\/urun\/gates-rpm-triger-kayisi-t215rb-24-4-x-1144mm-143-dis-toyota-2jz-gte-vvti-uyumlu\/","url":"https:\/\/markasite.com.tr\/markamotors\/urun\/gates-rpm-triger-kayisi-t215rb-24-4-x-1144mm-143-dis-toyota-2jz-gte-vvti-uyumlu\/","name":"Gates RPM Triger Kay\u0131\u015f\u0131 \u2013 T215RB | 24.4 x 1144mm | 143 Di\u015f | Toyota 2JZ-GTE VVTi Uyumlu - Marka Motors","isPartOf":{"@id":"https:\/\/markasite.com.tr\/markamotors\/#website"},"primaryImageOfPage":{"@id":"https:\/\/markasite.com.tr\/markamotors\/urun\/gates-rpm-triger-kayisi-t215rb-24-4-x-1144mm-143-dis-toyota-2jz-gte-vvti-uyumlu\/#primaryimage"},"image":{"@id":"https:\/\/markasite.com.tr\/markamotors\/urun\/gates-rpm-triger-kayisi-t215rb-24-4-x-1144mm-143-dis-toyota-2jz-gte-vvti-uyumlu\/#primaryimage"},"thumbnailUrl":"https:\/\/markasite.com.tr\/markamotors\/wp-content\/uploads\/T215RB-gates-racing-blue-timing-belt-2jz-supra-1_1024x1024.webp","datePublished":"2026-02-15T14:41:02+00:00","dateModified":"2026-02-27T21:15:07+00:00","breadcrumb":{"@id":"https:\/\/markasite.com.tr\/markamotors\/urun\/gates-rpm-triger-kayisi-t215rb-24-4-x-1144mm-143-dis-toyota-2jz-gte-vvti-uyumlu\/#breadcrumb"},"inLanguage":"tr","potentialAction":[{"@type":"ReadAction","target":["https:\/\/markasite.com.tr\/markamotors\/urun\/gates-rpm-triger-kayisi-t215rb-24-4-x-1144mm-143-dis-toyota-2jz-gte-vvti-uyumlu\/"]}]},{"@type":"ImageObject","inLanguage":"tr","@id":"https:\/\/markasite.com.tr\/markamotors\/urun\/gates-rpm-triger-kayisi-t215rb-24-4-x-1144mm-143-dis-toyota-2jz-gte-vvti-uyumlu\/#primaryimage","url":"https:\/\/markasite.com.tr\/markamotors\/wp-content\/uploads\/T215RB-gates-racing-blue-timing-belt-2jz-supra-1_1024x1024.webp","contentUrl":"https:\/\/markasite.com.tr\/markamotors\/wp-content\/uploads\/T215RB-gates-racing-blue-timing-belt-2jz-supra-1_1024x1024.webp","width":1024,"height":680},{"@type":"BreadcrumbList","@id":"https:\/\/markasite.com.tr\/markamotors\/urun\/gates-rpm-triger-kayisi-t215rb-24-4-x-1144mm-143-dis-toyota-2jz-gte-vvti-uyumlu\/#breadcrumb","itemListElement":[{"@type":"ListItem","position":1,"name":"Anasayfa","item":"https:\/\/markasite.com.tr\/markamotors\/"},{"@type":"ListItem","position":2,"name":"Gates RPM Triger Kay\u0131\u015f\u0131 \u2013 T215RB | 24.4 x 1144mm | 143 Di\u015f | Toyota 2JZ-GTE VVTi Uyumlu"}]},{"@type":"WebSite","@id":"https:\/\/markasite.com.tr\/markamotors\/#website","url":"https:\/\/markasite.com.tr\/markamotors\/","name":"Marka Motors","description":"","publisher":{"@id":"https:\/\/markasite.com.tr\/markamotors\/#organization"},"potentialAction":[{"@type":"SearchAction","target":{"@type":"EntryPoint","urlTemplate":"https:\/\/markasite.com.tr\/markamotors\/?s={search_term_string}"},"query-input":{"@type":"PropertyValueSpecification","valueRequired":true,"valueName":"search_term_string"}}],"inLanguage":"tr"},{"@type":"Organization","@id":"https:\/\/markasite.com.tr\/markamotors\/#organization","name":"Marka Motors","url":"https:\/\/markasite.com.tr\/markamotors\/","logo":{"@type":"ImageObject","inLanguage":"tr","@id":"https:\/\/markasite.com.tr\/markamotors\/#\/schema\/logo\/image\/","url":"https:\/\/markasite.com.tr\/markamotors\/wp-content\/uploads\/footerMarkaMotors.png","contentUrl":"https:\/\/markasite.com.tr\/markamotors\/wp-content\/uploads\/footerMarkaMotors.png","width":215,"height":58,"caption":"Marka Motors"},"image":{"@id":"https:\/\/markasite.com.tr\/markamotors\/#\/schema\/logo\/image\/"},"sameAs":["https:\/\/www.facebook.com\/?locale=tr_TR"]}]}},"_links":{"self":[{"href":"https:\/\/markasite.com.tr\/markamotors\/wp-json\/wp\/v2\/product\/5801","targetHints":{"allow":["GET"]}}],"collection":[{"href":"https:\/\/markasite.com.tr\/markamotors\/wp-json\/wp\/v2\/product"}],"about":[{"href":"https:\/\/markasite.com.tr\/markamotors\/wp-json\/wp\/v2\/types\/product"}],"wp:featuredmedia":[{"embeddable":true,"href":"https:\/\/markasite.com.tr\/markamotors\/wp-json\/wp\/v2\/media\/6387"}],"wp:attachment":[{"href":"https:\/\/markasite.com.tr\/markamotors\/wp-json\/wp\/v2\/media?parent=5801"}],"wp:term":[{"taxonomy":"product_brand","embeddable":true,"href":"https:\/\/markasite.com.tr\/markamotors\/wp-json\/wp\/v2\/product_brand?post=5801"},{"taxonomy":"product_cat","embeddable":true,"href":"https:\/\/markasite.com.tr\/markamotors\/wp-json\/wp\/v2\/product_cat?post=5801"},{"taxonomy":"product_tag","embeddable":true,"href":"https:\/\/markasite.com.tr\/markamotors\/wp-json\/wp\/v2\/product_tag?post=5801"}],"curies":[{"name":"wp","href":"https:\/\/api.w.org\/{rel}","templated":true}]}}