{"id":5671,"date":"2026-02-15T17:40:13","date_gmt":"2026-02-15T14:40:13","guid":{"rendered":"https:\/\/markasite.com.tr\/markamotors\/urun\/aem-50-1230-400lph-high-flow-e85-in-tank-fuel-pump-kit-double-barb-inlet-in-line-outlet\/"},"modified":"2026-03-31T00:07:47","modified_gmt":"2026-03-30T21:07:47","slug":"aem-50-1230-400lph-high-flow-e85-in-tank-fuel-pump-kit-double-barb-inlet-in-line-outlet","status":"publish","type":"product","link":"https:\/\/markasite.com.tr\/markamotors\/urun\/aem-50-1230-400lph-high-flow-e85-in-tank-fuel-pump-kit-double-barb-inlet-in-line-outlet\/","title":{"rendered":"<div class=\"product-loop-meta\"><div class=\"loop-cat\">Yak\u0131t Pompas\u0131<\/div><div class=\"brand\"><img alt=\"AEM\" src=\"https:\/\/markasite.com.tr\/markamotors\/wp-content\/uploads\/AEM.jpg\"><\/div><\/div><div class=\"list-pro-title\">Aem 50-1230 400Lph High-Flow E85 In-Tank Fuel Pump Kit (Double Barb Inlet \/ In-Line Outlet)<\/div>"},"content":{"rendered":"<p>E85 ve y\u00fcksek alkoll\u00fc yak\u0131tlar\u0131n a\u015f\u0131nd\u0131r\u0131c\u0131 etkisine kar\u015f\u0131 \u00f6zel olarak tasarlanan <strong>AEM 50-1230<\/strong>, saatte <strong>400 litre (LPH)<\/strong> ak\u0131\u015f kapasitesiyle en zorlu performans projeleri i\u00e7in \u00fcretilmi\u015ftir. Bu depo i\u00e7i (in-tank) yak\u0131t pompas\u0131, \u00f6zellikle y\u00fcksek boost bas\u0131nc\u0131 alt\u0131nda \u00e7al\u0131\u015fan turbo\u015farjl\u0131 ve s\u00fcper\u015farjl\u0131 motorlar\u0131n yak\u0131t ihtiyac\u0131n\u0131 eksiksiz kar\u015f\u0131lamak \u00fczere optimize edilmi\u015ftir.<\/p>\n<p><strong>Double Barb (\u00c7ift \u00c7entikli)<\/strong> giri\u015f yap\u0131s\u0131 sayesinde yak\u0131t hortumlar\u0131n\u0131n maksimum g\u00fcvenlikle ba\u011flanmas\u0131n\u0131 sa\u011flar ve y\u00fcksek bas\u0131n\u00e7 alt\u0131nda s\u0131zd\u0131rmazl\u0131\u011f\u0131 garanti eder. AEM&#8217;in bu \u00f6zel serisi, sadece benzinle de\u011fil, <strong>E85, Metanol ve Ethanol<\/strong> gibi agresif yar\u0131\u015f yak\u0131tlar\u0131yla da tam uyumlu i\u00e7 bile\u015fenlere sahiptir. 1000 HP ve \u00fczeri g\u00fc\u00e7 hedefleri i\u00e7in g\u00fcvenilir, sessiz ve y\u00fcksek verimli bir yak\u0131t \u00e7\u00f6z\u00fcm\u00fc arayan profesyonellerin ilk tercihidir.<\/p>\n<p><strong>\u00d6ne \u00c7\u0131kan \u00d6zellikler:<\/strong><\/p>\n<p><strong>E85 ve Alkol Uyumlulu\u011fu:<\/strong> \u00d6zel i\u00e7 kaplamas\u0131 sayesinde E85, Metanol ve Ethanol yak\u0131tlarla uzun \u00f6m\u00fcrl\u00fc kullan\u0131m.<\/p>\n<p><strong>400 LPH Devasa Ak\u0131\u015f:<\/strong> 40 PSI bas\u0131n\u00e7ta 400 litre\/saat ak\u0131\u015f ile y\u00fcksek beygir g\u00fcc\u00fc deste\u011fi.<\/p>\n<p><strong>Double Barb Giri\u015f Tasar\u0131m\u0131:<\/strong> Hortum ba\u011flant\u0131lar\u0131nda ekstra g\u00fcvenlik ve s\u0131zd\u0131rmazl\u0131k sa\u011flayan \u00e7ift \u00e7entikli yap\u0131.<\/p>\n<p><strong>Y\u00fcksek Bas\u0131n\u00e7 Kararl\u0131l\u0131\u011f\u0131:<\/strong> Y\u00fcksek boost uygulamalar\u0131nda bile yak\u0131t debisini koruyan geli\u015fmi\u015f t\u00fcrbin tasar\u0131m\u0131.<\/p>\n<p><strong>Komple Kit:<\/strong> Montaj i\u00e7in gerekli olan filtre (strainer), kablo tesisat\u0131 ve ba\u011flant\u0131 hortumlar\u0131 ile birlikte sunulur.<\/p>\n<p><strong>Teknik \u00d6zellikler<\/strong><\/p>\n<p><strong>Stok Kodu:<\/strong> 50-1230<\/p>\n<p><strong>Ak\u0131\u015f H\u0131z\u0131:<\/strong> 400 LPH @ 40 PSI<\/p>\n<p><strong>Yak\u0131t Uyumlulu\u011fu:<\/strong> Benzin, E85, Ethanol, Metanol, Yar\u0131\u015f Yak\u0131tlar\u0131<\/p>\n<p><strong>Giri\u015f Tipi:<\/strong> Double Barb (\u00c7ift \u00c7entikli)<\/p>\n<p><strong>\u00c7\u0131k\u0131\u015f Tipi:<\/strong> In-Line (D\u00fcz Hat)<\/p>\n<p><strong>Maksimum G\u00fc\u00e7 Deste\u011fi:<\/strong> Atmosferik motorlarda 1200 HP+, Turbo\/S\u00fcper\u015farjl\u0131 motorlarda 1000 HP+ (E85 kullan\u0131m\u0131nda bu de\u011ferler yak\u0131t ihtiyac\u0131na g\u00f6re %30 civar\u0131 de\u011fi\u015febilir)<\/p>\n<p>&nbsp;<\/p>\n","protected":false},"excerpt":{"rendered":"<p>E85 ve y\u00fcksek alkoll\u00fc yak\u0131tlar\u0131n a\u015f\u0131nd\u0131r\u0131c\u0131 etkisine kar\u015f\u0131 \u00f6zel olarak tasarlanan AEM 50-1230, saatte 400 litre (LPH) ak\u0131\u015f kapasitesiyle en zorlu performans projeleri i\u00e7in \u00fcretilmi\u015ftir. Bu depo i\u00e7i (in-tank) yak\u0131t pompas\u0131, \u00f6zellikle y\u00fcksek boost bas\u0131nc\u0131 alt\u0131nda \u00e7al\u0131\u015fan turbo\u015farjl\u0131 ve s\u00fcper\u015farjl\u0131 motorlar\u0131n yak\u0131t ihtiyac\u0131n\u0131 eksiksiz kar\u015f\u0131lamak \u00fczere optimize edilmi\u015ftir. Double Barb (\u00c7ift \u00c7entikli) giri\u015f yap\u0131s\u0131 sayesinde<\/p>\n","protected":false},"featured_media":5463,"template":"","meta":{"_acf_changed":false},"product_brand":[276],"product_cat":[137],"product_tag":[452,451,448],"class_list":{"0":"post-5671","1":"product","2":"type-product","3":"status-publish","4":"has-post-thumbnail","6":"product_brand-aem-electronics","7":"product_cat-yakit-pompasi","8":"product_tag-50-1230","9":"product_tag-aem-50-1230-400lph-high-flow-e85-in-tank-fuel-pump-kit-double-barb-inlet-in-line-outlet","10":"product_tag-benzin-pompasi","12":"first","13":"outofstock","14":"taxable","15":"shipping-taxable","16":"purchasable","17":"product-type-simple"},"acf":[],"yoast_head":"<!-- This site is optimized with the Yoast SEO plugin v27.3 - https:\/\/yoast.com\/product\/yoast-seo-wordpress\/ -->\n<title>AEM 50-1230 400LPH High-Flow E85 In-Tank Fuel Pump Kit (Double Barb Inlet \/ In-Line Outlet) - Marka Motors<\/title>\n<meta name=\"description\" content=\"AEM 50-1230 400LPH E85 uyumlu yak\u0131t pompas\u0131 ile 1000HP+ projelerinizde yak\u0131t ak\u0131\u015f\u0131n\u0131 garantiye al\u0131n. Double barb giri\u015fli, y\u00fcksek bas\u0131n\u00e7l\u0131 profesyonel depo i\u00e7i kit.\" \/>\n<meta name=\"robots\" content=\"index, follow, max-snippet:-1, max-image-preview:large, max-video-preview:-1\" \/>\n<link rel=\"canonical\" href=\"https:\/\/markasite.com.tr\/markamotors\/urun\/aem-50-1230-400lph-high-flow-e85-in-tank-fuel-pump-kit-double-barb-inlet-in-line-outlet\/\" \/>\n<meta property=\"og:locale\" content=\"tr_TR\" \/>\n<meta property=\"og:type\" content=\"article\" \/>\n<meta property=\"og:title\" content=\"AEM 50-1230 400LPH High-Flow E85 In-Tank Fuel Pump Kit (Double Barb Inlet \/ In-Line Outlet) - Marka Motors\" \/>\n<meta property=\"og:description\" content=\"AEM 50-1230 400LPH E85 uyumlu yak\u0131t pompas\u0131 ile 1000HP+ projelerinizde yak\u0131t ak\u0131\u015f\u0131n\u0131 garantiye al\u0131n. Double barb giri\u015fli, y\u00fcksek bas\u0131n\u00e7l\u0131 profesyonel depo i\u00e7i kit.\" \/>\n<meta property=\"og:url\" content=\"https:\/\/markasite.com.tr\/markamotors\/urun\/aem-50-1230-400lph-high-flow-e85-in-tank-fuel-pump-kit-double-barb-inlet-in-line-outlet\/\" \/>\n<meta property=\"og:site_name\" content=\"Marka Motors\" \/>\n<meta property=\"article:publisher\" content=\"https:\/\/www.facebook.com\/?locale=tr_TR\" \/>\n<meta property=\"article:modified_time\" content=\"2026-03-30T21:07:47+00:00\" \/>\n<meta property=\"og:image\" content=\"https:\/\/markasite.com.tr\/markamotors\/wp-content\/uploads\/avm-50-1230_hv_xl.jpg\" \/>\n\t<meta property=\"og:image:width\" content=\"1500\" \/>\n\t<meta property=\"og:image:height\" content=\"1500\" \/>\n\t<meta property=\"og:image:type\" content=\"image\/jpeg\" \/>\n<meta name=\"twitter:card\" content=\"summary_large_image\" \/>\n<meta name=\"twitter:label1\" content=\"Tahmini okuma s\u00fcresi\" \/>\n\t<meta name=\"twitter:data1\" content=\"2 dakika\" \/>\n<script type=\"application\/ld+json\" class=\"yoast-schema-graph\">{\"@context\":\"https:\\\/\\\/schema.org\",\"@graph\":[{\"@type\":\"WebPage\",\"@id\":\"https:\\\/\\\/markasite.com.tr\\\/markamotors\\\/urun\\\/aem-50-1230-400lph-high-flow-e85-in-tank-fuel-pump-kit-double-barb-inlet-in-line-outlet\\\/\",\"url\":\"https:\\\/\\\/markasite.com.tr\\\/markamotors\\\/urun\\\/aem-50-1230-400lph-high-flow-e85-in-tank-fuel-pump-kit-double-barb-inlet-in-line-outlet\\\/\",\"name\":\"AEM 50-1230 400LPH High-Flow E85 In-Tank Fuel Pump Kit (Double Barb Inlet \\\/ In-Line Outlet) - Marka Motors\",\"isPartOf\":{\"@id\":\"https:\\\/\\\/markasite.com.tr\\\/markamotors\\\/#website\"},\"primaryImageOfPage\":{\"@id\":\"https:\\\/\\\/markasite.com.tr\\\/markamotors\\\/urun\\\/aem-50-1230-400lph-high-flow-e85-in-tank-fuel-pump-kit-double-barb-inlet-in-line-outlet\\\/#primaryimage\"},\"image\":{\"@id\":\"https:\\\/\\\/markasite.com.tr\\\/markamotors\\\/urun\\\/aem-50-1230-400lph-high-flow-e85-in-tank-fuel-pump-kit-double-barb-inlet-in-line-outlet\\\/#primaryimage\"},\"thumbnailUrl\":\"https:\\\/\\\/markasite.com.tr\\\/markamotors\\\/wp-content\\\/uploads\\\/avm-50-1230_hv_xl.jpg\",\"datePublished\":\"2026-02-15T14:40:13+00:00\",\"dateModified\":\"2026-03-30T21:07:47+00:00\",\"description\":\"AEM 50-1230 400LPH E85 uyumlu yak\u0131t pompas\u0131 ile 1000HP+ projelerinizde yak\u0131t ak\u0131\u015f\u0131n\u0131 garantiye al\u0131n. Double barb giri\u015fli, y\u00fcksek bas\u0131n\u00e7l\u0131 profesyonel depo i\u00e7i kit.\",\"breadcrumb\":{\"@id\":\"https:\\\/\\\/markasite.com.tr\\\/markamotors\\\/urun\\\/aem-50-1230-400lph-high-flow-e85-in-tank-fuel-pump-kit-double-barb-inlet-in-line-outlet\\\/#breadcrumb\"},\"inLanguage\":\"tr\",\"potentialAction\":[{\"@type\":\"ReadAction\",\"target\":[\"https:\\\/\\\/markasite.com.tr\\\/markamotors\\\/urun\\\/aem-50-1230-400lph-high-flow-e85-in-tank-fuel-pump-kit-double-barb-inlet-in-line-outlet\\\/\"]}]},{\"@type\":\"ImageObject\",\"inLanguage\":\"tr\",\"@id\":\"https:\\\/\\\/markasite.com.tr\\\/markamotors\\\/urun\\\/aem-50-1230-400lph-high-flow-e85-in-tank-fuel-pump-kit-double-barb-inlet-in-line-outlet\\\/#primaryimage\",\"url\":\"https:\\\/\\\/markasite.com.tr\\\/markamotors\\\/wp-content\\\/uploads\\\/avm-50-1230_hv_xl.jpg\",\"contentUrl\":\"https:\\\/\\\/markasite.com.tr\\\/markamotors\\\/wp-content\\\/uploads\\\/avm-50-1230_hv_xl.jpg\",\"width\":1500,\"height\":1500},{\"@type\":\"BreadcrumbList\",\"@id\":\"https:\\\/\\\/markasite.com.tr\\\/markamotors\\\/urun\\\/aem-50-1230-400lph-high-flow-e85-in-tank-fuel-pump-kit-double-barb-inlet-in-line-outlet\\\/#breadcrumb\",\"itemListElement\":[{\"@type\":\"ListItem\",\"position\":1,\"name\":\"Anasayfa\",\"item\":\"https:\\\/\\\/markasite.com.tr\\\/markamotors\\\/\"},{\"@type\":\"ListItem\",\"position\":2,\"name\":\"AEM 50-1230 400LPH High-Flow E85 In-Tank Fuel Pump Kit (Double Barb Inlet \\\/ In-Line Outlet)\"}]},{\"@type\":\"WebSite\",\"@id\":\"https:\\\/\\\/markasite.com.tr\\\/markamotors\\\/#website\",\"url\":\"https:\\\/\\\/markasite.com.tr\\\/markamotors\\\/\",\"name\":\"Marka Motors\",\"description\":\"\",\"publisher\":{\"@id\":\"https:\\\/\\\/markasite.com.tr\\\/markamotors\\\/#organization\"},\"potentialAction\":[{\"@type\":\"SearchAction\",\"target\":{\"@type\":\"EntryPoint\",\"urlTemplate\":\"https:\\\/\\\/markasite.com.tr\\\/markamotors\\\/?s={search_term_string}\"},\"query-input\":{\"@type\":\"PropertyValueSpecification\",\"valueRequired\":true,\"valueName\":\"search_term_string\"}}],\"inLanguage\":\"tr\"},{\"@type\":\"Organization\",\"@id\":\"https:\\\/\\\/markasite.com.tr\\\/markamotors\\\/#organization\",\"name\":\"Marka Motors\",\"url\":\"https:\\\/\\\/markasite.com.tr\\\/markamotors\\\/\",\"logo\":{\"@type\":\"ImageObject\",\"inLanguage\":\"tr\",\"@id\":\"https:\\\/\\\/markasite.com.tr\\\/markamotors\\\/#\\\/schema\\\/logo\\\/image\\\/\",\"url\":\"https:\\\/\\\/markasite.com.tr\\\/markamotors\\\/wp-content\\\/uploads\\\/footerMarkaMotors.png\",\"contentUrl\":\"https:\\\/\\\/markasite.com.tr\\\/markamotors\\\/wp-content\\\/uploads\\\/footerMarkaMotors.png\",\"width\":215,\"height\":58,\"caption\":\"Marka Motors\"},\"image\":{\"@id\":\"https:\\\/\\\/markasite.com.tr\\\/markamotors\\\/#\\\/schema\\\/logo\\\/image\\\/\"},\"sameAs\":[\"https:\\\/\\\/www.facebook.com\\\/?locale=tr_TR\"]}]}<\/script>\n<!-- \/ Yoast SEO plugin. -->","yoast_head_json":{"title":"AEM 50-1230 400LPH High-Flow E85 In-Tank Fuel Pump Kit (Double Barb Inlet \/ In-Line Outlet) - Marka Motors","description":"AEM 50-1230 400LPH E85 uyumlu yak\u0131t pompas\u0131 ile 1000HP+ projelerinizde yak\u0131t ak\u0131\u015f\u0131n\u0131 garantiye al\u0131n. Double barb giri\u015fli, y\u00fcksek bas\u0131n\u00e7l\u0131 profesyonel depo i\u00e7i kit.","robots":{"index":"index","follow":"follow","max-snippet":"max-snippet:-1","max-image-preview":"max-image-preview:large","max-video-preview":"max-video-preview:-1"},"canonical":"https:\/\/markasite.com.tr\/markamotors\/urun\/aem-50-1230-400lph-high-flow-e85-in-tank-fuel-pump-kit-double-barb-inlet-in-line-outlet\/","og_locale":"tr_TR","og_type":"article","og_title":"AEM 50-1230 400LPH High-Flow E85 In-Tank Fuel Pump Kit (Double Barb Inlet \/ In-Line Outlet) - Marka Motors","og_description":"AEM 50-1230 400LPH E85 uyumlu yak\u0131t pompas\u0131 ile 1000HP+ projelerinizde yak\u0131t ak\u0131\u015f\u0131n\u0131 garantiye al\u0131n. Double barb giri\u015fli, y\u00fcksek bas\u0131n\u00e7l\u0131 profesyonel depo i\u00e7i kit.","og_url":"https:\/\/markasite.com.tr\/markamotors\/urun\/aem-50-1230-400lph-high-flow-e85-in-tank-fuel-pump-kit-double-barb-inlet-in-line-outlet\/","og_site_name":"Marka Motors","article_publisher":"https:\/\/www.facebook.com\/?locale=tr_TR","article_modified_time":"2026-03-30T21:07:47+00:00","og_image":[{"width":1500,"height":1500,"url":"https:\/\/markasite.com.tr\/markamotors\/wp-content\/uploads\/avm-50-1230_hv_xl.jpg","type":"image\/jpeg"}],"twitter_card":"summary_large_image","twitter_misc":{"Tahmini okuma s\u00fcresi":"2 dakika"},"schema":{"@context":"https:\/\/schema.org","@graph":[{"@type":"WebPage","@id":"https:\/\/markasite.com.tr\/markamotors\/urun\/aem-50-1230-400lph-high-flow-e85-in-tank-fuel-pump-kit-double-barb-inlet-in-line-outlet\/","url":"https:\/\/markasite.com.tr\/markamotors\/urun\/aem-50-1230-400lph-high-flow-e85-in-tank-fuel-pump-kit-double-barb-inlet-in-line-outlet\/","name":"AEM 50-1230 400LPH High-Flow E85 In-Tank Fuel Pump Kit (Double Barb Inlet \/ In-Line Outlet) - Marka Motors","isPartOf":{"@id":"https:\/\/markasite.com.tr\/markamotors\/#website"},"primaryImageOfPage":{"@id":"https:\/\/markasite.com.tr\/markamotors\/urun\/aem-50-1230-400lph-high-flow-e85-in-tank-fuel-pump-kit-double-barb-inlet-in-line-outlet\/#primaryimage"},"image":{"@id":"https:\/\/markasite.com.tr\/markamotors\/urun\/aem-50-1230-400lph-high-flow-e85-in-tank-fuel-pump-kit-double-barb-inlet-in-line-outlet\/#primaryimage"},"thumbnailUrl":"https:\/\/markasite.com.tr\/markamotors\/wp-content\/uploads\/avm-50-1230_hv_xl.jpg","datePublished":"2026-02-15T14:40:13+00:00","dateModified":"2026-03-30T21:07:47+00:00","description":"AEM 50-1230 400LPH E85 uyumlu yak\u0131t pompas\u0131 ile 1000HP+ projelerinizde yak\u0131t ak\u0131\u015f\u0131n\u0131 garantiye al\u0131n. Double barb giri\u015fli, y\u00fcksek bas\u0131n\u00e7l\u0131 profesyonel depo i\u00e7i kit.","breadcrumb":{"@id":"https:\/\/markasite.com.tr\/markamotors\/urun\/aem-50-1230-400lph-high-flow-e85-in-tank-fuel-pump-kit-double-barb-inlet-in-line-outlet\/#breadcrumb"},"inLanguage":"tr","potentialAction":[{"@type":"ReadAction","target":["https:\/\/markasite.com.tr\/markamotors\/urun\/aem-50-1230-400lph-high-flow-e85-in-tank-fuel-pump-kit-double-barb-inlet-in-line-outlet\/"]}]},{"@type":"ImageObject","inLanguage":"tr","@id":"https:\/\/markasite.com.tr\/markamotors\/urun\/aem-50-1230-400lph-high-flow-e85-in-tank-fuel-pump-kit-double-barb-inlet-in-line-outlet\/#primaryimage","url":"https:\/\/markasite.com.tr\/markamotors\/wp-content\/uploads\/avm-50-1230_hv_xl.jpg","contentUrl":"https:\/\/markasite.com.tr\/markamotors\/wp-content\/uploads\/avm-50-1230_hv_xl.jpg","width":1500,"height":1500},{"@type":"BreadcrumbList","@id":"https:\/\/markasite.com.tr\/markamotors\/urun\/aem-50-1230-400lph-high-flow-e85-in-tank-fuel-pump-kit-double-barb-inlet-in-line-outlet\/#breadcrumb","itemListElement":[{"@type":"ListItem","position":1,"name":"Anasayfa","item":"https:\/\/markasite.com.tr\/markamotors\/"},{"@type":"ListItem","position":2,"name":"AEM 50-1230 400LPH High-Flow E85 In-Tank Fuel Pump Kit (Double Barb Inlet \/ In-Line Outlet)"}]},{"@type":"WebSite","@id":"https:\/\/markasite.com.tr\/markamotors\/#website","url":"https:\/\/markasite.com.tr\/markamotors\/","name":"Marka Motors","description":"","publisher":{"@id":"https:\/\/markasite.com.tr\/markamotors\/#organization"},"potentialAction":[{"@type":"SearchAction","target":{"@type":"EntryPoint","urlTemplate":"https:\/\/markasite.com.tr\/markamotors\/?s={search_term_string}"},"query-input":{"@type":"PropertyValueSpecification","valueRequired":true,"valueName":"search_term_string"}}],"inLanguage":"tr"},{"@type":"Organization","@id":"https:\/\/markasite.com.tr\/markamotors\/#organization","name":"Marka Motors","url":"https:\/\/markasite.com.tr\/markamotors\/","logo":{"@type":"ImageObject","inLanguage":"tr","@id":"https:\/\/markasite.com.tr\/markamotors\/#\/schema\/logo\/image\/","url":"https:\/\/markasite.com.tr\/markamotors\/wp-content\/uploads\/footerMarkaMotors.png","contentUrl":"https:\/\/markasite.com.tr\/markamotors\/wp-content\/uploads\/footerMarkaMotors.png","width":215,"height":58,"caption":"Marka Motors"},"image":{"@id":"https:\/\/markasite.com.tr\/markamotors\/#\/schema\/logo\/image\/"},"sameAs":["https:\/\/www.facebook.com\/?locale=tr_TR"]}]}},"_links":{"self":[{"href":"https:\/\/markasite.com.tr\/markamotors\/wp-json\/wp\/v2\/product\/5671","targetHints":{"allow":["GET"]}}],"collection":[{"href":"https:\/\/markasite.com.tr\/markamotors\/wp-json\/wp\/v2\/product"}],"about":[{"href":"https:\/\/markasite.com.tr\/markamotors\/wp-json\/wp\/v2\/types\/product"}],"wp:featuredmedia":[{"embeddable":true,"href":"https:\/\/markasite.com.tr\/markamotors\/wp-json\/wp\/v2\/media\/5463"}],"wp:attachment":[{"href":"https:\/\/markasite.com.tr\/markamotors\/wp-json\/wp\/v2\/media?parent=5671"}],"wp:term":[{"taxonomy":"product_brand","embeddable":true,"href":"https:\/\/markasite.com.tr\/markamotors\/wp-json\/wp\/v2\/product_brand?post=5671"},{"taxonomy":"product_cat","embeddable":true,"href":"https:\/\/markasite.com.tr\/markamotors\/wp-json\/wp\/v2\/product_cat?post=5671"},{"taxonomy":"product_tag","embeddable":true,"href":"https:\/\/markasite.com.tr\/markamotors\/wp-json\/wp\/v2\/product_tag?post=5671"}],"curies":[{"name":"wp","href":"https:\/\/api.w.org\/{rel}","templated":true}]}}