{"id":4914,"date":"2026-02-12T15:35:14","date_gmt":"2026-02-12T12:35:14","guid":{"rendered":"https:\/\/markasite.com.tr\/markamotors\/urun\/bmc-lancia-musa-ypsilon-843-peugeot-407-508-alfa-romeo-mito-955-citroen-c5-fiat-500-bravo-idea-doblo-panda-ii\/"},"modified":"2026-02-24T02:44:38","modified_gmt":"2026-02-23T23:44:38","slug":"bmc-lancia-musa-ypsilon-843-peugeot-407-508-alfa-romeo-mito-955-citroen-c5-fiat-500-bravo-idea-doblo-panda-ii","status":"publish","type":"product","link":"https:\/\/markasite.com.tr\/markamotors\/urun\/bmc-lancia-musa-ypsilon-843-peugeot-407-508-alfa-romeo-mito-955-citroen-c5-fiat-500-bravo-idea-doblo-panda-ii\/","title":{"rendered":"<div class=\"product-loop-meta\"><div class=\"loop-cat\">Hava Filtreleri<\/div><div class=\"brand\"><img alt=\"BMC\" src=\"https:\/\/markasite.com.tr\/markamotors\/wp-content\/uploads\/bmc.png\"><\/div><\/div><div class=\"list-pro-title\">Bmc Lancia Musa, Ypsilon (843), Peugeot 407, 508, Alfa Romeo Mito (955), Citroen C5, Fiat 500, Bravo, Idea, Doblo, Panda Ii, Punto, Stilo, Tipo, Egea Kutu I\u0307\u00e7i\u0307 Performans Hava Fi\u0307ltresi\u0307 Fb293\/04<\/div>"},"content":{"rendered":"<p>Ara\u00e7 performans\u0131n\u0131 optimize etmek isteyen s\u00fcr\u00fcc\u00fcler i\u00e7in geli\u015ftirilen BMC hava filtreleri, hem panel hem de silindirik yap\u0131lar\u0131 sayesinde standart (OEM) filtrelerin en g\u00fc\u00e7l\u00fc alternatifidir. Arac\u0131n\u0131z\u0131n orijinal hava kutusuna birebir uyum sa\u011flayacak \u015fekilde tasarlanan bu filtreler, motorun nefes alma kapasitesini art\u0131r\u0131rken en \u00fcst d\u00fczey koruma sa\u011flar.<\/p>\n<p><b>\u00dcst\u00fcn Filtreleme Teknolojisi ve 7 Mikron Hassasiyeti<\/b><br \/>\nS\u0131radan OEM filtreler genellikle 10 mikron ve \u00fczerindeki partik\u00fclleri tutabilirken, BMC performans filtreleri 7 mikrona kadar en k\u00fc\u00e7\u00fck partik\u00fclleri bile yakalamay\u0131 garanti eder. Bu y\u00fcksek hassasiyetli filtreleme, motorunuza giden hava ak\u0131\u015f\u0131n\u0131 art\u0131rarak yanma verimlili\u011fini ve ivmelenmeyi iyile\u015ftirir.<\/p>\n","protected":false},"excerpt":{"rendered":"<p>Ara\u00e7 performans\u0131n\u0131 optimize etmek isteyen s\u00fcr\u00fcc\u00fcler i\u00e7in geli\u015ftirilen BMC hava filtreleri, hem panel hem de silindirik yap\u0131lar\u0131 sayesinde standart (OEM) filtrelerin en g\u00fc\u00e7l\u00fc alternatifidir. Arac\u0131n\u0131z\u0131n orijinal hava kutusuna birebir uyum sa\u011flayacak \u015fekilde tasarlanan bu filtreler, motorun nefes alma kapasitesini art\u0131r\u0131rken en \u00fcst d\u00fczey koruma sa\u011flar. \u00dcst\u00fcn Filtreleme Teknolojisi ve 7 Mikron Hassasiyeti S\u0131radan OEM filtreler<\/p>\n","protected":false},"featured_media":2160,"template":"","meta":{"_acf_changed":false},"product_brand":[348],"product_cat":[82],"product_tag":[],"class_list":{"0":"post-4914","1":"product","2":"type-product","3":"status-publish","4":"has-post-thumbnail","6":"product_brand-bmc","7":"product_cat-hava-filtreleri","9":"first","10":"instock","11":"taxable","12":"shipping-taxable","13":"purchasable","14":"product-type-simple"},"acf":[],"yoast_head":"<!-- This site is optimized with the Yoast SEO plugin v27.3 - https:\/\/yoast.com\/product\/yoast-seo-wordpress\/ -->\n<title>BMC LANCIA\u00a0MUSA,\u00a0YPSILON (843),\u00a0PEUGEOT\u00a0407,\u00a0508,\u00a0ALFA ROMEO\u00a0MITO (955),\u00a0CITROEN\u00a0C5,\u00a0FIAT\u00a0500,\u00a0BRAVO,\u00a0IDEA,\u00a0DOBLO,\u00a0PANDA II,\u00a0PUNTO,\u00a0STILO,\u00a0TIPO, EGEA\u00a0KUTU \u0130\u00c7\u0130 PERFORMANS HAVA F\u0130LTRES\u0130 FB293\/04 - Marka Motors<\/title>\n<meta name=\"robots\" content=\"index, follow, max-snippet:-1, max-image-preview:large, max-video-preview:-1\" \/>\n<link rel=\"canonical\" href=\"https:\/\/markasite.com.tr\/markamotors\/urun\/bmc-lancia-musa-ypsilon-843-peugeot-407-508-alfa-romeo-mito-955-citroen-c5-fiat-500-bravo-idea-doblo-panda-ii\/\" \/>\n<meta property=\"og:locale\" content=\"tr_TR\" \/>\n<meta property=\"og:type\" content=\"article\" \/>\n<meta property=\"og:title\" content=\"BMC LANCIA\u00a0MUSA,\u00a0YPSILON (843),\u00a0PEUGEOT\u00a0407,\u00a0508,\u00a0ALFA ROMEO\u00a0MITO (955),\u00a0CITROEN\u00a0C5,\u00a0FIAT\u00a0500,\u00a0BRAVO,\u00a0IDEA,\u00a0DOBLO,\u00a0PANDA II,\u00a0PUNTO,\u00a0STILO,\u00a0TIPO, EGEA\u00a0KUTU \u0130\u00c7\u0130 PERFORMANS HAVA F\u0130LTRES\u0130 FB293\/04 - Marka Motors\" \/>\n<meta property=\"og:description\" content=\"Ara\u00e7 performans\u0131n\u0131 optimize etmek isteyen s\u00fcr\u00fcc\u00fcler i\u00e7in geli\u015ftirilen BMC hava filtreleri, hem panel hem de silindirik yap\u0131lar\u0131 sayesinde standart (OEM) filtrelerin en g\u00fc\u00e7l\u00fc alternatifidir. Arac\u0131n\u0131z\u0131n orijinal hava kutusuna birebir uyum sa\u011flayacak \u015fekilde tasarlanan bu filtreler, motorun nefes alma kapasitesini art\u0131r\u0131rken en \u00fcst d\u00fczey koruma sa\u011flar. \u00dcst\u00fcn Filtreleme Teknolojisi ve 7 Mikron Hassasiyeti S\u0131radan OEM filtreler\" \/>\n<meta property=\"og:url\" content=\"https:\/\/markasite.com.tr\/markamotors\/urun\/bmc-lancia-musa-ypsilon-843-peugeot-407-508-alfa-romeo-mito-955-citroen-c5-fiat-500-bravo-idea-doblo-panda-ii\/\" \/>\n<meta property=\"og:site_name\" content=\"Marka Motors\" \/>\n<meta property=\"article:publisher\" content=\"https:\/\/www.facebook.com\/?locale=tr_TR\" \/>\n<meta property=\"article:modified_time\" content=\"2026-02-23T23:44:38+00:00\" \/>\n<meta property=\"og:image\" content=\"https:\/\/markasite.com.tr\/markamotors\/wp-content\/uploads\/FB293-04.png\" \/>\n\t<meta property=\"og:image:width\" content=\"600\" \/>\n\t<meta property=\"og:image:height\" content=\"400\" \/>\n\t<meta property=\"og:image:type\" content=\"image\/png\" \/>\n<meta name=\"twitter:card\" content=\"summary_large_image\" \/>\n<meta name=\"twitter:label1\" content=\"Tahmini okuma s\u00fcresi\" \/>\n\t<meta name=\"twitter:data1\" content=\"1 dakika\" \/>\n<script type=\"application\/ld+json\" class=\"yoast-schema-graph\">{\"@context\":\"https:\\\/\\\/schema.org\",\"@graph\":[{\"@type\":\"WebPage\",\"@id\":\"https:\\\/\\\/markasite.com.tr\\\/markamotors\\\/urun\\\/bmc-lancia-musa-ypsilon-843-peugeot-407-508-alfa-romeo-mito-955-citroen-c5-fiat-500-bravo-idea-doblo-panda-ii\\\/\",\"url\":\"https:\\\/\\\/markasite.com.tr\\\/markamotors\\\/urun\\\/bmc-lancia-musa-ypsilon-843-peugeot-407-508-alfa-romeo-mito-955-citroen-c5-fiat-500-bravo-idea-doblo-panda-ii\\\/\",\"name\":\"BMC LANCIA\u00a0MUSA,\u00a0YPSILON (843),\u00a0PEUGEOT\u00a0407,\u00a0508,\u00a0ALFA ROMEO\u00a0MITO (955),\u00a0CITROEN\u00a0C5,\u00a0FIAT\u00a0500,\u00a0BRAVO,\u00a0IDEA,\u00a0DOBLO,\u00a0PANDA II,\u00a0PUNTO,\u00a0STILO,\u00a0TIPO, EGEA\u00a0KUTU \u0130\u00c7\u0130 PERFORMANS HAVA F\u0130LTRES\u0130 FB293\\\/04 - Marka Motors\",\"isPartOf\":{\"@id\":\"https:\\\/\\\/markasite.com.tr\\\/markamotors\\\/#website\"},\"primaryImageOfPage\":{\"@id\":\"https:\\\/\\\/markasite.com.tr\\\/markamotors\\\/urun\\\/bmc-lancia-musa-ypsilon-843-peugeot-407-508-alfa-romeo-mito-955-citroen-c5-fiat-500-bravo-idea-doblo-panda-ii\\\/#primaryimage\"},\"image\":{\"@id\":\"https:\\\/\\\/markasite.com.tr\\\/markamotors\\\/urun\\\/bmc-lancia-musa-ypsilon-843-peugeot-407-508-alfa-romeo-mito-955-citroen-c5-fiat-500-bravo-idea-doblo-panda-ii\\\/#primaryimage\"},\"thumbnailUrl\":\"https:\\\/\\\/markasite.com.tr\\\/markamotors\\\/wp-content\\\/uploads\\\/FB293-04.png\",\"datePublished\":\"2026-02-12T12:35:14+00:00\",\"dateModified\":\"2026-02-23T23:44:38+00:00\",\"breadcrumb\":{\"@id\":\"https:\\\/\\\/markasite.com.tr\\\/markamotors\\\/urun\\\/bmc-lancia-musa-ypsilon-843-peugeot-407-508-alfa-romeo-mito-955-citroen-c5-fiat-500-bravo-idea-doblo-panda-ii\\\/#breadcrumb\"},\"inLanguage\":\"tr\",\"potentialAction\":[{\"@type\":\"ReadAction\",\"target\":[\"https:\\\/\\\/markasite.com.tr\\\/markamotors\\\/urun\\\/bmc-lancia-musa-ypsilon-843-peugeot-407-508-alfa-romeo-mito-955-citroen-c5-fiat-500-bravo-idea-doblo-panda-ii\\\/\"]}]},{\"@type\":\"ImageObject\",\"inLanguage\":\"tr\",\"@id\":\"https:\\\/\\\/markasite.com.tr\\\/markamotors\\\/urun\\\/bmc-lancia-musa-ypsilon-843-peugeot-407-508-alfa-romeo-mito-955-citroen-c5-fiat-500-bravo-idea-doblo-panda-ii\\\/#primaryimage\",\"url\":\"https:\\\/\\\/markasite.com.tr\\\/markamotors\\\/wp-content\\\/uploads\\\/FB293-04.png\",\"contentUrl\":\"https:\\\/\\\/markasite.com.tr\\\/markamotors\\\/wp-content\\\/uploads\\\/FB293-04.png\",\"width\":600,\"height\":400},{\"@type\":\"BreadcrumbList\",\"@id\":\"https:\\\/\\\/markasite.com.tr\\\/markamotors\\\/urun\\\/bmc-lancia-musa-ypsilon-843-peugeot-407-508-alfa-romeo-mito-955-citroen-c5-fiat-500-bravo-idea-doblo-panda-ii\\\/#breadcrumb\",\"itemListElement\":[{\"@type\":\"ListItem\",\"position\":1,\"name\":\"Anasayfa\",\"item\":\"https:\\\/\\\/markasite.com.tr\\\/markamotors\\\/\"},{\"@type\":\"ListItem\",\"position\":2,\"name\":\"BMC LANCIA\u00a0MUSA,\u00a0YPSILON (843),\u00a0PEUGEOT\u00a0407,\u00a0508,\u00a0ALFA ROMEO\u00a0MITO (955),\u00a0CITROEN\u00a0C5,\u00a0FIAT\u00a0500,\u00a0BRAVO,\u00a0IDEA,\u00a0DOBLO,\u00a0PANDA II,\u00a0PUNTO,\u00a0STILO,\u00a0TIPO, EGEA\u00a0KUTU \u0130\u00c7\u0130 PERFORMANS HAVA F\u0130LTRES\u0130 FB293\\\/04\"}]},{\"@type\":\"WebSite\",\"@id\":\"https:\\\/\\\/markasite.com.tr\\\/markamotors\\\/#website\",\"url\":\"https:\\\/\\\/markasite.com.tr\\\/markamotors\\\/\",\"name\":\"Marka Motors\",\"description\":\"\",\"publisher\":{\"@id\":\"https:\\\/\\\/markasite.com.tr\\\/markamotors\\\/#organization\"},\"potentialAction\":[{\"@type\":\"SearchAction\",\"target\":{\"@type\":\"EntryPoint\",\"urlTemplate\":\"https:\\\/\\\/markasite.com.tr\\\/markamotors\\\/?s={search_term_string}\"},\"query-input\":{\"@type\":\"PropertyValueSpecification\",\"valueRequired\":true,\"valueName\":\"search_term_string\"}}],\"inLanguage\":\"tr\"},{\"@type\":\"Organization\",\"@id\":\"https:\\\/\\\/markasite.com.tr\\\/markamotors\\\/#organization\",\"name\":\"Marka Motors\",\"url\":\"https:\\\/\\\/markasite.com.tr\\\/markamotors\\\/\",\"logo\":{\"@type\":\"ImageObject\",\"inLanguage\":\"tr\",\"@id\":\"https:\\\/\\\/markasite.com.tr\\\/markamotors\\\/#\\\/schema\\\/logo\\\/image\\\/\",\"url\":\"https:\\\/\\\/markasite.com.tr\\\/markamotors\\\/wp-content\\\/uploads\\\/footerMarkaMotors.png\",\"contentUrl\":\"https:\\\/\\\/markasite.com.tr\\\/markamotors\\\/wp-content\\\/uploads\\\/footerMarkaMotors.png\",\"width\":215,\"height\":58,\"caption\":\"Marka Motors\"},\"image\":{\"@id\":\"https:\\\/\\\/markasite.com.tr\\\/markamotors\\\/#\\\/schema\\\/logo\\\/image\\\/\"},\"sameAs\":[\"https:\\\/\\\/www.facebook.com\\\/?locale=tr_TR\"]}]}<\/script>\n<!-- \/ Yoast SEO plugin. -->","yoast_head_json":{"title":"BMC LANCIA\u00a0MUSA,\u00a0YPSILON (843),\u00a0PEUGEOT\u00a0407,\u00a0508,\u00a0ALFA ROMEO\u00a0MITO (955),\u00a0CITROEN\u00a0C5,\u00a0FIAT\u00a0500,\u00a0BRAVO,\u00a0IDEA,\u00a0DOBLO,\u00a0PANDA II,\u00a0PUNTO,\u00a0STILO,\u00a0TIPO, EGEA\u00a0KUTU \u0130\u00c7\u0130 PERFORMANS HAVA F\u0130LTRES\u0130 FB293\/04 - Marka Motors","robots":{"index":"index","follow":"follow","max-snippet":"max-snippet:-1","max-image-preview":"max-image-preview:large","max-video-preview":"max-video-preview:-1"},"canonical":"https:\/\/markasite.com.tr\/markamotors\/urun\/bmc-lancia-musa-ypsilon-843-peugeot-407-508-alfa-romeo-mito-955-citroen-c5-fiat-500-bravo-idea-doblo-panda-ii\/","og_locale":"tr_TR","og_type":"article","og_title":"BMC LANCIA\u00a0MUSA,\u00a0YPSILON (843),\u00a0PEUGEOT\u00a0407,\u00a0508,\u00a0ALFA ROMEO\u00a0MITO (955),\u00a0CITROEN\u00a0C5,\u00a0FIAT\u00a0500,\u00a0BRAVO,\u00a0IDEA,\u00a0DOBLO,\u00a0PANDA II,\u00a0PUNTO,\u00a0STILO,\u00a0TIPO, EGEA\u00a0KUTU \u0130\u00c7\u0130 PERFORMANS HAVA F\u0130LTRES\u0130 FB293\/04 - Marka Motors","og_description":"Ara\u00e7 performans\u0131n\u0131 optimize etmek isteyen s\u00fcr\u00fcc\u00fcler i\u00e7in geli\u015ftirilen BMC hava filtreleri, hem panel hem de silindirik yap\u0131lar\u0131 sayesinde standart (OEM) filtrelerin en g\u00fc\u00e7l\u00fc alternatifidir. Arac\u0131n\u0131z\u0131n orijinal hava kutusuna birebir uyum sa\u011flayacak \u015fekilde tasarlanan bu filtreler, motorun nefes alma kapasitesini art\u0131r\u0131rken en \u00fcst d\u00fczey koruma sa\u011flar. \u00dcst\u00fcn Filtreleme Teknolojisi ve 7 Mikron Hassasiyeti S\u0131radan OEM filtreler","og_url":"https:\/\/markasite.com.tr\/markamotors\/urun\/bmc-lancia-musa-ypsilon-843-peugeot-407-508-alfa-romeo-mito-955-citroen-c5-fiat-500-bravo-idea-doblo-panda-ii\/","og_site_name":"Marka Motors","article_publisher":"https:\/\/www.facebook.com\/?locale=tr_TR","article_modified_time":"2026-02-23T23:44:38+00:00","og_image":[{"width":600,"height":400,"url":"https:\/\/markasite.com.tr\/markamotors\/wp-content\/uploads\/FB293-04.png","type":"image\/png"}],"twitter_card":"summary_large_image","twitter_misc":{"Tahmini okuma s\u00fcresi":"1 dakika"},"schema":{"@context":"https:\/\/schema.org","@graph":[{"@type":"WebPage","@id":"https:\/\/markasite.com.tr\/markamotors\/urun\/bmc-lancia-musa-ypsilon-843-peugeot-407-508-alfa-romeo-mito-955-citroen-c5-fiat-500-bravo-idea-doblo-panda-ii\/","url":"https:\/\/markasite.com.tr\/markamotors\/urun\/bmc-lancia-musa-ypsilon-843-peugeot-407-508-alfa-romeo-mito-955-citroen-c5-fiat-500-bravo-idea-doblo-panda-ii\/","name":"BMC LANCIA\u00a0MUSA,\u00a0YPSILON (843),\u00a0PEUGEOT\u00a0407,\u00a0508,\u00a0ALFA ROMEO\u00a0MITO (955),\u00a0CITROEN\u00a0C5,\u00a0FIAT\u00a0500,\u00a0BRAVO,\u00a0IDEA,\u00a0DOBLO,\u00a0PANDA II,\u00a0PUNTO,\u00a0STILO,\u00a0TIPO, EGEA\u00a0KUTU \u0130\u00c7\u0130 PERFORMANS HAVA F\u0130LTRES\u0130 FB293\/04 - Marka Motors","isPartOf":{"@id":"https:\/\/markasite.com.tr\/markamotors\/#website"},"primaryImageOfPage":{"@id":"https:\/\/markasite.com.tr\/markamotors\/urun\/bmc-lancia-musa-ypsilon-843-peugeot-407-508-alfa-romeo-mito-955-citroen-c5-fiat-500-bravo-idea-doblo-panda-ii\/#primaryimage"},"image":{"@id":"https:\/\/markasite.com.tr\/markamotors\/urun\/bmc-lancia-musa-ypsilon-843-peugeot-407-508-alfa-romeo-mito-955-citroen-c5-fiat-500-bravo-idea-doblo-panda-ii\/#primaryimage"},"thumbnailUrl":"https:\/\/markasite.com.tr\/markamotors\/wp-content\/uploads\/FB293-04.png","datePublished":"2026-02-12T12:35:14+00:00","dateModified":"2026-02-23T23:44:38+00:00","breadcrumb":{"@id":"https:\/\/markasite.com.tr\/markamotors\/urun\/bmc-lancia-musa-ypsilon-843-peugeot-407-508-alfa-romeo-mito-955-citroen-c5-fiat-500-bravo-idea-doblo-panda-ii\/#breadcrumb"},"inLanguage":"tr","potentialAction":[{"@type":"ReadAction","target":["https:\/\/markasite.com.tr\/markamotors\/urun\/bmc-lancia-musa-ypsilon-843-peugeot-407-508-alfa-romeo-mito-955-citroen-c5-fiat-500-bravo-idea-doblo-panda-ii\/"]}]},{"@type":"ImageObject","inLanguage":"tr","@id":"https:\/\/markasite.com.tr\/markamotors\/urun\/bmc-lancia-musa-ypsilon-843-peugeot-407-508-alfa-romeo-mito-955-citroen-c5-fiat-500-bravo-idea-doblo-panda-ii\/#primaryimage","url":"https:\/\/markasite.com.tr\/markamotors\/wp-content\/uploads\/FB293-04.png","contentUrl":"https:\/\/markasite.com.tr\/markamotors\/wp-content\/uploads\/FB293-04.png","width":600,"height":400},{"@type":"BreadcrumbList","@id":"https:\/\/markasite.com.tr\/markamotors\/urun\/bmc-lancia-musa-ypsilon-843-peugeot-407-508-alfa-romeo-mito-955-citroen-c5-fiat-500-bravo-idea-doblo-panda-ii\/#breadcrumb","itemListElement":[{"@type":"ListItem","position":1,"name":"Anasayfa","item":"https:\/\/markasite.com.tr\/markamotors\/"},{"@type":"ListItem","position":2,"name":"BMC LANCIA\u00a0MUSA,\u00a0YPSILON (843),\u00a0PEUGEOT\u00a0407,\u00a0508,\u00a0ALFA ROMEO\u00a0MITO (955),\u00a0CITROEN\u00a0C5,\u00a0FIAT\u00a0500,\u00a0BRAVO,\u00a0IDEA,\u00a0DOBLO,\u00a0PANDA II,\u00a0PUNTO,\u00a0STILO,\u00a0TIPO, EGEA\u00a0KUTU \u0130\u00c7\u0130 PERFORMANS HAVA F\u0130LTRES\u0130 FB293\/04"}]},{"@type":"WebSite","@id":"https:\/\/markasite.com.tr\/markamotors\/#website","url":"https:\/\/markasite.com.tr\/markamotors\/","name":"Marka Motors","description":"","publisher":{"@id":"https:\/\/markasite.com.tr\/markamotors\/#organization"},"potentialAction":[{"@type":"SearchAction","target":{"@type":"EntryPoint","urlTemplate":"https:\/\/markasite.com.tr\/markamotors\/?s={search_term_string}"},"query-input":{"@type":"PropertyValueSpecification","valueRequired":true,"valueName":"search_term_string"}}],"inLanguage":"tr"},{"@type":"Organization","@id":"https:\/\/markasite.com.tr\/markamotors\/#organization","name":"Marka Motors","url":"https:\/\/markasite.com.tr\/markamotors\/","logo":{"@type":"ImageObject","inLanguage":"tr","@id":"https:\/\/markasite.com.tr\/markamotors\/#\/schema\/logo\/image\/","url":"https:\/\/markasite.com.tr\/markamotors\/wp-content\/uploads\/footerMarkaMotors.png","contentUrl":"https:\/\/markasite.com.tr\/markamotors\/wp-content\/uploads\/footerMarkaMotors.png","width":215,"height":58,"caption":"Marka Motors"},"image":{"@id":"https:\/\/markasite.com.tr\/markamotors\/#\/schema\/logo\/image\/"},"sameAs":["https:\/\/www.facebook.com\/?locale=tr_TR"]}]}},"_links":{"self":[{"href":"https:\/\/markasite.com.tr\/markamotors\/wp-json\/wp\/v2\/product\/4914","targetHints":{"allow":["GET"]}}],"collection":[{"href":"https:\/\/markasite.com.tr\/markamotors\/wp-json\/wp\/v2\/product"}],"about":[{"href":"https:\/\/markasite.com.tr\/markamotors\/wp-json\/wp\/v2\/types\/product"}],"wp:featuredmedia":[{"embeddable":true,"href":"https:\/\/markasite.com.tr\/markamotors\/wp-json\/wp\/v2\/media\/2160"}],"wp:attachment":[{"href":"https:\/\/markasite.com.tr\/markamotors\/wp-json\/wp\/v2\/media?parent=4914"}],"wp:term":[{"taxonomy":"product_brand","embeddable":true,"href":"https:\/\/markasite.com.tr\/markamotors\/wp-json\/wp\/v2\/product_brand?post=4914"},{"taxonomy":"product_cat","embeddable":true,"href":"https:\/\/markasite.com.tr\/markamotors\/wp-json\/wp\/v2\/product_cat?post=4914"},{"taxonomy":"product_tag","embeddable":true,"href":"https:\/\/markasite.com.tr\/markamotors\/wp-json\/wp\/v2\/product_tag?post=4914"}],"curies":[{"name":"wp","href":"https:\/\/api.w.org\/{rel}","templated":true}]}}