{"id":4720,"date":"2026-02-11T16:05:16","date_gmt":"2026-02-11T13:05:16","guid":{"rendered":"https:\/\/markasite.com.tr\/markamotors\/urun\/acl-conrod-bearing-shell-subaru-ej20-ej22-ej2552mm-x-vers\/"},"modified":"2026-02-11T16:05:16","modified_gmt":"2026-02-11T13:05:16","slug":"acl-conrod-bearing-shell-subaru-ej20-ej22-ej2552mm-x-vers","status":"publish","type":"product","link":"https:\/\/markasite.com.tr\/markamotors\/urun\/acl-conrod-bearing-shell-subaru-ej20-ej22-ej2552mm-x-vers\/","title":{"rendered":"<div class=\"product-loop-meta\"><div class=\"loop-cat\">Piston Kolu Yatak<\/div><div class=\"brand\"><img alt=\"ACL\" src=\"https:\/\/markasite.com.tr\/markamotors\/wp-content\/uploads\/ACL.jpg\"><\/div><\/div><div class=\"list-pro-title\">Acl Conrod Bearing Shell Subaru Ej20\/Ej22\/Ej25(52Mm) X-Vers.<\/div>"},"content":{"rendered":"<p>ACL Yar\u0131\u015f Serisi&#8217;nde, tasar\u0131m, metalurji ve m\u00fchendisli\u011fin benzersiz birle\u015fimi, s\u00fcr\u00fcc\u00fclerin y\u00fcksek performansl\u0131 \u00fc\u00e7 metal motor yataklar\u0131ndan bekledi\u011fi performans\u0131 sunmak i\u00e7in bir araya geliyor.<br \/>\nDaha y\u00fcksek devir ko\u015fullar\u0131na dayanacak \u015fekilde tasarlanan ACL Yar\u0131\u015f Serisi Motor Yataklar\u0131, Subaru motor \u00fcreticileri aras\u0131nda son derece sayg\u0131n bir yere sahiptir.<\/p>\n<p>Yorulma \u00f6zelliklerini iyile\u015ftirmek i\u00e7in kal\u0131nl\u0131\u011f\u0131 azalt\u0131lm\u0131\u015f y\u00fcksek mukavemetli kaplama plakas\u0131.<\/p>\n<p>T\u00fcm biyel yataklar\u0131nda sertle\u015ftirilmi\u015f \u00e7elik destekler bulunur; bu destekler yata\u011f\u0131n daha iyi desteklenmesini sa\u011flar ve yata\u011f\u0131n g\u00f6vdede daha iyi tutunmas\u0131na yard\u0131mc\u0131 olur.<\/p>\n<p>Daha iyi yatak tutma i\u00e7in art\u0131r\u0131lm\u0131\u015f s\u0131k\u0131\u015ft\u0131rma<\/p>\n<p>Rulmanlar\u0131n arkas\u0131ndaki fla\u015f kaplaman\u0131n ortadan kald\u0131r\u0131lmas\u0131, rulmanlar \u00fczerinden \u0131s\u0131 transferini iyile\u015ftirmek ve rulman ile yuvas\u0131 aras\u0131ndaki kavrama g\u00fcc\u00fcn\u00fc en \u00fcst d\u00fczeye \u00e7\u0131karmak i\u00e7indir.<\/p>\n<p>Y\u00fcksek devirlerde silindir deformasyonunu telafi etmek ve hidrodinamik ya\u011f filmlerinin olu\u015fumuna yard\u0131mc\u0131 olmak i\u00e7in eksantriklik art\u0131r\u0131lm\u0131\u015ft\u0131r.<\/p>\n<p>Ana yataklar\u0131n 3\/4&#8217;\u00fc olukludur ve y\u00fck ta\u015f\u0131ma y\u00fczey alan\u0131n\u0131 ve biyel kolu yataklar\u0131na ya\u011f ak\u0131\u015f\u0131n\u0131 optimize eder.<\/p>\n<p>S\u0131k\u0131 ve tutarl\u0131 duvar tolerans\u0131, tutarl\u0131 bo\u015fluklar\u0131n korunmas\u0131na yard\u0131mc\u0131 olur.<\/p>\n<p>Y\u00fcksek performansl\u0131 krank millerinde geni\u015f k\u00f6\u015fe yar\u0131\u00e7ap\u0131na uyum sa\u011flamak i\u00e7in gerekli olan yerlerde, yatak kenarlar\u0131nda geni\u015fletilmi\u015f i\u00e7 \u00e7ap pahlar\u0131.<\/p>\n<p>L\u00fctfen yapmay\u0131 planlad\u0131\u011f\u0131n\u0131z krank mili i\u015fleme i\u015flemine ba\u011fl\u0131 olarak gerekli ana yatak ve biyel kolu yata\u011f\u0131 boyutlar\u0131n\u0131 se\u00e7in.<\/p>\n","protected":false},"excerpt":{"rendered":"<p>ACL Yar\u0131\u015f Serisi&#8217;nde, tasar\u0131m, metalurji ve m\u00fchendisli\u011fin benzersiz birle\u015fimi, s\u00fcr\u00fcc\u00fclerin y\u00fcksek performansl\u0131 \u00fc\u00e7 metal motor yataklar\u0131ndan bekledi\u011fi performans\u0131 sunmak i\u00e7in bir araya geliyor. Daha y\u00fcksek devir ko\u015fullar\u0131na dayanacak \u015fekilde tasarlanan ACL Yar\u0131\u015f Serisi Motor Yataklar\u0131, Subaru motor \u00fcreticileri aras\u0131nda son derece sayg\u0131n bir yere sahiptir. Yorulma \u00f6zelliklerini iyile\u015ftirmek i\u00e7in kal\u0131nl\u0131\u011f\u0131 azalt\u0131lm\u0131\u015f y\u00fcksek mukavemetli kaplama plakas\u0131.<\/p>\n","protected":false},"featured_media":4535,"template":"","meta":{"_acf_changed":false},"product_brand":[275],"product_cat":[107],"product_tag":[],"class_list":{"0":"post-4720","1":"product","2":"type-product","3":"status-publish","4":"has-post-thumbnail","6":"product_brand-acl","7":"product_cat-piston-kolu-yatak","9":"first","10":"outofstock","11":"taxable","12":"shipping-taxable","13":"purchasable","14":"product-type-simple"},"acf":[],"yoast_head":"<!-- This site is optimized with the Yoast SEO plugin v27.3 - https:\/\/yoast.com\/product\/yoast-seo-wordpress\/ -->\n<title>ACL Conrod Bearing Shell Subaru EJ20\/EJ22\/EJ25(52MM) X-Vers. - Marka Motors<\/title>\n<meta name=\"robots\" content=\"index, follow, max-snippet:-1, max-image-preview:large, max-video-preview:-1\" \/>\n<link rel=\"canonical\" href=\"https:\/\/markasite.com.tr\/markamotors\/urun\/acl-conrod-bearing-shell-subaru-ej20-ej22-ej2552mm-x-vers\/\" \/>\n<meta property=\"og:locale\" content=\"tr_TR\" \/>\n<meta property=\"og:type\" content=\"article\" \/>\n<meta property=\"og:title\" content=\"ACL Conrod Bearing Shell Subaru EJ20\/EJ22\/EJ25(52MM) X-Vers. - Marka Motors\" \/>\n<meta property=\"og:description\" content=\"ACL Yar\u0131\u015f Serisi&#8217;nde, tasar\u0131m, metalurji ve m\u00fchendisli\u011fin benzersiz birle\u015fimi, s\u00fcr\u00fcc\u00fclerin y\u00fcksek performansl\u0131 \u00fc\u00e7 metal motor yataklar\u0131ndan bekledi\u011fi performans\u0131 sunmak i\u00e7in bir araya geliyor. Daha y\u00fcksek devir ko\u015fullar\u0131na dayanacak \u015fekilde tasarlanan ACL Yar\u0131\u015f Serisi Motor Yataklar\u0131, Subaru motor \u00fcreticileri aras\u0131nda son derece sayg\u0131n bir yere sahiptir. Yorulma \u00f6zelliklerini iyile\u015ftirmek i\u00e7in kal\u0131nl\u0131\u011f\u0131 azalt\u0131lm\u0131\u015f y\u00fcksek mukavemetli kaplama plakas\u0131.\" \/>\n<meta property=\"og:url\" content=\"https:\/\/markasite.com.tr\/markamotors\/urun\/acl-conrod-bearing-shell-subaru-ej20-ej22-ej2552mm-x-vers\/\" \/>\n<meta property=\"og:site_name\" content=\"Marka Motors\" \/>\n<meta property=\"article:publisher\" content=\"https:\/\/www.facebook.com\/?locale=tr_TR\" \/>\n<meta property=\"og:image\" content=\"https:\/\/markasite.com.tr\/markamotors\/wp-content\/uploads\/ACLCentreThrustCombo.jpg\" \/>\n\t<meta property=\"og:image:width\" content=\"1200\" \/>\n\t<meta property=\"og:image:height\" content=\"795\" \/>\n\t<meta property=\"og:image:type\" content=\"image\/jpeg\" \/>\n<meta name=\"twitter:card\" content=\"summary_large_image\" \/>\n<meta name=\"twitter:label1\" content=\"Tahmini okuma s\u00fcresi\" \/>\n\t<meta name=\"twitter:data1\" content=\"1 dakika\" \/>\n<script type=\"application\/ld+json\" class=\"yoast-schema-graph\">{\"@context\":\"https:\\\/\\\/schema.org\",\"@graph\":[{\"@type\":\"WebPage\",\"@id\":\"https:\\\/\\\/markasite.com.tr\\\/markamotors\\\/urun\\\/acl-conrod-bearing-shell-subaru-ej20-ej22-ej2552mm-x-vers\\\/\",\"url\":\"https:\\\/\\\/markasite.com.tr\\\/markamotors\\\/urun\\\/acl-conrod-bearing-shell-subaru-ej20-ej22-ej2552mm-x-vers\\\/\",\"name\":\"ACL Conrod Bearing Shell Subaru EJ20\\\/EJ22\\\/EJ25(52MM) X-Vers. - Marka Motors\",\"isPartOf\":{\"@id\":\"https:\\\/\\\/markasite.com.tr\\\/markamotors\\\/#website\"},\"primaryImageOfPage\":{\"@id\":\"https:\\\/\\\/markasite.com.tr\\\/markamotors\\\/urun\\\/acl-conrod-bearing-shell-subaru-ej20-ej22-ej2552mm-x-vers\\\/#primaryimage\"},\"image\":{\"@id\":\"https:\\\/\\\/markasite.com.tr\\\/markamotors\\\/urun\\\/acl-conrod-bearing-shell-subaru-ej20-ej22-ej2552mm-x-vers\\\/#primaryimage\"},\"thumbnailUrl\":\"https:\\\/\\\/markasite.com.tr\\\/markamotors\\\/wp-content\\\/uploads\\\/ACLCentreThrustCombo.jpg\",\"datePublished\":\"2026-02-11T13:05:16+00:00\",\"breadcrumb\":{\"@id\":\"https:\\\/\\\/markasite.com.tr\\\/markamotors\\\/urun\\\/acl-conrod-bearing-shell-subaru-ej20-ej22-ej2552mm-x-vers\\\/#breadcrumb\"},\"inLanguage\":\"tr\",\"potentialAction\":[{\"@type\":\"ReadAction\",\"target\":[\"https:\\\/\\\/markasite.com.tr\\\/markamotors\\\/urun\\\/acl-conrod-bearing-shell-subaru-ej20-ej22-ej2552mm-x-vers\\\/\"]}]},{\"@type\":\"ImageObject\",\"inLanguage\":\"tr\",\"@id\":\"https:\\\/\\\/markasite.com.tr\\\/markamotors\\\/urun\\\/acl-conrod-bearing-shell-subaru-ej20-ej22-ej2552mm-x-vers\\\/#primaryimage\",\"url\":\"https:\\\/\\\/markasite.com.tr\\\/markamotors\\\/wp-content\\\/uploads\\\/ACLCentreThrustCombo.jpg\",\"contentUrl\":\"https:\\\/\\\/markasite.com.tr\\\/markamotors\\\/wp-content\\\/uploads\\\/ACLCentreThrustCombo.jpg\",\"width\":1200,\"height\":795},{\"@type\":\"BreadcrumbList\",\"@id\":\"https:\\\/\\\/markasite.com.tr\\\/markamotors\\\/urun\\\/acl-conrod-bearing-shell-subaru-ej20-ej22-ej2552mm-x-vers\\\/#breadcrumb\",\"itemListElement\":[{\"@type\":\"ListItem\",\"position\":1,\"name\":\"Anasayfa\",\"item\":\"https:\\\/\\\/markasite.com.tr\\\/markamotors\\\/\"},{\"@type\":\"ListItem\",\"position\":2,\"name\":\"Piston Kolu YatakAcl Conrod Bearing Shell Subaru Ej20\\\/Ej22\\\/Ej25(52Mm) X-Vers.\"}]},{\"@type\":\"WebSite\",\"@id\":\"https:\\\/\\\/markasite.com.tr\\\/markamotors\\\/#website\",\"url\":\"https:\\\/\\\/markasite.com.tr\\\/markamotors\\\/\",\"name\":\"Marka Motors\",\"description\":\"\",\"publisher\":{\"@id\":\"https:\\\/\\\/markasite.com.tr\\\/markamotors\\\/#organization\"},\"potentialAction\":[{\"@type\":\"SearchAction\",\"target\":{\"@type\":\"EntryPoint\",\"urlTemplate\":\"https:\\\/\\\/markasite.com.tr\\\/markamotors\\\/?s={search_term_string}\"},\"query-input\":{\"@type\":\"PropertyValueSpecification\",\"valueRequired\":true,\"valueName\":\"search_term_string\"}}],\"inLanguage\":\"tr\"},{\"@type\":\"Organization\",\"@id\":\"https:\\\/\\\/markasite.com.tr\\\/markamotors\\\/#organization\",\"name\":\"Marka Motors\",\"url\":\"https:\\\/\\\/markasite.com.tr\\\/markamotors\\\/\",\"logo\":{\"@type\":\"ImageObject\",\"inLanguage\":\"tr\",\"@id\":\"https:\\\/\\\/markasite.com.tr\\\/markamotors\\\/#\\\/schema\\\/logo\\\/image\\\/\",\"url\":\"https:\\\/\\\/markasite.com.tr\\\/markamotors\\\/wp-content\\\/uploads\\\/footerMarkaMotors.png\",\"contentUrl\":\"https:\\\/\\\/markasite.com.tr\\\/markamotors\\\/wp-content\\\/uploads\\\/footerMarkaMotors.png\",\"width\":215,\"height\":58,\"caption\":\"Marka Motors\"},\"image\":{\"@id\":\"https:\\\/\\\/markasite.com.tr\\\/markamotors\\\/#\\\/schema\\\/logo\\\/image\\\/\"},\"sameAs\":[\"https:\\\/\\\/www.facebook.com\\\/?locale=tr_TR\"]}]}<\/script>\n<!-- \/ Yoast SEO plugin. -->","yoast_head_json":{"title":"ACL Conrod Bearing Shell Subaru EJ20\/EJ22\/EJ25(52MM) X-Vers. - Marka Motors","robots":{"index":"index","follow":"follow","max-snippet":"max-snippet:-1","max-image-preview":"max-image-preview:large","max-video-preview":"max-video-preview:-1"},"canonical":"https:\/\/markasite.com.tr\/markamotors\/urun\/acl-conrod-bearing-shell-subaru-ej20-ej22-ej2552mm-x-vers\/","og_locale":"tr_TR","og_type":"article","og_title":"ACL Conrod Bearing Shell Subaru EJ20\/EJ22\/EJ25(52MM) X-Vers. - Marka Motors","og_description":"ACL Yar\u0131\u015f Serisi&#8217;nde, tasar\u0131m, metalurji ve m\u00fchendisli\u011fin benzersiz birle\u015fimi, s\u00fcr\u00fcc\u00fclerin y\u00fcksek performansl\u0131 \u00fc\u00e7 metal motor yataklar\u0131ndan bekledi\u011fi performans\u0131 sunmak i\u00e7in bir araya geliyor. Daha y\u00fcksek devir ko\u015fullar\u0131na dayanacak \u015fekilde tasarlanan ACL Yar\u0131\u015f Serisi Motor Yataklar\u0131, Subaru motor \u00fcreticileri aras\u0131nda son derece sayg\u0131n bir yere sahiptir. Yorulma \u00f6zelliklerini iyile\u015ftirmek i\u00e7in kal\u0131nl\u0131\u011f\u0131 azalt\u0131lm\u0131\u015f y\u00fcksek mukavemetli kaplama plakas\u0131.","og_url":"https:\/\/markasite.com.tr\/markamotors\/urun\/acl-conrod-bearing-shell-subaru-ej20-ej22-ej2552mm-x-vers\/","og_site_name":"Marka Motors","article_publisher":"https:\/\/www.facebook.com\/?locale=tr_TR","og_image":[{"width":1200,"height":795,"url":"https:\/\/markasite.com.tr\/markamotors\/wp-content\/uploads\/ACLCentreThrustCombo.jpg","type":"image\/jpeg"}],"twitter_card":"summary_large_image","twitter_misc":{"Tahmini okuma s\u00fcresi":"1 dakika"},"schema":{"@context":"https:\/\/schema.org","@graph":[{"@type":"WebPage","@id":"https:\/\/markasite.com.tr\/markamotors\/urun\/acl-conrod-bearing-shell-subaru-ej20-ej22-ej2552mm-x-vers\/","url":"https:\/\/markasite.com.tr\/markamotors\/urun\/acl-conrod-bearing-shell-subaru-ej20-ej22-ej2552mm-x-vers\/","name":"ACL Conrod Bearing Shell Subaru EJ20\/EJ22\/EJ25(52MM) X-Vers. - Marka Motors","isPartOf":{"@id":"https:\/\/markasite.com.tr\/markamotors\/#website"},"primaryImageOfPage":{"@id":"https:\/\/markasite.com.tr\/markamotors\/urun\/acl-conrod-bearing-shell-subaru-ej20-ej22-ej2552mm-x-vers\/#primaryimage"},"image":{"@id":"https:\/\/markasite.com.tr\/markamotors\/urun\/acl-conrod-bearing-shell-subaru-ej20-ej22-ej2552mm-x-vers\/#primaryimage"},"thumbnailUrl":"https:\/\/markasite.com.tr\/markamotors\/wp-content\/uploads\/ACLCentreThrustCombo.jpg","datePublished":"2026-02-11T13:05:16+00:00","breadcrumb":{"@id":"https:\/\/markasite.com.tr\/markamotors\/urun\/acl-conrod-bearing-shell-subaru-ej20-ej22-ej2552mm-x-vers\/#breadcrumb"},"inLanguage":"tr","potentialAction":[{"@type":"ReadAction","target":["https:\/\/markasite.com.tr\/markamotors\/urun\/acl-conrod-bearing-shell-subaru-ej20-ej22-ej2552mm-x-vers\/"]}]},{"@type":"ImageObject","inLanguage":"tr","@id":"https:\/\/markasite.com.tr\/markamotors\/urun\/acl-conrod-bearing-shell-subaru-ej20-ej22-ej2552mm-x-vers\/#primaryimage","url":"https:\/\/markasite.com.tr\/markamotors\/wp-content\/uploads\/ACLCentreThrustCombo.jpg","contentUrl":"https:\/\/markasite.com.tr\/markamotors\/wp-content\/uploads\/ACLCentreThrustCombo.jpg","width":1200,"height":795},{"@type":"BreadcrumbList","@id":"https:\/\/markasite.com.tr\/markamotors\/urun\/acl-conrod-bearing-shell-subaru-ej20-ej22-ej2552mm-x-vers\/#breadcrumb","itemListElement":[{"@type":"ListItem","position":1,"name":"Anasayfa","item":"https:\/\/markasite.com.tr\/markamotors\/"},{"@type":"ListItem","position":2,"name":"Piston Kolu YatakAcl Conrod Bearing Shell Subaru Ej20\/Ej22\/Ej25(52Mm) X-Vers."}]},{"@type":"WebSite","@id":"https:\/\/markasite.com.tr\/markamotors\/#website","url":"https:\/\/markasite.com.tr\/markamotors\/","name":"Marka Motors","description":"","publisher":{"@id":"https:\/\/markasite.com.tr\/markamotors\/#organization"},"potentialAction":[{"@type":"SearchAction","target":{"@type":"EntryPoint","urlTemplate":"https:\/\/markasite.com.tr\/markamotors\/?s={search_term_string}"},"query-input":{"@type":"PropertyValueSpecification","valueRequired":true,"valueName":"search_term_string"}}],"inLanguage":"tr"},{"@type":"Organization","@id":"https:\/\/markasite.com.tr\/markamotors\/#organization","name":"Marka Motors","url":"https:\/\/markasite.com.tr\/markamotors\/","logo":{"@type":"ImageObject","inLanguage":"tr","@id":"https:\/\/markasite.com.tr\/markamotors\/#\/schema\/logo\/image\/","url":"https:\/\/markasite.com.tr\/markamotors\/wp-content\/uploads\/footerMarkaMotors.png","contentUrl":"https:\/\/markasite.com.tr\/markamotors\/wp-content\/uploads\/footerMarkaMotors.png","width":215,"height":58,"caption":"Marka Motors"},"image":{"@id":"https:\/\/markasite.com.tr\/markamotors\/#\/schema\/logo\/image\/"},"sameAs":["https:\/\/www.facebook.com\/?locale=tr_TR"]}]}},"_links":{"self":[{"href":"https:\/\/markasite.com.tr\/markamotors\/wp-json\/wp\/v2\/product\/4720","targetHints":{"allow":["GET"]}}],"collection":[{"href":"https:\/\/markasite.com.tr\/markamotors\/wp-json\/wp\/v2\/product"}],"about":[{"href":"https:\/\/markasite.com.tr\/markamotors\/wp-json\/wp\/v2\/types\/product"}],"wp:featuredmedia":[{"embeddable":true,"href":"https:\/\/markasite.com.tr\/markamotors\/wp-json\/wp\/v2\/media\/4535"}],"wp:attachment":[{"href":"https:\/\/markasite.com.tr\/markamotors\/wp-json\/wp\/v2\/media?parent=4720"}],"wp:term":[{"taxonomy":"product_brand","embeddable":true,"href":"https:\/\/markasite.com.tr\/markamotors\/wp-json\/wp\/v2\/product_brand?post=4720"},{"taxonomy":"product_cat","embeddable":true,"href":"https:\/\/markasite.com.tr\/markamotors\/wp-json\/wp\/v2\/product_cat?post=4720"},{"taxonomy":"product_tag","embeddable":true,"href":"https:\/\/markasite.com.tr\/markamotors\/wp-json\/wp\/v2\/product_tag?post=4720"}],"curies":[{"name":"wp","href":"https:\/\/api.w.org\/{rel}","templated":true}]}}