{"id":4509,"date":"2026-02-10T18:32:24","date_gmt":"2026-02-10T15:32:24","guid":{"rendered":"https:\/\/markasite.com.tr\/markamotors\/urun\/garrett-gxr42-72-turbo-supercore-934173-5002s\/"},"modified":"2026-02-28T00:45:23","modified_gmt":"2026-02-27T21:45:23","slug":"garrett-gxr42-72-turbo-supercore-934173-5002s","status":"publish","type":"product","link":"https:\/\/markasite.com.tr\/markamotors\/urun\/garrett-gxr42-72-turbo-supercore-934173-5002s\/","title":{"rendered":"<div class=\"product-loop-meta\"><div class=\"loop-cat\">G-X Race Serisi<\/div><div class=\"brand\"><img alt=\"Garrett\" src=\"https:\/\/markasite.com.tr\/markamotors\/wp-content\/uploads\/Garrett.jpg\"><\/div><\/div><div class=\"list-pro-title\">Garrett Gxr42-72 Turbo Supercore \/ 934173-5002S<\/div>"},"content":{"rendered":"<p>Garrett GXR42-72 Turbo Supercore<br \/>\nYeni nesil GXR Garrett turbo\u015farj 934173-5002<br \/>\nGTX turbo serisinin ger\u00e7ek bir evrimi<br \/>\nGarrett, s\u0131n\u0131rl\u0131 kompres\u00f6r \u00e7ark\u0131 boyutu kurallar\u0131na sahip Drag Yar\u0131\u015f Serileri i\u00e7in yeni bir turbo\u015farj serisi olan GXR Serisini piyasaya s\u00fcr\u00fcyor:<\/p>\n<p>Ak\u0131\u015f h\u0131z\u0131: +%16 (GXR42-72, G42-1200 ile kar\u015f\u0131la\u015ft\u0131r\u0131ld\u0131\u011f\u0131nda)<br \/>\nAk\u0131\u015f h\u0131z\u0131: +%29 (GXR45-67, G45-1125 ile kar\u015f\u0131la\u015ft\u0131r\u0131ld\u0131\u011f\u0131nda)<br \/>\nAk\u0131\u015f h\u0131z\u0131: +%11 (GXR45-73, G45-1350 ile kar\u015f\u0131la\u015ft\u0131r\u0131ld\u0131\u011f\u0131nda)<br \/>\nXBoost Teknolojisi g\u00fcc\u00fc ve performans\u0131 art\u0131r\u0131r.<br \/>\nGeli\u015ftirilmi\u015f bas\u0131n\u00e7 oran\u0131 kapasitesi ve daha y\u00fcksek takviye bas\u0131nc\u0131<br \/>\nY\u00fcksek ak\u0131\u015f h\u0131zlar\u0131nda verimlilik art\u0131\u015f\u0131<br \/>\nGiri\u015f s\u0131cakl\u0131\u011f\u0131n\u0131 d\u00fc\u015f\u00fcr\u00fcn<br \/>\n72,9 mm kompres\u00f6r giri\u015f \u00e7ap\u0131 | 102 mm kompres\u00f6r \u00e7\u0131k\u0131\u015f \u00e7ap\u0131<br \/>\nKompres\u00f6r \u00e7ark\u0131 giri\u015f \u00e7ap\u0131 limiti 72,9 mm olan drag yar\u0131\u015f s\u0131n\u0131flar\u0131nda kullan\u0131m i\u00e7indir. L\u00fctfen sat\u0131n almadan \u00f6nce s\u0131n\u0131f kurallar\u0131n\u0131 do\u011frulay\u0131n.<br \/>\nHafif al\u00fcminyum arka plaka<br \/>\nKolay y\u00fckseltme imkan\u0131 sa\u011flamak i\u00e7in G42 Serisi ile ayn\u0131 Twinscroll T4 ve V-Band t\u00fcrbin g\u00f6vdelerini kullan\u0131r.<br \/>\nEk \u00f6zellikler \u015funlard\u0131r:<\/p>\n<p>&#8211; Daha y\u00fcksek ak\u0131\u015fa sahip (GTX serisi, Gen II serisi kompres\u00f6r \u00e7arklar\u0131ndan daha iyi) en yeni nesil d\u00f6vme ve i\u015flenmi\u015f kompres\u00f6r \u00e7ark\u0131<br \/>\n&#8211; H\u0131z sens\u00f6r\u00fc i\u00e7in iste\u011fe ba\u011fl\u0131 ba\u011flant\u0131ya sahip y\u00fcksek ak\u0131\u015fl\u0131 kompres\u00f6r g\u00f6vdesi<br \/>\n&#8211; %74 daha fazla verimlili\u011fe sahip Mar-M&#8217;den (1050\u00b0C&#8217;ye kadar dayan\u0131kl\u0131) yap\u0131lm\u0131\u015f t\u00fcrbin \u00e7ark\u0131<br \/>\n&#8211; 1050\u00b0C&#8217;ye kadar dayan\u0131kl\u0131 paslanmaz \u00e7elik t\u00fcrbin g\u00f6vdesi<br \/>\n&#8211; V-bant giri\u015fli ve V-bant \u00e7\u0131k\u0131\u015fl\u0131 egzoz g\u00f6vdeleri<br \/>\n&#8211; Bireysel olarak b\u00fck\u00fclebilen V-bantl\u0131 CHRA<br \/>\n&#8211; \u00c7ift seramik bilyal\u0131 rulmanlar<br \/>\n&#8211; 4 su ba\u011flant\u0131 noktas\u0131<br \/>\n&#8211; Piston segmanlar\u0131nda \u00e7ift conta<br \/>\n&#8211; Sa\u011f ve sol d\u00f6n\u00fc\u015fl\u00fc turbo\u015farjlar mevcuttur.<\/p>\n<p>G\u00fc\u00e7 aral\u0131\u011f\u0131: 1450 HP&#8217;ye kadar<br \/>\nMotor hacmi: 2,0 ila 8,0 Litre<\/p>\n<p>Kompres\u00f6r bilgileri:<br \/>\nGiri\u015f: 72,9 mm<br \/>\n\u00c7\u0131k\u0131\u015f: 102 mm<br \/>\nTrim: 51<br \/>\nA\/R de\u011feri: 0,85<\/p>\n<p>T\u00fcrbin bilgileri:<br \/>\nGiri\u015f: 82,00 mm<br \/>\n\u00c7\u0131k\u0131\u015f: 75,00 mm<br \/>\nTrim: 84<\/p>\n","protected":false},"excerpt":{"rendered":"<p>Garrett GXR42-72 Turbo Supercore Yeni nesil GXR Garrett turbo\u015farj 934173-5002 GTX turbo serisinin ger\u00e7ek bir evrimi Garrett, s\u0131n\u0131rl\u0131 kompres\u00f6r \u00e7ark\u0131 boyutu kurallar\u0131na sahip Drag Yar\u0131\u015f Serileri i\u00e7in yeni bir turbo\u015farj serisi olan GXR Serisini piyasaya s\u00fcr\u00fcyor: Ak\u0131\u015f h\u0131z\u0131: +%16 (GXR42-72, G42-1200 ile kar\u015f\u0131la\u015ft\u0131r\u0131ld\u0131\u011f\u0131nda) Ak\u0131\u015f h\u0131z\u0131: +%29 (GXR45-67, G45-1125 ile kar\u015f\u0131la\u015ft\u0131r\u0131ld\u0131\u011f\u0131nda) Ak\u0131\u015f h\u0131z\u0131: +%11 (GXR45-73, G45-1350<\/p>\n","protected":false},"featured_media":4348,"template":"","meta":{"_acf_changed":false},"product_brand":[300],"product_cat":[366],"product_tag":[353,345],"class_list":{"0":"post-4509","1":"product","2":"type-product","3":"status-publish","4":"has-post-thumbnail","6":"product_brand-garrett","7":"product_cat-g-x-race-serisi","8":"product_tag-garrett-turbo","9":"product_tag-turbo","11":"first","12":"instock","13":"taxable","14":"shipping-taxable","15":"purchasable","16":"product-type-simple"},"acf":[],"yoast_head":"<!-- This site is optimized with the Yoast SEO plugin v27.3 - https:\/\/yoast.com\/product\/yoast-seo-wordpress\/ -->\n<title>Garrett GXR42-72 Turbo Supercore \/ 934173-5002S - Marka Motors<\/title>\n<meta name=\"robots\" content=\"index, follow, max-snippet:-1, max-image-preview:large, max-video-preview:-1\" \/>\n<link rel=\"canonical\" href=\"https:\/\/markasite.com.tr\/markamotors\/urun\/garrett-gxr42-72-turbo-supercore-934173-5002s\/\" \/>\n<meta property=\"og:locale\" content=\"tr_TR\" \/>\n<meta property=\"og:type\" content=\"article\" \/>\n<meta property=\"og:title\" content=\"Garrett GXR42-72 Turbo Supercore \/ 934173-5002S - Marka Motors\" \/>\n<meta property=\"og:description\" content=\"Garrett GXR42-72 Turbo Supercore Yeni nesil GXR Garrett turbo\u015farj 934173-5002 GTX turbo serisinin ger\u00e7ek bir evrimi Garrett, s\u0131n\u0131rl\u0131 kompres\u00f6r \u00e7ark\u0131 boyutu kurallar\u0131na sahip Drag Yar\u0131\u015f Serileri i\u00e7in yeni bir turbo\u015farj serisi olan GXR Serisini piyasaya s\u00fcr\u00fcyor: Ak\u0131\u015f h\u0131z\u0131: +%16 (GXR42-72, G42-1200 ile kar\u015f\u0131la\u015ft\u0131r\u0131ld\u0131\u011f\u0131nda) Ak\u0131\u015f h\u0131z\u0131: +%29 (GXR45-67, G45-1125 ile kar\u015f\u0131la\u015ft\u0131r\u0131ld\u0131\u011f\u0131nda) Ak\u0131\u015f h\u0131z\u0131: +%11 (GXR45-73, G45-1350\" \/>\n<meta property=\"og:url\" content=\"https:\/\/markasite.com.tr\/markamotors\/urun\/garrett-gxr42-72-turbo-supercore-934173-5002s\/\" \/>\n<meta property=\"og:site_name\" content=\"Marka Motors\" \/>\n<meta property=\"article:publisher\" content=\"https:\/\/www.facebook.com\/?locale=tr_TR\" \/>\n<meta property=\"article:modified_time\" content=\"2026-02-27T21:45:23+00:00\" \/>\n<meta property=\"og:image\" content=\"https:\/\/markasite.com.tr\/markamotors\/wp-content\/uploads\/934173-5002S.jpg\" \/>\n\t<meta property=\"og:image:width\" content=\"1280\" \/>\n\t<meta property=\"og:image:height\" content=\"1083\" \/>\n\t<meta property=\"og:image:type\" content=\"image\/jpeg\" \/>\n<meta name=\"twitter:card\" content=\"summary_large_image\" \/>\n<meta name=\"twitter:label1\" content=\"Tahmini okuma s\u00fcresi\" \/>\n\t<meta name=\"twitter:data1\" content=\"2 dakika\" \/>\n<script type=\"application\/ld+json\" class=\"yoast-schema-graph\">{\"@context\":\"https:\\\/\\\/schema.org\",\"@graph\":[{\"@type\":\"WebPage\",\"@id\":\"https:\\\/\\\/markasite.com.tr\\\/markamotors\\\/urun\\\/garrett-gxr42-72-turbo-supercore-934173-5002s\\\/\",\"url\":\"https:\\\/\\\/markasite.com.tr\\\/markamotors\\\/urun\\\/garrett-gxr42-72-turbo-supercore-934173-5002s\\\/\",\"name\":\"Garrett GXR42-72 Turbo Supercore \\\/ 934173-5002S - Marka Motors\",\"isPartOf\":{\"@id\":\"https:\\\/\\\/markasite.com.tr\\\/markamotors\\\/#website\"},\"primaryImageOfPage\":{\"@id\":\"https:\\\/\\\/markasite.com.tr\\\/markamotors\\\/urun\\\/garrett-gxr42-72-turbo-supercore-934173-5002s\\\/#primaryimage\"},\"image\":{\"@id\":\"https:\\\/\\\/markasite.com.tr\\\/markamotors\\\/urun\\\/garrett-gxr42-72-turbo-supercore-934173-5002s\\\/#primaryimage\"},\"thumbnailUrl\":\"https:\\\/\\\/markasite.com.tr\\\/markamotors\\\/wp-content\\\/uploads\\\/934173-5002S.jpg\",\"datePublished\":\"2026-02-10T15:32:24+00:00\",\"dateModified\":\"2026-02-27T21:45:23+00:00\",\"breadcrumb\":{\"@id\":\"https:\\\/\\\/markasite.com.tr\\\/markamotors\\\/urun\\\/garrett-gxr42-72-turbo-supercore-934173-5002s\\\/#breadcrumb\"},\"inLanguage\":\"tr\",\"potentialAction\":[{\"@type\":\"ReadAction\",\"target\":[\"https:\\\/\\\/markasite.com.tr\\\/markamotors\\\/urun\\\/garrett-gxr42-72-turbo-supercore-934173-5002s\\\/\"]}]},{\"@type\":\"ImageObject\",\"inLanguage\":\"tr\",\"@id\":\"https:\\\/\\\/markasite.com.tr\\\/markamotors\\\/urun\\\/garrett-gxr42-72-turbo-supercore-934173-5002s\\\/#primaryimage\",\"url\":\"https:\\\/\\\/markasite.com.tr\\\/markamotors\\\/wp-content\\\/uploads\\\/934173-5002S.jpg\",\"contentUrl\":\"https:\\\/\\\/markasite.com.tr\\\/markamotors\\\/wp-content\\\/uploads\\\/934173-5002S.jpg\",\"width\":1280,\"height\":1083},{\"@type\":\"BreadcrumbList\",\"@id\":\"https:\\\/\\\/markasite.com.tr\\\/markamotors\\\/urun\\\/garrett-gxr42-72-turbo-supercore-934173-5002s\\\/#breadcrumb\",\"itemListElement\":[{\"@type\":\"ListItem\",\"position\":1,\"name\":\"Anasayfa\",\"item\":\"https:\\\/\\\/markasite.com.tr\\\/markamotors\\\/\"},{\"@type\":\"ListItem\",\"position\":2,\"name\":\"Garrett GXR42-72 Turbo Supercore \\\/ 934173-5002S\"}]},{\"@type\":\"WebSite\",\"@id\":\"https:\\\/\\\/markasite.com.tr\\\/markamotors\\\/#website\",\"url\":\"https:\\\/\\\/markasite.com.tr\\\/markamotors\\\/\",\"name\":\"Marka Motors\",\"description\":\"\",\"publisher\":{\"@id\":\"https:\\\/\\\/markasite.com.tr\\\/markamotors\\\/#organization\"},\"potentialAction\":[{\"@type\":\"SearchAction\",\"target\":{\"@type\":\"EntryPoint\",\"urlTemplate\":\"https:\\\/\\\/markasite.com.tr\\\/markamotors\\\/?s={search_term_string}\"},\"query-input\":{\"@type\":\"PropertyValueSpecification\",\"valueRequired\":true,\"valueName\":\"search_term_string\"}}],\"inLanguage\":\"tr\"},{\"@type\":\"Organization\",\"@id\":\"https:\\\/\\\/markasite.com.tr\\\/markamotors\\\/#organization\",\"name\":\"Marka Motors\",\"url\":\"https:\\\/\\\/markasite.com.tr\\\/markamotors\\\/\",\"logo\":{\"@type\":\"ImageObject\",\"inLanguage\":\"tr\",\"@id\":\"https:\\\/\\\/markasite.com.tr\\\/markamotors\\\/#\\\/schema\\\/logo\\\/image\\\/\",\"url\":\"https:\\\/\\\/markasite.com.tr\\\/markamotors\\\/wp-content\\\/uploads\\\/footerMarkaMotors.png\",\"contentUrl\":\"https:\\\/\\\/markasite.com.tr\\\/markamotors\\\/wp-content\\\/uploads\\\/footerMarkaMotors.png\",\"width\":215,\"height\":58,\"caption\":\"Marka Motors\"},\"image\":{\"@id\":\"https:\\\/\\\/markasite.com.tr\\\/markamotors\\\/#\\\/schema\\\/logo\\\/image\\\/\"},\"sameAs\":[\"https:\\\/\\\/www.facebook.com\\\/?locale=tr_TR\"]}]}<\/script>\n<!-- \/ Yoast SEO plugin. -->","yoast_head_json":{"title":"Garrett GXR42-72 Turbo Supercore \/ 934173-5002S - Marka Motors","robots":{"index":"index","follow":"follow","max-snippet":"max-snippet:-1","max-image-preview":"max-image-preview:large","max-video-preview":"max-video-preview:-1"},"canonical":"https:\/\/markasite.com.tr\/markamotors\/urun\/garrett-gxr42-72-turbo-supercore-934173-5002s\/","og_locale":"tr_TR","og_type":"article","og_title":"Garrett GXR42-72 Turbo Supercore \/ 934173-5002S - Marka Motors","og_description":"Garrett GXR42-72 Turbo Supercore Yeni nesil GXR Garrett turbo\u015farj 934173-5002 GTX turbo serisinin ger\u00e7ek bir evrimi Garrett, s\u0131n\u0131rl\u0131 kompres\u00f6r \u00e7ark\u0131 boyutu kurallar\u0131na sahip Drag Yar\u0131\u015f Serileri i\u00e7in yeni bir turbo\u015farj serisi olan GXR Serisini piyasaya s\u00fcr\u00fcyor: Ak\u0131\u015f h\u0131z\u0131: +%16 (GXR42-72, G42-1200 ile kar\u015f\u0131la\u015ft\u0131r\u0131ld\u0131\u011f\u0131nda) Ak\u0131\u015f h\u0131z\u0131: +%29 (GXR45-67, G45-1125 ile kar\u015f\u0131la\u015ft\u0131r\u0131ld\u0131\u011f\u0131nda) Ak\u0131\u015f h\u0131z\u0131: +%11 (GXR45-73, G45-1350","og_url":"https:\/\/markasite.com.tr\/markamotors\/urun\/garrett-gxr42-72-turbo-supercore-934173-5002s\/","og_site_name":"Marka Motors","article_publisher":"https:\/\/www.facebook.com\/?locale=tr_TR","article_modified_time":"2026-02-27T21:45:23+00:00","og_image":[{"width":1280,"height":1083,"url":"https:\/\/markasite.com.tr\/markamotors\/wp-content\/uploads\/934173-5002S.jpg","type":"image\/jpeg"}],"twitter_card":"summary_large_image","twitter_misc":{"Tahmini okuma s\u00fcresi":"2 dakika"},"schema":{"@context":"https:\/\/schema.org","@graph":[{"@type":"WebPage","@id":"https:\/\/markasite.com.tr\/markamotors\/urun\/garrett-gxr42-72-turbo-supercore-934173-5002s\/","url":"https:\/\/markasite.com.tr\/markamotors\/urun\/garrett-gxr42-72-turbo-supercore-934173-5002s\/","name":"Garrett GXR42-72 Turbo Supercore \/ 934173-5002S - Marka Motors","isPartOf":{"@id":"https:\/\/markasite.com.tr\/markamotors\/#website"},"primaryImageOfPage":{"@id":"https:\/\/markasite.com.tr\/markamotors\/urun\/garrett-gxr42-72-turbo-supercore-934173-5002s\/#primaryimage"},"image":{"@id":"https:\/\/markasite.com.tr\/markamotors\/urun\/garrett-gxr42-72-turbo-supercore-934173-5002s\/#primaryimage"},"thumbnailUrl":"https:\/\/markasite.com.tr\/markamotors\/wp-content\/uploads\/934173-5002S.jpg","datePublished":"2026-02-10T15:32:24+00:00","dateModified":"2026-02-27T21:45:23+00:00","breadcrumb":{"@id":"https:\/\/markasite.com.tr\/markamotors\/urun\/garrett-gxr42-72-turbo-supercore-934173-5002s\/#breadcrumb"},"inLanguage":"tr","potentialAction":[{"@type":"ReadAction","target":["https:\/\/markasite.com.tr\/markamotors\/urun\/garrett-gxr42-72-turbo-supercore-934173-5002s\/"]}]},{"@type":"ImageObject","inLanguage":"tr","@id":"https:\/\/markasite.com.tr\/markamotors\/urun\/garrett-gxr42-72-turbo-supercore-934173-5002s\/#primaryimage","url":"https:\/\/markasite.com.tr\/markamotors\/wp-content\/uploads\/934173-5002S.jpg","contentUrl":"https:\/\/markasite.com.tr\/markamotors\/wp-content\/uploads\/934173-5002S.jpg","width":1280,"height":1083},{"@type":"BreadcrumbList","@id":"https:\/\/markasite.com.tr\/markamotors\/urun\/garrett-gxr42-72-turbo-supercore-934173-5002s\/#breadcrumb","itemListElement":[{"@type":"ListItem","position":1,"name":"Anasayfa","item":"https:\/\/markasite.com.tr\/markamotors\/"},{"@type":"ListItem","position":2,"name":"Garrett GXR42-72 Turbo Supercore \/ 934173-5002S"}]},{"@type":"WebSite","@id":"https:\/\/markasite.com.tr\/markamotors\/#website","url":"https:\/\/markasite.com.tr\/markamotors\/","name":"Marka Motors","description":"","publisher":{"@id":"https:\/\/markasite.com.tr\/markamotors\/#organization"},"potentialAction":[{"@type":"SearchAction","target":{"@type":"EntryPoint","urlTemplate":"https:\/\/markasite.com.tr\/markamotors\/?s={search_term_string}"},"query-input":{"@type":"PropertyValueSpecification","valueRequired":true,"valueName":"search_term_string"}}],"inLanguage":"tr"},{"@type":"Organization","@id":"https:\/\/markasite.com.tr\/markamotors\/#organization","name":"Marka Motors","url":"https:\/\/markasite.com.tr\/markamotors\/","logo":{"@type":"ImageObject","inLanguage":"tr","@id":"https:\/\/markasite.com.tr\/markamotors\/#\/schema\/logo\/image\/","url":"https:\/\/markasite.com.tr\/markamotors\/wp-content\/uploads\/footerMarkaMotors.png","contentUrl":"https:\/\/markasite.com.tr\/markamotors\/wp-content\/uploads\/footerMarkaMotors.png","width":215,"height":58,"caption":"Marka Motors"},"image":{"@id":"https:\/\/markasite.com.tr\/markamotors\/#\/schema\/logo\/image\/"},"sameAs":["https:\/\/www.facebook.com\/?locale=tr_TR"]}]}},"_links":{"self":[{"href":"https:\/\/markasite.com.tr\/markamotors\/wp-json\/wp\/v2\/product\/4509","targetHints":{"allow":["GET"]}}],"collection":[{"href":"https:\/\/markasite.com.tr\/markamotors\/wp-json\/wp\/v2\/product"}],"about":[{"href":"https:\/\/markasite.com.tr\/markamotors\/wp-json\/wp\/v2\/types\/product"}],"wp:featuredmedia":[{"embeddable":true,"href":"https:\/\/markasite.com.tr\/markamotors\/wp-json\/wp\/v2\/media\/4348"}],"wp:attachment":[{"href":"https:\/\/markasite.com.tr\/markamotors\/wp-json\/wp\/v2\/media?parent=4509"}],"wp:term":[{"taxonomy":"product_brand","embeddable":true,"href":"https:\/\/markasite.com.tr\/markamotors\/wp-json\/wp\/v2\/product_brand?post=4509"},{"taxonomy":"product_cat","embeddable":true,"href":"https:\/\/markasite.com.tr\/markamotors\/wp-json\/wp\/v2\/product_cat?post=4509"},{"taxonomy":"product_tag","embeddable":true,"href":"https:\/\/markasite.com.tr\/markamotors\/wp-json\/wp\/v2\/product_tag?post=4509"}],"curies":[{"name":"wp","href":"https:\/\/api.w.org\/{rel}","templated":true}]}}