{"id":4493,"date":"2026-02-10T18:32:17","date_gmt":"2026-02-10T15:32:17","guid":{"rendered":"https:\/\/markasite.com.tr\/markamotors\/urun\/garrett-g30-825-gen-ii-turbo-supercore-934117-5002s\/"},"modified":"2026-03-26T22:06:43","modified_gmt":"2026-03-26T19:06:43","slug":"garrett-g30-825-gen-ii-turbo-supercore-934117-5002s","status":"publish","type":"product","link":"https:\/\/markasite.com.tr\/markamotors\/urun\/garrett-g30-825-gen-ii-turbo-supercore-934117-5002s\/","title":{"rendered":"<div class=\"product-loop-meta\"><div class=\"loop-cat\">G Serisi II<\/div><div class=\"brand\"><img alt=\"Garrett\" src=\"https:\/\/markasite.com.tr\/markamotors\/wp-content\/uploads\/Garrett.jpg\"><\/div><\/div><div class=\"list-pro-title\">Garrett G30-825 Gen Ii Turbo Supercore \/ 934117-5002S<\/div>"},"content":{"rendered":"<p>Garrett G30-825 GEN II GEN II Turbo Supercore<br \/>\nEn yeni nesil Garrett G-Serisi II Turbo\u015farj \/ 934117-5002<br \/>\nGEN I Turbolar\u0131n ger\u00e7ek bir evrimi<br \/>\nGarrett, G-Serisi II turbo\u015farjlar\u0131n\u0131n yeni bir serisini piyasaya s\u00fcr\u00fcyor. \u00d6ne \u00e7\u0131kan \u00f6zellikleri \u015funlard\u0131r:<\/p>\n<p>Yeni kompres\u00f6r aeroteknolojisi g\u00fcc\u00fc ve performans\u0131 art\u0131r\u0131yor.<br \/>\nBirinci nesil m\u00fc\u015fteriler i\u00e7in komple turbo\u015farj \u00fcnitesi, Supercore veya sadece kartu\u015f\/CHRA ile do\u011frudan y\u00fckseltme se\u00e7ene\u011fi.<br \/>\nG-Serisi II, Gen I kompres\u00f6r ve t\u00fcrbin g\u00f6vdelerini kullanmaktad\u0131r.<br \/>\nMaksimum bas\u0131n\u00e7 oran\u0131nda ve maksimum turbo\u015farj h\u0131z\u0131nda, G-Serisi Gen I&#8217;e k\u0131yasla %10&#8217;a kadar daha y\u00fcksek ak\u0131\u015f hacmi.<br \/>\nG\u00fc\u00e7 art\u0131\u015f\u0131 i\u00e7in art\u0131r\u0131lm\u0131\u015f ak\u0131\u015f hacminden yararlanmak amac\u0131yla kalibrasyon gereklidir.<br \/>\nY\u00fcksek ak\u0131\u015f h\u0131zlar\u0131nda verimlilik art\u0131\u015f\u0131<br \/>\nGEN I serisinin ayn\u0131 \u00f6zellikleri:<br \/>\n&#8211; H\u0131z sens\u00f6r\u00fc i\u00e7in iste\u011fe ba\u011fl\u0131 ba\u011flant\u0131ya sahip y\u00fcksek ak\u0131\u015fl\u0131 kompres\u00f6r g\u00f6vdesi<br \/>\n&#8211; %15 ila %20 daha fazla ak\u0131\u015f sa\u011flayan Mar-M&#8217;den (1050\u00b0C&#8217;ye kadar dayan\u0131kl\u0131) yap\u0131lm\u0131\u015f t\u00fcrbin \u00e7ark\u0131<br \/>\n&#8211; 1050\u00b0C&#8217;ye kadar dayan\u0131kl\u0131 paslanmaz \u00e7elik t\u00fcrbin g\u00f6vdesi &#8211;<br \/>\nV-bant giri\u015fli ve V-bant \u00e7\u0131k\u0131\u015fl\u0131 t\u00fcrbin g\u00f6vdesi<br \/>\n&#8211; Bireysel olarak d\u00f6nd\u00fcr\u00fclebilen V-bantl\u0131 CHRA<br \/>\n&#8211; \u00c7ift seramik bilyal\u0131 rulmanlar<br \/>\n&#8211; 4 su ba\u011flant\u0131 noktas\u0131<br \/>\n&#8211; Piston halkalar\u0131nda \u00e7ift s\u0131zd\u0131rmazl\u0131k<br \/>\n&#8211; Sa\u011f ve sol d\u00f6n\u00fc\u015fl\u00fc turbo\u015farjlar mevcuttur.<\/p>\n<p>G\u00fc\u00e7 aral\u0131\u011f\u0131: 825 HP&#8217;ye kadar<br \/>\nHacim: 2,0 ila 3,5 l<\/p>\n<p>Not: Saat y\u00f6n\u00fcnde d\u00f6n\u00fc\u015f<\/p>\n<p>Kompres\u00f6r bilgileri:<br \/>\nGiri\u015f: 58,00 mm<br \/>\n\u00c7\u0131k\u0131\u015f: 71,00 mm<br \/>\nTrim: 65<br \/>\nA\/R de\u011feri: 0,72<\/p>\n<p>T\u00fcrbin bilgileri:<br \/>\nGiri\u015f: 60,00 mm<br \/>\n\u00c7\u0131k\u0131\u015f: 55,00 mm<br \/>\nTrim: 84<\/p>\n","protected":false},"excerpt":{"rendered":"<p>Garrett G30-825 GEN II GEN II Turbo Supercore En yeni nesil Garrett G-Serisi II Turbo\u015farj \/ 934117-5002 GEN I Turbolar\u0131n ger\u00e7ek bir evrimi Garrett, G-Serisi II turbo\u015farjlar\u0131n\u0131n yeni bir serisini piyasaya s\u00fcr\u00fcyor. \u00d6ne \u00e7\u0131kan \u00f6zellikleri \u015funlard\u0131r: Yeni kompres\u00f6r aeroteknolojisi g\u00fcc\u00fc ve performans\u0131 art\u0131r\u0131yor. Birinci nesil m\u00fc\u015fteriler i\u00e7in komple turbo\u015farj \u00fcnitesi, Supercore veya sadece kartu\u015f\/CHRA ile<\/p>\n","protected":false},"featured_media":4364,"template":"","meta":{"_acf_changed":false},"product_brand":[300],"product_cat":[363],"product_tag":[353,345],"class_list":{"0":"post-4493","1":"product","2":"type-product","3":"status-publish","4":"has-post-thumbnail","6":"product_brand-garrett","7":"product_cat-g-serisi-ii","8":"product_tag-garrett-turbo","9":"product_tag-turbo","11":"first","12":"outofstock","13":"taxable","14":"shipping-taxable","15":"purchasable","16":"product-type-simple"},"acf":[],"yoast_head":"<!-- This site is optimized with the Yoast SEO plugin v27.3 - https:\/\/yoast.com\/product\/yoast-seo-wordpress\/ -->\n<title>Garrett G30-825 GEN II Turbo Supercore \/ 934117-5002S - Marka Motors<\/title>\n<meta name=\"robots\" content=\"index, follow, max-snippet:-1, max-image-preview:large, max-video-preview:-1\" \/>\n<link rel=\"canonical\" href=\"https:\/\/markasite.com.tr\/markamotors\/urun\/garrett-g30-825-gen-ii-turbo-supercore-934117-5002s\/\" \/>\n<meta property=\"og:locale\" content=\"tr_TR\" \/>\n<meta property=\"og:type\" content=\"article\" \/>\n<meta property=\"og:title\" content=\"Garrett G30-825 GEN II Turbo Supercore \/ 934117-5002S - Marka Motors\" \/>\n<meta property=\"og:description\" content=\"Garrett G30-825 GEN II GEN II Turbo Supercore En yeni nesil Garrett G-Serisi II Turbo\u015farj \/ 934117-5002 GEN I Turbolar\u0131n ger\u00e7ek bir evrimi Garrett, G-Serisi II turbo\u015farjlar\u0131n\u0131n yeni bir serisini piyasaya s\u00fcr\u00fcyor. \u00d6ne \u00e7\u0131kan \u00f6zellikleri \u015funlard\u0131r: Yeni kompres\u00f6r aeroteknolojisi g\u00fcc\u00fc ve performans\u0131 art\u0131r\u0131yor. Birinci nesil m\u00fc\u015fteriler i\u00e7in komple turbo\u015farj \u00fcnitesi, Supercore veya sadece kartu\u015f\/CHRA ile\" \/>\n<meta property=\"og:url\" content=\"https:\/\/markasite.com.tr\/markamotors\/urun\/garrett-g30-825-gen-ii-turbo-supercore-934117-5002s\/\" \/>\n<meta property=\"og:site_name\" content=\"Marka Motors\" \/>\n<meta property=\"article:publisher\" content=\"https:\/\/www.facebook.com\/?locale=tr_TR\" \/>\n<meta property=\"article:modified_time\" content=\"2026-03-26T19:06:43+00:00\" \/>\n<meta property=\"og:image\" content=\"https:\/\/markasite.com.tr\/markamotors\/wp-content\/uploads\/934117-5002S.jpg\" \/>\n\t<meta property=\"og:image:width\" content=\"1024\" \/>\n\t<meta property=\"og:image:height\" content=\"907\" \/>\n\t<meta property=\"og:image:type\" content=\"image\/jpeg\" \/>\n<meta name=\"twitter:card\" content=\"summary_large_image\" \/>\n<meta name=\"twitter:label1\" content=\"Tahmini okuma s\u00fcresi\" \/>\n\t<meta name=\"twitter:data1\" content=\"1 dakika\" \/>\n<script type=\"application\/ld+json\" class=\"yoast-schema-graph\">{\"@context\":\"https:\\\/\\\/schema.org\",\"@graph\":[{\"@type\":\"WebPage\",\"@id\":\"https:\\\/\\\/markasite.com.tr\\\/markamotors\\\/urun\\\/garrett-g30-825-gen-ii-turbo-supercore-934117-5002s\\\/\",\"url\":\"https:\\\/\\\/markasite.com.tr\\\/markamotors\\\/urun\\\/garrett-g30-825-gen-ii-turbo-supercore-934117-5002s\\\/\",\"name\":\"Garrett G30-825 GEN II Turbo Supercore \\\/ 934117-5002S - Marka Motors\",\"isPartOf\":{\"@id\":\"https:\\\/\\\/markasite.com.tr\\\/markamotors\\\/#website\"},\"primaryImageOfPage\":{\"@id\":\"https:\\\/\\\/markasite.com.tr\\\/markamotors\\\/urun\\\/garrett-g30-825-gen-ii-turbo-supercore-934117-5002s\\\/#primaryimage\"},\"image\":{\"@id\":\"https:\\\/\\\/markasite.com.tr\\\/markamotors\\\/urun\\\/garrett-g30-825-gen-ii-turbo-supercore-934117-5002s\\\/#primaryimage\"},\"thumbnailUrl\":\"https:\\\/\\\/markasite.com.tr\\\/markamotors\\\/wp-content\\\/uploads\\\/934117-5002S.jpg\",\"datePublished\":\"2026-02-10T15:32:17+00:00\",\"dateModified\":\"2026-03-26T19:06:43+00:00\",\"breadcrumb\":{\"@id\":\"https:\\\/\\\/markasite.com.tr\\\/markamotors\\\/urun\\\/garrett-g30-825-gen-ii-turbo-supercore-934117-5002s\\\/#breadcrumb\"},\"inLanguage\":\"tr\",\"potentialAction\":[{\"@type\":\"ReadAction\",\"target\":[\"https:\\\/\\\/markasite.com.tr\\\/markamotors\\\/urun\\\/garrett-g30-825-gen-ii-turbo-supercore-934117-5002s\\\/\"]}]},{\"@type\":\"ImageObject\",\"inLanguage\":\"tr\",\"@id\":\"https:\\\/\\\/markasite.com.tr\\\/markamotors\\\/urun\\\/garrett-g30-825-gen-ii-turbo-supercore-934117-5002s\\\/#primaryimage\",\"url\":\"https:\\\/\\\/markasite.com.tr\\\/markamotors\\\/wp-content\\\/uploads\\\/934117-5002S.jpg\",\"contentUrl\":\"https:\\\/\\\/markasite.com.tr\\\/markamotors\\\/wp-content\\\/uploads\\\/934117-5002S.jpg\",\"width\":1024,\"height\":907},{\"@type\":\"BreadcrumbList\",\"@id\":\"https:\\\/\\\/markasite.com.tr\\\/markamotors\\\/urun\\\/garrett-g30-825-gen-ii-turbo-supercore-934117-5002s\\\/#breadcrumb\",\"itemListElement\":[{\"@type\":\"ListItem\",\"position\":1,\"name\":\"Anasayfa\",\"item\":\"https:\\\/\\\/markasite.com.tr\\\/markamotors\\\/\"},{\"@type\":\"ListItem\",\"position\":2,\"name\":\"Garrett G30-825 GEN II Turbo Supercore \\\/ 934117-5002S\"}]},{\"@type\":\"WebSite\",\"@id\":\"https:\\\/\\\/markasite.com.tr\\\/markamotors\\\/#website\",\"url\":\"https:\\\/\\\/markasite.com.tr\\\/markamotors\\\/\",\"name\":\"Marka Motors\",\"description\":\"\",\"publisher\":{\"@id\":\"https:\\\/\\\/markasite.com.tr\\\/markamotors\\\/#organization\"},\"potentialAction\":[{\"@type\":\"SearchAction\",\"target\":{\"@type\":\"EntryPoint\",\"urlTemplate\":\"https:\\\/\\\/markasite.com.tr\\\/markamotors\\\/?s={search_term_string}\"},\"query-input\":{\"@type\":\"PropertyValueSpecification\",\"valueRequired\":true,\"valueName\":\"search_term_string\"}}],\"inLanguage\":\"tr\"},{\"@type\":\"Organization\",\"@id\":\"https:\\\/\\\/markasite.com.tr\\\/markamotors\\\/#organization\",\"name\":\"Marka Motors\",\"url\":\"https:\\\/\\\/markasite.com.tr\\\/markamotors\\\/\",\"logo\":{\"@type\":\"ImageObject\",\"inLanguage\":\"tr\",\"@id\":\"https:\\\/\\\/markasite.com.tr\\\/markamotors\\\/#\\\/schema\\\/logo\\\/image\\\/\",\"url\":\"https:\\\/\\\/markasite.com.tr\\\/markamotors\\\/wp-content\\\/uploads\\\/footerMarkaMotors.png\",\"contentUrl\":\"https:\\\/\\\/markasite.com.tr\\\/markamotors\\\/wp-content\\\/uploads\\\/footerMarkaMotors.png\",\"width\":215,\"height\":58,\"caption\":\"Marka Motors\"},\"image\":{\"@id\":\"https:\\\/\\\/markasite.com.tr\\\/markamotors\\\/#\\\/schema\\\/logo\\\/image\\\/\"},\"sameAs\":[\"https:\\\/\\\/www.facebook.com\\\/?locale=tr_TR\"]}]}<\/script>\n<!-- \/ Yoast SEO plugin. -->","yoast_head_json":{"title":"Garrett G30-825 GEN II Turbo Supercore \/ 934117-5002S - Marka Motors","robots":{"index":"index","follow":"follow","max-snippet":"max-snippet:-1","max-image-preview":"max-image-preview:large","max-video-preview":"max-video-preview:-1"},"canonical":"https:\/\/markasite.com.tr\/markamotors\/urun\/garrett-g30-825-gen-ii-turbo-supercore-934117-5002s\/","og_locale":"tr_TR","og_type":"article","og_title":"Garrett G30-825 GEN II Turbo Supercore \/ 934117-5002S - Marka Motors","og_description":"Garrett G30-825 GEN II GEN II Turbo Supercore En yeni nesil Garrett G-Serisi II Turbo\u015farj \/ 934117-5002 GEN I Turbolar\u0131n ger\u00e7ek bir evrimi Garrett, G-Serisi II turbo\u015farjlar\u0131n\u0131n yeni bir serisini piyasaya s\u00fcr\u00fcyor. \u00d6ne \u00e7\u0131kan \u00f6zellikleri \u015funlard\u0131r: Yeni kompres\u00f6r aeroteknolojisi g\u00fcc\u00fc ve performans\u0131 art\u0131r\u0131yor. Birinci nesil m\u00fc\u015fteriler i\u00e7in komple turbo\u015farj \u00fcnitesi, Supercore veya sadece kartu\u015f\/CHRA ile","og_url":"https:\/\/markasite.com.tr\/markamotors\/urun\/garrett-g30-825-gen-ii-turbo-supercore-934117-5002s\/","og_site_name":"Marka Motors","article_publisher":"https:\/\/www.facebook.com\/?locale=tr_TR","article_modified_time":"2026-03-26T19:06:43+00:00","og_image":[{"width":1024,"height":907,"url":"https:\/\/markasite.com.tr\/markamotors\/wp-content\/uploads\/934117-5002S.jpg","type":"image\/jpeg"}],"twitter_card":"summary_large_image","twitter_misc":{"Tahmini okuma s\u00fcresi":"1 dakika"},"schema":{"@context":"https:\/\/schema.org","@graph":[{"@type":"WebPage","@id":"https:\/\/markasite.com.tr\/markamotors\/urun\/garrett-g30-825-gen-ii-turbo-supercore-934117-5002s\/","url":"https:\/\/markasite.com.tr\/markamotors\/urun\/garrett-g30-825-gen-ii-turbo-supercore-934117-5002s\/","name":"Garrett G30-825 GEN II Turbo Supercore \/ 934117-5002S - Marka Motors","isPartOf":{"@id":"https:\/\/markasite.com.tr\/markamotors\/#website"},"primaryImageOfPage":{"@id":"https:\/\/markasite.com.tr\/markamotors\/urun\/garrett-g30-825-gen-ii-turbo-supercore-934117-5002s\/#primaryimage"},"image":{"@id":"https:\/\/markasite.com.tr\/markamotors\/urun\/garrett-g30-825-gen-ii-turbo-supercore-934117-5002s\/#primaryimage"},"thumbnailUrl":"https:\/\/markasite.com.tr\/markamotors\/wp-content\/uploads\/934117-5002S.jpg","datePublished":"2026-02-10T15:32:17+00:00","dateModified":"2026-03-26T19:06:43+00:00","breadcrumb":{"@id":"https:\/\/markasite.com.tr\/markamotors\/urun\/garrett-g30-825-gen-ii-turbo-supercore-934117-5002s\/#breadcrumb"},"inLanguage":"tr","potentialAction":[{"@type":"ReadAction","target":["https:\/\/markasite.com.tr\/markamotors\/urun\/garrett-g30-825-gen-ii-turbo-supercore-934117-5002s\/"]}]},{"@type":"ImageObject","inLanguage":"tr","@id":"https:\/\/markasite.com.tr\/markamotors\/urun\/garrett-g30-825-gen-ii-turbo-supercore-934117-5002s\/#primaryimage","url":"https:\/\/markasite.com.tr\/markamotors\/wp-content\/uploads\/934117-5002S.jpg","contentUrl":"https:\/\/markasite.com.tr\/markamotors\/wp-content\/uploads\/934117-5002S.jpg","width":1024,"height":907},{"@type":"BreadcrumbList","@id":"https:\/\/markasite.com.tr\/markamotors\/urun\/garrett-g30-825-gen-ii-turbo-supercore-934117-5002s\/#breadcrumb","itemListElement":[{"@type":"ListItem","position":1,"name":"Anasayfa","item":"https:\/\/markasite.com.tr\/markamotors\/"},{"@type":"ListItem","position":2,"name":"Garrett G30-825 GEN II Turbo Supercore \/ 934117-5002S"}]},{"@type":"WebSite","@id":"https:\/\/markasite.com.tr\/markamotors\/#website","url":"https:\/\/markasite.com.tr\/markamotors\/","name":"Marka Motors","description":"","publisher":{"@id":"https:\/\/markasite.com.tr\/markamotors\/#organization"},"potentialAction":[{"@type":"SearchAction","target":{"@type":"EntryPoint","urlTemplate":"https:\/\/markasite.com.tr\/markamotors\/?s={search_term_string}"},"query-input":{"@type":"PropertyValueSpecification","valueRequired":true,"valueName":"search_term_string"}}],"inLanguage":"tr"},{"@type":"Organization","@id":"https:\/\/markasite.com.tr\/markamotors\/#organization","name":"Marka Motors","url":"https:\/\/markasite.com.tr\/markamotors\/","logo":{"@type":"ImageObject","inLanguage":"tr","@id":"https:\/\/markasite.com.tr\/markamotors\/#\/schema\/logo\/image\/","url":"https:\/\/markasite.com.tr\/markamotors\/wp-content\/uploads\/footerMarkaMotors.png","contentUrl":"https:\/\/markasite.com.tr\/markamotors\/wp-content\/uploads\/footerMarkaMotors.png","width":215,"height":58,"caption":"Marka Motors"},"image":{"@id":"https:\/\/markasite.com.tr\/markamotors\/#\/schema\/logo\/image\/"},"sameAs":["https:\/\/www.facebook.com\/?locale=tr_TR"]}]}},"_links":{"self":[{"href":"https:\/\/markasite.com.tr\/markamotors\/wp-json\/wp\/v2\/product\/4493","targetHints":{"allow":["GET"]}}],"collection":[{"href":"https:\/\/markasite.com.tr\/markamotors\/wp-json\/wp\/v2\/product"}],"about":[{"href":"https:\/\/markasite.com.tr\/markamotors\/wp-json\/wp\/v2\/types\/product"}],"wp:featuredmedia":[{"embeddable":true,"href":"https:\/\/markasite.com.tr\/markamotors\/wp-json\/wp\/v2\/media\/4364"}],"wp:attachment":[{"href":"https:\/\/markasite.com.tr\/markamotors\/wp-json\/wp\/v2\/media?parent=4493"}],"wp:term":[{"taxonomy":"product_brand","embeddable":true,"href":"https:\/\/markasite.com.tr\/markamotors\/wp-json\/wp\/v2\/product_brand?post=4493"},{"taxonomy":"product_cat","embeddable":true,"href":"https:\/\/markasite.com.tr\/markamotors\/wp-json\/wp\/v2\/product_cat?post=4493"},{"taxonomy":"product_tag","embeddable":true,"href":"https:\/\/markasite.com.tr\/markamotors\/wp-json\/wp\/v2\/product_tag?post=4493"}],"curies":[{"name":"wp","href":"https:\/\/api.w.org\/{rel}","templated":true}]}}