{"id":4448,"date":"2026-02-10T18:31:59","date_gmt":"2026-02-10T15:31:59","guid":{"rendered":"https:\/\/markasite.com.tr\/markamotors\/urun\/garrett-g30-770-turbo-0-83-a-r-t3-v-band\/"},"modified":"2026-02-23T03:37:10","modified_gmt":"2026-02-23T00:37:10","slug":"garrett-g30-770-turbo-0-83-a-r-t3-v-band","status":"publish","type":"product","link":"https:\/\/markasite.com.tr\/markamotors\/urun\/garrett-g30-770-turbo-0-83-a-r-t3-v-band\/","title":{"rendered":"<div class=\"product-loop-meta\"><div class=\"loop-cat\">G Serisi I<\/div><div class=\"brand\"><img alt=\"Garrett\" src=\"https:\/\/markasite.com.tr\/markamotors\/wp-content\/uploads\/Garrett.jpg\"><\/div><\/div><div class=\"list-pro-title\">Garrett G30-770 Turbo 0.83 A\/R T3 \/ V-Band<\/div>"},"content":{"rendered":"<p>Garrett G30-770 Turbo\u015farj 0.83 A\/R T3 \/ V-Band<br \/>\nGarrett turbo\u015farj\u0131n en yeni nesli<br \/>\nGTX turbo serisinin ger\u00e7ek bir evrimi<br \/>\nGarrett, BorgWarner EFR turbo\u015farjlar\u0131na yak\u0131n yeni bir turbo\u015farj serisi olan G Serisini piyasaya s\u00fcr\u00fcyor. \u00d6zellikleri \u015funlard\u0131r:<\/p>\n<p>&#8211; En yeni nesil d\u00f6vme ve i\u015flenmi\u015f kompres\u00f6r \u00e7ark\u0131 (GTX serisi, Gen II serisine g\u00f6re %15&#8217;e kadar daha fazla ak\u0131\u015f)<br \/>\n&#8211; H\u0131z sens\u00f6r\u00fc i\u00e7in iste\u011fe ba\u011fl\u0131 ba\u011flant\u0131ya sahip y\u00fcksek ak\u0131\u015fl\u0131 kompres\u00f6r g\u00f6vdesi<br \/>\n&#8211; %74 daha fazla verimlili\u011fe sahip Mar-M&#8217;den (1050\u00b0C&#8217;ye kadar dayan\u0131kl\u0131) yap\u0131lm\u0131\u015f t\u00fcrbin \u00e7ark\u0131<br \/>\n&#8211; 1050\u00b0C&#8217;ye kadar dayan\u0131kl\u0131 paslanmaz \u00e7elik t\u00fcrbin g\u00f6vdesi<br \/>\n&#8211; V-bant giri\u015fli ve V-bant \u00e7\u0131k\u0131\u015fl\u0131 egzoz g\u00f6vdeleri<br \/>\n&#8211; Bireysel olarak b\u00fck\u00fclebilen V-bantl\u0131 CHRA<br \/>\n&#8211; \u00c7ift seramik bilyal\u0131 rulmanlar<br \/>\n&#8211; 4 su ba\u011flant\u0131 noktas\u0131<br \/>\n&#8211; Piston halkalar\u0131nda \u00e7ift conta<br \/>\n&#8211; Sa\u011f ve sol d\u00f6n\u00fc\u015fl\u00fc turbo\u015farjlar mevcuttur.<\/p>\n<p>G\u00fc\u00e7 aral\u0131\u011f\u0131: 770 HP&#8217;ye kadar<br \/>\nMotor hacmi: 2,0 ila 3,5 Litre<\/p>\n<p>Turbo giri\u015f flan\u015f\u0131: T3<br \/>\nTurbo \u00e7\u0131k\u0131\u015f flan\u015f\u0131 (egzoz borusu flan\u015f\u0131) : V-Band<\/p>\n<p>Kompres\u00f6r bilgileri:<br \/>\nGiri\u015f: 58,00 mm<br \/>\n\u00c7\u0131k\u0131\u015f: 71,00 mm<br \/>\nTrim: 65<br \/>\nA\/R de\u011feri: 0,72<\/p>\n<p>T\u00fcrbin bilgileri:<br \/>\nGiri\u015f: 60,00 mm<br \/>\n\u00c7\u0131k\u0131\u015f: 55,00 mm<br \/>\nTrim: 84<br \/>\nA\/R de\u011feri: 0,83<\/p>\n","protected":false},"excerpt":{"rendered":"<p>Garrett G30-770 Turbo\u015farj 0.83 A\/R T3 \/ V-Band Garrett turbo\u015farj\u0131n en yeni nesli GTX turbo serisinin ger\u00e7ek bir evrimi Garrett, BorgWarner EFR turbo\u015farjlar\u0131na yak\u0131n yeni bir turbo\u015farj serisi olan G Serisini piyasaya s\u00fcr\u00fcyor. \u00d6zellikleri \u015funlard\u0131r: &#8211; En yeni nesil d\u00f6vme ve i\u015flenmi\u015f kompres\u00f6r \u00e7ark\u0131 (GTX serisi, Gen II serisine g\u00f6re %15&#8217;e kadar daha fazla ak\u0131\u015f)<\/p>\n","protected":false},"featured_media":5231,"template":"","meta":{"_acf_changed":false},"product_brand":[300],"product_cat":[362],"product_tag":[353,345],"class_list":{"0":"post-4448","1":"product","2":"type-product","3":"status-publish","4":"has-post-thumbnail","6":"product_brand-garrett","7":"product_cat-g-serisi-i","8":"product_tag-garrett-turbo","9":"product_tag-turbo","11":"first","12":"outofstock","13":"taxable","14":"shipping-taxable","15":"purchasable","16":"product-type-simple"},"acf":[],"yoast_head":"<!-- This site is optimized with the Yoast SEO plugin v27.3 - https:\/\/yoast.com\/product\/yoast-seo-wordpress\/ -->\n<title>Garrett G30-770 Turbo 0.83 A\/R T3 \/ V-Band - Marka Motors<\/title>\n<meta name=\"robots\" content=\"index, follow, max-snippet:-1, max-image-preview:large, max-video-preview:-1\" \/>\n<link rel=\"canonical\" href=\"https:\/\/markasite.com.tr\/markamotors\/urun\/garrett-g30-770-turbo-0-83-a-r-t3-v-band\/\" \/>\n<meta property=\"og:locale\" content=\"tr_TR\" \/>\n<meta property=\"og:type\" content=\"article\" \/>\n<meta property=\"og:title\" content=\"Garrett G30-770 Turbo 0.83 A\/R T3 \/ V-Band - Marka Motors\" \/>\n<meta property=\"og:description\" content=\"Garrett G30-770 Turbo\u015farj 0.83 A\/R T3 \/ V-Band Garrett turbo\u015farj\u0131n en yeni nesli GTX turbo serisinin ger\u00e7ek bir evrimi Garrett, BorgWarner EFR turbo\u015farjlar\u0131na yak\u0131n yeni bir turbo\u015farj serisi olan G Serisini piyasaya s\u00fcr\u00fcyor. \u00d6zellikleri \u015funlard\u0131r: &#8211; En yeni nesil d\u00f6vme ve i\u015flenmi\u015f kompres\u00f6r \u00e7ark\u0131 (GTX serisi, Gen II serisine g\u00f6re %15&#8217;e kadar daha fazla ak\u0131\u015f)\" \/>\n<meta property=\"og:url\" content=\"https:\/\/markasite.com.tr\/markamotors\/urun\/garrett-g30-770-turbo-0-83-a-r-t3-v-band\/\" \/>\n<meta property=\"og:site_name\" content=\"Marka Motors\" \/>\n<meta property=\"article:publisher\" content=\"https:\/\/www.facebook.com\/?locale=tr_TR\" \/>\n<meta property=\"article:modified_time\" content=\"2026-02-23T00:37:10+00:00\" \/>\n<meta property=\"og:image\" content=\"https:\/\/markasite.com.tr\/markamotors\/wp-content\/uploads\/garrett-g30-825-gen-ii-turbo-083-a-r-v-band-v-band.webp\" \/>\n\t<meta property=\"og:image:width\" content=\"1024\" \/>\n\t<meta property=\"og:image:height\" content=\"907\" \/>\n\t<meta property=\"og:image:type\" content=\"image\/webp\" \/>\n<meta name=\"twitter:card\" content=\"summary_large_image\" \/>\n<meta name=\"twitter:label1\" content=\"Tahmini okuma s\u00fcresi\" \/>\n\t<meta name=\"twitter:data1\" content=\"1 dakika\" \/>\n<script type=\"application\/ld+json\" class=\"yoast-schema-graph\">{\"@context\":\"https:\\\/\\\/schema.org\",\"@graph\":[{\"@type\":\"WebPage\",\"@id\":\"https:\\\/\\\/markasite.com.tr\\\/markamotors\\\/urun\\\/garrett-g30-770-turbo-0-83-a-r-t3-v-band\\\/\",\"url\":\"https:\\\/\\\/markasite.com.tr\\\/markamotors\\\/urun\\\/garrett-g30-770-turbo-0-83-a-r-t3-v-band\\\/\",\"name\":\"Garrett G30-770 Turbo 0.83 A\\\/R T3 \\\/ V-Band - Marka Motors\",\"isPartOf\":{\"@id\":\"https:\\\/\\\/markasite.com.tr\\\/markamotors\\\/#website\"},\"primaryImageOfPage\":{\"@id\":\"https:\\\/\\\/markasite.com.tr\\\/markamotors\\\/urun\\\/garrett-g30-770-turbo-0-83-a-r-t3-v-band\\\/#primaryimage\"},\"image\":{\"@id\":\"https:\\\/\\\/markasite.com.tr\\\/markamotors\\\/urun\\\/garrett-g30-770-turbo-0-83-a-r-t3-v-band\\\/#primaryimage\"},\"thumbnailUrl\":\"https:\\\/\\\/markasite.com.tr\\\/markamotors\\\/wp-content\\\/uploads\\\/garrett-g30-825-gen-ii-turbo-083-a-r-v-band-v-band.webp\",\"datePublished\":\"2026-02-10T15:31:59+00:00\",\"dateModified\":\"2026-02-23T00:37:10+00:00\",\"breadcrumb\":{\"@id\":\"https:\\\/\\\/markasite.com.tr\\\/markamotors\\\/urun\\\/garrett-g30-770-turbo-0-83-a-r-t3-v-band\\\/#breadcrumb\"},\"inLanguage\":\"tr\",\"potentialAction\":[{\"@type\":\"ReadAction\",\"target\":[\"https:\\\/\\\/markasite.com.tr\\\/markamotors\\\/urun\\\/garrett-g30-770-turbo-0-83-a-r-t3-v-band\\\/\"]}]},{\"@type\":\"ImageObject\",\"inLanguage\":\"tr\",\"@id\":\"https:\\\/\\\/markasite.com.tr\\\/markamotors\\\/urun\\\/garrett-g30-770-turbo-0-83-a-r-t3-v-band\\\/#primaryimage\",\"url\":\"https:\\\/\\\/markasite.com.tr\\\/markamotors\\\/wp-content\\\/uploads\\\/garrett-g30-825-gen-ii-turbo-083-a-r-v-band-v-band.webp\",\"contentUrl\":\"https:\\\/\\\/markasite.com.tr\\\/markamotors\\\/wp-content\\\/uploads\\\/garrett-g30-825-gen-ii-turbo-083-a-r-v-band-v-band.webp\",\"width\":1024,\"height\":907},{\"@type\":\"BreadcrumbList\",\"@id\":\"https:\\\/\\\/markasite.com.tr\\\/markamotors\\\/urun\\\/garrett-g30-770-turbo-0-83-a-r-t3-v-band\\\/#breadcrumb\",\"itemListElement\":[{\"@type\":\"ListItem\",\"position\":1,\"name\":\"Anasayfa\",\"item\":\"https:\\\/\\\/markasite.com.tr\\\/markamotors\\\/\"},{\"@type\":\"ListItem\",\"position\":2,\"name\":\"G Serisi IGarrett G30-770 Turbo 0.83 A\\\/R T3 \\\/ V-Band\"}]},{\"@type\":\"WebSite\",\"@id\":\"https:\\\/\\\/markasite.com.tr\\\/markamotors\\\/#website\",\"url\":\"https:\\\/\\\/markasite.com.tr\\\/markamotors\\\/\",\"name\":\"Marka Motors\",\"description\":\"\",\"publisher\":{\"@id\":\"https:\\\/\\\/markasite.com.tr\\\/markamotors\\\/#organization\"},\"potentialAction\":[{\"@type\":\"SearchAction\",\"target\":{\"@type\":\"EntryPoint\",\"urlTemplate\":\"https:\\\/\\\/markasite.com.tr\\\/markamotors\\\/?s={search_term_string}\"},\"query-input\":{\"@type\":\"PropertyValueSpecification\",\"valueRequired\":true,\"valueName\":\"search_term_string\"}}],\"inLanguage\":\"tr\"},{\"@type\":\"Organization\",\"@id\":\"https:\\\/\\\/markasite.com.tr\\\/markamotors\\\/#organization\",\"name\":\"Marka Motors\",\"url\":\"https:\\\/\\\/markasite.com.tr\\\/markamotors\\\/\",\"logo\":{\"@type\":\"ImageObject\",\"inLanguage\":\"tr\",\"@id\":\"https:\\\/\\\/markasite.com.tr\\\/markamotors\\\/#\\\/schema\\\/logo\\\/image\\\/\",\"url\":\"https:\\\/\\\/markasite.com.tr\\\/markamotors\\\/wp-content\\\/uploads\\\/footerMarkaMotors.png\",\"contentUrl\":\"https:\\\/\\\/markasite.com.tr\\\/markamotors\\\/wp-content\\\/uploads\\\/footerMarkaMotors.png\",\"width\":215,\"height\":58,\"caption\":\"Marka Motors\"},\"image\":{\"@id\":\"https:\\\/\\\/markasite.com.tr\\\/markamotors\\\/#\\\/schema\\\/logo\\\/image\\\/\"},\"sameAs\":[\"https:\\\/\\\/www.facebook.com\\\/?locale=tr_TR\"]}]}<\/script>\n<!-- \/ Yoast SEO plugin. -->","yoast_head_json":{"title":"Garrett G30-770 Turbo 0.83 A\/R T3 \/ V-Band - Marka Motors","robots":{"index":"index","follow":"follow","max-snippet":"max-snippet:-1","max-image-preview":"max-image-preview:large","max-video-preview":"max-video-preview:-1"},"canonical":"https:\/\/markasite.com.tr\/markamotors\/urun\/garrett-g30-770-turbo-0-83-a-r-t3-v-band\/","og_locale":"tr_TR","og_type":"article","og_title":"Garrett G30-770 Turbo 0.83 A\/R T3 \/ V-Band - Marka Motors","og_description":"Garrett G30-770 Turbo\u015farj 0.83 A\/R T3 \/ V-Band Garrett turbo\u015farj\u0131n en yeni nesli GTX turbo serisinin ger\u00e7ek bir evrimi Garrett, BorgWarner EFR turbo\u015farjlar\u0131na yak\u0131n yeni bir turbo\u015farj serisi olan G Serisini piyasaya s\u00fcr\u00fcyor. \u00d6zellikleri \u015funlard\u0131r: &#8211; En yeni nesil d\u00f6vme ve i\u015flenmi\u015f kompres\u00f6r \u00e7ark\u0131 (GTX serisi, Gen II serisine g\u00f6re %15&#8217;e kadar daha fazla ak\u0131\u015f)","og_url":"https:\/\/markasite.com.tr\/markamotors\/urun\/garrett-g30-770-turbo-0-83-a-r-t3-v-band\/","og_site_name":"Marka Motors","article_publisher":"https:\/\/www.facebook.com\/?locale=tr_TR","article_modified_time":"2026-02-23T00:37:10+00:00","og_image":[{"width":1024,"height":907,"url":"https:\/\/markasite.com.tr\/markamotors\/wp-content\/uploads\/garrett-g30-825-gen-ii-turbo-083-a-r-v-band-v-band.webp","type":"image\/webp"}],"twitter_card":"summary_large_image","twitter_misc":{"Tahmini okuma s\u00fcresi":"1 dakika"},"schema":{"@context":"https:\/\/schema.org","@graph":[{"@type":"WebPage","@id":"https:\/\/markasite.com.tr\/markamotors\/urun\/garrett-g30-770-turbo-0-83-a-r-t3-v-band\/","url":"https:\/\/markasite.com.tr\/markamotors\/urun\/garrett-g30-770-turbo-0-83-a-r-t3-v-band\/","name":"Garrett G30-770 Turbo 0.83 A\/R T3 \/ V-Band - Marka Motors","isPartOf":{"@id":"https:\/\/markasite.com.tr\/markamotors\/#website"},"primaryImageOfPage":{"@id":"https:\/\/markasite.com.tr\/markamotors\/urun\/garrett-g30-770-turbo-0-83-a-r-t3-v-band\/#primaryimage"},"image":{"@id":"https:\/\/markasite.com.tr\/markamotors\/urun\/garrett-g30-770-turbo-0-83-a-r-t3-v-band\/#primaryimage"},"thumbnailUrl":"https:\/\/markasite.com.tr\/markamotors\/wp-content\/uploads\/garrett-g30-825-gen-ii-turbo-083-a-r-v-band-v-band.webp","datePublished":"2026-02-10T15:31:59+00:00","dateModified":"2026-02-23T00:37:10+00:00","breadcrumb":{"@id":"https:\/\/markasite.com.tr\/markamotors\/urun\/garrett-g30-770-turbo-0-83-a-r-t3-v-band\/#breadcrumb"},"inLanguage":"tr","potentialAction":[{"@type":"ReadAction","target":["https:\/\/markasite.com.tr\/markamotors\/urun\/garrett-g30-770-turbo-0-83-a-r-t3-v-band\/"]}]},{"@type":"ImageObject","inLanguage":"tr","@id":"https:\/\/markasite.com.tr\/markamotors\/urun\/garrett-g30-770-turbo-0-83-a-r-t3-v-band\/#primaryimage","url":"https:\/\/markasite.com.tr\/markamotors\/wp-content\/uploads\/garrett-g30-825-gen-ii-turbo-083-a-r-v-band-v-band.webp","contentUrl":"https:\/\/markasite.com.tr\/markamotors\/wp-content\/uploads\/garrett-g30-825-gen-ii-turbo-083-a-r-v-band-v-band.webp","width":1024,"height":907},{"@type":"BreadcrumbList","@id":"https:\/\/markasite.com.tr\/markamotors\/urun\/garrett-g30-770-turbo-0-83-a-r-t3-v-band\/#breadcrumb","itemListElement":[{"@type":"ListItem","position":1,"name":"Anasayfa","item":"https:\/\/markasite.com.tr\/markamotors\/"},{"@type":"ListItem","position":2,"name":"G Serisi IGarrett G30-770 Turbo 0.83 A\/R T3 \/ V-Band"}]},{"@type":"WebSite","@id":"https:\/\/markasite.com.tr\/markamotors\/#website","url":"https:\/\/markasite.com.tr\/markamotors\/","name":"Marka Motors","description":"","publisher":{"@id":"https:\/\/markasite.com.tr\/markamotors\/#organization"},"potentialAction":[{"@type":"SearchAction","target":{"@type":"EntryPoint","urlTemplate":"https:\/\/markasite.com.tr\/markamotors\/?s={search_term_string}"},"query-input":{"@type":"PropertyValueSpecification","valueRequired":true,"valueName":"search_term_string"}}],"inLanguage":"tr"},{"@type":"Organization","@id":"https:\/\/markasite.com.tr\/markamotors\/#organization","name":"Marka Motors","url":"https:\/\/markasite.com.tr\/markamotors\/","logo":{"@type":"ImageObject","inLanguage":"tr","@id":"https:\/\/markasite.com.tr\/markamotors\/#\/schema\/logo\/image\/","url":"https:\/\/markasite.com.tr\/markamotors\/wp-content\/uploads\/footerMarkaMotors.png","contentUrl":"https:\/\/markasite.com.tr\/markamotors\/wp-content\/uploads\/footerMarkaMotors.png","width":215,"height":58,"caption":"Marka Motors"},"image":{"@id":"https:\/\/markasite.com.tr\/markamotors\/#\/schema\/logo\/image\/"},"sameAs":["https:\/\/www.facebook.com\/?locale=tr_TR"]}]}},"_links":{"self":[{"href":"https:\/\/markasite.com.tr\/markamotors\/wp-json\/wp\/v2\/product\/4448","targetHints":{"allow":["GET"]}}],"collection":[{"href":"https:\/\/markasite.com.tr\/markamotors\/wp-json\/wp\/v2\/product"}],"about":[{"href":"https:\/\/markasite.com.tr\/markamotors\/wp-json\/wp\/v2\/types\/product"}],"wp:featuredmedia":[{"embeddable":true,"href":"https:\/\/markasite.com.tr\/markamotors\/wp-json\/wp\/v2\/media\/5231"}],"wp:attachment":[{"href":"https:\/\/markasite.com.tr\/markamotors\/wp-json\/wp\/v2\/media?parent=4448"}],"wp:term":[{"taxonomy":"product_brand","embeddable":true,"href":"https:\/\/markasite.com.tr\/markamotors\/wp-json\/wp\/v2\/product_brand?post=4448"},{"taxonomy":"product_cat","embeddable":true,"href":"https:\/\/markasite.com.tr\/markamotors\/wp-json\/wp\/v2\/product_cat?post=4448"},{"taxonomy":"product_tag","embeddable":true,"href":"https:\/\/markasite.com.tr\/markamotors\/wp-json\/wp\/v2\/product_tag?post=4448"}],"curies":[{"name":"wp","href":"https:\/\/api.w.org\/{rel}","templated":true}]}}