{"id":4431,"date":"2026-02-10T18:31:55","date_gmt":"2026-02-10T15:31:55","guid":{"rendered":"https:\/\/markasite.com.tr\/markamotors\/urun\/garrett-stage-1-powermax-485hp-yukseltme-turbo-gt2260s-ea888-3-nesil-2-0-tsi-2-0-tfsi-898199-5001w\/"},"modified":"2026-02-19T14:42:31","modified_gmt":"2026-02-19T11:42:31","slug":"garrett-stage-1-powermax-485hp-yukseltme-turbo-gt2260s-ea888-3-nesil-2-0-tsi-2-0-tfsi-898199-5001w","status":"publish","type":"product","link":"https:\/\/markasite.com.tr\/markamotors\/urun\/garrett-stage-1-powermax-485hp-yukseltme-turbo-gt2260s-ea888-3-nesil-2-0-tsi-2-0-tfsi-898199-5001w\/","title":{"rendered":"<div class=\"product-loop-meta\"><div class=\"loop-cat\">Bolt-on VW<\/div><div class=\"brand\"><img alt=\"Garrett\" src=\"https:\/\/markasite.com.tr\/markamotors\/wp-content\/uploads\/Garrett.jpg\"><\/div><\/div><div class=\"list-pro-title\">Garrett Stage 1 Powermax 485Hp Y\u00fckseltme Turbo Gt2260S, Ea888 3. Nesil 2.0 Tsi \/ 2.0 Tfsi \/ 898199-5001W<\/div>"},"content":{"rendered":"<p>Garrett Stage 1 Powermax 485HP Y\u00fckseltme Turbo GT2260S, EA888 3. Nesil 2.0 TSI \/ 2.0 TFSI \/ 898199-5001W i\u00e7in<br \/>\nAudi A3 8V 2.0 TFSI \/ VW Golf 7 R \/ GTI i\u00e7in Garrett Tak \u00c7al\u0131\u015ft\u0131r 485 HP Turbo Y\u00fckseltme Kiti \/ 898199-5001W<br \/>\nGT serisi Y\u00fckseltme Turbo Kitleri, Garrett OEM yedek performans turbo\u015farjlar\u0131n\u0131n en yeni neslidir.<br \/>\nPowerMax do\u011frudan uyumlu performans turbo\u015farj kitleri, orijinal ekipman \u00fcreticisinin do\u011frudan uyumlulu\u011funu korurken motor performans\u0131n\u0131 art\u0131rmak i\u00e7in tasarlanm\u0131\u015ft\u0131r. Profesyonel motor kalibrasyonu ve ayar\u0131 ile optimize edilmi\u015f kompres\u00f6r aerodinami\u011fi, ak\u0131\u015f\u0131 art\u0131racak ve stok turbo\u015farjdan daha iyi performans g\u00f6sterecektir.<\/p>\n<p>POWERMAX DO\u011eRUDAN UYUMLU PERFORMANS TURBO\u015eARJ C\u0130HAZLARI:<br \/>\n2014 &#8211; 2018 Volkswagen \/ Audi 2.0L TSI MK7 Stage 1 ve Stage 2 Turbo\u015farjlar<br \/>\nGarrett PowerMax turbo\u015farj y\u00fckseltmeleri, Volkswagen ve Audi MK7 2.0L TSI motor platformu i\u00e7in OEM montaj \u00f6zelliklerini korurken motor performans\u0131n\u0131 art\u0131rmak \u00fczere tasarlanm\u0131\u015ft\u0131r. Stage 1 (485 BHP*) ve Stage 2 (600 BHP*) y\u00fckseltmeleri, OEM turbo\u015farj\u0131na k\u0131yasla verimlili\u011fi ve hava ak\u0131\u015f\u0131n\u0131 en \u00fcst d\u00fczeye \u00e7\u0131kar\u0131r. Y\u00fcksek s\u0131cakl\u0131\u011fa dayan\u0131kl\u0131, Mar-M ala\u015f\u0131ml\u0131 t\u00fcrbin \u00e7ark\u0131 ve \u00e7ift sarmall\u0131 paslanmaz \u00e7elik t\u00fcrbin g\u00f6vdeleri 1050\u00b0C&#8217;ye kadar dayan\u0131kl\u0131d\u0131r. Bu turbo\u015farjlar, do\u011frudan OEM uyumu i\u00e7in kalibre edilmi\u015f elektronik akt\u00fcat\u00f6r ve yard\u0131mc\u0131 bile\u015fenlerle tamamen monte edilmi\u015ftir.<\/p>\n<p>UYARI:<br \/>\nTurbo\u015farj\u0131n izin verilen maksimum h\u0131z\u0131 185.000 devir\/dakika (A\u015fama 1) | 165.000 devir\/dakika (A\u015fama 2)&#8217;dir. Bu \u00fcr\u00fcn\u00fcn maksimum turbo\u015farj h\u0131z\u0131n\u0131n \u00fczerinde kullan\u0131lmas\u0131, kullan\u0131c\u0131n\u0131n sorumlulu\u011fundad\u0131r ve hasara ve erken ar\u0131zaya neden olabilir. \u00c7al\u0131\u015fma s\u0131ras\u0131nda turbo\u015farj\u0131 a\u015f\u0131r\u0131 h\u0131zdan korumak i\u00e7in, kompres\u00f6r g\u00f6vdesine 781328-0003 (sens\u00f6r ve g\u00f6sterge dahil) ve 781328-0004 (h\u0131z sens\u00f6r\u00fc dahil) par\u00e7a numaral\u0131 h\u0131z sens\u00f6rlerinin tak\u0131lmas\u0131 i\u00e7in bir h\u0131z sens\u00f6r\u00fc portu i\u015flenmi\u015ftir. H\u0131z sens\u00f6rleri ayr\u0131 sat\u0131l\u0131r.<\/p>\n<p>\u00d6zellikler:<br \/>\n485 HP | 362kW (volan) g\u00fc\u00e7 kapasitesine sahip do\u011frudan uyumlu 1. a\u015fama (ara\u00e7 \u00fczerindeki sonu\u00e7lar)*<br \/>\nElektronik akt\u00fcat\u00f6rl\u00fc komple montaj<br \/>\nIS38 turboya (standart Golf R) k\u0131yasla %17 daha y\u00fcksek kompres\u00f6r ak\u0131\u015f\u0131.<br \/>\nY\u00fcksek performansl\u0131 GTX GEN 2 kompres\u00f6r ve t\u00fcrbin \u00e7ark\u0131 aerodinami\u011fi<br \/>\nMar-M ala\u015f\u0131ml\u0131 t\u00fcrbin \u00e7ark\u0131 ve \u00e7ift sarmall\u0131 paslanmaz \u00e7elik t\u00fcrbin g\u00f6vdesi 1050\u00b0C&#8217;ye kadar dayan\u0131kl\u0131d\u0131r.<br \/>\nEn yeni nesil kaymal\u0131 yatakl\u0131 rotor grubu<br \/>\n360 derece d\u00f6nebilen, g\u00fc\u00e7lendirilmi\u015f itme yata\u011f\u0131 &#8211; uygulama i\u00e7in \u00f6zel olarak \u00fcretilmi\u015ftir.<br \/>\n\u015eunlar i\u00e7in uygundur:<br \/>\nAudi A3 8V, 2013&#8217;ten 2018&#8217;e kadar olan modeller.<br \/>\nAudi A3 8V Quattro, 2013&#8217;ten 2018&#8217;e kadar olan modeller.<br \/>\n2013&#8217;ten 2018&#8217;e kadar \u00fcretilen Audi S3 8V<br \/>\nAudi TT 8S (2014 ve sonras\u0131)<br \/>\nAudi TTS 8S (2014 ve sonras\u0131)<br \/>\nVW Golf 7 GTI \/ R (2013-2018 aras\u0131)<br \/>\nOrijinal VAG turbo\u015farj\u0131n\u0131n yerine ge\u00e7er:<\/p>\n<p>IS12 06K124713L<br \/>\nIS20 06K145875M<br \/>\nIS38 06K145722H<br \/>\n06K145874P<br \/>\n06K145874G<br \/>\n06K145722S<br \/>\n06K145722N<br \/>\nTurbo Teknik \u00d6zellikleri:<br \/>\n&#8211; H\u0131z sens\u00f6r\u00fc i\u00e7in iste\u011fe ba\u011fl\u0131 ba\u011flant\u0131ya sahip y\u00fcksek ak\u0131\u015fl\u0131 kompres\u00f6r g\u00f6vdesi<br \/>\n&#8211; Daha y\u00fcksek ak\u0131\u015f sa\u011flayan Mar-M (1050\u00b0C&#8217;ye kadar dayan\u0131kl\u0131) t\u00fcrbin \u00e7ark\u0131<br \/>\n&#8211; 1050\u00b0C&#8217;ye kadar dayan\u0131kl\u0131 paslanmaz \u00e7elik t\u00fcrbin g\u00f6vdesi<br \/>\n&#8211; OEM uyumlu flan\u015fl\u0131 egzoz g\u00f6vdesi<br \/>\n&#8211; En yeni nesil kaymal\u0131 yatakl\u0131 rotor grubu<br \/>\n&#8211; 4 su ba\u011flant\u0131 noktas\u0131<br \/>\n&#8211; 360 derece itme yata\u011f\u0131 &#8211; uygulama i\u00e7in g\u00fc\u00e7lendirilmi\u015f<\/p>\n<p>G\u00fc\u00e7 aral\u0131\u011f\u0131: 485 HP&#8217;ye kadar<br \/>\nMotor hacmi: 2.0 Litre<\/p>\n<p>Kompres\u00f6r bilgileri:<br \/>\nGiri\u015f: 47,00 mm<br \/>\n\u00c7\u0131k\u0131\u015f: 60,00 mm<br \/>\nTrim: 62<\/p>\n<p>T\u00fcrbin bilgileri:<br \/>\nGiri\u015f: 50,00 mm<br \/>\n\u00c7\u0131k\u0131\u015f: 45,00 mm<br \/>\nTrim: 81<\/p>\n","protected":false},"excerpt":{"rendered":"<p>Garrett Stage 1 Powermax 485HP Y\u00fckseltme Turbo GT2260S, EA888 3. Nesil 2.0 TSI \/ 2.0 TFSI \/ 898199-5001W i\u00e7in Audi A3 8V 2.0 TFSI \/ VW Golf 7 R \/ GTI i\u00e7in Garrett Tak \u00c7al\u0131\u015ft\u0131r 485 HP Turbo Y\u00fckseltme Kiti \/ 898199-5001W GT serisi Y\u00fckseltme Turbo Kitleri, Garrett OEM yedek performans turbo\u015farjlar\u0131n\u0131n en yeni neslidir.<\/p>\n","protected":false},"featured_media":4425,"template":"","meta":{"_acf_changed":false},"product_brand":[300],"product_cat":[361],"product_tag":[353,345],"class_list":{"0":"post-4431","1":"product","2":"type-product","3":"status-publish","4":"has-post-thumbnail","6":"product_brand-garrett","7":"product_cat-bolt-on-vw","8":"product_tag-garrett-turbo","9":"product_tag-turbo","11":"first","12":"outofstock","13":"taxable","14":"shipping-taxable","15":"purchasable","16":"product-type-simple"},"acf":[],"yoast_head":"<!-- This site is optimized with the Yoast SEO plugin v27.3 - https:\/\/yoast.com\/product\/yoast-seo-wordpress\/ -->\n<title>Garrett Stage 1 Powermax 485HP Y\u00fckseltme Turbo GT2260S, EA888 3. Nesil 2.0 TSI \/ 2.0 TFSI \/ 898199-5001W - Marka Motors<\/title>\n<meta name=\"robots\" content=\"index, follow, max-snippet:-1, max-image-preview:large, max-video-preview:-1\" \/>\n<link rel=\"canonical\" href=\"https:\/\/markasite.com.tr\/markamotors\/urun\/garrett-stage-1-powermax-485hp-yukseltme-turbo-gt2260s-ea888-3-nesil-2-0-tsi-2-0-tfsi-898199-5001w\/\" \/>\n<meta property=\"og:locale\" content=\"tr_TR\" \/>\n<meta property=\"og:type\" content=\"article\" \/>\n<meta property=\"og:title\" content=\"Garrett Stage 1 Powermax 485HP Y\u00fckseltme Turbo GT2260S, EA888 3. Nesil 2.0 TSI \/ 2.0 TFSI \/ 898199-5001W - Marka Motors\" \/>\n<meta property=\"og:description\" content=\"Garrett Stage 1 Powermax 485HP Y\u00fckseltme Turbo GT2260S, EA888 3. Nesil 2.0 TSI \/ 2.0 TFSI \/ 898199-5001W i\u00e7in Audi A3 8V 2.0 TFSI \/ VW Golf 7 R \/ GTI i\u00e7in Garrett Tak \u00c7al\u0131\u015ft\u0131r 485 HP Turbo Y\u00fckseltme Kiti \/ 898199-5001W GT serisi Y\u00fckseltme Turbo Kitleri, Garrett OEM yedek performans turbo\u015farjlar\u0131n\u0131n en yeni neslidir.\" \/>\n<meta property=\"og:url\" content=\"https:\/\/markasite.com.tr\/markamotors\/urun\/garrett-stage-1-powermax-485hp-yukseltme-turbo-gt2260s-ea888-3-nesil-2-0-tsi-2-0-tfsi-898199-5001w\/\" \/>\n<meta property=\"og:site_name\" content=\"Marka Motors\" \/>\n<meta property=\"article:publisher\" content=\"https:\/\/www.facebook.com\/?locale=tr_TR\" \/>\n<meta property=\"article:modified_time\" content=\"2026-02-19T11:42:31+00:00\" \/>\n<meta property=\"og:image\" content=\"https:\/\/markasite.com.tr\/markamotors\/wp-content\/uploads\/898199-5001W.jpg\" \/>\n\t<meta property=\"og:image:width\" content=\"1600\" \/>\n\t<meta property=\"og:image:height\" content=\"1600\" \/>\n\t<meta property=\"og:image:type\" content=\"image\/jpeg\" \/>\n<meta name=\"twitter:card\" content=\"summary_large_image\" \/>\n<meta name=\"twitter:label1\" content=\"Tahmini okuma s\u00fcresi\" \/>\n\t<meta name=\"twitter:data1\" content=\"3 dakika\" \/>\n<script type=\"application\/ld+json\" class=\"yoast-schema-graph\">{\"@context\":\"https:\\\/\\\/schema.org\",\"@graph\":[{\"@type\":\"WebPage\",\"@id\":\"https:\\\/\\\/markasite.com.tr\\\/markamotors\\\/urun\\\/garrett-stage-1-powermax-485hp-yukseltme-turbo-gt2260s-ea888-3-nesil-2-0-tsi-2-0-tfsi-898199-5001w\\\/\",\"url\":\"https:\\\/\\\/markasite.com.tr\\\/markamotors\\\/urun\\\/garrett-stage-1-powermax-485hp-yukseltme-turbo-gt2260s-ea888-3-nesil-2-0-tsi-2-0-tfsi-898199-5001w\\\/\",\"name\":\"Garrett Stage 1 Powermax 485HP Y\u00fckseltme Turbo GT2260S, EA888 3. Nesil 2.0 TSI \\\/ 2.0 TFSI \\\/ 898199-5001W - Marka Motors\",\"isPartOf\":{\"@id\":\"https:\\\/\\\/markasite.com.tr\\\/markamotors\\\/#website\"},\"primaryImageOfPage\":{\"@id\":\"https:\\\/\\\/markasite.com.tr\\\/markamotors\\\/urun\\\/garrett-stage-1-powermax-485hp-yukseltme-turbo-gt2260s-ea888-3-nesil-2-0-tsi-2-0-tfsi-898199-5001w\\\/#primaryimage\"},\"image\":{\"@id\":\"https:\\\/\\\/markasite.com.tr\\\/markamotors\\\/urun\\\/garrett-stage-1-powermax-485hp-yukseltme-turbo-gt2260s-ea888-3-nesil-2-0-tsi-2-0-tfsi-898199-5001w\\\/#primaryimage\"},\"thumbnailUrl\":\"https:\\\/\\\/markasite.com.tr\\\/markamotors\\\/wp-content\\\/uploads\\\/898199-5001W.jpg\",\"datePublished\":\"2026-02-10T15:31:55+00:00\",\"dateModified\":\"2026-02-19T11:42:31+00:00\",\"breadcrumb\":{\"@id\":\"https:\\\/\\\/markasite.com.tr\\\/markamotors\\\/urun\\\/garrett-stage-1-powermax-485hp-yukseltme-turbo-gt2260s-ea888-3-nesil-2-0-tsi-2-0-tfsi-898199-5001w\\\/#breadcrumb\"},\"inLanguage\":\"tr\",\"potentialAction\":[{\"@type\":\"ReadAction\",\"target\":[\"https:\\\/\\\/markasite.com.tr\\\/markamotors\\\/urun\\\/garrett-stage-1-powermax-485hp-yukseltme-turbo-gt2260s-ea888-3-nesil-2-0-tsi-2-0-tfsi-898199-5001w\\\/\"]}]},{\"@type\":\"ImageObject\",\"inLanguage\":\"tr\",\"@id\":\"https:\\\/\\\/markasite.com.tr\\\/markamotors\\\/urun\\\/garrett-stage-1-powermax-485hp-yukseltme-turbo-gt2260s-ea888-3-nesil-2-0-tsi-2-0-tfsi-898199-5001w\\\/#primaryimage\",\"url\":\"https:\\\/\\\/markasite.com.tr\\\/markamotors\\\/wp-content\\\/uploads\\\/898199-5001W.jpg\",\"contentUrl\":\"https:\\\/\\\/markasite.com.tr\\\/markamotors\\\/wp-content\\\/uploads\\\/898199-5001W.jpg\",\"width\":1600,\"height\":1600},{\"@type\":\"BreadcrumbList\",\"@id\":\"https:\\\/\\\/markasite.com.tr\\\/markamotors\\\/urun\\\/garrett-stage-1-powermax-485hp-yukseltme-turbo-gt2260s-ea888-3-nesil-2-0-tsi-2-0-tfsi-898199-5001w\\\/#breadcrumb\",\"itemListElement\":[{\"@type\":\"ListItem\",\"position\":1,\"name\":\"Anasayfa\",\"item\":\"https:\\\/\\\/markasite.com.tr\\\/markamotors\\\/\"},{\"@type\":\"ListItem\",\"position\":2,\"name\":\"Bolt-on VWGarrett Stage 1 Powermax 485Hp Y\u00fckseltme Turbo Gt2260S, Ea888 3. Nesil 2.0 Tsi \\\/ 2.0 Tfsi \\\/ 898199-5001W\"}]},{\"@type\":\"WebSite\",\"@id\":\"https:\\\/\\\/markasite.com.tr\\\/markamotors\\\/#website\",\"url\":\"https:\\\/\\\/markasite.com.tr\\\/markamotors\\\/\",\"name\":\"Marka Motors\",\"description\":\"\",\"publisher\":{\"@id\":\"https:\\\/\\\/markasite.com.tr\\\/markamotors\\\/#organization\"},\"potentialAction\":[{\"@type\":\"SearchAction\",\"target\":{\"@type\":\"EntryPoint\",\"urlTemplate\":\"https:\\\/\\\/markasite.com.tr\\\/markamotors\\\/?s={search_term_string}\"},\"query-input\":{\"@type\":\"PropertyValueSpecification\",\"valueRequired\":true,\"valueName\":\"search_term_string\"}}],\"inLanguage\":\"tr\"},{\"@type\":\"Organization\",\"@id\":\"https:\\\/\\\/markasite.com.tr\\\/markamotors\\\/#organization\",\"name\":\"Marka Motors\",\"url\":\"https:\\\/\\\/markasite.com.tr\\\/markamotors\\\/\",\"logo\":{\"@type\":\"ImageObject\",\"inLanguage\":\"tr\",\"@id\":\"https:\\\/\\\/markasite.com.tr\\\/markamotors\\\/#\\\/schema\\\/logo\\\/image\\\/\",\"url\":\"https:\\\/\\\/markasite.com.tr\\\/markamotors\\\/wp-content\\\/uploads\\\/footerMarkaMotors.png\",\"contentUrl\":\"https:\\\/\\\/markasite.com.tr\\\/markamotors\\\/wp-content\\\/uploads\\\/footerMarkaMotors.png\",\"width\":215,\"height\":58,\"caption\":\"Marka Motors\"},\"image\":{\"@id\":\"https:\\\/\\\/markasite.com.tr\\\/markamotors\\\/#\\\/schema\\\/logo\\\/image\\\/\"},\"sameAs\":[\"https:\\\/\\\/www.facebook.com\\\/?locale=tr_TR\"]}]}<\/script>\n<!-- \/ Yoast SEO plugin. -->","yoast_head_json":{"title":"Garrett Stage 1 Powermax 485HP Y\u00fckseltme Turbo GT2260S, EA888 3. Nesil 2.0 TSI \/ 2.0 TFSI \/ 898199-5001W - Marka Motors","robots":{"index":"index","follow":"follow","max-snippet":"max-snippet:-1","max-image-preview":"max-image-preview:large","max-video-preview":"max-video-preview:-1"},"canonical":"https:\/\/markasite.com.tr\/markamotors\/urun\/garrett-stage-1-powermax-485hp-yukseltme-turbo-gt2260s-ea888-3-nesil-2-0-tsi-2-0-tfsi-898199-5001w\/","og_locale":"tr_TR","og_type":"article","og_title":"Garrett Stage 1 Powermax 485HP Y\u00fckseltme Turbo GT2260S, EA888 3. Nesil 2.0 TSI \/ 2.0 TFSI \/ 898199-5001W - Marka Motors","og_description":"Garrett Stage 1 Powermax 485HP Y\u00fckseltme Turbo GT2260S, EA888 3. Nesil 2.0 TSI \/ 2.0 TFSI \/ 898199-5001W i\u00e7in Audi A3 8V 2.0 TFSI \/ VW Golf 7 R \/ GTI i\u00e7in Garrett Tak \u00c7al\u0131\u015ft\u0131r 485 HP Turbo Y\u00fckseltme Kiti \/ 898199-5001W GT serisi Y\u00fckseltme Turbo Kitleri, Garrett OEM yedek performans turbo\u015farjlar\u0131n\u0131n en yeni neslidir.","og_url":"https:\/\/markasite.com.tr\/markamotors\/urun\/garrett-stage-1-powermax-485hp-yukseltme-turbo-gt2260s-ea888-3-nesil-2-0-tsi-2-0-tfsi-898199-5001w\/","og_site_name":"Marka Motors","article_publisher":"https:\/\/www.facebook.com\/?locale=tr_TR","article_modified_time":"2026-02-19T11:42:31+00:00","og_image":[{"width":1600,"height":1600,"url":"https:\/\/markasite.com.tr\/markamotors\/wp-content\/uploads\/898199-5001W.jpg","type":"image\/jpeg"}],"twitter_card":"summary_large_image","twitter_misc":{"Tahmini okuma s\u00fcresi":"3 dakika"},"schema":{"@context":"https:\/\/schema.org","@graph":[{"@type":"WebPage","@id":"https:\/\/markasite.com.tr\/markamotors\/urun\/garrett-stage-1-powermax-485hp-yukseltme-turbo-gt2260s-ea888-3-nesil-2-0-tsi-2-0-tfsi-898199-5001w\/","url":"https:\/\/markasite.com.tr\/markamotors\/urun\/garrett-stage-1-powermax-485hp-yukseltme-turbo-gt2260s-ea888-3-nesil-2-0-tsi-2-0-tfsi-898199-5001w\/","name":"Garrett Stage 1 Powermax 485HP Y\u00fckseltme Turbo GT2260S, EA888 3. Nesil 2.0 TSI \/ 2.0 TFSI \/ 898199-5001W - Marka Motors","isPartOf":{"@id":"https:\/\/markasite.com.tr\/markamotors\/#website"},"primaryImageOfPage":{"@id":"https:\/\/markasite.com.tr\/markamotors\/urun\/garrett-stage-1-powermax-485hp-yukseltme-turbo-gt2260s-ea888-3-nesil-2-0-tsi-2-0-tfsi-898199-5001w\/#primaryimage"},"image":{"@id":"https:\/\/markasite.com.tr\/markamotors\/urun\/garrett-stage-1-powermax-485hp-yukseltme-turbo-gt2260s-ea888-3-nesil-2-0-tsi-2-0-tfsi-898199-5001w\/#primaryimage"},"thumbnailUrl":"https:\/\/markasite.com.tr\/markamotors\/wp-content\/uploads\/898199-5001W.jpg","datePublished":"2026-02-10T15:31:55+00:00","dateModified":"2026-02-19T11:42:31+00:00","breadcrumb":{"@id":"https:\/\/markasite.com.tr\/markamotors\/urun\/garrett-stage-1-powermax-485hp-yukseltme-turbo-gt2260s-ea888-3-nesil-2-0-tsi-2-0-tfsi-898199-5001w\/#breadcrumb"},"inLanguage":"tr","potentialAction":[{"@type":"ReadAction","target":["https:\/\/markasite.com.tr\/markamotors\/urun\/garrett-stage-1-powermax-485hp-yukseltme-turbo-gt2260s-ea888-3-nesil-2-0-tsi-2-0-tfsi-898199-5001w\/"]}]},{"@type":"ImageObject","inLanguage":"tr","@id":"https:\/\/markasite.com.tr\/markamotors\/urun\/garrett-stage-1-powermax-485hp-yukseltme-turbo-gt2260s-ea888-3-nesil-2-0-tsi-2-0-tfsi-898199-5001w\/#primaryimage","url":"https:\/\/markasite.com.tr\/markamotors\/wp-content\/uploads\/898199-5001W.jpg","contentUrl":"https:\/\/markasite.com.tr\/markamotors\/wp-content\/uploads\/898199-5001W.jpg","width":1600,"height":1600},{"@type":"BreadcrumbList","@id":"https:\/\/markasite.com.tr\/markamotors\/urun\/garrett-stage-1-powermax-485hp-yukseltme-turbo-gt2260s-ea888-3-nesil-2-0-tsi-2-0-tfsi-898199-5001w\/#breadcrumb","itemListElement":[{"@type":"ListItem","position":1,"name":"Anasayfa","item":"https:\/\/markasite.com.tr\/markamotors\/"},{"@type":"ListItem","position":2,"name":"Bolt-on VWGarrett Stage 1 Powermax 485Hp Y\u00fckseltme Turbo Gt2260S, Ea888 3. Nesil 2.0 Tsi \/ 2.0 Tfsi \/ 898199-5001W"}]},{"@type":"WebSite","@id":"https:\/\/markasite.com.tr\/markamotors\/#website","url":"https:\/\/markasite.com.tr\/markamotors\/","name":"Marka Motors","description":"","publisher":{"@id":"https:\/\/markasite.com.tr\/markamotors\/#organization"},"potentialAction":[{"@type":"SearchAction","target":{"@type":"EntryPoint","urlTemplate":"https:\/\/markasite.com.tr\/markamotors\/?s={search_term_string}"},"query-input":{"@type":"PropertyValueSpecification","valueRequired":true,"valueName":"search_term_string"}}],"inLanguage":"tr"},{"@type":"Organization","@id":"https:\/\/markasite.com.tr\/markamotors\/#organization","name":"Marka Motors","url":"https:\/\/markasite.com.tr\/markamotors\/","logo":{"@type":"ImageObject","inLanguage":"tr","@id":"https:\/\/markasite.com.tr\/markamotors\/#\/schema\/logo\/image\/","url":"https:\/\/markasite.com.tr\/markamotors\/wp-content\/uploads\/footerMarkaMotors.png","contentUrl":"https:\/\/markasite.com.tr\/markamotors\/wp-content\/uploads\/footerMarkaMotors.png","width":215,"height":58,"caption":"Marka Motors"},"image":{"@id":"https:\/\/markasite.com.tr\/markamotors\/#\/schema\/logo\/image\/"},"sameAs":["https:\/\/www.facebook.com\/?locale=tr_TR"]}]}},"_links":{"self":[{"href":"https:\/\/markasite.com.tr\/markamotors\/wp-json\/wp\/v2\/product\/4431","targetHints":{"allow":["GET"]}}],"collection":[{"href":"https:\/\/markasite.com.tr\/markamotors\/wp-json\/wp\/v2\/product"}],"about":[{"href":"https:\/\/markasite.com.tr\/markamotors\/wp-json\/wp\/v2\/types\/product"}],"wp:featuredmedia":[{"embeddable":true,"href":"https:\/\/markasite.com.tr\/markamotors\/wp-json\/wp\/v2\/media\/4425"}],"wp:attachment":[{"href":"https:\/\/markasite.com.tr\/markamotors\/wp-json\/wp\/v2\/media?parent=4431"}],"wp:term":[{"taxonomy":"product_brand","embeddable":true,"href":"https:\/\/markasite.com.tr\/markamotors\/wp-json\/wp\/v2\/product_brand?post=4431"},{"taxonomy":"product_cat","embeddable":true,"href":"https:\/\/markasite.com.tr\/markamotors\/wp-json\/wp\/v2\/product_cat?post=4431"},{"taxonomy":"product_tag","embeddable":true,"href":"https:\/\/markasite.com.tr\/markamotors\/wp-json\/wp\/v2\/product_tag?post=4431"}],"curies":[{"name":"wp","href":"https:\/\/api.w.org\/{rel}","templated":true}]}}