{"id":4430,"date":"2026-02-10T18:31:54","date_gmt":"2026-02-10T15:31:54","guid":{"rendered":"https:\/\/markasite.com.tr\/markamotors\/urun\/garrett-stage-1-powermax-447hp-yukseltme-turbo-gt2260s-vag-ea888-4-nesil-2-0-tsi-2-0-tfsi-917056-5002\/"},"modified":"2026-02-28T00:47:59","modified_gmt":"2026-02-27T21:47:59","slug":"garrett-stage-1-powermax-447hp-yukseltme-turbo-gt2260s-vag-ea888-4-nesil-2-0-tsi-2-0-tfsi-917056-5002","status":"publish","type":"product","link":"https:\/\/markasite.com.tr\/markamotors\/urun\/garrett-stage-1-powermax-447hp-yukseltme-turbo-gt2260s-vag-ea888-4-nesil-2-0-tsi-2-0-tfsi-917056-5002\/","title":{"rendered":"<div class=\"product-loop-meta\"><div class=\"loop-cat\">Bolt-on VW<\/div><div class=\"brand\"><img alt=\"Garrett\" src=\"https:\/\/markasite.com.tr\/markamotors\/wp-content\/uploads\/Garrett.jpg\"><\/div><\/div><div class=\"list-pro-title\">Garrett Stage 1 Powermax 447Hp Y\u00fckseltme Turbo Gt2260S, Vag Ea888 4. Nesil 2.0 Tsi \/ 2.0 Tfsi \/ 917056-5002<\/div>"},"content":{"rendered":"<p>Garrett Stage 1 Powermax 447HP Y\u00fckseltme Turbo GT2260S, VAG EA888 4. Nesil 2.0 TSI \/ 2.0 TFSI \/ 917056-5002 i\u00e7in<br \/>\nAudi, Seat, Skoda, VW 2.0 TFSI\/TSI i\u00e7in Garrett Tak \u00c7al\u0131\u015ft\u0131r 447 HP Turbo Y\u00fckseltme Kiti \/ 917056-5002<br \/>\nGT serisi Y\u00fckseltme Turbo Kitleri, Garrett OEM yedek performans turbo\u015farjlar\u0131n\u0131n en yeni neslidir.<br \/>\nGarrett, bu uygulama i\u00e7in orijinal ekipman \u00fcreticisi (OEM) turbo\u015farj\u0131d\u0131r. Yukar\u0131da listelenmeyen b\u00f6lgeler ve uygulamalar i\u00e7in l\u00fctfen uyumluluk i\u00e7in OEM turbo par\u00e7a numaras\u0131n\u0131 referans al\u0131n.<br \/>\n2.0L EA888 Evo4 motor platformu i\u00e7in Garrett PowerMax\u2122 turbo\u015farj y\u00fckseltmesini sunuyoruz. Tutkunlar taraf\u0131ndan, tutkunlar i\u00e7in tasarlanan bu turbo\u015farj y\u00fckseltmesi, sadece motorunuzun kapasitesini art\u0131rmakla kalmaz, ayn\u0131 zamanda arac\u0131n\u0131z\u0131n mevcut OEM kurulumuna da entegre eder. Elektronik akt\u00fcat\u00f6rl\u00fc bu komple turbo\u015farj, ara\u00e7 \u00fczerinde yap\u0131lan testlerle kan\u0131tland\u0131\u011f\u0131 \u00fczere, motorun etkileyici bir \u015fekilde 447 BHP (333 kW) g\u00fc\u00e7 \u00fcretmesine yard\u0131mc\u0131 olabilir.<br \/>\nGTX Gen II kompres\u00f6r aerodinami\u011fi, OEM turboya k\u0131yasla turbo\u015farj ak\u0131\u015f\u0131n\u0131 %32 oran\u0131nda art\u0131r\u0131r. Y\u00fcksek s\u0131cakl\u0131\u011fa dayan\u0131kl\u0131 Mar-M ala\u015f\u0131ml\u0131 t\u00fcrbin \u00e7ark\u0131, son teknoloji t\u00fcrbin aerodinami\u011fi ve 1050\u00b0C&#8217;ye kadar \u0131s\u0131ya dayanabilen sa\u011flam \u00e7ift sarmal paslanmaz \u00e7elik t\u00fcrbin g\u00f6vdesi ile gelece\u011fin g\u00fcc\u00fcn\u00fc kucaklay\u0131n. PowerMax\u2122 ile s\u00fcr\u00fc\u015f deneyiminizi bir \u00fcst seviyeye ta\u015f\u0131y\u0131n ve daha \u00f6nce hi\u00e7 ya\u015famad\u0131\u011f\u0131n\u0131z bir performans\u0131 deneyimleyin.<\/p>\n<p>UYARI:<br \/>\nTurbo\u015farj\u0131n izin verilen maksimum h\u0131z\u0131 186.000 devir\/dakikad\u0131r (A\u015fama 1). Bu \u00fcr\u00fcn\u00fcn maksimum turbo\u015farj h\u0131z\u0131n\u0131n \u00fczerinde kullan\u0131lmas\u0131, kullan\u0131c\u0131n\u0131n sorumlulu\u011fundad\u0131r ve hasara ve erken ar\u0131zaya neden olabilir. \u00c7al\u0131\u015fma s\u0131ras\u0131nda turbo\u015farj\u0131 a\u015f\u0131r\u0131 h\u0131zdan korumak i\u00e7in, kompres\u00f6r g\u00f6vdesine 781328-0003 (sens\u00f6r ve g\u00f6sterge dahil) ve 781328-0004 (h\u0131z sens\u00f6r\u00fc dahil) par\u00e7a numaral\u0131 h\u0131z sens\u00f6rlerinin tak\u0131lmas\u0131 i\u00e7in bir h\u0131z sens\u00f6r\u00fc portu i\u015flenmi\u015ftir. H\u0131z sens\u00f6rleri ayr\u0131 sat\u0131l\u0131r.<\/p>\n<p>\u00d6zellikler:<br \/>\n447 HP | 333kW (volan) g\u00fc\u00e7 kapasitesine sahip do\u011frudan uyumlu 1. a\u015fama (ara\u00e7 i\u00e7i sonu\u00e7lar)*<br \/>\nElektronik akt\u00fcat\u00f6rl\u00fc komple montaj<br \/>\n(Standart Golf 8 GTI&#8217;ya k\u0131yasla) %32 daha fazla kompres\u00f6r ak\u0131\u015f\u0131.<br \/>\nGTI 2.0L TFSI (EA888 Evo4)<br \/>\nY\u00fcksek performansl\u0131 GTX GEN 2 kompres\u00f6r ve t\u00fcrbin \u00e7ark\u0131 aerodinami\u011fi<br \/>\nMar-M ala\u015f\u0131ml\u0131 t\u00fcrbin \u00e7ark\u0131 ve \u00e7ift sarmall\u0131 paslanmaz \u00e7elik t\u00fcrbin g\u00f6vdesi 1050\u00b0C&#8217;ye kadar dayan\u0131kl\u0131d\u0131r.<br \/>\nEn yeni nesil kaymal\u0131 yatakl\u0131 rotor grubu<br \/>\n360 derece d\u00f6nebilen, g\u00fc\u00e7lendirilmi\u015f rulman &#8211; uygulama i\u00e7in \u00f6zel olarak \u00fcretilmi\u015ftir.<br \/>\n\u015eunlar i\u00e7in uygundur:<br \/>\nAudi Q3 45 TFSI 2.0 (2021 model)<br \/>\nAudi TT 45 TFSI 2.0 (2020 model)<br \/>\n2021 model Cupra Leon 2.0 TSI<br \/>\nCupra Formentor 2.0 TSI, 2021&#8217;den itibaren<br \/>\n2021&#8217;den itibaren Seat Tarraco 2.0 TSI<br \/>\nSkoda Kodiaq RS TSI 4&#215;4, 2021&#8217;den itibaren<br \/>\n2020 model Skoda Octavia RS<br \/>\n2020 model VW Tiguan 2.0 TSI<br \/>\n2020 model VW Golf 8 GTI<br \/>\nOrijinal VAG turbo\u015farj\u0131n\u0131n yerine ge\u00e7er:<br \/>\n06Q145702B<br \/>\nTurbo Teknik \u00d6zellikleri:<br \/>\n&#8211; H\u0131z sens\u00f6r\u00fc i\u00e7in iste\u011fe ba\u011fl\u0131 ba\u011flant\u0131ya sahip y\u00fcksek ak\u0131\u015fl\u0131 kompres\u00f6r g\u00f6vdesi<br \/>\n&#8211; Daha y\u00fcksek ak\u0131\u015f sa\u011flayan Mar-M (1050\u00b0C&#8217;ye kadar dayan\u0131kl\u0131) t\u00fcrbin \u00e7ark\u0131<br \/>\n&#8211; 1050\u00b0C&#8217;ye kadar dayan\u0131kl\u0131 paslanmaz \u00e7elik t\u00fcrbin g\u00f6vdesi<br \/>\n&#8211; OEM uyumlu flan\u015fl\u0131 egzoz g\u00f6vdesi<br \/>\n&#8211; En yeni nesil kaymal\u0131 yatakl\u0131 rotor grubu<br \/>\n&#8211; 4 su ba\u011flant\u0131 noktas\u0131<br \/>\n&#8211; Uygulama i\u00e7in g\u00fc\u00e7lendirilmi\u015f 360 derece itme yata\u011f\u0131<\/p>\n<p>G\u00fc\u00e7 aral\u0131\u011f\u0131: 447 HP&#8217;ye kadar<br \/>\nMotor hacmi: 2.0 Litre<\/p>\n<p>Kompres\u00f6r bilgileri:<br \/>\nGiri\u015f: 47,00 mm<br \/>\n\u00c7\u0131k\u0131\u015f: 60,00 mm<br \/>\nTrim: 62<\/p>\n<p>T\u00fcrbin bilgileri:<br \/>\nGiri\u015f: 50,00 mm<br \/>\n\u00c7\u0131k\u0131\u015f: 45,00 mm<br \/>\nTrim: 81<\/p>\n","protected":false},"excerpt":{"rendered":"<p>Garrett Stage 1 Powermax 447HP Y\u00fckseltme Turbo GT2260S, VAG EA888 4. Nesil 2.0 TSI \/ 2.0 TFSI \/ 917056-5002 i\u00e7in Audi, Seat, Skoda, VW 2.0 TFSI\/TSI i\u00e7in Garrett Tak \u00c7al\u0131\u015ft\u0131r 447 HP Turbo Y\u00fckseltme Kiti \/ 917056-5002 GT serisi Y\u00fckseltme Turbo Kitleri, Garrett OEM yedek performans turbo\u015farjlar\u0131n\u0131n en yeni neslidir. Garrett, bu uygulama i\u00e7in orijinal<\/p>\n","protected":false},"featured_media":4426,"template":"","meta":{"_acf_changed":false},"product_brand":[300],"product_cat":[361],"product_tag":[353,345],"class_list":{"0":"post-4430","1":"product","2":"type-product","3":"status-publish","4":"has-post-thumbnail","6":"product_brand-garrett","7":"product_cat-bolt-on-vw","8":"product_tag-garrett-turbo","9":"product_tag-turbo","11":"first","12":"instock","13":"taxable","14":"shipping-taxable","15":"purchasable","16":"product-type-simple"},"acf":[],"yoast_head":"<!-- This site is optimized with the Yoast SEO plugin v27.3 - https:\/\/yoast.com\/product\/yoast-seo-wordpress\/ -->\n<title>Garrett Stage 1 Powermax 447HP Y\u00fckseltme Turbo GT2260S, VAG EA888 4. Nesil 2.0 TSI \/ 2.0 TFSI \/ 917056-5002 - Marka Motors<\/title>\n<meta name=\"robots\" content=\"index, follow, max-snippet:-1, max-image-preview:large, max-video-preview:-1\" \/>\n<link rel=\"canonical\" href=\"https:\/\/markasite.com.tr\/markamotors\/urun\/garrett-stage-1-powermax-447hp-yukseltme-turbo-gt2260s-vag-ea888-4-nesil-2-0-tsi-2-0-tfsi-917056-5002\/\" \/>\n<meta property=\"og:locale\" content=\"tr_TR\" \/>\n<meta property=\"og:type\" content=\"article\" \/>\n<meta property=\"og:title\" content=\"Garrett Stage 1 Powermax 447HP Y\u00fckseltme Turbo GT2260S, VAG EA888 4. Nesil 2.0 TSI \/ 2.0 TFSI \/ 917056-5002 - Marka Motors\" \/>\n<meta property=\"og:description\" content=\"Garrett Stage 1 Powermax 447HP Y\u00fckseltme Turbo GT2260S, VAG EA888 4. Nesil 2.0 TSI \/ 2.0 TFSI \/ 917056-5002 i\u00e7in Audi, Seat, Skoda, VW 2.0 TFSI\/TSI i\u00e7in Garrett Tak \u00c7al\u0131\u015ft\u0131r 447 HP Turbo Y\u00fckseltme Kiti \/ 917056-5002 GT serisi Y\u00fckseltme Turbo Kitleri, Garrett OEM yedek performans turbo\u015farjlar\u0131n\u0131n en yeni neslidir. Garrett, bu uygulama i\u00e7in orijinal\" \/>\n<meta property=\"og:url\" content=\"https:\/\/markasite.com.tr\/markamotors\/urun\/garrett-stage-1-powermax-447hp-yukseltme-turbo-gt2260s-vag-ea888-4-nesil-2-0-tsi-2-0-tfsi-917056-5002\/\" \/>\n<meta property=\"og:site_name\" content=\"Marka Motors\" \/>\n<meta property=\"article:publisher\" content=\"https:\/\/www.facebook.com\/?locale=tr_TR\" \/>\n<meta property=\"article:modified_time\" content=\"2026-02-27T21:47:59+00:00\" \/>\n<meta property=\"og:image\" content=\"https:\/\/markasite.com.tr\/markamotors\/wp-content\/uploads\/917056-5002S.jpg\" \/>\n\t<meta property=\"og:image:width\" content=\"1600\" \/>\n\t<meta property=\"og:image:height\" content=\"1600\" \/>\n\t<meta property=\"og:image:type\" content=\"image\/jpeg\" \/>\n<meta name=\"twitter:card\" content=\"summary_large_image\" \/>\n<meta name=\"twitter:label1\" content=\"Tahmini okuma s\u00fcresi\" \/>\n\t<meta name=\"twitter:data1\" content=\"3 dakika\" \/>\n<script type=\"application\/ld+json\" class=\"yoast-schema-graph\">{\"@context\":\"https:\\\/\\\/schema.org\",\"@graph\":[{\"@type\":\"WebPage\",\"@id\":\"https:\\\/\\\/markasite.com.tr\\\/markamotors\\\/urun\\\/garrett-stage-1-powermax-447hp-yukseltme-turbo-gt2260s-vag-ea888-4-nesil-2-0-tsi-2-0-tfsi-917056-5002\\\/\",\"url\":\"https:\\\/\\\/markasite.com.tr\\\/markamotors\\\/urun\\\/garrett-stage-1-powermax-447hp-yukseltme-turbo-gt2260s-vag-ea888-4-nesil-2-0-tsi-2-0-tfsi-917056-5002\\\/\",\"name\":\"Garrett Stage 1 Powermax 447HP Y\u00fckseltme Turbo GT2260S, VAG EA888 4. Nesil 2.0 TSI \\\/ 2.0 TFSI \\\/ 917056-5002 - Marka Motors\",\"isPartOf\":{\"@id\":\"https:\\\/\\\/markasite.com.tr\\\/markamotors\\\/#website\"},\"primaryImageOfPage\":{\"@id\":\"https:\\\/\\\/markasite.com.tr\\\/markamotors\\\/urun\\\/garrett-stage-1-powermax-447hp-yukseltme-turbo-gt2260s-vag-ea888-4-nesil-2-0-tsi-2-0-tfsi-917056-5002\\\/#primaryimage\"},\"image\":{\"@id\":\"https:\\\/\\\/markasite.com.tr\\\/markamotors\\\/urun\\\/garrett-stage-1-powermax-447hp-yukseltme-turbo-gt2260s-vag-ea888-4-nesil-2-0-tsi-2-0-tfsi-917056-5002\\\/#primaryimage\"},\"thumbnailUrl\":\"https:\\\/\\\/markasite.com.tr\\\/markamotors\\\/wp-content\\\/uploads\\\/917056-5002S.jpg\",\"datePublished\":\"2026-02-10T15:31:54+00:00\",\"dateModified\":\"2026-02-27T21:47:59+00:00\",\"breadcrumb\":{\"@id\":\"https:\\\/\\\/markasite.com.tr\\\/markamotors\\\/urun\\\/garrett-stage-1-powermax-447hp-yukseltme-turbo-gt2260s-vag-ea888-4-nesil-2-0-tsi-2-0-tfsi-917056-5002\\\/#breadcrumb\"},\"inLanguage\":\"tr\",\"potentialAction\":[{\"@type\":\"ReadAction\",\"target\":[\"https:\\\/\\\/markasite.com.tr\\\/markamotors\\\/urun\\\/garrett-stage-1-powermax-447hp-yukseltme-turbo-gt2260s-vag-ea888-4-nesil-2-0-tsi-2-0-tfsi-917056-5002\\\/\"]}]},{\"@type\":\"ImageObject\",\"inLanguage\":\"tr\",\"@id\":\"https:\\\/\\\/markasite.com.tr\\\/markamotors\\\/urun\\\/garrett-stage-1-powermax-447hp-yukseltme-turbo-gt2260s-vag-ea888-4-nesil-2-0-tsi-2-0-tfsi-917056-5002\\\/#primaryimage\",\"url\":\"https:\\\/\\\/markasite.com.tr\\\/markamotors\\\/wp-content\\\/uploads\\\/917056-5002S.jpg\",\"contentUrl\":\"https:\\\/\\\/markasite.com.tr\\\/markamotors\\\/wp-content\\\/uploads\\\/917056-5002S.jpg\",\"width\":1600,\"height\":1600},{\"@type\":\"BreadcrumbList\",\"@id\":\"https:\\\/\\\/markasite.com.tr\\\/markamotors\\\/urun\\\/garrett-stage-1-powermax-447hp-yukseltme-turbo-gt2260s-vag-ea888-4-nesil-2-0-tsi-2-0-tfsi-917056-5002\\\/#breadcrumb\",\"itemListElement\":[{\"@type\":\"ListItem\",\"position\":1,\"name\":\"Anasayfa\",\"item\":\"https:\\\/\\\/markasite.com.tr\\\/markamotors\\\/\"},{\"@type\":\"ListItem\",\"position\":2,\"name\":\"Garrett Stage 1 Powermax 447HP Y\u00fckseltme Turbo GT2260S, VAG EA888 4. Nesil 2.0 TSI \\\/ 2.0 TFSI \\\/ 917056-5002\"}]},{\"@type\":\"WebSite\",\"@id\":\"https:\\\/\\\/markasite.com.tr\\\/markamotors\\\/#website\",\"url\":\"https:\\\/\\\/markasite.com.tr\\\/markamotors\\\/\",\"name\":\"Marka Motors\",\"description\":\"\",\"publisher\":{\"@id\":\"https:\\\/\\\/markasite.com.tr\\\/markamotors\\\/#organization\"},\"potentialAction\":[{\"@type\":\"SearchAction\",\"target\":{\"@type\":\"EntryPoint\",\"urlTemplate\":\"https:\\\/\\\/markasite.com.tr\\\/markamotors\\\/?s={search_term_string}\"},\"query-input\":{\"@type\":\"PropertyValueSpecification\",\"valueRequired\":true,\"valueName\":\"search_term_string\"}}],\"inLanguage\":\"tr\"},{\"@type\":\"Organization\",\"@id\":\"https:\\\/\\\/markasite.com.tr\\\/markamotors\\\/#organization\",\"name\":\"Marka Motors\",\"url\":\"https:\\\/\\\/markasite.com.tr\\\/markamotors\\\/\",\"logo\":{\"@type\":\"ImageObject\",\"inLanguage\":\"tr\",\"@id\":\"https:\\\/\\\/markasite.com.tr\\\/markamotors\\\/#\\\/schema\\\/logo\\\/image\\\/\",\"url\":\"https:\\\/\\\/markasite.com.tr\\\/markamotors\\\/wp-content\\\/uploads\\\/footerMarkaMotors.png\",\"contentUrl\":\"https:\\\/\\\/markasite.com.tr\\\/markamotors\\\/wp-content\\\/uploads\\\/footerMarkaMotors.png\",\"width\":215,\"height\":58,\"caption\":\"Marka Motors\"},\"image\":{\"@id\":\"https:\\\/\\\/markasite.com.tr\\\/markamotors\\\/#\\\/schema\\\/logo\\\/image\\\/\"},\"sameAs\":[\"https:\\\/\\\/www.facebook.com\\\/?locale=tr_TR\"]}]}<\/script>\n<!-- \/ Yoast SEO plugin. -->","yoast_head_json":{"title":"Garrett Stage 1 Powermax 447HP Y\u00fckseltme Turbo GT2260S, VAG EA888 4. Nesil 2.0 TSI \/ 2.0 TFSI \/ 917056-5002 - Marka Motors","robots":{"index":"index","follow":"follow","max-snippet":"max-snippet:-1","max-image-preview":"max-image-preview:large","max-video-preview":"max-video-preview:-1"},"canonical":"https:\/\/markasite.com.tr\/markamotors\/urun\/garrett-stage-1-powermax-447hp-yukseltme-turbo-gt2260s-vag-ea888-4-nesil-2-0-tsi-2-0-tfsi-917056-5002\/","og_locale":"tr_TR","og_type":"article","og_title":"Garrett Stage 1 Powermax 447HP Y\u00fckseltme Turbo GT2260S, VAG EA888 4. Nesil 2.0 TSI \/ 2.0 TFSI \/ 917056-5002 - Marka Motors","og_description":"Garrett Stage 1 Powermax 447HP Y\u00fckseltme Turbo GT2260S, VAG EA888 4. Nesil 2.0 TSI \/ 2.0 TFSI \/ 917056-5002 i\u00e7in Audi, Seat, Skoda, VW 2.0 TFSI\/TSI i\u00e7in Garrett Tak \u00c7al\u0131\u015ft\u0131r 447 HP Turbo Y\u00fckseltme Kiti \/ 917056-5002 GT serisi Y\u00fckseltme Turbo Kitleri, Garrett OEM yedek performans turbo\u015farjlar\u0131n\u0131n en yeni neslidir. Garrett, bu uygulama i\u00e7in orijinal","og_url":"https:\/\/markasite.com.tr\/markamotors\/urun\/garrett-stage-1-powermax-447hp-yukseltme-turbo-gt2260s-vag-ea888-4-nesil-2-0-tsi-2-0-tfsi-917056-5002\/","og_site_name":"Marka Motors","article_publisher":"https:\/\/www.facebook.com\/?locale=tr_TR","article_modified_time":"2026-02-27T21:47:59+00:00","og_image":[{"width":1600,"height":1600,"url":"https:\/\/markasite.com.tr\/markamotors\/wp-content\/uploads\/917056-5002S.jpg","type":"image\/jpeg"}],"twitter_card":"summary_large_image","twitter_misc":{"Tahmini okuma s\u00fcresi":"3 dakika"},"schema":{"@context":"https:\/\/schema.org","@graph":[{"@type":"WebPage","@id":"https:\/\/markasite.com.tr\/markamotors\/urun\/garrett-stage-1-powermax-447hp-yukseltme-turbo-gt2260s-vag-ea888-4-nesil-2-0-tsi-2-0-tfsi-917056-5002\/","url":"https:\/\/markasite.com.tr\/markamotors\/urun\/garrett-stage-1-powermax-447hp-yukseltme-turbo-gt2260s-vag-ea888-4-nesil-2-0-tsi-2-0-tfsi-917056-5002\/","name":"Garrett Stage 1 Powermax 447HP Y\u00fckseltme Turbo GT2260S, VAG EA888 4. Nesil 2.0 TSI \/ 2.0 TFSI \/ 917056-5002 - Marka Motors","isPartOf":{"@id":"https:\/\/markasite.com.tr\/markamotors\/#website"},"primaryImageOfPage":{"@id":"https:\/\/markasite.com.tr\/markamotors\/urun\/garrett-stage-1-powermax-447hp-yukseltme-turbo-gt2260s-vag-ea888-4-nesil-2-0-tsi-2-0-tfsi-917056-5002\/#primaryimage"},"image":{"@id":"https:\/\/markasite.com.tr\/markamotors\/urun\/garrett-stage-1-powermax-447hp-yukseltme-turbo-gt2260s-vag-ea888-4-nesil-2-0-tsi-2-0-tfsi-917056-5002\/#primaryimage"},"thumbnailUrl":"https:\/\/markasite.com.tr\/markamotors\/wp-content\/uploads\/917056-5002S.jpg","datePublished":"2026-02-10T15:31:54+00:00","dateModified":"2026-02-27T21:47:59+00:00","breadcrumb":{"@id":"https:\/\/markasite.com.tr\/markamotors\/urun\/garrett-stage-1-powermax-447hp-yukseltme-turbo-gt2260s-vag-ea888-4-nesil-2-0-tsi-2-0-tfsi-917056-5002\/#breadcrumb"},"inLanguage":"tr","potentialAction":[{"@type":"ReadAction","target":["https:\/\/markasite.com.tr\/markamotors\/urun\/garrett-stage-1-powermax-447hp-yukseltme-turbo-gt2260s-vag-ea888-4-nesil-2-0-tsi-2-0-tfsi-917056-5002\/"]}]},{"@type":"ImageObject","inLanguage":"tr","@id":"https:\/\/markasite.com.tr\/markamotors\/urun\/garrett-stage-1-powermax-447hp-yukseltme-turbo-gt2260s-vag-ea888-4-nesil-2-0-tsi-2-0-tfsi-917056-5002\/#primaryimage","url":"https:\/\/markasite.com.tr\/markamotors\/wp-content\/uploads\/917056-5002S.jpg","contentUrl":"https:\/\/markasite.com.tr\/markamotors\/wp-content\/uploads\/917056-5002S.jpg","width":1600,"height":1600},{"@type":"BreadcrumbList","@id":"https:\/\/markasite.com.tr\/markamotors\/urun\/garrett-stage-1-powermax-447hp-yukseltme-turbo-gt2260s-vag-ea888-4-nesil-2-0-tsi-2-0-tfsi-917056-5002\/#breadcrumb","itemListElement":[{"@type":"ListItem","position":1,"name":"Anasayfa","item":"https:\/\/markasite.com.tr\/markamotors\/"},{"@type":"ListItem","position":2,"name":"Garrett Stage 1 Powermax 447HP Y\u00fckseltme Turbo GT2260S, VAG EA888 4. Nesil 2.0 TSI \/ 2.0 TFSI \/ 917056-5002"}]},{"@type":"WebSite","@id":"https:\/\/markasite.com.tr\/markamotors\/#website","url":"https:\/\/markasite.com.tr\/markamotors\/","name":"Marka Motors","description":"","publisher":{"@id":"https:\/\/markasite.com.tr\/markamotors\/#organization"},"potentialAction":[{"@type":"SearchAction","target":{"@type":"EntryPoint","urlTemplate":"https:\/\/markasite.com.tr\/markamotors\/?s={search_term_string}"},"query-input":{"@type":"PropertyValueSpecification","valueRequired":true,"valueName":"search_term_string"}}],"inLanguage":"tr"},{"@type":"Organization","@id":"https:\/\/markasite.com.tr\/markamotors\/#organization","name":"Marka Motors","url":"https:\/\/markasite.com.tr\/markamotors\/","logo":{"@type":"ImageObject","inLanguage":"tr","@id":"https:\/\/markasite.com.tr\/markamotors\/#\/schema\/logo\/image\/","url":"https:\/\/markasite.com.tr\/markamotors\/wp-content\/uploads\/footerMarkaMotors.png","contentUrl":"https:\/\/markasite.com.tr\/markamotors\/wp-content\/uploads\/footerMarkaMotors.png","width":215,"height":58,"caption":"Marka Motors"},"image":{"@id":"https:\/\/markasite.com.tr\/markamotors\/#\/schema\/logo\/image\/"},"sameAs":["https:\/\/www.facebook.com\/?locale=tr_TR"]}]}},"_links":{"self":[{"href":"https:\/\/markasite.com.tr\/markamotors\/wp-json\/wp\/v2\/product\/4430","targetHints":{"allow":["GET"]}}],"collection":[{"href":"https:\/\/markasite.com.tr\/markamotors\/wp-json\/wp\/v2\/product"}],"about":[{"href":"https:\/\/markasite.com.tr\/markamotors\/wp-json\/wp\/v2\/types\/product"}],"wp:featuredmedia":[{"embeddable":true,"href":"https:\/\/markasite.com.tr\/markamotors\/wp-json\/wp\/v2\/media\/4426"}],"wp:attachment":[{"href":"https:\/\/markasite.com.tr\/markamotors\/wp-json\/wp\/v2\/media?parent=4430"}],"wp:term":[{"taxonomy":"product_brand","embeddable":true,"href":"https:\/\/markasite.com.tr\/markamotors\/wp-json\/wp\/v2\/product_brand?post=4430"},{"taxonomy":"product_cat","embeddable":true,"href":"https:\/\/markasite.com.tr\/markamotors\/wp-json\/wp\/v2\/product_cat?post=4430"},{"taxonomy":"product_tag","embeddable":true,"href":"https:\/\/markasite.com.tr\/markamotors\/wp-json\/wp\/v2\/product_tag?post=4430"}],"curies":[{"name":"wp","href":"https:\/\/api.w.org\/{rel}","templated":true}]}}