{"id":78,"date":"2026-01-20T10:29:14","date_gmt":"2026-01-20T10:29:14","guid":{"rendered":"https:\/\/markasite.com.tr\/markamotors\/?page_id=78"},"modified":"2026-02-17T04:11:56","modified_gmt":"2026-02-17T01:11:56","slug":"hakkimizda","status":"publish","type":"page","link":"https:\/\/markasite.com.tr\/markamotors\/hakkimizda\/","title":{"rendered":"Hakk\u0131m\u0131zda"},"content":{"rendered":"\n<div class=\"wp-block-columns is-layout-flex wp-container-core-columns-is-layout-9d6595d7 wp-block-columns-is-layout-flex\">\n<div class=\"wp-block-column is-vertically-aligned-center is-layout-flow wp-block-column-is-layout-flow\" style=\"flex-basis:30%\">\n<figure class=\"wp-block-image size-full\"><a href=\"https:\/\/markasite.com.tr\/markamotors\/wp-content\/uploads\/footerMarkaMotors.png\"><img loading=\"lazy\" decoding=\"async\" width=\"215\" height=\"58\" src=\"https:\/\/markasite.com.tr\/markamotors\/wp-content\/uploads\/footerMarkaMotors.png\" alt=\"\" class=\"wp-image-140\"\/><\/a><\/figure>\n<\/div>\n\n\n\n<div class=\"wp-block-column is-layout-flow wp-block-column-is-layout-flow\">\n<h5 class=\"wp-block-heading\">Merhaba,<\/h5>\n\n\n\n<p>Biz, Marka Motors Limited \u015eirketi olarak otomobile tutkuyla ba\u011fl\u0131, her seviyeden otomobil severin yan\u0131nda olmay\u0131 ama\u00e7layan bir ekibiz. Motor performans\u0131, h\u0131z tutkusu ve kaliteye olan inanc\u0131m\u0131zla y\u0131llar i\u00e7inde bu noktaya geldik.<\/p>\n\n\n\n<p>Otomotiv d\u00fcnyas\u0131 sadece par\u00e7alarla de\u011fil, tutkuyla ilgilidir. Biz bu tutkuyu payla\u015f\u0131yoruz. \u0130ster profesyonel bir at\u00f6lye olun, ister arac\u0131n\u0131 ki\u015fiselle\u015ftirmek isteyen bir birey\u2026 Amac\u0131m\u0131z, ihtiyac\u0131n\u0131za en uygun \u00fcr\u00fcnleri en h\u0131zl\u0131 ve g\u00fcvenilir \u015fekilde sunmak.<\/p>\n<\/div>\n<\/div>\n\n\n\n<div style=\"height:50px\" aria-hidden=\"true\" class=\"wp-block-spacer\"><\/div>\n\n\n\n<div style=\"height:50px\" aria-hidden=\"true\" class=\"wp-block-spacer\"><\/div>\n\n\n\n<div class=\"wp-block-columns is-layout-flex wp-container-core-columns-is-layout-9d6595d7 wp-block-columns-is-layout-flex\">\n<div class=\"wp-block-column is-layout-flow wp-block-column-is-layout-flow\">\n<h5 class=\"wp-block-heading\"><strong>Neden Buraday\u0131z?<\/strong><\/h5>\n\n\n\n<p>\u00c7\u00fcnk\u00fc i\u015fimizi seviyoruz.<\/p>\n\n\n\n<p>\u00c7\u00fcnk\u00fc bizi arayan m\u00fc\u015fterilerin ihtiya\u00e7lar\u0131n\u0131 ger\u00e7ekten \u00f6nemsiyoruz.<\/p>\n\n\n\n<p>\u00c7\u00fcnk\u00fc bir par\u00e7an\u0131n sadece metal de\u011fil, ayn\u0131 zamanda bir hayalin par\u00e7as\u0131 oldu\u011funu biliyoruz.<\/p>\n<\/div>\n\n\n\n<div class=\"wp-block-column is-layout-flow wp-block-column-is-layout-flow\">\n<h5 class=\"wp-block-heading\"><strong>Ne Yap\u0131yoruz?<\/strong><\/h5>\n\n\n\n<p>Turbo sistemleri, forged pistonlar ve performans par\u00e7alar\u0131<\/p>\n\n\n\n<p>Motor yenileme ve g\u00fc\u00e7lendirme \u00e7\u00f6z\u00fcmleri<\/p>\n\n\n\n<p>D\u00fcnyaca \u00fcnl\u00fc, g\u00fcvenilir markalarla do\u011frudan i\u015f ortakl\u0131\u011f\u0131 (Garrett, Wiseco, AEM, Turbosmart ve daha fazlas\u0131)<\/p>\n\n\n\n<p>Samimi destek, d\u00fcr\u00fcst fiyatland\u0131rma ve h\u0131zl\u0131 teslimat<\/p>\n<\/div>\n<\/div>\n\n\n\n<div style=\"height:100px\" aria-hidden=\"true\" class=\"wp-block-spacer\"><\/div>\n\n\n\n<div class=\"wp-block-columns are-vertically-aligned-top is-layout-flex wp-container-core-columns-is-layout-9d6595d7 wp-block-columns-is-layout-flex\">\n<div class=\"wp-block-column is-vertically-aligned-top is-layout-flow wp-block-column-is-layout-flow\" style=\"flex-basis:55%\">\n<figure class=\"wp-block-image size-large\"><img loading=\"lazy\" decoding=\"async\" width=\"1024\" height=\"576\" src=\"https:\/\/markasite.com.tr\/markamotors\/wp-content\/uploads\/banner-1024x576.jpg\" alt=\"\" class=\"wp-image-927\" srcset=\"https:\/\/markasite.com.tr\/markamotors\/wp-content\/uploads\/banner-1024x576.jpg 1024w, https:\/\/markasite.com.tr\/markamotors\/wp-content\/uploads\/banner-300x169.jpg 300w, https:\/\/markasite.com.tr\/markamotors\/wp-content\/uploads\/banner-600x338.jpg 600w, https:\/\/markasite.com.tr\/markamotors\/wp-content\/uploads\/banner-768x432.jpg 768w, https:\/\/markasite.com.tr\/markamotors\/wp-content\/uploads\/banner-1536x864.jpg 1536w, https:\/\/markasite.com.tr\/markamotors\/wp-content\/uploads\/banner.jpg 1600w\" sizes=\"auto, (max-width: 1024px) 100vw, 1024px\" \/><\/figure>\n<\/div>\n\n\n\n<div class=\"wp-block-column is-vertically-aligned-top is-layout-flow wp-block-column-is-layout-flow\">\n<h5 class=\"wp-block-heading\"><strong>Biz Kimiz?<\/strong><\/h5>\n\n\n\n<p>Bir telefon kadar yak\u0131n\u0131z; \u201cAbi bu olur mu?\u201d dedi\u011finizde cevap veren, sipari\u015f sonras\u0131 da y\u00fcz\u00fcn\u00fcz\u00fc g\u00fcld\u00fcrmeye devam eden bir ekibiz.<\/p>\n\n\n\n<p>Sorun de\u011fil, \u00e7\u00f6z\u00fcm arayan taraftay\u0131z.<\/p>\n\n\n\n<p>Bizim \u0130\u00e7in \u00d6nemli Olan<\/p>\n\n\n\n<p>G\u00fcven: Kendi arac\u0131m\u0131za takmayaca\u011f\u0131m\u0131z \u00fcr\u00fcn\u00fc size sunmay\u0131z.<\/p>\n\n\n\n<p>H\u0131z: Sipari\u015fi uzatmak de\u011fil, h\u0131zland\u0131rmak i\u00e7in buraday\u0131z.<\/p>\n\n\n\n<p>\u0130lgili Olmak: Yaln\u0131zca sat\u0131\u015fta de\u011fil, her a\u015famada yan\u0131n\u0131zday\u0131z.<\/p>\n\n\n\n<p>Son S\u00f6z\u00fcm\u00fcz<\/p>\n\n\n\n<p>Arac\u0131n\u0131z sizin i\u00e7in sadece bir ara\u00e7 de\u011filse,<\/p>\n\n\n\n<p>H\u0131z, g\u00fc\u00e7 ve karakter ar\u0131yorsan\u0131z,<\/p>\n\n\n\n<p>Ve i\u015fini bilen ama dostane yakla\u015fan bir ekiple \u00e7al\u0131\u015fmak istiyorsan\u0131z,<\/p>\n\n\n\n<p>Marka Motors burada. Her zaman.<\/p>\n<\/div>\n<\/div>\n\n\n\n<p><\/p>\n","protected":false},"excerpt":{"rendered":"<p>Merhaba, Biz, Marka Motors Limited \u015eirketi olarak otomobile tutkuyla ba\u011fl\u0131, her seviyeden otomobil severin yan\u0131nda olmay\u0131 ama\u00e7layan bir ekibiz. Motor performans\u0131, h\u0131z tutkusu ve kaliteye olan inanc\u0131m\u0131zla y\u0131llar i\u00e7inde bu noktaya geldik. Otomotiv d\u00fcnyas\u0131 sadece par\u00e7alarla de\u011fil, tutkuyla ilgilidir. Biz bu tutkuyu payla\u015f\u0131yoruz. \u0130ster profesyonel bir at\u00f6lye olun, ister arac\u0131n\u0131 ki\u015fiselle\u015ftirmek isteyen bir birey\u2026 Amac\u0131m\u0131z,<\/p>\n","protected":false},"author":1,"featured_media":0,"parent":0,"menu_order":0,"comment_status":"closed","ping_status":"closed","template":"","meta":{"_acf_changed":false,"footnotes":""},"class_list":["post-78","page","type-page","status-publish","hentry"],"acf":[],"yoast_head":"<!-- This site is optimized with the Yoast SEO plugin v27.3 - https:\/\/yoast.com\/product\/yoast-seo-wordpress\/ -->\n<title>Hakk\u0131m\u0131zda - Marka Motors<\/title>\n<meta name=\"robots\" content=\"index, follow, max-snippet:-1, max-image-preview:large, max-video-preview:-1\" \/>\n<link rel=\"canonical\" href=\"https:\/\/markasite.com.tr\/markamotors\/hakkimizda\/\" \/>\n<meta property=\"og:locale\" content=\"tr_TR\" \/>\n<meta property=\"og:type\" content=\"article\" \/>\n<meta property=\"og:title\" content=\"Hakk\u0131m\u0131zda - Marka Motors\" \/>\n<meta property=\"og:description\" content=\"Merhaba, Biz, Marka Motors Limited \u015eirketi olarak otomobile tutkuyla ba\u011fl\u0131, her seviyeden otomobil severin yan\u0131nda olmay\u0131 ama\u00e7layan bir ekibiz. Motor performans\u0131, h\u0131z tutkusu ve kaliteye olan inanc\u0131m\u0131zla y\u0131llar i\u00e7inde bu noktaya geldik. Otomotiv d\u00fcnyas\u0131 sadece par\u00e7alarla de\u011fil, tutkuyla ilgilidir. Biz bu tutkuyu payla\u015f\u0131yoruz. \u0130ster profesyonel bir at\u00f6lye olun, ister arac\u0131n\u0131 ki\u015fiselle\u015ftirmek isteyen bir birey\u2026 Amac\u0131m\u0131z,\" \/>\n<meta property=\"og:url\" content=\"https:\/\/markasite.com.tr\/markamotors\/hakkimizda\/\" \/>\n<meta property=\"og:site_name\" content=\"Marka Motors\" \/>\n<meta property=\"article:publisher\" content=\"https:\/\/www.facebook.com\/?locale=tr_TR\" \/>\n<meta property=\"article:modified_time\" content=\"2026-02-17T01:11:56+00:00\" \/>\n<meta name=\"twitter:card\" content=\"summary_large_image\" \/>\n<meta name=\"twitter:label1\" content=\"Tahmini okuma s\u00fcresi\" \/>\n\t<meta name=\"twitter:data1\" content=\"1 dakika\" \/>\n<script type=\"application\/ld+json\" class=\"yoast-schema-graph\">{\"@context\":\"https:\\\/\\\/schema.org\",\"@graph\":[{\"@type\":\"WebPage\",\"@id\":\"https:\\\/\\\/markasite.com.tr\\\/markamotors\\\/hakkimizda\\\/\",\"url\":\"https:\\\/\\\/markasite.com.tr\\\/markamotors\\\/hakkimizda\\\/\",\"name\":\"Hakk\u0131m\u0131zda - Marka Motors\",\"isPartOf\":{\"@id\":\"https:\\\/\\\/markasite.com.tr\\\/markamotors\\\/#website\"},\"primaryImageOfPage\":{\"@id\":\"https:\\\/\\\/markasite.com.tr\\\/markamotors\\\/hakkimizda\\\/#primaryimage\"},\"image\":{\"@id\":\"https:\\\/\\\/markasite.com.tr\\\/markamotors\\\/hakkimizda\\\/#primaryimage\"},\"thumbnailUrl\":\"https:\\\/\\\/markasite.com.tr\\\/markamotors\\\/wp-content\\\/uploads\\\/footerMarkaMotors.png\",\"datePublished\":\"2026-01-20T10:29:14+00:00\",\"dateModified\":\"2026-02-17T01:11:56+00:00\",\"breadcrumb\":{\"@id\":\"https:\\\/\\\/markasite.com.tr\\\/markamotors\\\/hakkimizda\\\/#breadcrumb\"},\"inLanguage\":\"tr\",\"potentialAction\":[{\"@type\":\"ReadAction\",\"target\":[\"https:\\\/\\\/markasite.com.tr\\\/markamotors\\\/hakkimizda\\\/\"]}]},{\"@type\":\"ImageObject\",\"inLanguage\":\"tr\",\"@id\":\"https:\\\/\\\/markasite.com.tr\\\/markamotors\\\/hakkimizda\\\/#primaryimage\",\"url\":\"https:\\\/\\\/markasite.com.tr\\\/markamotors\\\/wp-content\\\/uploads\\\/footerMarkaMotors.png\",\"contentUrl\":\"https:\\\/\\\/markasite.com.tr\\\/markamotors\\\/wp-content\\\/uploads\\\/footerMarkaMotors.png\",\"width\":215,\"height\":58},{\"@type\":\"BreadcrumbList\",\"@id\":\"https:\\\/\\\/markasite.com.tr\\\/markamotors\\\/hakkimizda\\\/#breadcrumb\",\"itemListElement\":[{\"@type\":\"ListItem\",\"position\":1,\"name\":\"Anasayfa\",\"item\":\"https:\\\/\\\/markasite.com.tr\\\/markamotors\\\/\"},{\"@type\":\"ListItem\",\"position\":2,\"name\":\"Hakk\u0131m\u0131zda\"}]},{\"@type\":\"WebSite\",\"@id\":\"https:\\\/\\\/markasite.com.tr\\\/markamotors\\\/#website\",\"url\":\"https:\\\/\\\/markasite.com.tr\\\/markamotors\\\/\",\"name\":\"Marka Motors\",\"description\":\"\",\"publisher\":{\"@id\":\"https:\\\/\\\/markasite.com.tr\\\/markamotors\\\/#organization\"},\"potentialAction\":[{\"@type\":\"SearchAction\",\"target\":{\"@type\":\"EntryPoint\",\"urlTemplate\":\"https:\\\/\\\/markasite.com.tr\\\/markamotors\\\/?s={search_term_string}\"},\"query-input\":{\"@type\":\"PropertyValueSpecification\",\"valueRequired\":true,\"valueName\":\"search_term_string\"}}],\"inLanguage\":\"tr\"},{\"@type\":\"Organization\",\"@id\":\"https:\\\/\\\/markasite.com.tr\\\/markamotors\\\/#organization\",\"name\":\"Marka Motors\",\"url\":\"https:\\\/\\\/markasite.com.tr\\\/markamotors\\\/\",\"logo\":{\"@type\":\"ImageObject\",\"inLanguage\":\"tr\",\"@id\":\"https:\\\/\\\/markasite.com.tr\\\/markamotors\\\/#\\\/schema\\\/logo\\\/image\\\/\",\"url\":\"https:\\\/\\\/markasite.com.tr\\\/markamotors\\\/wp-content\\\/uploads\\\/footerMarkaMotors.png\",\"contentUrl\":\"https:\\\/\\\/markasite.com.tr\\\/markamotors\\\/wp-content\\\/uploads\\\/footerMarkaMotors.png\",\"width\":215,\"height\":58,\"caption\":\"Marka Motors\"},\"image\":{\"@id\":\"https:\\\/\\\/markasite.com.tr\\\/markamotors\\\/#\\\/schema\\\/logo\\\/image\\\/\"},\"sameAs\":[\"https:\\\/\\\/www.facebook.com\\\/?locale=tr_TR\"]}]}<\/script>\n<!-- \/ Yoast SEO plugin. -->","yoast_head_json":{"title":"Hakk\u0131m\u0131zda - Marka Motors","robots":{"index":"index","follow":"follow","max-snippet":"max-snippet:-1","max-image-preview":"max-image-preview:large","max-video-preview":"max-video-preview:-1"},"canonical":"https:\/\/markasite.com.tr\/markamotors\/hakkimizda\/","og_locale":"tr_TR","og_type":"article","og_title":"Hakk\u0131m\u0131zda - Marka Motors","og_description":"Merhaba, Biz, Marka Motors Limited \u015eirketi olarak otomobile tutkuyla ba\u011fl\u0131, her seviyeden otomobil severin yan\u0131nda olmay\u0131 ama\u00e7layan bir ekibiz. Motor performans\u0131, h\u0131z tutkusu ve kaliteye olan inanc\u0131m\u0131zla y\u0131llar i\u00e7inde bu noktaya geldik. Otomotiv d\u00fcnyas\u0131 sadece par\u00e7alarla de\u011fil, tutkuyla ilgilidir. Biz bu tutkuyu payla\u015f\u0131yoruz. \u0130ster profesyonel bir at\u00f6lye olun, ister arac\u0131n\u0131 ki\u015fiselle\u015ftirmek isteyen bir birey\u2026 Amac\u0131m\u0131z,","og_url":"https:\/\/markasite.com.tr\/markamotors\/hakkimizda\/","og_site_name":"Marka Motors","article_publisher":"https:\/\/www.facebook.com\/?locale=tr_TR","article_modified_time":"2026-02-17T01:11:56+00:00","twitter_card":"summary_large_image","twitter_misc":{"Tahmini okuma s\u00fcresi":"1 dakika"},"schema":{"@context":"https:\/\/schema.org","@graph":[{"@type":"WebPage","@id":"https:\/\/markasite.com.tr\/markamotors\/hakkimizda\/","url":"https:\/\/markasite.com.tr\/markamotors\/hakkimizda\/","name":"Hakk\u0131m\u0131zda - Marka Motors","isPartOf":{"@id":"https:\/\/markasite.com.tr\/markamotors\/#website"},"primaryImageOfPage":{"@id":"https:\/\/markasite.com.tr\/markamotors\/hakkimizda\/#primaryimage"},"image":{"@id":"https:\/\/markasite.com.tr\/markamotors\/hakkimizda\/#primaryimage"},"thumbnailUrl":"https:\/\/markasite.com.tr\/markamotors\/wp-content\/uploads\/footerMarkaMotors.png","datePublished":"2026-01-20T10:29:14+00:00","dateModified":"2026-02-17T01:11:56+00:00","breadcrumb":{"@id":"https:\/\/markasite.com.tr\/markamotors\/hakkimizda\/#breadcrumb"},"inLanguage":"tr","potentialAction":[{"@type":"ReadAction","target":["https:\/\/markasite.com.tr\/markamotors\/hakkimizda\/"]}]},{"@type":"ImageObject","inLanguage":"tr","@id":"https:\/\/markasite.com.tr\/markamotors\/hakkimizda\/#primaryimage","url":"https:\/\/markasite.com.tr\/markamotors\/wp-content\/uploads\/footerMarkaMotors.png","contentUrl":"https:\/\/markasite.com.tr\/markamotors\/wp-content\/uploads\/footerMarkaMotors.png","width":215,"height":58},{"@type":"BreadcrumbList","@id":"https:\/\/markasite.com.tr\/markamotors\/hakkimizda\/#breadcrumb","itemListElement":[{"@type":"ListItem","position":1,"name":"Anasayfa","item":"https:\/\/markasite.com.tr\/markamotors\/"},{"@type":"ListItem","position":2,"name":"Hakk\u0131m\u0131zda"}]},{"@type":"WebSite","@id":"https:\/\/markasite.com.tr\/markamotors\/#website","url":"https:\/\/markasite.com.tr\/markamotors\/","name":"Marka Motors","description":"","publisher":{"@id":"https:\/\/markasite.com.tr\/markamotors\/#organization"},"potentialAction":[{"@type":"SearchAction","target":{"@type":"EntryPoint","urlTemplate":"https:\/\/markasite.com.tr\/markamotors\/?s={search_term_string}"},"query-input":{"@type":"PropertyValueSpecification","valueRequired":true,"valueName":"search_term_string"}}],"inLanguage":"tr"},{"@type":"Organization","@id":"https:\/\/markasite.com.tr\/markamotors\/#organization","name":"Marka Motors","url":"https:\/\/markasite.com.tr\/markamotors\/","logo":{"@type":"ImageObject","inLanguage":"tr","@id":"https:\/\/markasite.com.tr\/markamotors\/#\/schema\/logo\/image\/","url":"https:\/\/markasite.com.tr\/markamotors\/wp-content\/uploads\/footerMarkaMotors.png","contentUrl":"https:\/\/markasite.com.tr\/markamotors\/wp-content\/uploads\/footerMarkaMotors.png","width":215,"height":58,"caption":"Marka Motors"},"image":{"@id":"https:\/\/markasite.com.tr\/markamotors\/#\/schema\/logo\/image\/"},"sameAs":["https:\/\/www.facebook.com\/?locale=tr_TR"]}]}},"_links":{"self":[{"href":"https:\/\/markasite.com.tr\/markamotors\/wp-json\/wp\/v2\/pages\/78","targetHints":{"allow":["GET"]}}],"collection":[{"href":"https:\/\/markasite.com.tr\/markamotors\/wp-json\/wp\/v2\/pages"}],"about":[{"href":"https:\/\/markasite.com.tr\/markamotors\/wp-json\/wp\/v2\/types\/page"}],"author":[{"embeddable":true,"href":"https:\/\/markasite.com.tr\/markamotors\/wp-json\/wp\/v2\/users\/1"}],"replies":[{"embeddable":true,"href":"https:\/\/markasite.com.tr\/markamotors\/wp-json\/wp\/v2\/comments?post=78"}],"version-history":[{"count":16,"href":"https:\/\/markasite.com.tr\/markamotors\/wp-json\/wp\/v2\/pages\/78\/revisions"}],"predecessor-version":[{"id":5968,"href":"https:\/\/markasite.com.tr\/markamotors\/wp-json\/wp\/v2\/pages\/78\/revisions\/5968"}],"wp:attachment":[{"href":"https:\/\/markasite.com.tr\/markamotors\/wp-json\/wp\/v2\/media?parent=78"}],"curies":[{"name":"wp","href":"https:\/\/api.w.org\/{rel}","templated":true}]}}