{"id":5943,"date":"2026-02-15T23:36:15","date_gmt":"2026-02-15T20:36:15","guid":{"rendered":"https:\/\/markasite.com.tr\/markamotors\/?page_id=5943"},"modified":"2026-02-15T23:36:15","modified_gmt":"2026-02-15T20:36:15","slug":"teslimat-bilgileri","status":"publish","type":"page","link":"https:\/\/markasite.com.tr\/markamotors\/teslimat-bilgileri\/","title":{"rendered":"Teslimat Bilgileri"},"content":{"rendered":"\n<p><strong>\u00dccretsiz Kargo<\/strong><\/p>\n\n\n\n<p>Marka Motors olarak t\u00fcm sipari\u015flerinizde \u00fccretsiz kargo f\u0131rsat\u0131 sunuyoruz. T\u00fcrkiye\u2019nin her yerine \u00fcr\u00fcnlerimizi h\u0131zl\u0131 ve g\u00fcvenilir \u015fekilde g\u00f6nderiyoruz.<\/p>\n\n\n\n<p><strong>Ayn\u0131 G\u00fcn Kargo<\/strong><\/p>\n\n\n\n<p>Saat 16:00\u2019a kadar verilen sipari\u015fleriniz ayn\u0131 g\u00fcn kargoya verilir. B\u00f6ylece sipari\u015finiz en k\u0131sa s\u00fcrede size ula\u015f\u0131r.<\/p>\n\n\n\n<p><strong>Kargo Takibi<\/strong><\/p>\n\n\n\n<p>Sipari\u015finiz kargoya verildi\u011finde size kargo takip numaras\u0131 iletilir. B\u00f6ylece sipari\u015finizi anl\u0131k olarak takip edebilirsiniz.<\/p>\n\n\n\n<p>Kargo S\u00fcresi<\/p>\n\n\n\n<p>Standart teslimat s\u00fcresi genellikle 2-5 i\u015f g\u00fcn\u00fcd\u00fcr. Adres ve \u00fcr\u00fcn \u00f6zelliklerine g\u00f6re de\u011fi\u015fiklik g\u00f6sterebilir.<\/p>\n\n\n\n<p>Hasar Durumunda Dikkat Edilmesi Gerekenler<\/p>\n\n\n\n<p>\u00dcr\u00fcn teslim al\u0131nd\u0131\u011f\u0131nda pakette herhangi bir hasar varsa mutlaka kargo g\u00f6revlisi ile birlikte tutanak tutulmal\u0131d\u0131r.<\/p>\n\n\n\n<p>Tutana\u011f\u0131 tutturmad\u0131\u011f\u0131n\u0131z veya hasar\u0131 bildirmedi\u011finiz durumlarda sorumluluk kabul edilmemektedir.<\/p>\n\n\n\n<p>Hasar durumunda en k\u0131sa s\u00fcrede bizimle ileti\u015fime ge\u00e7meniz \u00e7\u00f6z\u00fcme ula\u015fman\u0131z\u0131 kolayla\u015ft\u0131racakt\u0131r.<\/p>\n\n\n\n<p><strong>\u00d6nemli Notlar<\/strong><\/p>\n\n\n\n<p>Sipari\u015finizi verirken adres bilgilerinizi do\u011fru ve eksiksiz girmeniz teslimat\u0131n sorunsuz ger\u00e7ekle\u015fmesini sa\u011flar.<\/p>\n\n\n\n<p>Kargo s\u0131ras\u0131nda ya\u015fanabilecek gecikme veya hasar durumlar\u0131nda bizimle ileti\u015fime ge\u00e7ebilirsiniz.<\/p>\n\n\n\n<p>Marka Motors olarak size her zaman en iyi hizmeti sunmak i\u00e7in buraday\u0131z!&nbsp; &nbsp; &nbsp; &nbsp; &nbsp; &nbsp; &nbsp; &nbsp;&nbsp;<\/p>\n\n\n\n<p><\/p>\n","protected":false},"excerpt":{"rendered":"<p>\u00dccretsiz Kargo Marka Motors olarak t\u00fcm sipari\u015flerinizde \u00fccretsiz kargo f\u0131rsat\u0131 sunuyoruz. T\u00fcrkiye\u2019nin her yerine \u00fcr\u00fcnlerimizi h\u0131zl\u0131 ve g\u00fcvenilir \u015fekilde g\u00f6nderiyoruz. Ayn\u0131 G\u00fcn Kargo Saat 16:00\u2019a kadar verilen sipari\u015fleriniz ayn\u0131 g\u00fcn kargoya verilir. B\u00f6ylece sipari\u015finiz en k\u0131sa s\u00fcrede size ula\u015f\u0131r. Kargo Takibi Sipari\u015finiz kargoya verildi\u011finde size kargo takip numaras\u0131 iletilir. B\u00f6ylece sipari\u015finizi anl\u0131k olarak takip edebilirsiniz.<\/p>\n","protected":false},"author":1,"featured_media":0,"parent":0,"menu_order":0,"comment_status":"closed","ping_status":"closed","template":"","meta":{"_acf_changed":false,"footnotes":""},"class_list":["post-5943","page","type-page","status-publish","hentry"],"acf":[],"yoast_head":"<!-- This site is optimized with the Yoast SEO plugin v27.3 - https:\/\/yoast.com\/product\/yoast-seo-wordpress\/ -->\n<title>Teslimat Bilgileri - Marka Motors<\/title>\n<meta name=\"robots\" content=\"index, follow, max-snippet:-1, max-image-preview:large, max-video-preview:-1\" \/>\n<link rel=\"canonical\" href=\"https:\/\/markasite.com.tr\/markamotors\/teslimat-bilgileri\/\" \/>\n<meta property=\"og:locale\" content=\"tr_TR\" \/>\n<meta property=\"og:type\" content=\"article\" \/>\n<meta property=\"og:title\" content=\"Teslimat Bilgileri - Marka Motors\" \/>\n<meta property=\"og:description\" content=\"\u00dccretsiz Kargo Marka Motors olarak t\u00fcm sipari\u015flerinizde \u00fccretsiz kargo f\u0131rsat\u0131 sunuyoruz. T\u00fcrkiye\u2019nin her yerine \u00fcr\u00fcnlerimizi h\u0131zl\u0131 ve g\u00fcvenilir \u015fekilde g\u00f6nderiyoruz. Ayn\u0131 G\u00fcn Kargo Saat 16:00\u2019a kadar verilen sipari\u015fleriniz ayn\u0131 g\u00fcn kargoya verilir. B\u00f6ylece sipari\u015finiz en k\u0131sa s\u00fcrede size ula\u015f\u0131r. Kargo Takibi Sipari\u015finiz kargoya verildi\u011finde size kargo takip numaras\u0131 iletilir. B\u00f6ylece sipari\u015finizi anl\u0131k olarak takip edebilirsiniz.\" \/>\n<meta property=\"og:url\" content=\"https:\/\/markasite.com.tr\/markamotors\/teslimat-bilgileri\/\" \/>\n<meta property=\"og:site_name\" content=\"Marka Motors\" \/>\n<meta property=\"article:publisher\" content=\"https:\/\/www.facebook.com\/?locale=tr_TR\" \/>\n<meta name=\"twitter:card\" content=\"summary_large_image\" \/>\n<meta name=\"twitter:label1\" content=\"Tahmini okuma s\u00fcresi\" \/>\n\t<meta name=\"twitter:data1\" content=\"1 dakika\" \/>\n<script type=\"application\/ld+json\" class=\"yoast-schema-graph\">{\"@context\":\"https:\\\/\\\/schema.org\",\"@graph\":[{\"@type\":\"WebPage\",\"@id\":\"https:\\\/\\\/markasite.com.tr\\\/markamotors\\\/teslimat-bilgileri\\\/\",\"url\":\"https:\\\/\\\/markasite.com.tr\\\/markamotors\\\/teslimat-bilgileri\\\/\",\"name\":\"Teslimat Bilgileri - Marka Motors\",\"isPartOf\":{\"@id\":\"https:\\\/\\\/markasite.com.tr\\\/markamotors\\\/#website\"},\"datePublished\":\"2026-02-15T20:36:15+00:00\",\"breadcrumb\":{\"@id\":\"https:\\\/\\\/markasite.com.tr\\\/markamotors\\\/teslimat-bilgileri\\\/#breadcrumb\"},\"inLanguage\":\"tr\",\"potentialAction\":[{\"@type\":\"ReadAction\",\"target\":[\"https:\\\/\\\/markasite.com.tr\\\/markamotors\\\/teslimat-bilgileri\\\/\"]}]},{\"@type\":\"BreadcrumbList\",\"@id\":\"https:\\\/\\\/markasite.com.tr\\\/markamotors\\\/teslimat-bilgileri\\\/#breadcrumb\",\"itemListElement\":[{\"@type\":\"ListItem\",\"position\":1,\"name\":\"Anasayfa\",\"item\":\"https:\\\/\\\/markasite.com.tr\\\/markamotors\\\/\"},{\"@type\":\"ListItem\",\"position\":2,\"name\":\"Teslimat Bilgileri\"}]},{\"@type\":\"WebSite\",\"@id\":\"https:\\\/\\\/markasite.com.tr\\\/markamotors\\\/#website\",\"url\":\"https:\\\/\\\/markasite.com.tr\\\/markamotors\\\/\",\"name\":\"Marka Motors\",\"description\":\"\",\"publisher\":{\"@id\":\"https:\\\/\\\/markasite.com.tr\\\/markamotors\\\/#organization\"},\"potentialAction\":[{\"@type\":\"SearchAction\",\"target\":{\"@type\":\"EntryPoint\",\"urlTemplate\":\"https:\\\/\\\/markasite.com.tr\\\/markamotors\\\/?s={search_term_string}\"},\"query-input\":{\"@type\":\"PropertyValueSpecification\",\"valueRequired\":true,\"valueName\":\"search_term_string\"}}],\"inLanguage\":\"tr\"},{\"@type\":\"Organization\",\"@id\":\"https:\\\/\\\/markasite.com.tr\\\/markamotors\\\/#organization\",\"name\":\"Marka Motors\",\"url\":\"https:\\\/\\\/markasite.com.tr\\\/markamotors\\\/\",\"logo\":{\"@type\":\"ImageObject\",\"inLanguage\":\"tr\",\"@id\":\"https:\\\/\\\/markasite.com.tr\\\/markamotors\\\/#\\\/schema\\\/logo\\\/image\\\/\",\"url\":\"https:\\\/\\\/markasite.com.tr\\\/markamotors\\\/wp-content\\\/uploads\\\/footerMarkaMotors.png\",\"contentUrl\":\"https:\\\/\\\/markasite.com.tr\\\/markamotors\\\/wp-content\\\/uploads\\\/footerMarkaMotors.png\",\"width\":215,\"height\":58,\"caption\":\"Marka Motors\"},\"image\":{\"@id\":\"https:\\\/\\\/markasite.com.tr\\\/markamotors\\\/#\\\/schema\\\/logo\\\/image\\\/\"},\"sameAs\":[\"https:\\\/\\\/www.facebook.com\\\/?locale=tr_TR\"]}]}<\/script>\n<!-- \/ Yoast SEO plugin. -->","yoast_head_json":{"title":"Teslimat Bilgileri - Marka Motors","robots":{"index":"index","follow":"follow","max-snippet":"max-snippet:-1","max-image-preview":"max-image-preview:large","max-video-preview":"max-video-preview:-1"},"canonical":"https:\/\/markasite.com.tr\/markamotors\/teslimat-bilgileri\/","og_locale":"tr_TR","og_type":"article","og_title":"Teslimat Bilgileri - Marka Motors","og_description":"\u00dccretsiz Kargo Marka Motors olarak t\u00fcm sipari\u015flerinizde \u00fccretsiz kargo f\u0131rsat\u0131 sunuyoruz. T\u00fcrkiye\u2019nin her yerine \u00fcr\u00fcnlerimizi h\u0131zl\u0131 ve g\u00fcvenilir \u015fekilde g\u00f6nderiyoruz. Ayn\u0131 G\u00fcn Kargo Saat 16:00\u2019a kadar verilen sipari\u015fleriniz ayn\u0131 g\u00fcn kargoya verilir. B\u00f6ylece sipari\u015finiz en k\u0131sa s\u00fcrede size ula\u015f\u0131r. Kargo Takibi Sipari\u015finiz kargoya verildi\u011finde size kargo takip numaras\u0131 iletilir. B\u00f6ylece sipari\u015finizi anl\u0131k olarak takip edebilirsiniz.","og_url":"https:\/\/markasite.com.tr\/markamotors\/teslimat-bilgileri\/","og_site_name":"Marka Motors","article_publisher":"https:\/\/www.facebook.com\/?locale=tr_TR","twitter_card":"summary_large_image","twitter_misc":{"Tahmini okuma s\u00fcresi":"1 dakika"},"schema":{"@context":"https:\/\/schema.org","@graph":[{"@type":"WebPage","@id":"https:\/\/markasite.com.tr\/markamotors\/teslimat-bilgileri\/","url":"https:\/\/markasite.com.tr\/markamotors\/teslimat-bilgileri\/","name":"Teslimat Bilgileri - Marka Motors","isPartOf":{"@id":"https:\/\/markasite.com.tr\/markamotors\/#website"},"datePublished":"2026-02-15T20:36:15+00:00","breadcrumb":{"@id":"https:\/\/markasite.com.tr\/markamotors\/teslimat-bilgileri\/#breadcrumb"},"inLanguage":"tr","potentialAction":[{"@type":"ReadAction","target":["https:\/\/markasite.com.tr\/markamotors\/teslimat-bilgileri\/"]}]},{"@type":"BreadcrumbList","@id":"https:\/\/markasite.com.tr\/markamotors\/teslimat-bilgileri\/#breadcrumb","itemListElement":[{"@type":"ListItem","position":1,"name":"Anasayfa","item":"https:\/\/markasite.com.tr\/markamotors\/"},{"@type":"ListItem","position":2,"name":"Teslimat Bilgileri"}]},{"@type":"WebSite","@id":"https:\/\/markasite.com.tr\/markamotors\/#website","url":"https:\/\/markasite.com.tr\/markamotors\/","name":"Marka Motors","description":"","publisher":{"@id":"https:\/\/markasite.com.tr\/markamotors\/#organization"},"potentialAction":[{"@type":"SearchAction","target":{"@type":"EntryPoint","urlTemplate":"https:\/\/markasite.com.tr\/markamotors\/?s={search_term_string}"},"query-input":{"@type":"PropertyValueSpecification","valueRequired":true,"valueName":"search_term_string"}}],"inLanguage":"tr"},{"@type":"Organization","@id":"https:\/\/markasite.com.tr\/markamotors\/#organization","name":"Marka Motors","url":"https:\/\/markasite.com.tr\/markamotors\/","logo":{"@type":"ImageObject","inLanguage":"tr","@id":"https:\/\/markasite.com.tr\/markamotors\/#\/schema\/logo\/image\/","url":"https:\/\/markasite.com.tr\/markamotors\/wp-content\/uploads\/footerMarkaMotors.png","contentUrl":"https:\/\/markasite.com.tr\/markamotors\/wp-content\/uploads\/footerMarkaMotors.png","width":215,"height":58,"caption":"Marka Motors"},"image":{"@id":"https:\/\/markasite.com.tr\/markamotors\/#\/schema\/logo\/image\/"},"sameAs":["https:\/\/www.facebook.com\/?locale=tr_TR"]}]}},"_links":{"self":[{"href":"https:\/\/markasite.com.tr\/markamotors\/wp-json\/wp\/v2\/pages\/5943","targetHints":{"allow":["GET"]}}],"collection":[{"href":"https:\/\/markasite.com.tr\/markamotors\/wp-json\/wp\/v2\/pages"}],"about":[{"href":"https:\/\/markasite.com.tr\/markamotors\/wp-json\/wp\/v2\/types\/page"}],"author":[{"embeddable":true,"href":"https:\/\/markasite.com.tr\/markamotors\/wp-json\/wp\/v2\/users\/1"}],"replies":[{"embeddable":true,"href":"https:\/\/markasite.com.tr\/markamotors\/wp-json\/wp\/v2\/comments?post=5943"}],"version-history":[{"count":1,"href":"https:\/\/markasite.com.tr\/markamotors\/wp-json\/wp\/v2\/pages\/5943\/revisions"}],"predecessor-version":[{"id":5944,"href":"https:\/\/markasite.com.tr\/markamotors\/wp-json\/wp\/v2\/pages\/5943\/revisions\/5944"}],"wp:attachment":[{"href":"https:\/\/markasite.com.tr\/markamotors\/wp-json\/wp\/v2\/media?parent=5943"}],"curies":[{"name":"wp","href":"https:\/\/api.w.org\/{rel}","templated":true}]}}