{"id":122,"date":"2026-01-20T11:54:23","date_gmt":"2026-01-20T11:54:23","guid":{"rendered":"https:\/\/markasite.com.tr\/markamotors\/?page_id=122"},"modified":"2026-02-15T23:31:06","modified_gmt":"2026-02-15T20:31:06","slug":"kullanim-kosullari","status":"publish","type":"page","link":"https:\/\/markasite.com.tr\/markamotors\/kullanim-kosullari\/","title":{"rendered":"Kullan\u0131m Ko\u015fullar\u0131"},"content":{"rendered":"\n<p><strong>1. Genel<\/strong><\/p>\n\n\n\n<p>Marka Motors web sitesi ve hizmetlerini kullanarak, bu kullan\u0131m ko\u015fullar\u0131n\u0131 kabul etmi\u015f say\u0131l\u0131rs\u0131n\u0131z. Siteyi kullanmadan \u00f6nce l\u00fctfen bu ko\u015fullar\u0131 dikkatlice okuyunuz.<\/p>\n\n\n\n<p><strong>2. \u00dcr\u00fcn Bilgileri ve Sipari\u015f<\/strong><\/p>\n\n\n\n<p>Sitemizde yer alan \u00fcr\u00fcnlerin \u00f6zellikleri ve fiyatlar\u0131 \u00f6nceden haber verilmeksizin de\u011fi\u015ftirilebilir.<\/p>\n\n\n\n<p>Sipari\u015f verdi\u011finiz \u00fcr\u00fcn stok durumuna ba\u011fl\u0131d\u0131r; stok t\u00fckenmi\u015f \u00fcr\u00fcnler i\u00e7in size bilgi verilir.<\/p>\n\n\n\n<p>Sipari\u015finiz onayland\u0131ktan sonra iptal veya de\u011fi\u015fiklik taleplerinizi m\u00fcmk\u00fcn olan en k\u0131sa s\u00fcrede bizimle ileti\u015fime ge\u00e7erek bildirmeniz gerekmektedir.<\/p>\n\n\n\n<p><strong>3. Teslimat<\/strong><\/p>\n\n\n\n<p>Sipari\u015fleriniz belirtilen s\u00fcrelerde ve adresinize g\u00f6nderilir.<\/p>\n\n\n\n<p>Teslimat s\u00fcresi kargo firmas\u0131n\u0131n s\u00fcrecine ba\u011fl\u0131 olarak de\u011fi\u015febilir.<\/p>\n\n\n\n<p>Teslimat s\u0131ras\u0131nda \u00fcr\u00fcnlerin hasarl\u0131 gelmesi durumunda kargo tutana\u011f\u0131 tutulmas\u0131 gerekmektedir.<\/p>\n\n\n\n<p><strong>4. \u0130ade ve De\u011fi\u015fim<\/strong><\/p>\n\n\n\n<p>\u0130ade ve de\u011fi\u015fim politikam\u0131z ilgili kanunlara uygun \u015fekilde uygulan\u0131r.<\/p>\n\n\n\n<p>\u00dcr\u00fcnleri teslim ald\u0131ktan sonra hasar, eksik ya da yanl\u0131\u015f \u00fcr\u00fcn durumlar\u0131nda 7 g\u00fcn i\u00e7erisinde bizimle ileti\u015fime ge\u00e7meniz \u00f6nemlidir.<\/p>\n\n\n\n<p>\u00dcr\u00fcnler ancak kullan\u0131lmam\u0131\u015f, orijinal ambalaj\u0131nda ve hasars\u0131z ise iade al\u0131n\u0131r.<\/p>\n\n\n\n<p><strong>5. Gizlilik ve G\u00fcvenlik<\/strong><\/p>\n\n\n\n<p>Site \u00fczerinden payla\u015ft\u0131\u011f\u0131n\u0131z ki\u015fisel bilgileriniz, Marka Motors taraf\u0131ndan gizlilik politikas\u0131 kapsam\u0131nda korunmaktad\u0131r.<\/p>\n\n\n\n<p>M\u00fc\u015fteri bilgileri \u00fc\u00e7\u00fcnc\u00fc \u015fah\u0131slarla payla\u015f\u0131lmaz.<\/p>\n\n\n\n<p><strong>6. Sorumluluk S\u0131n\u0131r\u0131<\/strong><\/p>\n\n\n\n<p>Marka Motors, web sitesinde yer alan bilgilerin do\u011frulu\u011funu sa\u011flamaya \u00e7al\u0131\u015fsa da hata veya eksikliklerden sorumlu tutulamaz.<\/p>\n\n\n\n<p>\u00dcr\u00fcnlerin kullan\u0131m\u0131yla ilgili olu\u015fabilecek zararlar kullan\u0131c\u0131 sorumlulu\u011fundad\u0131r.<\/p>\n\n\n\n<p><strong>7. Fikri M\u00fclkiyet<\/strong><\/p>\n\n\n\n<p>Web sitesinde yer alan t\u00fcm i\u00e7erik, metin, g\u00f6rsel ve marka isimleri Marka Motors\u2019a aittir ve izinsiz kullan\u0131lamaz.<\/p>\n\n\n\n<p><strong>8. De\u011fi\u015fiklikler<\/strong><\/p>\n\n\n\n<p>Marka Motors, bu kullan\u0131m ko\u015fullar\u0131n\u0131 \u00f6nceden bildirimde bulunmaks\u0131z\u0131n de\u011fi\u015ftirme hakk\u0131n\u0131 sakl\u0131 tutar.<\/p>\n\n\n\n<p>Herhangi bir sorunuz olursa, bizimle ileti\u015fime ge\u00e7mekten \u00e7ekinmeyin.<\/p>\n\n\n\n<p>Marka Motors olarak, size en iyi hizmeti sunmay\u0131 ama\u00e7l\u0131yoruz.&nbsp; &nbsp; &nbsp; &nbsp; &nbsp; &nbsp;&nbsp;<\/p>\n","protected":false},"excerpt":{"rendered":"<p>1. Genel Marka Motors web sitesi ve hizmetlerini kullanarak, bu kullan\u0131m ko\u015fullar\u0131n\u0131 kabul etmi\u015f say\u0131l\u0131rs\u0131n\u0131z. Siteyi kullanmadan \u00f6nce l\u00fctfen bu ko\u015fullar\u0131 dikkatlice okuyunuz. 2. \u00dcr\u00fcn Bilgileri ve Sipari\u015f Sitemizde yer alan \u00fcr\u00fcnlerin \u00f6zellikleri ve fiyatlar\u0131 \u00f6nceden haber verilmeksizin de\u011fi\u015ftirilebilir. Sipari\u015f verdi\u011finiz \u00fcr\u00fcn stok durumuna ba\u011fl\u0131d\u0131r; stok t\u00fckenmi\u015f \u00fcr\u00fcnler i\u00e7in size bilgi verilir. Sipari\u015finiz onayland\u0131ktan sonra<\/p>\n","protected":false},"author":1,"featured_media":0,"parent":0,"menu_order":0,"comment_status":"closed","ping_status":"closed","template":"","meta":{"_acf_changed":false,"footnotes":""},"class_list":["post-122","page","type-page","status-publish","hentry"],"acf":[],"yoast_head":"<!-- This site is optimized with the Yoast SEO plugin v27.3 - https:\/\/yoast.com\/product\/yoast-seo-wordpress\/ -->\n<title>Kullan\u0131m Ko\u015fullar\u0131 - Marka Motors<\/title>\n<meta name=\"robots\" content=\"index, follow, max-snippet:-1, max-image-preview:large, max-video-preview:-1\" \/>\n<link rel=\"canonical\" href=\"https:\/\/markasite.com.tr\/markamotors\/kullanim-kosullari\/\" \/>\n<meta property=\"og:locale\" content=\"tr_TR\" \/>\n<meta property=\"og:type\" content=\"article\" \/>\n<meta property=\"og:title\" content=\"Kullan\u0131m Ko\u015fullar\u0131 - Marka Motors\" \/>\n<meta property=\"og:description\" content=\"1. Genel Marka Motors web sitesi ve hizmetlerini kullanarak, bu kullan\u0131m ko\u015fullar\u0131n\u0131 kabul etmi\u015f say\u0131l\u0131rs\u0131n\u0131z. Siteyi kullanmadan \u00f6nce l\u00fctfen bu ko\u015fullar\u0131 dikkatlice okuyunuz. 2. \u00dcr\u00fcn Bilgileri ve Sipari\u015f Sitemizde yer alan \u00fcr\u00fcnlerin \u00f6zellikleri ve fiyatlar\u0131 \u00f6nceden haber verilmeksizin de\u011fi\u015ftirilebilir. Sipari\u015f verdi\u011finiz \u00fcr\u00fcn stok durumuna ba\u011fl\u0131d\u0131r; stok t\u00fckenmi\u015f \u00fcr\u00fcnler i\u00e7in size bilgi verilir. Sipari\u015finiz onayland\u0131ktan sonra\" \/>\n<meta property=\"og:url\" content=\"https:\/\/markasite.com.tr\/markamotors\/kullanim-kosullari\/\" \/>\n<meta property=\"og:site_name\" content=\"Marka Motors\" \/>\n<meta property=\"article:publisher\" content=\"https:\/\/www.facebook.com\/?locale=tr_TR\" \/>\n<meta property=\"article:modified_time\" content=\"2026-02-15T20:31:06+00:00\" \/>\n<meta name=\"twitter:card\" content=\"summary_large_image\" \/>\n<meta name=\"twitter:label1\" content=\"Tahmini okuma s\u00fcresi\" \/>\n\t<meta name=\"twitter:data1\" content=\"2 dakika\" \/>\n<script type=\"application\/ld+json\" class=\"yoast-schema-graph\">{\"@context\":\"https:\\\/\\\/schema.org\",\"@graph\":[{\"@type\":\"WebPage\",\"@id\":\"https:\\\/\\\/markasite.com.tr\\\/markamotors\\\/kullanim-kosullari\\\/\",\"url\":\"https:\\\/\\\/markasite.com.tr\\\/markamotors\\\/kullanim-kosullari\\\/\",\"name\":\"Kullan\u0131m Ko\u015fullar\u0131 - Marka Motors\",\"isPartOf\":{\"@id\":\"https:\\\/\\\/markasite.com.tr\\\/markamotors\\\/#website\"},\"datePublished\":\"2026-01-20T11:54:23+00:00\",\"dateModified\":\"2026-02-15T20:31:06+00:00\",\"breadcrumb\":{\"@id\":\"https:\\\/\\\/markasite.com.tr\\\/markamotors\\\/kullanim-kosullari\\\/#breadcrumb\"},\"inLanguage\":\"tr\",\"potentialAction\":[{\"@type\":\"ReadAction\",\"target\":[\"https:\\\/\\\/markasite.com.tr\\\/markamotors\\\/kullanim-kosullari\\\/\"]}]},{\"@type\":\"BreadcrumbList\",\"@id\":\"https:\\\/\\\/markasite.com.tr\\\/markamotors\\\/kullanim-kosullari\\\/#breadcrumb\",\"itemListElement\":[{\"@type\":\"ListItem\",\"position\":1,\"name\":\"Anasayfa\",\"item\":\"https:\\\/\\\/markasite.com.tr\\\/markamotors\\\/\"},{\"@type\":\"ListItem\",\"position\":2,\"name\":\"Kullan\u0131m Ko\u015fullar\u0131\"}]},{\"@type\":\"WebSite\",\"@id\":\"https:\\\/\\\/markasite.com.tr\\\/markamotors\\\/#website\",\"url\":\"https:\\\/\\\/markasite.com.tr\\\/markamotors\\\/\",\"name\":\"Marka Motors\",\"description\":\"\",\"publisher\":{\"@id\":\"https:\\\/\\\/markasite.com.tr\\\/markamotors\\\/#organization\"},\"potentialAction\":[{\"@type\":\"SearchAction\",\"target\":{\"@type\":\"EntryPoint\",\"urlTemplate\":\"https:\\\/\\\/markasite.com.tr\\\/markamotors\\\/?s={search_term_string}\"},\"query-input\":{\"@type\":\"PropertyValueSpecification\",\"valueRequired\":true,\"valueName\":\"search_term_string\"}}],\"inLanguage\":\"tr\"},{\"@type\":\"Organization\",\"@id\":\"https:\\\/\\\/markasite.com.tr\\\/markamotors\\\/#organization\",\"name\":\"Marka Motors\",\"url\":\"https:\\\/\\\/markasite.com.tr\\\/markamotors\\\/\",\"logo\":{\"@type\":\"ImageObject\",\"inLanguage\":\"tr\",\"@id\":\"https:\\\/\\\/markasite.com.tr\\\/markamotors\\\/#\\\/schema\\\/logo\\\/image\\\/\",\"url\":\"https:\\\/\\\/markasite.com.tr\\\/markamotors\\\/wp-content\\\/uploads\\\/footerMarkaMotors.png\",\"contentUrl\":\"https:\\\/\\\/markasite.com.tr\\\/markamotors\\\/wp-content\\\/uploads\\\/footerMarkaMotors.png\",\"width\":215,\"height\":58,\"caption\":\"Marka Motors\"},\"image\":{\"@id\":\"https:\\\/\\\/markasite.com.tr\\\/markamotors\\\/#\\\/schema\\\/logo\\\/image\\\/\"},\"sameAs\":[\"https:\\\/\\\/www.facebook.com\\\/?locale=tr_TR\"]}]}<\/script>\n<!-- \/ Yoast SEO plugin. -->","yoast_head_json":{"title":"Kullan\u0131m Ko\u015fullar\u0131 - Marka Motors","robots":{"index":"index","follow":"follow","max-snippet":"max-snippet:-1","max-image-preview":"max-image-preview:large","max-video-preview":"max-video-preview:-1"},"canonical":"https:\/\/markasite.com.tr\/markamotors\/kullanim-kosullari\/","og_locale":"tr_TR","og_type":"article","og_title":"Kullan\u0131m Ko\u015fullar\u0131 - Marka Motors","og_description":"1. Genel Marka Motors web sitesi ve hizmetlerini kullanarak, bu kullan\u0131m ko\u015fullar\u0131n\u0131 kabul etmi\u015f say\u0131l\u0131rs\u0131n\u0131z. Siteyi kullanmadan \u00f6nce l\u00fctfen bu ko\u015fullar\u0131 dikkatlice okuyunuz. 2. \u00dcr\u00fcn Bilgileri ve Sipari\u015f Sitemizde yer alan \u00fcr\u00fcnlerin \u00f6zellikleri ve fiyatlar\u0131 \u00f6nceden haber verilmeksizin de\u011fi\u015ftirilebilir. Sipari\u015f verdi\u011finiz \u00fcr\u00fcn stok durumuna ba\u011fl\u0131d\u0131r; stok t\u00fckenmi\u015f \u00fcr\u00fcnler i\u00e7in size bilgi verilir. Sipari\u015finiz onayland\u0131ktan sonra","og_url":"https:\/\/markasite.com.tr\/markamotors\/kullanim-kosullari\/","og_site_name":"Marka Motors","article_publisher":"https:\/\/www.facebook.com\/?locale=tr_TR","article_modified_time":"2026-02-15T20:31:06+00:00","twitter_card":"summary_large_image","twitter_misc":{"Tahmini okuma s\u00fcresi":"2 dakika"},"schema":{"@context":"https:\/\/schema.org","@graph":[{"@type":"WebPage","@id":"https:\/\/markasite.com.tr\/markamotors\/kullanim-kosullari\/","url":"https:\/\/markasite.com.tr\/markamotors\/kullanim-kosullari\/","name":"Kullan\u0131m Ko\u015fullar\u0131 - Marka Motors","isPartOf":{"@id":"https:\/\/markasite.com.tr\/markamotors\/#website"},"datePublished":"2026-01-20T11:54:23+00:00","dateModified":"2026-02-15T20:31:06+00:00","breadcrumb":{"@id":"https:\/\/markasite.com.tr\/markamotors\/kullanim-kosullari\/#breadcrumb"},"inLanguage":"tr","potentialAction":[{"@type":"ReadAction","target":["https:\/\/markasite.com.tr\/markamotors\/kullanim-kosullari\/"]}]},{"@type":"BreadcrumbList","@id":"https:\/\/markasite.com.tr\/markamotors\/kullanim-kosullari\/#breadcrumb","itemListElement":[{"@type":"ListItem","position":1,"name":"Anasayfa","item":"https:\/\/markasite.com.tr\/markamotors\/"},{"@type":"ListItem","position":2,"name":"Kullan\u0131m Ko\u015fullar\u0131"}]},{"@type":"WebSite","@id":"https:\/\/markasite.com.tr\/markamotors\/#website","url":"https:\/\/markasite.com.tr\/markamotors\/","name":"Marka Motors","description":"","publisher":{"@id":"https:\/\/markasite.com.tr\/markamotors\/#organization"},"potentialAction":[{"@type":"SearchAction","target":{"@type":"EntryPoint","urlTemplate":"https:\/\/markasite.com.tr\/markamotors\/?s={search_term_string}"},"query-input":{"@type":"PropertyValueSpecification","valueRequired":true,"valueName":"search_term_string"}}],"inLanguage":"tr"},{"@type":"Organization","@id":"https:\/\/markasite.com.tr\/markamotors\/#organization","name":"Marka Motors","url":"https:\/\/markasite.com.tr\/markamotors\/","logo":{"@type":"ImageObject","inLanguage":"tr","@id":"https:\/\/markasite.com.tr\/markamotors\/#\/schema\/logo\/image\/","url":"https:\/\/markasite.com.tr\/markamotors\/wp-content\/uploads\/footerMarkaMotors.png","contentUrl":"https:\/\/markasite.com.tr\/markamotors\/wp-content\/uploads\/footerMarkaMotors.png","width":215,"height":58,"caption":"Marka Motors"},"image":{"@id":"https:\/\/markasite.com.tr\/markamotors\/#\/schema\/logo\/image\/"},"sameAs":["https:\/\/www.facebook.com\/?locale=tr_TR"]}]}},"_links":{"self":[{"href":"https:\/\/markasite.com.tr\/markamotors\/wp-json\/wp\/v2\/pages\/122","targetHints":{"allow":["GET"]}}],"collection":[{"href":"https:\/\/markasite.com.tr\/markamotors\/wp-json\/wp\/v2\/pages"}],"about":[{"href":"https:\/\/markasite.com.tr\/markamotors\/wp-json\/wp\/v2\/types\/page"}],"author":[{"embeddable":true,"href":"https:\/\/markasite.com.tr\/markamotors\/wp-json\/wp\/v2\/users\/1"}],"replies":[{"embeddable":true,"href":"https:\/\/markasite.com.tr\/markamotors\/wp-json\/wp\/v2\/comments?post=122"}],"version-history":[{"count":2,"href":"https:\/\/markasite.com.tr\/markamotors\/wp-json\/wp\/v2\/pages\/122\/revisions"}],"predecessor-version":[{"id":5933,"href":"https:\/\/markasite.com.tr\/markamotors\/wp-json\/wp\/v2\/pages\/122\/revisions\/5933"}],"wp:attachment":[{"href":"https:\/\/markasite.com.tr\/markamotors\/wp-json\/wp\/v2\/media?parent=122"}],"curies":[{"name":"wp","href":"https:\/\/api.w.org\/{rel}","templated":true}]}}