{"id":1725,"date":"2026-02-26T14:12:19","date_gmt":"2026-02-26T14:12:19","guid":{"rendered":"https:\/\/markasite.com.tr\/degem\/?post_type=product&#038;p=1725"},"modified":"2026-04-01T12:54:38","modified_gmt":"2026-04-01T12:54:38","slug":"70-ft-open-top-basket-container","status":"publish","type":"product","link":"https:\/\/markasite.com.tr\/degem\/urunler\/70-ft-open-top-basket-container\/","title":{"rendered":"70 FT A\u00c7IK \u00dcST SEPET KONTEYNER"},"content":{"rendered":"<div class=\"wpb_text_column wpb_content_element vc_custom_1630518479094\">\n<div class=\"wpb_wrapper\">\n<p>70 ft A\u00e7\u0131k \u00dcst Sepet Konteyner, vin\u00e7le y\u00fckleme gerektiren ekipmanlar\u0131n ta\u015f\u0131nmas\u0131 i\u00e7in \u00f6zel olarak tasarlanm\u0131\u015ft\u0131r.<\/p>\n<\/div>\n<\/div>\n<div class=\"wpb_text_column wpb_content_element \">\n<div class=\"wpb_wrapper\">\n<p>&gt; Kan\u0131tlanm\u0131\u015f ve g\u00fc\u00e7l\u00fc tasar\u0131m<br \/>\n&gt; Forklift yuvalar\u0131<br \/>\n&gt; Dahili sabitleme noktalar\u0131<\/p>\n<\/div>\n<\/div>\n","protected":false},"excerpt":{"rendered":"<div class=\"wpb_text_column wpb_content_element vc_custom_1630515145395\">\n<div class=\"wpb_wrapper\">\n<p><strong>Sertifikalar ve Onaylar<\/strong><br \/>\n&gt; DNV GL 2.7-1<br \/>\n&gt; EN 10855:2018<br \/>\n&gt; IMO MSC \/ Circular 860<\/p>\n<\/div>\n<\/div>\n<div class=\"wpb_wrapper\">\n<p><strong>Boyutlar<\/strong><br \/>\n&gt; L 21260 mm x W 1190 mm x H 1352 mm<br \/>\n&gt; L 70 ft x W 4 ft x H 4.4 ft<\/p>\n<\/div>\n<div class=\"wpb_text_column wpb_content_element \">\n<div class=\"wpb_wrapper\">\n<p><strong>A\u011f\u0131rl\u0131k<\/strong><br \/>\n&gt; Dara a\u011f\u0131rl\u0131\u011f\u0131: 6050 kg \/ 13337 lb<br \/>\n&gt; Y\u00fck kapasitesi: 8950 kg \/ 19731 lb<br \/>\n&gt; Maks. br\u00fct a\u011f\u0131rl\u0131k: 15000 kg \/ 33069 lb<\/p>\n<\/div>\n<\/div>\n","protected":false},"featured_media":1726,"comment_status":"open","ping_status":"closed","template":"","meta":[],"product_brand":[],"product_cat":[179],"product_tag":[],"class_list":{"0":"post-1725","1":"product","2":"type-product","3":"status-publish","4":"has-post-thumbnail","6":"product_cat-container-tr","8":"first","9":"instock","10":"shipping-taxable","11":"product-type-simple"},"yoast_head":"<!-- This site is optimized with the Yoast SEO plugin v27.3 - https:\/\/yoast.com\/product\/yoast-seo-wordpress\/ -->\n<title>70 FT A\u00c7IK \u00dcST SEPET KONTEYNER - Degem<\/title>\n<meta name=\"robots\" content=\"index, follow, max-snippet:-1, max-image-preview:large, max-video-preview:-1\" \/>\n<link rel=\"canonical\" href=\"https:\/\/markasite.com.tr\/degem\/urunler\/70-ft-open-top-basket-container\/\" \/>\n<meta property=\"og:locale\" content=\"tr_TR\" \/>\n<meta property=\"og:type\" content=\"article\" \/>\n<meta property=\"og:title\" content=\"70 FT A\u00c7IK \u00dcST SEPET KONTEYNER - Degem\" \/>\n<meta property=\"og:description\" content=\"Sertifikalar ve Onaylar &gt; DNV GL 2.7-1 &gt; EN 10855:2018 &gt; IMO MSC \/ Circular 860      Boyutlar &gt; L 21260 mm x W 1190 mm x H 1352 mm &gt; L 70 ft x W 4 ft x H 4.4 ft      A\u011f\u0131rl\u0131k &gt; Dara a\u011f\u0131rl\u0131\u011f\u0131: 6050 kg \/ 13337 lb &gt; Y\u00fck kapasitesi: 8950 kg \/ 19731 lb &gt; Maks. br\u00fct a\u011f\u0131rl\u0131k: 15000 kg \/ 33069 lb\" \/>\n<meta property=\"og:url\" content=\"https:\/\/markasite.com.tr\/degem\/urunler\/70-ft-open-top-basket-container\/\" \/>\n<meta property=\"og:site_name\" content=\"Degem\" \/>\n<meta property=\"article:modified_time\" content=\"2026-04-01T12:54:38+00:00\" \/>\n<meta property=\"og:image\" content=\"https:\/\/markasite.com.tr\/degem\/wp-content\/uploads\/2026\/02\/70-FT-OPEN-TOP-CONTAINER.png\" \/>\n\t<meta property=\"og:image:width\" content=\"1024\" \/>\n\t<meta property=\"og:image:height\" content=\"853\" \/>\n\t<meta property=\"og:image:type\" content=\"image\/png\" \/>\n<meta name=\"twitter:card\" content=\"summary_large_image\" \/>\n<meta name=\"twitter:label1\" content=\"Tahmini okuma s\u00fcresi\" \/>\n\t<meta name=\"twitter:data1\" content=\"1 dakika\" \/>\n<script type=\"application\/ld+json\" class=\"yoast-schema-graph\">{\"@context\":\"https:\\\/\\\/schema.org\",\"@graph\":[{\"@type\":\"WebPage\",\"@id\":\"https:\\\/\\\/markasite.com.tr\\\/degem\\\/urunler\\\/70-ft-open-top-basket-container\\\/\",\"url\":\"https:\\\/\\\/markasite.com.tr\\\/degem\\\/urunler\\\/70-ft-open-top-basket-container\\\/\",\"name\":\"70 FT A\u00c7IK \u00dcST SEPET KONTEYNER - Degem\",\"isPartOf\":{\"@id\":\"https:\\\/\\\/markasite.com.tr\\\/degem\\\/#website\"},\"primaryImageOfPage\":{\"@id\":\"https:\\\/\\\/markasite.com.tr\\\/degem\\\/urunler\\\/70-ft-open-top-basket-container\\\/#primaryimage\"},\"image\":{\"@id\":\"https:\\\/\\\/markasite.com.tr\\\/degem\\\/urunler\\\/70-ft-open-top-basket-container\\\/#primaryimage\"},\"thumbnailUrl\":\"https:\\\/\\\/markasite.com.tr\\\/degem\\\/wp-content\\\/uploads\\\/2026\\\/02\\\/70-FT-OPEN-TOP-CONTAINER.png\",\"datePublished\":\"2026-02-26T14:12:19+00:00\",\"dateModified\":\"2026-04-01T12:54:38+00:00\",\"breadcrumb\":{\"@id\":\"https:\\\/\\\/markasite.com.tr\\\/degem\\\/urunler\\\/70-ft-open-top-basket-container\\\/#breadcrumb\"},\"inLanguage\":\"tr\",\"potentialAction\":[{\"@type\":\"ReadAction\",\"target\":[\"https:\\\/\\\/markasite.com.tr\\\/degem\\\/urunler\\\/70-ft-open-top-basket-container\\\/\"]}]},{\"@type\":\"ImageObject\",\"inLanguage\":\"tr\",\"@id\":\"https:\\\/\\\/markasite.com.tr\\\/degem\\\/urunler\\\/70-ft-open-top-basket-container\\\/#primaryimage\",\"url\":\"https:\\\/\\\/markasite.com.tr\\\/degem\\\/wp-content\\\/uploads\\\/2026\\\/02\\\/70-FT-OPEN-TOP-CONTAINER.png\",\"contentUrl\":\"https:\\\/\\\/markasite.com.tr\\\/degem\\\/wp-content\\\/uploads\\\/2026\\\/02\\\/70-FT-OPEN-TOP-CONTAINER.png\",\"width\":1024,\"height\":853},{\"@type\":\"BreadcrumbList\",\"@id\":\"https:\\\/\\\/markasite.com.tr\\\/degem\\\/urunler\\\/70-ft-open-top-basket-container\\\/#breadcrumb\",\"itemListElement\":[{\"@type\":\"ListItem\",\"position\":1,\"name\":\"Anasayfa\",\"item\":\"https:\\\/\\\/markasite.com.tr\\\/degem\\\/\"},{\"@type\":\"ListItem\",\"position\":2,\"name\":\"\u00dcr\u00fcnler\",\"item\":\"https:\\\/\\\/markasite.com.tr\\\/degem\\\/urunler\\\/\"},{\"@type\":\"ListItem\",\"position\":3,\"name\":\"70 FT A\u00c7IK \u00dcST SEPET KONTEYNER\"}]},{\"@type\":\"WebSite\",\"@id\":\"https:\\\/\\\/markasite.com.tr\\\/degem\\\/#website\",\"url\":\"https:\\\/\\\/markasite.com.tr\\\/degem\\\/\",\"name\":\"Degem\",\"description\":\"Degem Ship Repair\",\"publisher\":{\"@id\":\"https:\\\/\\\/markasite.com.tr\\\/degem\\\/#organization\"},\"potentialAction\":[{\"@type\":\"SearchAction\",\"target\":{\"@type\":\"EntryPoint\",\"urlTemplate\":\"https:\\\/\\\/markasite.com.tr\\\/degem\\\/?s={search_term_string}\"},\"query-input\":{\"@type\":\"PropertyValueSpecification\",\"valueRequired\":true,\"valueName\":\"search_term_string\"}}],\"inLanguage\":\"tr\"},{\"@type\":\"Organization\",\"@id\":\"https:\\\/\\\/markasite.com.tr\\\/degem\\\/#organization\",\"name\":\"Degem\",\"url\":\"https:\\\/\\\/markasite.com.tr\\\/degem\\\/\",\"logo\":{\"@type\":\"ImageObject\",\"inLanguage\":\"tr\",\"@id\":\"https:\\\/\\\/markasite.com.tr\\\/degem\\\/#\\\/schema\\\/logo\\\/image\\\/\",\"url\":\"https:\\\/\\\/markasite.com.tr\\\/degem\\\/wp-content\\\/uploads\\\/2025\\\/11\\\/degem-logo.png\",\"contentUrl\":\"https:\\\/\\\/markasite.com.tr\\\/degem\\\/wp-content\\\/uploads\\\/2025\\\/11\\\/degem-logo.png\",\"width\":1577,\"height\":417,\"caption\":\"Degem\"},\"image\":{\"@id\":\"https:\\\/\\\/markasite.com.tr\\\/degem\\\/#\\\/schema\\\/logo\\\/image\\\/\"}}]}<\/script>\n<!-- \/ Yoast SEO plugin. -->","yoast_head_json":{"title":"70 FT A\u00c7IK \u00dcST SEPET KONTEYNER - Degem","robots":{"index":"index","follow":"follow","max-snippet":"max-snippet:-1","max-image-preview":"max-image-preview:large","max-video-preview":"max-video-preview:-1"},"canonical":"https:\/\/markasite.com.tr\/degem\/urunler\/70-ft-open-top-basket-container\/","og_locale":"tr_TR","og_type":"article","og_title":"70 FT A\u00c7IK \u00dcST SEPET KONTEYNER - Degem","og_description":"Sertifikalar ve Onaylar &gt; DNV GL 2.7-1 &gt; EN 10855:2018 &gt; IMO MSC \/ Circular 860      Boyutlar &gt; L 21260 mm x W 1190 mm x H 1352 mm &gt; L 70 ft x W 4 ft x H 4.4 ft      A\u011f\u0131rl\u0131k &gt; Dara a\u011f\u0131rl\u0131\u011f\u0131: 6050 kg \/ 13337 lb &gt; Y\u00fck kapasitesi: 8950 kg \/ 19731 lb &gt; Maks. br\u00fct a\u011f\u0131rl\u0131k: 15000 kg \/ 33069 lb","og_url":"https:\/\/markasite.com.tr\/degem\/urunler\/70-ft-open-top-basket-container\/","og_site_name":"Degem","article_modified_time":"2026-04-01T12:54:38+00:00","og_image":[{"width":1024,"height":853,"url":"https:\/\/markasite.com.tr\/degem\/wp-content\/uploads\/2026\/02\/70-FT-OPEN-TOP-CONTAINER.png","type":"image\/png"}],"twitter_card":"summary_large_image","twitter_misc":{"Tahmini okuma s\u00fcresi":"1 dakika"},"schema":{"@context":"https:\/\/schema.org","@graph":[{"@type":"WebPage","@id":"https:\/\/markasite.com.tr\/degem\/urunler\/70-ft-open-top-basket-container\/","url":"https:\/\/markasite.com.tr\/degem\/urunler\/70-ft-open-top-basket-container\/","name":"70 FT A\u00c7IK \u00dcST SEPET KONTEYNER - Degem","isPartOf":{"@id":"https:\/\/markasite.com.tr\/degem\/#website"},"primaryImageOfPage":{"@id":"https:\/\/markasite.com.tr\/degem\/urunler\/70-ft-open-top-basket-container\/#primaryimage"},"image":{"@id":"https:\/\/markasite.com.tr\/degem\/urunler\/70-ft-open-top-basket-container\/#primaryimage"},"thumbnailUrl":"https:\/\/markasite.com.tr\/degem\/wp-content\/uploads\/2026\/02\/70-FT-OPEN-TOP-CONTAINER.png","datePublished":"2026-02-26T14:12:19+00:00","dateModified":"2026-04-01T12:54:38+00:00","breadcrumb":{"@id":"https:\/\/markasite.com.tr\/degem\/urunler\/70-ft-open-top-basket-container\/#breadcrumb"},"inLanguage":"tr","potentialAction":[{"@type":"ReadAction","target":["https:\/\/markasite.com.tr\/degem\/urunler\/70-ft-open-top-basket-container\/"]}]},{"@type":"ImageObject","inLanguage":"tr","@id":"https:\/\/markasite.com.tr\/degem\/urunler\/70-ft-open-top-basket-container\/#primaryimage","url":"https:\/\/markasite.com.tr\/degem\/wp-content\/uploads\/2026\/02\/70-FT-OPEN-TOP-CONTAINER.png","contentUrl":"https:\/\/markasite.com.tr\/degem\/wp-content\/uploads\/2026\/02\/70-FT-OPEN-TOP-CONTAINER.png","width":1024,"height":853},{"@type":"BreadcrumbList","@id":"https:\/\/markasite.com.tr\/degem\/urunler\/70-ft-open-top-basket-container\/#breadcrumb","itemListElement":[{"@type":"ListItem","position":1,"name":"Anasayfa","item":"https:\/\/markasite.com.tr\/degem\/"},{"@type":"ListItem","position":2,"name":"\u00dcr\u00fcnler","item":"https:\/\/markasite.com.tr\/degem\/urunler\/"},{"@type":"ListItem","position":3,"name":"70 FT A\u00c7IK \u00dcST SEPET KONTEYNER"}]},{"@type":"WebSite","@id":"https:\/\/markasite.com.tr\/degem\/#website","url":"https:\/\/markasite.com.tr\/degem\/","name":"Degem","description":"Degem Ship Repair","publisher":{"@id":"https:\/\/markasite.com.tr\/degem\/#organization"},"potentialAction":[{"@type":"SearchAction","target":{"@type":"EntryPoint","urlTemplate":"https:\/\/markasite.com.tr\/degem\/?s={search_term_string}"},"query-input":{"@type":"PropertyValueSpecification","valueRequired":true,"valueName":"search_term_string"}}],"inLanguage":"tr"},{"@type":"Organization","@id":"https:\/\/markasite.com.tr\/degem\/#organization","name":"Degem","url":"https:\/\/markasite.com.tr\/degem\/","logo":{"@type":"ImageObject","inLanguage":"tr","@id":"https:\/\/markasite.com.tr\/degem\/#\/schema\/logo\/image\/","url":"https:\/\/markasite.com.tr\/degem\/wp-content\/uploads\/2025\/11\/degem-logo.png","contentUrl":"https:\/\/markasite.com.tr\/degem\/wp-content\/uploads\/2025\/11\/degem-logo.png","width":1577,"height":417,"caption":"Degem"},"image":{"@id":"https:\/\/markasite.com.tr\/degem\/#\/schema\/logo\/image\/"}}]}},"_links":{"self":[{"href":"https:\/\/markasite.com.tr\/degem\/wp-json\/wp\/v2\/product\/1725","targetHints":{"allow":["GET"]}}],"collection":[{"href":"https:\/\/markasite.com.tr\/degem\/wp-json\/wp\/v2\/product"}],"about":[{"href":"https:\/\/markasite.com.tr\/degem\/wp-json\/wp\/v2\/types\/product"}],"replies":[{"embeddable":true,"href":"https:\/\/markasite.com.tr\/degem\/wp-json\/wp\/v2\/comments?post=1725"}],"wp:featuredmedia":[{"embeddable":true,"href":"https:\/\/markasite.com.tr\/degem\/wp-json\/wp\/v2\/media\/1726"}],"wp:attachment":[{"href":"https:\/\/markasite.com.tr\/degem\/wp-json\/wp\/v2\/media?parent=1725"}],"wp:term":[{"taxonomy":"product_brand","embeddable":true,"href":"https:\/\/markasite.com.tr\/degem\/wp-json\/wp\/v2\/product_brand?post=1725"},{"taxonomy":"product_cat","embeddable":true,"href":"https:\/\/markasite.com.tr\/degem\/wp-json\/wp\/v2\/product_cat?post=1725"},{"taxonomy":"product_tag","embeddable":true,"href":"https:\/\/markasite.com.tr\/degem\/wp-json\/wp\/v2\/product_tag?post=1725"}],"curies":[{"name":"wp","href":"https:\/\/api.w.org\/{rel}","templated":true}]}}