{"id":1696,"date":"2026-02-26T13:05:53","date_gmt":"2026-02-26T13:05:53","guid":{"rendered":"https:\/\/markasite.com.tr\/degem\/?post_type=product&#038;p=1696"},"modified":"2026-04-01T12:56:39","modified_gmt":"2026-04-01T12:56:39","slug":"4800-l-vertical-t3-waste-oil-tank","status":"publish","type":"product","link":"https:\/\/markasite.com.tr\/degem\/urunler\/4800-l-vertical-t3-waste-oil-tank\/","title":{"rendered":"4800 L D\u0130KEY T3 ATIK YA\u011e TANKI"},"content":{"rendered":"<p>4800 L Dikey At\u0131k Ya\u011f Tank\u0131, a\u00e7\u0131k deniz ortam\u0131nda tehlikeli kimyasallar\u0131n depolanmas\u0131 ve ta\u015f\u0131nmas\u0131 i\u00e7in \u00f6zel olarak tasarlanm\u0131\u015ft\u0131r.<br \/>\nStabilite sa\u011flamak ve zorlu deniz ko\u015fullar\u0131nda dinamik kald\u0131rma ve darbe kuvvetlerine dayanmak i\u00e7in k\u0131zak \u00fczerine monte edilmi\u015ftir.<\/p>\n<p>&gt; Kan\u0131tlanm\u0131\u015f ve g\u00fc\u00e7l\u00fc tasar\u0131m<br \/>\n&gt; Forklift yuvalar\u0131<br \/>\n&gt; \u00c7al\u0131\u015fma bas\u0131nc\u0131 1,77 bar<br \/>\n&gt; 2,5 in\u00e7 PSV<br \/>\n&gt; Tank kapasitesi 4800 L<br \/>\n&gt; Drenaj ve numune alma vanas\u0131<\/p>\n","protected":false},"excerpt":{"rendered":"<div class=\"vc_row wpb_row section vc_row-fluid vc_inner \">\n<div class=\" full_section_inner clearfix\">\n<div class=\"wpb_column vc_column_container vc_col-sm-6\">\n<div class=\"vc_column-inner\">\n<div class=\"wpb_wrapper\">\n<div class=\"wpb_text_column wpb_content_element \">\n<div class=\"wpb_wrapper\">\n<p><strong>Sertifikalar ve Onaylar<\/strong><br \/>\n&gt; DNV 2.7-1<br \/>\n&gt; ISO 10855:2018<br \/>\n&gt; IMO MSC\/ Circural 860<br \/>\n&gt; ASME VIII Div.1<\/p>\n<p><strong>Boyutlar<\/strong><br \/>\n&gt; L 2200 mm\u00a0 W 2200 mm\u00a0 H 2569 mm<br \/>\n&gt; L 7.2 ft\u00a0 W 7.2 ft\u00a0 H 8.4 ft<\/p>\n<p><strong>A\u011f\u0131rl\u0131k<\/strong><br \/>\n&gt; Dara a\u011f\u0131rl\u0131\u011f\u0131: 2750 kg \/ 6061 lb<br \/>\n&gt; Y\u00fck kapasitesi: 7500 kg \/ 16530 lb<br \/>\n&gt; Maks. br\u00fct a\u011f\u0131rl\u0131k: 10250 kg \/ 22591 lb<\/p>\n<\/div>\n<\/div>\n<\/div>\n<\/div>\n<\/div>\n<\/div>\n<\/div>\n<div class=\"vc_empty_space\"><\/div>\n","protected":false},"featured_media":1697,"comment_status":"open","ping_status":"closed","template":"","meta":[],"product_brand":[],"product_cat":[179],"product_tag":[],"class_list":{"0":"post-1696","1":"product","2":"type-product","3":"status-publish","4":"has-post-thumbnail","6":"product_cat-container-tr","8":"first","9":"instock","10":"shipping-taxable","11":"product-type-simple"},"yoast_head":"<!-- This site is optimized with the Yoast SEO plugin v27.3 - https:\/\/yoast.com\/product\/yoast-seo-wordpress\/ -->\n<title>4800 L D\u0130KEY T3 ATIK YA\u011e TANKI - Degem<\/title>\n<meta name=\"robots\" content=\"index, follow, max-snippet:-1, max-image-preview:large, max-video-preview:-1\" \/>\n<link rel=\"canonical\" href=\"https:\/\/markasite.com.tr\/degem\/urunler\/4800-l-vertical-t3-waste-oil-tank\/\" \/>\n<meta property=\"og:locale\" content=\"tr_TR\" \/>\n<meta property=\"og:type\" content=\"article\" \/>\n<meta property=\"og:title\" content=\"4800 L D\u0130KEY T3 ATIK YA\u011e TANKI - Degem\" \/>\n<meta property=\"og:description\" content=\"Sertifikalar ve Onaylar &gt; DNV 2.7-1 &gt; ISO 10855:2018 &gt; IMO MSC\/ Circural 860 &gt; ASME VIII Div.1  Boyutlar &gt; L 2200 mm\u00a0 W 2200 mm\u00a0 H 2569 mm &gt; L 7.2 ft\u00a0 W 7.2 ft\u00a0 H 8.4 ft  A\u011f\u0131rl\u0131k &gt; Dara a\u011f\u0131rl\u0131\u011f\u0131: 2750 kg \/ 6061 lb &gt; Y\u00fck kapasitesi: 7500 kg \/ 16530 lb &gt; Maks. br\u00fct a\u011f\u0131rl\u0131k: 10250 kg \/ 22591 lb\" \/>\n<meta property=\"og:url\" content=\"https:\/\/markasite.com.tr\/degem\/urunler\/4800-l-vertical-t3-waste-oil-tank\/\" \/>\n<meta property=\"og:site_name\" content=\"Degem\" \/>\n<meta property=\"article:modified_time\" content=\"2026-04-01T12:56:39+00:00\" \/>\n<meta property=\"og:image\" content=\"https:\/\/markasite.com.tr\/degem\/wp-content\/uploads\/2026\/02\/4800-L-VERTICAL-WASTE-OIL-TANK.png\" \/>\n\t<meta property=\"og:image:width\" content=\"1024\" \/>\n\t<meta property=\"og:image:height\" content=\"853\" \/>\n\t<meta property=\"og:image:type\" content=\"image\/png\" \/>\n<meta name=\"twitter:card\" content=\"summary_large_image\" \/>\n<meta name=\"twitter:label1\" content=\"Tahmini okuma s\u00fcresi\" \/>\n\t<meta name=\"twitter:data1\" content=\"1 dakika\" \/>\n<script type=\"application\/ld+json\" class=\"yoast-schema-graph\">{\"@context\":\"https:\\\/\\\/schema.org\",\"@graph\":[{\"@type\":\"WebPage\",\"@id\":\"https:\\\/\\\/markasite.com.tr\\\/degem\\\/urunler\\\/4800-l-vertical-t3-waste-oil-tank\\\/\",\"url\":\"https:\\\/\\\/markasite.com.tr\\\/degem\\\/urunler\\\/4800-l-vertical-t3-waste-oil-tank\\\/\",\"name\":\"4800 L D\u0130KEY T3 ATIK YA\u011e TANKI - Degem\",\"isPartOf\":{\"@id\":\"https:\\\/\\\/markasite.com.tr\\\/degem\\\/#website\"},\"primaryImageOfPage\":{\"@id\":\"https:\\\/\\\/markasite.com.tr\\\/degem\\\/urunler\\\/4800-l-vertical-t3-waste-oil-tank\\\/#primaryimage\"},\"image\":{\"@id\":\"https:\\\/\\\/markasite.com.tr\\\/degem\\\/urunler\\\/4800-l-vertical-t3-waste-oil-tank\\\/#primaryimage\"},\"thumbnailUrl\":\"https:\\\/\\\/markasite.com.tr\\\/degem\\\/wp-content\\\/uploads\\\/2026\\\/02\\\/4800-L-VERTICAL-WASTE-OIL-TANK.png\",\"datePublished\":\"2026-02-26T13:05:53+00:00\",\"dateModified\":\"2026-04-01T12:56:39+00:00\",\"breadcrumb\":{\"@id\":\"https:\\\/\\\/markasite.com.tr\\\/degem\\\/urunler\\\/4800-l-vertical-t3-waste-oil-tank\\\/#breadcrumb\"},\"inLanguage\":\"tr\",\"potentialAction\":[{\"@type\":\"ReadAction\",\"target\":[\"https:\\\/\\\/markasite.com.tr\\\/degem\\\/urunler\\\/4800-l-vertical-t3-waste-oil-tank\\\/\"]}]},{\"@type\":\"ImageObject\",\"inLanguage\":\"tr\",\"@id\":\"https:\\\/\\\/markasite.com.tr\\\/degem\\\/urunler\\\/4800-l-vertical-t3-waste-oil-tank\\\/#primaryimage\",\"url\":\"https:\\\/\\\/markasite.com.tr\\\/degem\\\/wp-content\\\/uploads\\\/2026\\\/02\\\/4800-L-VERTICAL-WASTE-OIL-TANK.png\",\"contentUrl\":\"https:\\\/\\\/markasite.com.tr\\\/degem\\\/wp-content\\\/uploads\\\/2026\\\/02\\\/4800-L-VERTICAL-WASTE-OIL-TANK.png\",\"width\":1024,\"height\":853},{\"@type\":\"BreadcrumbList\",\"@id\":\"https:\\\/\\\/markasite.com.tr\\\/degem\\\/urunler\\\/4800-l-vertical-t3-waste-oil-tank\\\/#breadcrumb\",\"itemListElement\":[{\"@type\":\"ListItem\",\"position\":1,\"name\":\"Anasayfa\",\"item\":\"https:\\\/\\\/markasite.com.tr\\\/degem\\\/\"},{\"@type\":\"ListItem\",\"position\":2,\"name\":\"\u00dcr\u00fcnler\",\"item\":\"https:\\\/\\\/markasite.com.tr\\\/degem\\\/urunler\\\/\"},{\"@type\":\"ListItem\",\"position\":3,\"name\":\"4800 L D\u0130KEY T3 ATIK YA\u011e TANKI\"}]},{\"@type\":\"WebSite\",\"@id\":\"https:\\\/\\\/markasite.com.tr\\\/degem\\\/#website\",\"url\":\"https:\\\/\\\/markasite.com.tr\\\/degem\\\/\",\"name\":\"Degem\",\"description\":\"Degem Ship Repair\",\"publisher\":{\"@id\":\"https:\\\/\\\/markasite.com.tr\\\/degem\\\/#organization\"},\"potentialAction\":[{\"@type\":\"SearchAction\",\"target\":{\"@type\":\"EntryPoint\",\"urlTemplate\":\"https:\\\/\\\/markasite.com.tr\\\/degem\\\/?s={search_term_string}\"},\"query-input\":{\"@type\":\"PropertyValueSpecification\",\"valueRequired\":true,\"valueName\":\"search_term_string\"}}],\"inLanguage\":\"tr\"},{\"@type\":\"Organization\",\"@id\":\"https:\\\/\\\/markasite.com.tr\\\/degem\\\/#organization\",\"name\":\"Degem\",\"url\":\"https:\\\/\\\/markasite.com.tr\\\/degem\\\/\",\"logo\":{\"@type\":\"ImageObject\",\"inLanguage\":\"tr\",\"@id\":\"https:\\\/\\\/markasite.com.tr\\\/degem\\\/#\\\/schema\\\/logo\\\/image\\\/\",\"url\":\"https:\\\/\\\/markasite.com.tr\\\/degem\\\/wp-content\\\/uploads\\\/2025\\\/11\\\/degem-logo.png\",\"contentUrl\":\"https:\\\/\\\/markasite.com.tr\\\/degem\\\/wp-content\\\/uploads\\\/2025\\\/11\\\/degem-logo.png\",\"width\":1577,\"height\":417,\"caption\":\"Degem\"},\"image\":{\"@id\":\"https:\\\/\\\/markasite.com.tr\\\/degem\\\/#\\\/schema\\\/logo\\\/image\\\/\"}}]}<\/script>\n<!-- \/ Yoast SEO plugin. -->","yoast_head_json":{"title":"4800 L D\u0130KEY T3 ATIK YA\u011e TANKI - Degem","robots":{"index":"index","follow":"follow","max-snippet":"max-snippet:-1","max-image-preview":"max-image-preview:large","max-video-preview":"max-video-preview:-1"},"canonical":"https:\/\/markasite.com.tr\/degem\/urunler\/4800-l-vertical-t3-waste-oil-tank\/","og_locale":"tr_TR","og_type":"article","og_title":"4800 L D\u0130KEY T3 ATIK YA\u011e TANKI - Degem","og_description":"Sertifikalar ve Onaylar &gt; DNV 2.7-1 &gt; ISO 10855:2018 &gt; IMO MSC\/ Circural 860 &gt; ASME VIII Div.1  Boyutlar &gt; L 2200 mm\u00a0 W 2200 mm\u00a0 H 2569 mm &gt; L 7.2 ft\u00a0 W 7.2 ft\u00a0 H 8.4 ft  A\u011f\u0131rl\u0131k &gt; Dara a\u011f\u0131rl\u0131\u011f\u0131: 2750 kg \/ 6061 lb &gt; Y\u00fck kapasitesi: 7500 kg \/ 16530 lb &gt; Maks. br\u00fct a\u011f\u0131rl\u0131k: 10250 kg \/ 22591 lb","og_url":"https:\/\/markasite.com.tr\/degem\/urunler\/4800-l-vertical-t3-waste-oil-tank\/","og_site_name":"Degem","article_modified_time":"2026-04-01T12:56:39+00:00","og_image":[{"width":1024,"height":853,"url":"https:\/\/markasite.com.tr\/degem\/wp-content\/uploads\/2026\/02\/4800-L-VERTICAL-WASTE-OIL-TANK.png","type":"image\/png"}],"twitter_card":"summary_large_image","twitter_misc":{"Tahmini okuma s\u00fcresi":"1 dakika"},"schema":{"@context":"https:\/\/schema.org","@graph":[{"@type":"WebPage","@id":"https:\/\/markasite.com.tr\/degem\/urunler\/4800-l-vertical-t3-waste-oil-tank\/","url":"https:\/\/markasite.com.tr\/degem\/urunler\/4800-l-vertical-t3-waste-oil-tank\/","name":"4800 L D\u0130KEY T3 ATIK YA\u011e TANKI - Degem","isPartOf":{"@id":"https:\/\/markasite.com.tr\/degem\/#website"},"primaryImageOfPage":{"@id":"https:\/\/markasite.com.tr\/degem\/urunler\/4800-l-vertical-t3-waste-oil-tank\/#primaryimage"},"image":{"@id":"https:\/\/markasite.com.tr\/degem\/urunler\/4800-l-vertical-t3-waste-oil-tank\/#primaryimage"},"thumbnailUrl":"https:\/\/markasite.com.tr\/degem\/wp-content\/uploads\/2026\/02\/4800-L-VERTICAL-WASTE-OIL-TANK.png","datePublished":"2026-02-26T13:05:53+00:00","dateModified":"2026-04-01T12:56:39+00:00","breadcrumb":{"@id":"https:\/\/markasite.com.tr\/degem\/urunler\/4800-l-vertical-t3-waste-oil-tank\/#breadcrumb"},"inLanguage":"tr","potentialAction":[{"@type":"ReadAction","target":["https:\/\/markasite.com.tr\/degem\/urunler\/4800-l-vertical-t3-waste-oil-tank\/"]}]},{"@type":"ImageObject","inLanguage":"tr","@id":"https:\/\/markasite.com.tr\/degem\/urunler\/4800-l-vertical-t3-waste-oil-tank\/#primaryimage","url":"https:\/\/markasite.com.tr\/degem\/wp-content\/uploads\/2026\/02\/4800-L-VERTICAL-WASTE-OIL-TANK.png","contentUrl":"https:\/\/markasite.com.tr\/degem\/wp-content\/uploads\/2026\/02\/4800-L-VERTICAL-WASTE-OIL-TANK.png","width":1024,"height":853},{"@type":"BreadcrumbList","@id":"https:\/\/markasite.com.tr\/degem\/urunler\/4800-l-vertical-t3-waste-oil-tank\/#breadcrumb","itemListElement":[{"@type":"ListItem","position":1,"name":"Anasayfa","item":"https:\/\/markasite.com.tr\/degem\/"},{"@type":"ListItem","position":2,"name":"\u00dcr\u00fcnler","item":"https:\/\/markasite.com.tr\/degem\/urunler\/"},{"@type":"ListItem","position":3,"name":"4800 L D\u0130KEY T3 ATIK YA\u011e TANKI"}]},{"@type":"WebSite","@id":"https:\/\/markasite.com.tr\/degem\/#website","url":"https:\/\/markasite.com.tr\/degem\/","name":"Degem","description":"Degem Ship Repair","publisher":{"@id":"https:\/\/markasite.com.tr\/degem\/#organization"},"potentialAction":[{"@type":"SearchAction","target":{"@type":"EntryPoint","urlTemplate":"https:\/\/markasite.com.tr\/degem\/?s={search_term_string}"},"query-input":{"@type":"PropertyValueSpecification","valueRequired":true,"valueName":"search_term_string"}}],"inLanguage":"tr"},{"@type":"Organization","@id":"https:\/\/markasite.com.tr\/degem\/#organization","name":"Degem","url":"https:\/\/markasite.com.tr\/degem\/","logo":{"@type":"ImageObject","inLanguage":"tr","@id":"https:\/\/markasite.com.tr\/degem\/#\/schema\/logo\/image\/","url":"https:\/\/markasite.com.tr\/degem\/wp-content\/uploads\/2025\/11\/degem-logo.png","contentUrl":"https:\/\/markasite.com.tr\/degem\/wp-content\/uploads\/2025\/11\/degem-logo.png","width":1577,"height":417,"caption":"Degem"},"image":{"@id":"https:\/\/markasite.com.tr\/degem\/#\/schema\/logo\/image\/"}}]}},"_links":{"self":[{"href":"https:\/\/markasite.com.tr\/degem\/wp-json\/wp\/v2\/product\/1696","targetHints":{"allow":["GET"]}}],"collection":[{"href":"https:\/\/markasite.com.tr\/degem\/wp-json\/wp\/v2\/product"}],"about":[{"href":"https:\/\/markasite.com.tr\/degem\/wp-json\/wp\/v2\/types\/product"}],"replies":[{"embeddable":true,"href":"https:\/\/markasite.com.tr\/degem\/wp-json\/wp\/v2\/comments?post=1696"}],"wp:featuredmedia":[{"embeddable":true,"href":"https:\/\/markasite.com.tr\/degem\/wp-json\/wp\/v2\/media\/1697"}],"wp:attachment":[{"href":"https:\/\/markasite.com.tr\/degem\/wp-json\/wp\/v2\/media?parent=1696"}],"wp:term":[{"taxonomy":"product_brand","embeddable":true,"href":"https:\/\/markasite.com.tr\/degem\/wp-json\/wp\/v2\/product_brand?post=1696"},{"taxonomy":"product_cat","embeddable":true,"href":"https:\/\/markasite.com.tr\/degem\/wp-json\/wp\/v2\/product_cat?post=1696"},{"taxonomy":"product_tag","embeddable":true,"href":"https:\/\/markasite.com.tr\/degem\/wp-json\/wp\/v2\/product_tag?post=1696"}],"curies":[{"name":"wp","href":"https:\/\/api.w.org\/{rel}","templated":true}]}}